{"id":984,"date":"2022-11-08T18:13:40","date_gmt":"2022-11-08T18:13:40","guid":{"rendered":"http:\/\/www.rmeyersl.com\/Vitoirmen\/?page_id=984"},"modified":"2022-11-10T10:14:30","modified_gmt":"2022-11-10T10:14:30","slug":"vitocoll","status":"publish","type":"page","link":"https:\/\/www.rmeyersl.com\/Vitoirmen\/industria\/vitocoll\/","title":{"rendered":"VITOCOLL"},"content":{"rendered":"<div id='av_section_1'  class='avia-section av-l8kog-34162a71c1fb680040680f13179bf03c main_color avia-section-default avia-no-border-styling  avia-builder-el-0  avia-builder-el-no-sibling  avia-bg-style-scroll container_wrap sidebar_right'  ><div class='container av-section-cont-open' ><main  role=\"main\" itemprop=\"mainContentOfPage\"  class='template-page content  av-content-small alpha units'><div class='post-entry post-entry-type-page post-entry-984'><div class='entry-content-wrapper clearfix'>\n<div class='flex_column av-elz68-148a8f50d46f11f94fbff69b1598b595 av_three_fifth  avia-builder-el-1  el_before_av_two_fifth  avia-builder-el-first  first flex_column_div '     ><p>\n<style type=\"text\/css\" data-created_by=\"avia_inline_auto\" id=\"style-css-av-la8jbl3l-415cf189f7a8b6b7b12a232bd6674668\">\n#top .av-special-heading.av-la8jbl3l-415cf189f7a8b6b7b12a232bd6674668{\npadding-bottom:10px;\n}\nbody .av-special-heading.av-la8jbl3l-415cf189f7a8b6b7b12a232bd6674668 .av-special-heading-tag .heading-char{\nfont-size:25px;\n}\n.av-special-heading.av-la8jbl3l-415cf189f7a8b6b7b12a232bd6674668 .av-subheading{\nfont-size:15px;\n}\n<\/style>\n<div  class='av-special-heading av-la8jbl3l-415cf189f7a8b6b7b12a232bd6674668 av-special-heading-h1 blockquote modern-quote  avia-builder-el-2  el_before_av_textblock  avia-builder-el-first '><h1 class='av-special-heading-tag'  itemprop=\"headline\"  >VITOCOLL<\/h1><div class=\"special-heading-border\"><div class=\"special-heading-inner-border\"><\/div><\/div><\/div><br \/>\n<section  class='av_textblock_section av-la8j92la-49619784945fd22f5bd157e5a90b3b5d'  itemscope=\"itemscope\" itemtype=\"https:\/\/schema.org\/CreativeWork\" ><div class='avia_textblock'  itemprop=\"text\" ><p>Las pel\u00edculas adhesivas de transferencia VITOCOLL se utilizan para la adhesi\u00f3n y laminaci\u00f3n de materiales como metales, pl\u00e1sticos, vidrio y papel. Adem\u00e1s, para la adhesi\u00f3n de signos, formularios, etiquetas, emblemas, insignias, elementos decorativos listones y paneles frontales, perfiles, rieles de escaneo, aislamiento de tuber\u00edas, telas tejidas y conductos de cables.<\/p>\n<p>Las pel\u00edculas adhesivas muy finas (0,07 hasta 0,25 mm) permiten la adhesi\u00f3n de materiales finos sin influir sustancialmente en el concepto total. A diferencia de Pel\u00edculas adhesivas puras, las pel\u00edculas adhesivas con soporte permiten dos lados: adhesivo fuerte y de baja adherencia.<br \/>\nLos tipos de adhesivo disponibles son: puro acr\u00edlico, acrilato modificado ya base de caucho.<br \/>\nDebido a las diferentes composiciones qu\u00edmicas, los diversos adhesivos cumplen diferentes exigencias t\u00e9cnicas.<\/p>\n<\/div><\/section><\/p><\/div><div class='flex_column av-ahbbk-519d0558c323d359ac938ad781b07c2f av_two_fifth  avia-builder-el-4  el_after_av_three_fifth  el_before_av_one_full  flex_column_div '     ><style type=\"text\/css\" data-created_by=\"avia_inline_auto\" id=\"style-css-av-la8jhljt-fc36274434092d189306679c3439b6fe\">\n.avia-image-container.av-la8jhljt-fc36274434092d189306679c3439b6fe img.avia_image{\nbox-shadow:none;\n}\n.avia-image-container.av-la8jhljt-fc36274434092d189306679c3439b6fe .av-image-caption-overlay-center{\ncolor:#ffffff;\n}\n<\/style>\n<div  class='avia-image-container av-la8jhljt-fc36274434092d189306679c3439b6fe av-styling- avia-align-center  avia-builder-el-5  avia-builder-el-no-sibling '   itemprop=\"image\" itemscope=\"itemscope\" itemtype=\"https:\/\/schema.org\/ImageObject\" ><div class=\"avia-image-container-inner\"><div class=\"avia-image-overlay-wrap\"><img decoding=\"async\" class='wp-image-1018 avia-img-lazy-loading-not-1018 avia_image ' src=\"https:\/\/www.rmeyersl.com\/Vitoirmen\/wp-content\/uploads\/2022\/11\/VITOCOLL-300-300x300.png\" alt='' title='VITOCOLL-300'  height=\"300\" width=\"300\"  itemprop=\"thumbnailUrl\" srcset=\"https:\/\/www.rmeyersl.com\/Vitoirmen\/wp-content\/uploads\/2022\/11\/VITOCOLL-300.png 300w, https:\/\/www.rmeyersl.com\/Vitoirmen\/wp-content\/uploads\/2022\/11\/VITOCOLL-300-80x80.png 80w, https:\/\/www.rmeyersl.com\/Vitoirmen\/wp-content\/uploads\/2022\/11\/VITOCOLL-300-36x36.png 36w, https:\/\/www.rmeyersl.com\/Vitoirmen\/wp-content\/uploads\/2022\/11\/VITOCOLL-300-180x180.png 180w\" sizes=\"(max-width: 300px) 100vw, 300px\" \/><\/div><\/div><\/div><\/div><div class='flex_column av-93sww-507851c16f79453d09bae6eec87a0764 av_one_full  avia-builder-el-6  el_after_av_two_fifth  avia-builder-el-last  first flex_column_div '     ><section  class='av_textblock_section av-la8jjz0h-c7702dd4c535356baa70e07ae0bae5d9'  itemscope=\"itemscope\" itemtype=\"https:\/\/schema.org\/CreativeWork\" ><div class='avia_textblock'  itemprop=\"text\" ><table>\n<tbody>\n<tr>\n<td><span style=\"font-weight: 400;\">\u00a0<\/span><\/td>\n<td><b>VITOCOLL 342 E 08<\/b><\/td>\n<td><b>VITOCOLL 538 B 09<\/b><\/td>\n<td><b>VITOCOLL 132 A 07<\/b><\/td>\n<td><b>VITOCOLL 242 B 14<\/b><\/td>\n<\/tr>\n<tr>\n<td><span style=\"font-weight: 400;\">\u00a0<\/span><\/td>\n<td><span style=\"font-weight: 400;\">Uni\u00f3n de material aislante<\/span><span style=\"font-weight: 400;\"><br \/>\n<\/span><span style=\"font-weight: 400;\">para calefacci\u00f3n y ventilaci\u00f3n<\/span><span style=\"font-weight: 400;\"><br \/>\n<\/span><span style=\"font-weight: 400;\">sistemas (ign\u00edfugos)<\/span><\/td>\n<td><span style=\"font-weight: 400;\">Fabricaci\u00f3n de objetos que pueden<\/span><span style=\"font-weight: 400;\"><br \/>\n<\/span><span style=\"font-weight: 400;\">ser eliminado sin dejar residuos, para interior y exterior aplicaciones<\/span><\/td>\n<td><span style=\"font-weight: 400;\">Pegado de signos, emblemas y<\/span><span style=\"font-weight: 400;\"><br \/>\n<\/span><span style=\"font-weight: 400;\">placas frontales para interior<\/span><span style=\"font-weight: 400;\"><br \/>\n<\/span><span style=\"font-weight: 400;\">y aplicaciones al aire libre.<\/span><span style=\"font-weight: 400;\"><br \/>\n<\/span><span style=\"font-weight: 400;\">Alto alargamiento de rotura<\/span><\/td>\n<td><span style=\"font-weight: 400;\">Uni\u00f3n de espumas de PU, cuero y textiles t\u00e9cnicos<\/span><\/td>\n<\/tr>\n<tr>\n<td><span style=\"font-weight: 400;\">Sistema de adhesi\u00f3n\u00a0<\/span><\/td>\n<td><span style=\"font-weight: 400;\">dispersi\u00f3n acr\u00edlica<\/span><\/td>\n<td><span style=\"font-weight: 400;\">Acr\u00edlico puro \/ modificado<\/span><\/td>\n<td><span style=\"font-weight: 400;\">acr\u00edlico puro<\/span><\/td>\n<td><span style=\"font-weight: 400;\">acr\u00edlico modificado<\/span><\/td>\n<\/tr>\n<tr>\n<td><span style=\"font-weight: 400;\">Carrier\u00a0<\/span><\/td>\n<td><span style=\"font-weight: 400;\">tissue<\/span><\/td>\n<td><span style=\"font-weight: 400;\">polyester film 15 \u03bcm<\/span><\/td>\n<td><span style=\"font-weight: 400;\">ninguno<\/span><\/td>\n<td><span style=\"font-weight: 400;\">polyester film 15 \u03bcm<\/span><\/td>\n<\/tr>\n<tr>\n<td><span style=\"font-weight: 400;\">Espesor total mm<\/span><\/td>\n<td><span style=\"font-weight: 400;\">0,08<\/span><\/td>\n<td><span style=\"font-weight: 400;\">0,09<\/span><\/td>\n<td><span style=\"font-weight: 400;\">0,07<\/span><\/td>\n<td><span style=\"font-weight: 400;\">0,185<\/span><\/td>\n<\/tr>\n<tr>\n<td><span style=\"font-weight: 400;\">Cubierta protectora<\/span><\/td>\n<td><span style=\"font-weight: 400;\">pel\u00edcula siliconada, azul<\/span><\/td>\n<td><span style=\"font-weight: 400;\">papel PE siliconado, blanco<\/span><\/td>\n<td><span style=\"font-weight: 400;\">papel siliconado, blanco<\/span><\/td>\n<td><span style=\"font-weight: 400;\">papel siliconado, blanco<\/span><\/td>\n<\/tr>\n<tr>\n<td><span style=\"font-weight: 400;\">Resistencia a la temperatura en \u00b0C<\/span><\/td>\n<td><span style=\"font-weight: 400;\">80<\/span><\/td>\n<td><span style=\"font-weight: 400;\">90<\/span><\/td>\n<td><span style=\"font-weight: 400;\">> 150<\/span><\/td>\n<td><span style=\"font-weight: 400;\">80<\/span><\/td>\n<\/tr>\n<tr>\n<td><span style=\"font-weight: 400;\">Resistencia al corte en N \/ 6,25 mm<\/span><\/td>\n<td><span style=\"font-weight: 400;\">10<\/span><\/td>\n<td><span style=\"font-weight: 400;\">15<\/span><\/td>\n<td><span style=\"font-weight: 400;\">60<\/span><\/td>\n<td><span style=\"font-weight: 400;\">15<\/span><\/td>\n<\/tr>\n<tr>\n<td><span style=\"font-weight: 400;\">Resistencia al agua<\/span><\/td>\n<td><span style=\"font-weight: 400;\">3<\/span><\/td>\n<td><span style=\"font-weight: 400;\">1<\/span><\/td>\n<td><span style=\"font-weight: 400;\">1<\/span><\/td>\n<td><span style=\"font-weight: 400;\">1<\/span><\/td>\n<\/tr>\n<tr>\n<td><span style=\"font-weight: 400;\">Fuerza adhesiva inicial (tack)<\/span><\/td>\n<td><span style=\"font-weight: 400;\">1<\/span><\/td>\n<td><span style=\"font-weight: 400;\">cada lado con diferentes<\/span><span style=\"font-weight: 400;\"><br \/>\n<\/span><span style=\"font-weight: 400;\">fuerza adhesiva<\/span><\/td>\n<td><span style=\"font-weight: 400;\">2<\/span><\/td>\n<td><span style=\"font-weight: 400;\">1<\/span><\/td>\n<\/tr>\n<tr>\n<td><span style=\"font-weight: 400;\">Envejecimiento, intemperie, resistencia a los rayos UV<\/span><\/td>\n<td><span style=\"font-weight: 400;\">2<\/span><\/td>\n<td><span style=\"font-weight: 400;\">1<\/span><\/td>\n<td><span style=\"font-weight: 400;\">1<\/span><\/td>\n<td><span style=\"font-weight: 400;\">1<\/span><\/td>\n<\/tr>\n<tr>\n<td><span style=\"font-weight: 400;\">Resistencia qu\u00edmica<\/span><\/td>\n<td><span style=\"font-weight: 400;\">2<\/span><\/td>\n<td><span style=\"font-weight: 400;\">2<\/span><\/td>\n<td><span style=\"font-weight: 400;\">1<\/span><\/td>\n<td><span style=\"font-weight: 400;\">2<\/span><\/td>\n<\/tr>\n<\/tbody>\n<\/table>\n<\/div><\/section><\/div><\/div><\/div><\/main><!-- close content main element --><\/div><\/div><div id='after_section_1'  class='main_color av_default_container_wrap container_wrap sidebar_right'  ><div class='container av-section-cont-open' ><div class='template-page content  av-content-small alpha units'><div class='post-entry post-entry-type-page post-entry-984'><div class='entry-content-wrapper clearfix'>\n","protected":false},"excerpt":{"rendered":"","protected":false},"author":1,"featured_media":0,"parent":253,"menu_order":0,"comment_status":"closed","ping_status":"closed","template":"","meta":{"footnotes":""},"class_list":["post-984","page","type-page","status-publish","hentry"],"yoast_head":"<!-- This site is optimized with the Yoast SEO plugin v19.10 - https:\/\/yoast.com\/wordpress\/plugins\/seo\/ -->\n<title>VITOCOLL - Vito de R.Meyer<\/title>\n<meta name=\"robots\" content=\"index, follow, max-snippet:-1, max-image-preview:large, max-video-preview:-1\" \/>\n<link rel=\"canonical\" href=\"http:\/\/www.rmeyersl.com\/Vitoirmen\/industria\/vitocoll\/\" \/>\n<meta property=\"og:locale\" content=\"es_ES\" \/>\n<meta property=\"og:type\" content=\"article\" \/>\n<meta property=\"og:title\" content=\"VITOCOLL - Vito de R.Meyer\" \/>\n<meta property=\"og:url\" content=\"http:\/\/www.rmeyersl.com\/Vitoirmen\/industria\/vitocoll\/\" \/>\n<meta property=\"og:site_name\" content=\"Vito de R.Meyer\" \/>\n<meta property=\"article:modified_time\" content=\"2022-11-10T10:14:30+00:00\" \/>\n<meta name=\"twitter:card\" content=\"summary_large_image\" \/>\n<meta name=\"twitter:label1\" content=\"Tiempo de lectura\" \/>\n\t<meta name=\"twitter:data1\" content=\"12 minutos\" \/>\n<script type=\"application\/ld+json\" class=\"yoast-schema-graph\">{\"@context\":\"https:\/\/schema.org\",\"@graph\":[{\"@type\":\"WebPage\",\"@id\":\"http:\/\/www.rmeyersl.com\/Vitoirmen\/industria\/vitocoll\/\",\"url\":\"http:\/\/www.rmeyersl.com\/Vitoirmen\/industria\/vitocoll\/\",\"name\":\"VITOCOLL - Vito de R.Meyer\",\"isPartOf\":{\"@id\":\"http:\/\/www.rmeyersl.com\/Vitoirmen\/#website\"},\"datePublished\":\"2022-11-08T18:13:40+00:00\",\"dateModified\":\"2022-11-10T10:14:30+00:00\",\"breadcrumb\":{\"@id\":\"http:\/\/www.rmeyersl.com\/Vitoirmen\/industria\/vitocoll\/#breadcrumb\"},\"inLanguage\":\"es\",\"potentialAction\":[{\"@type\":\"ReadAction\",\"target\":[\"http:\/\/www.rmeyersl.com\/Vitoirmen\/industria\/vitocoll\/\"]}]},{\"@type\":\"BreadcrumbList\",\"@id\":\"http:\/\/www.rmeyersl.com\/Vitoirmen\/industria\/vitocoll\/#breadcrumb\",\"itemListElement\":[{\"@type\":\"ListItem\",\"position\":1,\"name\":\"Portada\",\"item\":\"http:\/\/www.rmeyersl.com\/Vitoirmen\/\"},{\"@type\":\"ListItem\",\"position\":2,\"name\":\"Industria\",\"item\":\"https:\/\/www.rmeyersl.com\/Vitoirmen\/industria\/\"},{\"@type\":\"ListItem\",\"position\":3,\"name\":\"VITOCOLL\"}]},{\"@type\":\"WebSite\",\"@id\":\"http:\/\/www.rmeyersl.com\/Vitoirmen\/#website\",\"url\":\"http:\/\/www.rmeyersl.com\/Vitoirmen\/\",\"name\":\"Vito de R.Meyer\",\"description\":\"Encuentra productos VITO para los sectores de energ\u00edas renovables, construcci\u00f3n, industria, automoci\u00f3n, medicina y vidrio\",\"potentialAction\":[{\"@type\":\"SearchAction\",\"target\":{\"@type\":\"EntryPoint\",\"urlTemplate\":\"http:\/\/www.rmeyersl.com\/Vitoirmen\/?s={search_term_string}\"},\"query-input\":\"required name=search_term_string\"}],\"inLanguage\":\"es\"}]}<\/script>\n<!-- \/ Yoast SEO plugin. -->","yoast_head_json":{"title":"VITOCOLL - Vito de R.Meyer","robots":{"index":"index","follow":"follow","max-snippet":"max-snippet:-1","max-image-preview":"max-image-preview:large","max-video-preview":"max-video-preview:-1"},"canonical":"http:\/\/www.rmeyersl.com\/Vitoirmen\/industria\/vitocoll\/","og_locale":"es_ES","og_type":"article","og_title":"VITOCOLL - Vito de R.Meyer","og_url":"http:\/\/www.rmeyersl.com\/Vitoirmen\/industria\/vitocoll\/","og_site_name":"Vito de R.Meyer","article_modified_time":"2022-11-10T10:14:30+00:00","twitter_card":"summary_large_image","twitter_misc":{"Tiempo de lectura":"12 minutos"},"schema":{"@context":"https:\/\/schema.org","@graph":[{"@type":"WebPage","@id":"http:\/\/www.rmeyersl.com\/Vitoirmen\/industria\/vitocoll\/","url":"http:\/\/www.rmeyersl.com\/Vitoirmen\/industria\/vitocoll\/","name":"VITOCOLL - Vito de R.Meyer","isPartOf":{"@id":"http:\/\/www.rmeyersl.com\/Vitoirmen\/#website"},"datePublished":"2022-11-08T18:13:40+00:00","dateModified":"2022-11-10T10:14:30+00:00","breadcrumb":{"@id":"http:\/\/www.rmeyersl.com\/Vitoirmen\/industria\/vitocoll\/#breadcrumb"},"inLanguage":"es","potentialAction":[{"@type":"ReadAction","target":["http:\/\/www.rmeyersl.com\/Vitoirmen\/industria\/vitocoll\/"]}]},{"@type":"BreadcrumbList","@id":"http:\/\/www.rmeyersl.com\/Vitoirmen\/industria\/vitocoll\/#breadcrumb","itemListElement":[{"@type":"ListItem","position":1,"name":"Portada","item":"http:\/\/www.rmeyersl.com\/Vitoirmen\/"},{"@type":"ListItem","position":2,"name":"Industria","item":"https:\/\/www.rmeyersl.com\/Vitoirmen\/industria\/"},{"@type":"ListItem","position":3,"name":"VITOCOLL"}]},{"@type":"WebSite","@id":"http:\/\/www.rmeyersl.com\/Vitoirmen\/#website","url":"http:\/\/www.rmeyersl.com\/Vitoirmen\/","name":"Vito de R.Meyer","description":"Encuentra productos VITO para los sectores de energ\u00edas renovables, construcci\u00f3n, industria, automoci\u00f3n, medicina y vidrio","potentialAction":[{"@type":"SearchAction","target":{"@type":"EntryPoint","urlTemplate":"http:\/\/www.rmeyersl.com\/Vitoirmen\/?s={search_term_string}"},"query-input":"required name=search_term_string"}],"inLanguage":"es"}]}},"_links":{"self":[{"href":"https:\/\/www.rmeyersl.com\/Vitoirmen\/wp-json\/wp\/v2\/pages\/984","targetHints":{"allow":["GET"]}}],"collection":[{"href":"https:\/\/www.rmeyersl.com\/Vitoirmen\/wp-json\/wp\/v2\/pages"}],"about":[{"href":"https:\/\/www.rmeyersl.com\/Vitoirmen\/wp-json\/wp\/v2\/types\/page"}],"author":[{"embeddable":true,"href":"https:\/\/www.rmeyersl.com\/Vitoirmen\/wp-json\/wp\/v2\/users\/1"}],"replies":[{"embeddable":true,"href":"https:\/\/www.rmeyersl.com\/Vitoirmen\/wp-json\/wp\/v2\/comments?post=984"}],"version-history":[{"count":9,"href":"https:\/\/www.rmeyersl.com\/Vitoirmen\/wp-json\/wp\/v2\/pages\/984\/revisions"}],"predecessor-version":[{"id":1019,"href":"https:\/\/www.rmeyersl.com\/Vitoirmen\/wp-json\/wp\/v2\/pages\/984\/revisions\/1019"}],"up":[{"embeddable":true,"href":"https:\/\/www.rmeyersl.com\/Vitoirmen\/wp-json\/wp\/v2\/pages\/253"}],"wp:attachment":[{"href":"https:\/\/www.rmeyersl.com\/Vitoirmen\/wp-json\/wp\/v2\/media?parent=984"}],"curies":[{"name":"wp","href":"https:\/\/api.w.org\/{rel}","templated":true}]}}