{"id":958,"date":"2022-11-08T13:48:43","date_gmt":"2022-11-08T13:48:43","guid":{"rendered":"http:\/\/www.rmeyersl.com\/Vitoirmen\/?page_id=958"},"modified":"2022-11-29T09:44:42","modified_gmt":"2022-11-29T09:44:42","slug":"vitofix","status":"publish","type":"page","link":"https:\/\/www.rmeyersl.com\/Vitoirmen\/vitofix\/","title":{"rendered":"VITOFIX"},"content":{"rendered":"<div id='av_section_1'  class='avia-section av-14xcv2-ff8570243f942661a87be40d50e27f90 main_color avia-section-default avia-no-border-styling  avia-builder-el-0  el_before_av_section  avia-builder-el-first  avia-bg-style-scroll container_wrap sidebar_right'  ><div class='container av-section-cont-open' ><main  role=\"main\" itemprop=\"mainContentOfPage\"  class='template-page content  av-content-small alpha units'><div class='post-entry post-entry-type-page post-entry-958'><div class='entry-content-wrapper clearfix'>\n<div class='flex_column av-ye94m-9db335c4c9083214bc8174a8ed33d69e av_three_fifth  avia-builder-el-1  el_before_av_two_fifth  avia-builder-el-first  first flex_column_div '     ><p>\n<style type=\"text\/css\" data-created_by=\"avia_inline_auto\" id=\"style-css-av-la89qjxm-abc4efc85822ce8353c57d08297c5486\">\n#top .av-special-heading.av-la89qjxm-abc4efc85822ce8353c57d08297c5486{\npadding-bottom:10px;\n}\nbody .av-special-heading.av-la89qjxm-abc4efc85822ce8353c57d08297c5486 .av-special-heading-tag .heading-char{\nfont-size:25px;\n}\n.av-special-heading.av-la89qjxm-abc4efc85822ce8353c57d08297c5486 .av-subheading{\nfont-size:15px;\n}\n<\/style>\n<div  class='av-special-heading av-la89qjxm-abc4efc85822ce8353c57d08297c5486 av-special-heading-h1 blockquote modern-quote  avia-builder-el-2  el_before_av_heading  avia-builder-el-first '><h1 class='av-special-heading-tag'  itemprop=\"headline\"  >VITOFIX<\/h1><div class=\"special-heading-border\"><div class=\"special-heading-inner-border\"><\/div><\/div><\/div><br \/>\n\n<style type=\"text\/css\" data-created_by=\"avia_inline_auto\" id=\"style-css-av-la89rmv4-9d79b8bfe2e0c069d2eacf9a7f88fbe3\">\n#top .av-special-heading.av-la89rmv4-9d79b8bfe2e0c069d2eacf9a7f88fbe3{\npadding-bottom:10px;\n}\nbody .av-special-heading.av-la89rmv4-9d79b8bfe2e0c069d2eacf9a7f88fbe3 .av-special-heading-tag .heading-char{\nfont-size:25px;\n}\n.av-special-heading.av-la89rmv4-9d79b8bfe2e0c069d2eacf9a7f88fbe3 .av-subheading{\nfont-size:15px;\n}\n<\/style>\n<div  class='av-special-heading av-la89rmv4-9d79b8bfe2e0c069d2eacf9a7f88fbe3 av-special-heading-h2 blockquote modern-quote  avia-builder-el-3  el_after_av_heading  el_before_av_textblock '><h2 class='av-special-heading-tag'  itemprop=\"headline\"  >VITOFIX PLUS 1<\/h2><div class=\"special-heading-border\"><div class=\"special-heading-inner-border\"><\/div><\/div><\/div><br \/>\n<section  class='av_textblock_section av-la89sety-72f9af5213e9aa97419cc32baf4abf20'  itemscope=\"itemscope\" itemtype=\"https:\/\/schema.org\/CreativeWork\" ><div class='avia_textblock'  itemprop=\"text\" ><p>Se puede utilizar para el montaje de espejos hasta 1,6 m\u00b2 de tama\u00f1o y 6 mm de espesor (peso m\u00e1x. del espejo hasta 24 Kg)<br \/>\n1 juego consta de los siguientes componentes:<br \/>\n2 soportes para espejos (autoadhesivos)<br \/>\n2 ganchos de pared<br \/>\n2 placas de sujeci\u00f3n con velcro<br \/>\n(parte de gancho y bucle, la parte del bucle es autoadhesiva)<br \/>\nContenido de 1 caja: 12 juegos<\/p>\n<\/div><\/section><\/p><\/div><div class='flex_column av-ru5we-b19a61b11965d59039e31076393a5ffb av_two_fifth  avia-builder-el-5  el_after_av_three_fifth  avia-builder-el-last  flex_column_div '     ><style type=\"text\/css\" data-created_by=\"avia_inline_auto\" id=\"style-css-av-la8a1d9c-2c2f20db929b641863fd0393f66deef8\">\n.avia-image-container.av-la8a1d9c-2c2f20db929b641863fd0393f66deef8 img.avia_image{\nbox-shadow:none;\n}\n.avia-image-container.av-la8a1d9c-2c2f20db929b641863fd0393f66deef8 .av-image-caption-overlay-center{\ncolor:#ffffff;\n}\n<\/style>\n<div  class='avia-image-container av-la8a1d9c-2c2f20db929b641863fd0393f66deef8 av-styling- avia-align-center  avia-builder-el-6  avia-builder-el-no-sibling '   itemprop=\"image\" itemscope=\"itemscope\" itemtype=\"https:\/\/schema.org\/ImageObject\" ><div class=\"avia-image-container-inner\"><div class=\"avia-image-overlay-wrap\"><img decoding=\"async\" class='wp-image-968 avia-img-lazy-loading-not-968 avia_image ' src=\"https:\/\/www.rmeyersl.com\/Vitoirmen\/wp-content\/uploads\/2022\/11\/Vito_vitofix1-300-300x300.png\" alt='' title='Vito_vitofix1-300'  height=\"300\" width=\"300\"  itemprop=\"thumbnailUrl\" srcset=\"https:\/\/www.rmeyersl.com\/Vitoirmen\/wp-content\/uploads\/2022\/11\/Vito_vitofix1-300.png 300w, https:\/\/www.rmeyersl.com\/Vitoirmen\/wp-content\/uploads\/2022\/11\/Vito_vitofix1-300-80x80.png 80w, https:\/\/www.rmeyersl.com\/Vitoirmen\/wp-content\/uploads\/2022\/11\/Vito_vitofix1-300-36x36.png 36w, https:\/\/www.rmeyersl.com\/Vitoirmen\/wp-content\/uploads\/2022\/11\/Vito_vitofix1-300-180x180.png 180w\" sizes=\"(max-width: 300px) 100vw, 300px\" \/><\/div><\/div><\/div><\/div>\n\n<\/div><\/div><\/main><!-- close content main element --><\/div><\/div><div id='av_section_2'  class='avia-section av-j4lbi-a2b98434a8a5605051421e3b42d259e3 main_color avia-section-default avia-no-border-styling  avia-builder-el-7  el_after_av_section  avia-builder-el-last  avia-bg-style-scroll container_wrap sidebar_right'  ><div class='container av-section-cont-open' ><div class='template-page content  av-content-small alpha units'><div class='post-entry post-entry-type-page post-entry-958'><div class='entry-content-wrapper clearfix'>\n<div class='flex_column av-gepee-4db42a89040d7b5f695a33b80724ba30 av_three_fifth  avia-builder-el-8  el_before_av_two_fifth  avia-builder-el-first  first flex_column_div '     ><p>\n<style type=\"text\/css\" data-created_by=\"avia_inline_auto\" id=\"style-css-av-la89tezs-0ee2e5edfe8cbab5a7cfb28d5b9065f2\">\n#top .av-special-heading.av-la89tezs-0ee2e5edfe8cbab5a7cfb28d5b9065f2{\npadding-bottom:10px;\n}\nbody .av-special-heading.av-la89tezs-0ee2e5edfe8cbab5a7cfb28d5b9065f2 .av-special-heading-tag .heading-char{\nfont-size:25px;\n}\n.av-special-heading.av-la89tezs-0ee2e5edfe8cbab5a7cfb28d5b9065f2 .av-subheading{\nfont-size:15px;\n}\n<\/style>\n<div  class='av-special-heading av-la89tezs-0ee2e5edfe8cbab5a7cfb28d5b9065f2 av-special-heading-h2 blockquote modern-quote  avia-builder-el-9  el_before_av_textblock  avia-builder-el-first '><h2 class='av-special-heading-tag'  itemprop=\"headline\"  >VITOFIX PLUS 2<\/h2><div class=\"special-heading-border\"><div class=\"special-heading-inner-border\"><\/div><\/div><\/div><br \/>\n<section  class='av_textblock_section av-la89u2hx-8422a7f2ea90feb8caf004376b863e51'  itemscope=\"itemscope\" itemtype=\"https:\/\/schema.org\/CreativeWork\" ><div class='avia_textblock'  itemprop=\"text\" ><p>Se puede utilizar para el montaje de espejos de hasta 0,8 m\u00b2 de tama\u00f1o y 6 mm de espesor (peso m\u00e1ximo del espejo hasta 12 Kg)<\/p>\n<p>1 juego consta de los siguientes componentes:<br \/>\n2 soportes para espejos (autoadhesivos)<br \/>\n2 ganchos de pared<br \/>\n2 almohadillas espaciadoras autoadhesivas de doble cara<br \/>\nContenido de 1 caja: 30 juegos<\/p>\n<\/div><\/section><\/p><\/div><div class='flex_column av-6ui72-4f6c87137272405b3af1a247487ce18b av_two_fifth  avia-builder-el-11  el_after_av_three_fifth  el_before_av_button  flex_column_div '     ><style type=\"text\/css\" data-created_by=\"avia_inline_auto\" id=\"style-css-av-la8a103a-ed67dcf6e79b16263549dfbc46b5048d\">\n.avia-image-container.av-la8a103a-ed67dcf6e79b16263549dfbc46b5048d img.avia_image{\nbox-shadow:none;\n}\n.avia-image-container.av-la8a103a-ed67dcf6e79b16263549dfbc46b5048d .av-image-caption-overlay-center{\ncolor:#ffffff;\n}\n<\/style>\n<div  class='avia-image-container av-la8a103a-ed67dcf6e79b16263549dfbc46b5048d av-styling- avia-align-center  avia-builder-el-12  avia-builder-el-no-sibling '   itemprop=\"image\" itemscope=\"itemscope\" itemtype=\"https:\/\/schema.org\/ImageObject\" ><div class=\"avia-image-container-inner\"><div class=\"avia-image-overlay-wrap\"><img decoding=\"async\" class='wp-image-967 avia-img-lazy-loading-not-967 avia_image ' src=\"https:\/\/www.rmeyersl.com\/Vitoirmen\/wp-content\/uploads\/2022\/11\/Vito_vitofix2-300-300x300.png\" alt='' title='Vito_vitofix2-300'  height=\"300\" width=\"300\"  itemprop=\"thumbnailUrl\" srcset=\"https:\/\/www.rmeyersl.com\/Vitoirmen\/wp-content\/uploads\/2022\/11\/Vito_vitofix2-300.png 300w, https:\/\/www.rmeyersl.com\/Vitoirmen\/wp-content\/uploads\/2022\/11\/Vito_vitofix2-300-80x80.png 80w, https:\/\/www.rmeyersl.com\/Vitoirmen\/wp-content\/uploads\/2022\/11\/Vito_vitofix2-300-36x36.png 36w, https:\/\/www.rmeyersl.com\/Vitoirmen\/wp-content\/uploads\/2022\/11\/Vito_vitofix2-300-180x180.png 180w\" sizes=\"(max-width: 300px) 100vw, 300px\" \/><\/div><\/div><\/div><\/div><div  class='avia-button-wrap av-la89v7bg-0a2c5ac76a832efc4afd141c82cb24e0-wrap avia-button-center  avia-builder-el-13  el_after_av_two_fifth  avia-builder-el-last '><a href='https:\/\/www.vito-irmen.de\/produkte\/industrie\/vitofix-spiegelaufhaengung\/?lang=en' class='avia-button av-la89v7bg-0a2c5ac76a832efc4afd141c82cb24e0 avia-icon_select-no avia-size-large avia-position-center avia-color-theme-color' target=\"_blank\" rel=\"noopener noreferrer\"><span class='avia_iconbox_title' >M\u00e1s informaci\u00f3n<\/span><\/a><\/div>\n<\/div><\/div><\/div><!-- close content main div --><\/div><\/div><div id='after_section_2'  class='main_color av_default_container_wrap container_wrap sidebar_right'  ><div class='container av-section-cont-open' ><div class='template-page content  av-content-small alpha units'><div class='post-entry post-entry-type-page post-entry-958'><div class='entry-content-wrapper clearfix'>\n","protected":false},"excerpt":{"rendered":"","protected":false},"author":1,"featured_media":0,"parent":0,"menu_order":0,"comment_status":"closed","ping_status":"closed","template":"","meta":{"footnotes":""},"class_list":["post-958","page","type-page","status-publish","hentry"],"yoast_head":"<!-- This site is optimized with the Yoast SEO plugin v19.10 - https:\/\/yoast.com\/wordpress\/plugins\/seo\/ -->\n<title>VITOFIX - Vito de R.Meyer<\/title>\n<meta name=\"robots\" content=\"index, follow, max-snippet:-1, max-image-preview:large, max-video-preview:-1\" \/>\n<link rel=\"canonical\" href=\"https:\/\/www.rmeyersl.com\/Vitoirmen\/vitofix\/\" \/>\n<meta property=\"og:locale\" content=\"es_ES\" \/>\n<meta property=\"og:type\" content=\"article\" \/>\n<meta property=\"og:title\" content=\"VITOFIX - Vito de R.Meyer\" \/>\n<meta property=\"og:url\" content=\"https:\/\/www.rmeyersl.com\/Vitoirmen\/vitofix\/\" \/>\n<meta property=\"og:site_name\" content=\"Vito de R.Meyer\" \/>\n<meta property=\"article:modified_time\" content=\"2022-11-29T09:44:42+00:00\" \/>\n<meta name=\"twitter:card\" content=\"summary_large_image\" \/>\n<meta name=\"twitter:label1\" content=\"Tiempo de lectura\" \/>\n\t<meta name=\"twitter:data1\" content=\"6 minutos\" \/>\n<script type=\"application\/ld+json\" class=\"yoast-schema-graph\">{\"@context\":\"https:\/\/schema.org\",\"@graph\":[{\"@type\":\"WebPage\",\"@id\":\"https:\/\/www.rmeyersl.com\/Vitoirmen\/vitofix\/\",\"url\":\"https:\/\/www.rmeyersl.com\/Vitoirmen\/vitofix\/\",\"name\":\"VITOFIX - Vito de R.Meyer\",\"isPartOf\":{\"@id\":\"http:\/\/www.rmeyersl.com\/Vitoirmen\/#website\"},\"datePublished\":\"2022-11-08T13:48:43+00:00\",\"dateModified\":\"2022-11-29T09:44:42+00:00\",\"breadcrumb\":{\"@id\":\"https:\/\/www.rmeyersl.com\/Vitoirmen\/vitofix\/#breadcrumb\"},\"inLanguage\":\"es\",\"potentialAction\":[{\"@type\":\"ReadAction\",\"target\":[\"https:\/\/www.rmeyersl.com\/Vitoirmen\/vitofix\/\"]}]},{\"@type\":\"BreadcrumbList\",\"@id\":\"https:\/\/www.rmeyersl.com\/Vitoirmen\/vitofix\/#breadcrumb\",\"itemListElement\":[{\"@type\":\"ListItem\",\"position\":1,\"name\":\"Portada\",\"item\":\"http:\/\/www.rmeyersl.com\/Vitoirmen\/\"},{\"@type\":\"ListItem\",\"position\":2,\"name\":\"VITOFIX\"}]},{\"@type\":\"WebSite\",\"@id\":\"http:\/\/www.rmeyersl.com\/Vitoirmen\/#website\",\"url\":\"http:\/\/www.rmeyersl.com\/Vitoirmen\/\",\"name\":\"Vito de R.Meyer\",\"description\":\"Encuentra productos VITO para los sectores de energ\u00edas renovables, construcci\u00f3n, industria, automoci\u00f3n, medicina y vidrio\",\"potentialAction\":[{\"@type\":\"SearchAction\",\"target\":{\"@type\":\"EntryPoint\",\"urlTemplate\":\"http:\/\/www.rmeyersl.com\/Vitoirmen\/?s={search_term_string}\"},\"query-input\":\"required name=search_term_string\"}],\"inLanguage\":\"es\"}]}<\/script>\n<!-- \/ Yoast SEO plugin. -->","yoast_head_json":{"title":"VITOFIX - Vito de R.Meyer","robots":{"index":"index","follow":"follow","max-snippet":"max-snippet:-1","max-image-preview":"max-image-preview:large","max-video-preview":"max-video-preview:-1"},"canonical":"https:\/\/www.rmeyersl.com\/Vitoirmen\/vitofix\/","og_locale":"es_ES","og_type":"article","og_title":"VITOFIX - Vito de R.Meyer","og_url":"https:\/\/www.rmeyersl.com\/Vitoirmen\/vitofix\/","og_site_name":"Vito de R.Meyer","article_modified_time":"2022-11-29T09:44:42+00:00","twitter_card":"summary_large_image","twitter_misc":{"Tiempo de lectura":"6 minutos"},"schema":{"@context":"https:\/\/schema.org","@graph":[{"@type":"WebPage","@id":"https:\/\/www.rmeyersl.com\/Vitoirmen\/vitofix\/","url":"https:\/\/www.rmeyersl.com\/Vitoirmen\/vitofix\/","name":"VITOFIX - Vito de R.Meyer","isPartOf":{"@id":"http:\/\/www.rmeyersl.com\/Vitoirmen\/#website"},"datePublished":"2022-11-08T13:48:43+00:00","dateModified":"2022-11-29T09:44:42+00:00","breadcrumb":{"@id":"https:\/\/www.rmeyersl.com\/Vitoirmen\/vitofix\/#breadcrumb"},"inLanguage":"es","potentialAction":[{"@type":"ReadAction","target":["https:\/\/www.rmeyersl.com\/Vitoirmen\/vitofix\/"]}]},{"@type":"BreadcrumbList","@id":"https:\/\/www.rmeyersl.com\/Vitoirmen\/vitofix\/#breadcrumb","itemListElement":[{"@type":"ListItem","position":1,"name":"Portada","item":"http:\/\/www.rmeyersl.com\/Vitoirmen\/"},{"@type":"ListItem","position":2,"name":"VITOFIX"}]},{"@type":"WebSite","@id":"http:\/\/www.rmeyersl.com\/Vitoirmen\/#website","url":"http:\/\/www.rmeyersl.com\/Vitoirmen\/","name":"Vito de R.Meyer","description":"Encuentra productos VITO para los sectores de energ\u00edas renovables, construcci\u00f3n, industria, automoci\u00f3n, medicina y vidrio","potentialAction":[{"@type":"SearchAction","target":{"@type":"EntryPoint","urlTemplate":"http:\/\/www.rmeyersl.com\/Vitoirmen\/?s={search_term_string}"},"query-input":"required name=search_term_string"}],"inLanguage":"es"}]}},"_links":{"self":[{"href":"https:\/\/www.rmeyersl.com\/Vitoirmen\/wp-json\/wp\/v2\/pages\/958","targetHints":{"allow":["GET"]}}],"collection":[{"href":"https:\/\/www.rmeyersl.com\/Vitoirmen\/wp-json\/wp\/v2\/pages"}],"about":[{"href":"https:\/\/www.rmeyersl.com\/Vitoirmen\/wp-json\/wp\/v2\/types\/page"}],"author":[{"embeddable":true,"href":"https:\/\/www.rmeyersl.com\/Vitoirmen\/wp-json\/wp\/v2\/users\/1"}],"replies":[{"embeddable":true,"href":"https:\/\/www.rmeyersl.com\/Vitoirmen\/wp-json\/wp\/v2\/comments?post=958"}],"version-history":[{"count":7,"href":"https:\/\/www.rmeyersl.com\/Vitoirmen\/wp-json\/wp\/v2\/pages\/958\/revisions"}],"predecessor-version":[{"id":1460,"href":"https:\/\/www.rmeyersl.com\/Vitoirmen\/wp-json\/wp\/v2\/pages\/958\/revisions\/1460"}],"wp:attachment":[{"href":"https:\/\/www.rmeyersl.com\/Vitoirmen\/wp-json\/wp\/v2\/media?parent=958"}],"curies":[{"name":"wp","href":"https:\/\/api.w.org\/{rel}","templated":true}]}}