{"id":710,"date":"2022-11-07T11:47:16","date_gmt":"2022-11-07T11:47:16","guid":{"rendered":"http:\/\/www.rmeyersl.com\/Vitoirmen\/?page_id=710"},"modified":"2022-11-10T10:21:46","modified_gmt":"2022-11-10T10:21:46","slug":"vitolen-cintas-de-acristalamiento","status":"publish","type":"page","link":"https:\/\/www.rmeyersl.com\/Vitoirmen\/vidrio\/vitolen-cintas-de-acristalamiento\/","title":{"rendered":"VITOLEN\u00a0 &#8211; Cintas de acristalamiento"},"content":{"rendered":"<div id='av_section_1'  class='avia-section av-80icm-af1ed95a0f5f888c15931d9ce3d191d7 main_color avia-section-default avia-no-border-styling  avia-builder-el-0  avia-builder-el-no-sibling  avia-bg-style-scroll container_wrap sidebar_right'  ><div class='container av-section-cont-open' ><main  role=\"main\" itemprop=\"mainContentOfPage\"  class='template-page content  av-content-small alpha units'><div class='post-entry post-entry-type-page post-entry-710'><div class='entry-content-wrapper clearfix'>\n<div class='flex_column av-fzp32-4498dd2d4a68cd0080b70e5567d13a41 av_three_fifth  avia-builder-el-1  el_before_av_two_fifth  avia-builder-el-first  first flex_column_div '     ><p>\n<style type=\"text\/css\" data-created_by=\"avia_inline_auto\" id=\"style-css-av-la6pyd9b-911b70e855bc68538c5f7ccced7ff1cf\">\n#top .av-special-heading.av-la6pyd9b-911b70e855bc68538c5f7ccced7ff1cf{\npadding-bottom:10px;\n}\nbody .av-special-heading.av-la6pyd9b-911b70e855bc68538c5f7ccced7ff1cf .av-special-heading-tag .heading-char{\nfont-size:25px;\n}\n.av-special-heading.av-la6pyd9b-911b70e855bc68538c5f7ccced7ff1cf .av-subheading{\nfont-size:15px;\n}\n<\/style>\n<div  class='av-special-heading av-la6pyd9b-911b70e855bc68538c5f7ccced7ff1cf av-special-heading-h1 blockquote modern-quote  avia-builder-el-2  el_before_av_textblock  avia-builder-el-first '><h1 class='av-special-heading-tag'  itemprop=\"headline\"  >VITOLEN  &#8211; Cintas de acristalamiento<\/h1><div class=\"special-heading-border\"><div class=\"special-heading-inner-border\"><\/div><\/div><\/div><br \/>\n<section  class='av_textblock_section av-la6pyt1o-fa4a67e6df7500711520bbe4953da052'  itemscope=\"itemscope\" itemtype=\"https:\/\/schema.org\/CreativeWork\" ><div class='avia_textblock'  itemprop=\"text\" ><p>Las cintas para acristalamiento VITO est\u00e1n hechas de una espuma de PET de celda cerrada equipado en un lado con un medio ambiente especial- Pegamento amigable sensible a la presi\u00f3n. La elasticidad de las cintas de acristalamiento VITO compensan los movimientos causados \u200b\u200bpor el estr\u00e9s de la carga del viento, as\u00ed como por los cambios en temperatura y humedad. Estos pueden ocurrir en diferentes velocidades y pueden superponerse.<\/p>\n<\/div><\/section><\/p><\/div><div class='flex_column av-blmhy-5f562572f92a3ec3f2076e57866c1516 av_two_fifth  avia-builder-el-4  el_after_av_three_fifth  el_before_av_one_full  flex_column_div '     ><style type=\"text\/css\" data-created_by=\"avia_inline_auto\" id=\"style-css-av-la6svdhb-930bce9faee8133e09c27b30c87ba472\">\n.avia-image-container.av-la6svdhb-930bce9faee8133e09c27b30c87ba472 img.avia_image{\nbox-shadow:none;\n}\n.avia-image-container.av-la6svdhb-930bce9faee8133e09c27b30c87ba472 .av-image-caption-overlay-center{\ncolor:#ffffff;\n}\n<\/style>\n<div  class='avia-image-container av-la6svdhb-930bce9faee8133e09c27b30c87ba472 av-styling- avia-align-center  avia-builder-el-5  avia-builder-el-no-sibling '   itemprop=\"image\" itemscope=\"itemscope\" itemtype=\"https:\/\/schema.org\/ImageObject\" ><div class=\"avia-image-container-inner\"><div class=\"avia-image-overlay-wrap\"><img decoding=\"async\" class='wp-image-978 avia-img-lazy-loading-not-978 avia_image ' src=\"https:\/\/www.rmeyersl.com\/Vitoirmen\/wp-content\/uploads\/2022\/11\/Vitolen-Construccion-300-300x300.jpg\" alt='' title='Vitolen Construccio\u0301n-300'  height=\"300\" width=\"300\"  itemprop=\"thumbnailUrl\" srcset=\"https:\/\/www.rmeyersl.com\/Vitoirmen\/wp-content\/uploads\/2022\/11\/Vitolen-Construccion-300.jpg 300w, https:\/\/www.rmeyersl.com\/Vitoirmen\/wp-content\/uploads\/2022\/11\/Vitolen-Construccion-300-80x80.jpg 80w, https:\/\/www.rmeyersl.com\/Vitoirmen\/wp-content\/uploads\/2022\/11\/Vitolen-Construccion-300-36x36.jpg 36w, https:\/\/www.rmeyersl.com\/Vitoirmen\/wp-content\/uploads\/2022\/11\/Vitolen-Construccion-300-180x180.jpg 180w\" sizes=\"(max-width: 300px) 100vw, 300px\" \/><\/div><\/div><\/div><\/div><div class='flex_column av-al0li-e1fa3ed769626c20873cfbdc09572ec9 av_one_full  avia-builder-el-6  el_after_av_two_fifth  avia-builder-el-last  first flex_column_div '     ><style type=\"text\/css\" data-created_by=\"avia_inline_auto\" id=\"style-css-av-la6s4442-130e657afe279f3d8e23e175e68020e4\">\n.avia-image-container.av-la6s4442-130e657afe279f3d8e23e175e68020e4 img.avia_image{\nbox-shadow:none;\n}\n.avia-image-container.av-la6s4442-130e657afe279f3d8e23e175e68020e4 .av-image-caption-overlay-center{\ncolor:#ffffff;\n}\n<\/style>\n<div  class='avia-image-container av-la6s4442-130e657afe279f3d8e23e175e68020e4 av-styling- avia-align-center  avia-builder-el-7  avia-builder-el-no-sibling '   itemprop=\"image\" itemscope=\"itemscope\" itemtype=\"https:\/\/schema.org\/ImageObject\" ><div class=\"avia-image-container-inner\"><div class=\"avia-image-overlay-wrap\"><img decoding=\"async\" class='wp-image-726 avia-img-lazy-loading-not-726 avia_image ' src=\"https:\/\/www.rmeyersl.com\/Vitoirmen\/wp-content\/uploads\/2022\/11\/image022.png\" alt='' title='image022'  height=\"425\" width=\"610\"  itemprop=\"thumbnailUrl\" srcset=\"https:\/\/www.rmeyersl.com\/Vitoirmen\/wp-content\/uploads\/2022\/11\/image022.png 610w, https:\/\/www.rmeyersl.com\/Vitoirmen\/wp-content\/uploads\/2022\/11\/image022-300x209.png 300w\" sizes=\"(max-width: 610px) 100vw, 610px\" \/><\/div><\/div><\/div><\/div><\/div><\/div><\/main><!-- close content main element --><\/div><\/div><div id='after_section_1'  class='main_color av_default_container_wrap container_wrap sidebar_right'  ><div class='container av-section-cont-open' ><div class='template-page content  av-content-small alpha units'><div class='post-entry post-entry-type-page post-entry-710'><div class='entry-content-wrapper clearfix'>\n","protected":false},"excerpt":{"rendered":"","protected":false},"author":1,"featured_media":0,"parent":257,"menu_order":0,"comment_status":"closed","ping_status":"closed","template":"","meta":{"footnotes":""},"class_list":["post-710","page","type-page","status-publish","hentry"],"yoast_head":"<!-- This site is optimized with the Yoast SEO plugin v19.10 - https:\/\/yoast.com\/wordpress\/plugins\/seo\/ -->\n<title>VITOLEN\u00a0 - Cintas de acristalamiento - Vito de R.Meyer<\/title>\n<meta name=\"robots\" content=\"index, follow, max-snippet:-1, max-image-preview:large, max-video-preview:-1\" \/>\n<link rel=\"canonical\" href=\"https:\/\/www.rmeyersl.com\/Vitoirmen\/vidrio\/vitolen-cintas-de-acristalamiento\/\" \/>\n<meta property=\"og:locale\" content=\"es_ES\" \/>\n<meta property=\"og:type\" content=\"article\" \/>\n<meta property=\"og:title\" content=\"VITOLEN\u00a0 - Cintas de acristalamiento - Vito de R.Meyer\" \/>\n<meta property=\"og:url\" content=\"https:\/\/www.rmeyersl.com\/Vitoirmen\/vidrio\/vitolen-cintas-de-acristalamiento\/\" \/>\n<meta property=\"og:site_name\" content=\"Vito de R.Meyer\" \/>\n<meta property=\"article:modified_time\" content=\"2022-11-10T10:21:46+00:00\" \/>\n<meta name=\"twitter:card\" content=\"summary_large_image\" \/>\n<meta name=\"twitter:label1\" content=\"Tiempo de lectura\" \/>\n\t<meta name=\"twitter:data1\" content=\"13 minutos\" \/>\n<script type=\"application\/ld+json\" class=\"yoast-schema-graph\">{\"@context\":\"https:\/\/schema.org\",\"@graph\":[{\"@type\":\"WebPage\",\"@id\":\"https:\/\/www.rmeyersl.com\/Vitoirmen\/vidrio\/vitolen-cintas-de-acristalamiento\/\",\"url\":\"https:\/\/www.rmeyersl.com\/Vitoirmen\/vidrio\/vitolen-cintas-de-acristalamiento\/\",\"name\":\"VITOLEN\u00a0 - Cintas de acristalamiento - Vito de R.Meyer\",\"isPartOf\":{\"@id\":\"http:\/\/www.rmeyersl.com\/Vitoirmen\/#website\"},\"datePublished\":\"2022-11-07T11:47:16+00:00\",\"dateModified\":\"2022-11-10T10:21:46+00:00\",\"breadcrumb\":{\"@id\":\"https:\/\/www.rmeyersl.com\/Vitoirmen\/vidrio\/vitolen-cintas-de-acristalamiento\/#breadcrumb\"},\"inLanguage\":\"es\",\"potentialAction\":[{\"@type\":\"ReadAction\",\"target\":[\"https:\/\/www.rmeyersl.com\/Vitoirmen\/vidrio\/vitolen-cintas-de-acristalamiento\/\"]}]},{\"@type\":\"BreadcrumbList\",\"@id\":\"https:\/\/www.rmeyersl.com\/Vitoirmen\/vidrio\/vitolen-cintas-de-acristalamiento\/#breadcrumb\",\"itemListElement\":[{\"@type\":\"ListItem\",\"position\":1,\"name\":\"Portada\",\"item\":\"http:\/\/www.rmeyersl.com\/Vitoirmen\/\"},{\"@type\":\"ListItem\",\"position\":2,\"name\":\"Vidrio\",\"item\":\"https:\/\/www.rmeyersl.com\/Vitoirmen\/vidrio\/\"},{\"@type\":\"ListItem\",\"position\":3,\"name\":\"VITOLEN\u00a0 &#8211; Cintas de acristalamiento\"}]},{\"@type\":\"WebSite\",\"@id\":\"http:\/\/www.rmeyersl.com\/Vitoirmen\/#website\",\"url\":\"http:\/\/www.rmeyersl.com\/Vitoirmen\/\",\"name\":\"Vito de R.Meyer\",\"description\":\"Encuentra productos VITO para los sectores de energ\u00edas renovables, construcci\u00f3n, industria, automoci\u00f3n, medicina y vidrio\",\"potentialAction\":[{\"@type\":\"SearchAction\",\"target\":{\"@type\":\"EntryPoint\",\"urlTemplate\":\"http:\/\/www.rmeyersl.com\/Vitoirmen\/?s={search_term_string}\"},\"query-input\":\"required name=search_term_string\"}],\"inLanguage\":\"es\"}]}<\/script>\n<!-- \/ Yoast SEO plugin. -->","yoast_head_json":{"title":"VITOLEN\u00a0 - Cintas de acristalamiento - Vito de R.Meyer","robots":{"index":"index","follow":"follow","max-snippet":"max-snippet:-1","max-image-preview":"max-image-preview:large","max-video-preview":"max-video-preview:-1"},"canonical":"https:\/\/www.rmeyersl.com\/Vitoirmen\/vidrio\/vitolen-cintas-de-acristalamiento\/","og_locale":"es_ES","og_type":"article","og_title":"VITOLEN\u00a0 - Cintas de acristalamiento - Vito de R.Meyer","og_url":"https:\/\/www.rmeyersl.com\/Vitoirmen\/vidrio\/vitolen-cintas-de-acristalamiento\/","og_site_name":"Vito de R.Meyer","article_modified_time":"2022-11-10T10:21:46+00:00","twitter_card":"summary_large_image","twitter_misc":{"Tiempo de lectura":"13 minutos"},"schema":{"@context":"https:\/\/schema.org","@graph":[{"@type":"WebPage","@id":"https:\/\/www.rmeyersl.com\/Vitoirmen\/vidrio\/vitolen-cintas-de-acristalamiento\/","url":"https:\/\/www.rmeyersl.com\/Vitoirmen\/vidrio\/vitolen-cintas-de-acristalamiento\/","name":"VITOLEN\u00a0 - Cintas de acristalamiento - Vito de R.Meyer","isPartOf":{"@id":"http:\/\/www.rmeyersl.com\/Vitoirmen\/#website"},"datePublished":"2022-11-07T11:47:16+00:00","dateModified":"2022-11-10T10:21:46+00:00","breadcrumb":{"@id":"https:\/\/www.rmeyersl.com\/Vitoirmen\/vidrio\/vitolen-cintas-de-acristalamiento\/#breadcrumb"},"inLanguage":"es","potentialAction":[{"@type":"ReadAction","target":["https:\/\/www.rmeyersl.com\/Vitoirmen\/vidrio\/vitolen-cintas-de-acristalamiento\/"]}]},{"@type":"BreadcrumbList","@id":"https:\/\/www.rmeyersl.com\/Vitoirmen\/vidrio\/vitolen-cintas-de-acristalamiento\/#breadcrumb","itemListElement":[{"@type":"ListItem","position":1,"name":"Portada","item":"http:\/\/www.rmeyersl.com\/Vitoirmen\/"},{"@type":"ListItem","position":2,"name":"Vidrio","item":"https:\/\/www.rmeyersl.com\/Vitoirmen\/vidrio\/"},{"@type":"ListItem","position":3,"name":"VITOLEN\u00a0 &#8211; Cintas de acristalamiento"}]},{"@type":"WebSite","@id":"http:\/\/www.rmeyersl.com\/Vitoirmen\/#website","url":"http:\/\/www.rmeyersl.com\/Vitoirmen\/","name":"Vito de R.Meyer","description":"Encuentra productos VITO para los sectores de energ\u00edas renovables, construcci\u00f3n, industria, automoci\u00f3n, medicina y vidrio","potentialAction":[{"@type":"SearchAction","target":{"@type":"EntryPoint","urlTemplate":"http:\/\/www.rmeyersl.com\/Vitoirmen\/?s={search_term_string}"},"query-input":"required name=search_term_string"}],"inLanguage":"es"}]}},"_links":{"self":[{"href":"https:\/\/www.rmeyersl.com\/Vitoirmen\/wp-json\/wp\/v2\/pages\/710","targetHints":{"allow":["GET"]}}],"collection":[{"href":"https:\/\/www.rmeyersl.com\/Vitoirmen\/wp-json\/wp\/v2\/pages"}],"about":[{"href":"https:\/\/www.rmeyersl.com\/Vitoirmen\/wp-json\/wp\/v2\/types\/page"}],"author":[{"embeddable":true,"href":"https:\/\/www.rmeyersl.com\/Vitoirmen\/wp-json\/wp\/v2\/users\/1"}],"replies":[{"embeddable":true,"href":"https:\/\/www.rmeyersl.com\/Vitoirmen\/wp-json\/wp\/v2\/comments?post=710"}],"version-history":[{"count":9,"href":"https:\/\/www.rmeyersl.com\/Vitoirmen\/wp-json\/wp\/v2\/pages\/710\/revisions"}],"predecessor-version":[{"id":1024,"href":"https:\/\/www.rmeyersl.com\/Vitoirmen\/wp-json\/wp\/v2\/pages\/710\/revisions\/1024"}],"up":[{"embeddable":true,"href":"https:\/\/www.rmeyersl.com\/Vitoirmen\/wp-json\/wp\/v2\/pages\/257"}],"wp:attachment":[{"href":"https:\/\/www.rmeyersl.com\/Vitoirmen\/wp-json\/wp\/v2\/media?parent=710"}],"curies":[{"name":"wp","href":"https:\/\/api.w.org\/{rel}","templated":true}]}}