{"id":704,"date":"2022-11-07T11:43:39","date_gmt":"2022-11-07T11:43:39","guid":{"rendered":"http:\/\/www.rmeyersl.com\/Vitoirmen\/?page_id=704"},"modified":"2022-11-23T11:48:22","modified_gmt":"2022-11-23T11:48:22","slug":"vito-glazingmount-400","status":"publish","type":"page","link":"https:\/\/www.rmeyersl.com\/Vitoirmen\/vidrio\/vito-glazingmount-400\/","title":{"rendered":"VITO-GLAZINGMOUNT 400"},"content":{"rendered":"<div id='av_section_1'  class='avia-section av-8v0c8-4e02e840e6247e601ba5732a84ae36ed main_color avia-section-default avia-no-border-styling  avia-builder-el-0  avia-builder-el-no-sibling  avia-bg-style-scroll container_wrap sidebar_right'  ><div class='container av-section-cont-open' ><main  role=\"main\" itemprop=\"mainContentOfPage\"  class='template-page content  av-content-small alpha units'><div class='post-entry post-entry-type-page post-entry-704'><div class='entry-content-wrapper clearfix'>\n<div class='flex_column av-m6lrs-27af58dc241cebde8a9d82945b73a677 av_three_fifth  avia-builder-el-1  el_before_av_two_fifth  avia-builder-el-first  first flex_column_div '     ><p>\n<style type=\"text\/css\" data-created_by=\"avia_inline_auto\" id=\"style-css-av-la6ptrjr-4d3213cc55e81727e4e9847ffe0f13b4\">\n#top .av-special-heading.av-la6ptrjr-4d3213cc55e81727e4e9847ffe0f13b4{\npadding-bottom:10px;\n}\nbody .av-special-heading.av-la6ptrjr-4d3213cc55e81727e4e9847ffe0f13b4 .av-special-heading-tag .heading-char{\nfont-size:25px;\n}\n.av-special-heading.av-la6ptrjr-4d3213cc55e81727e4e9847ffe0f13b4 .av-subheading{\nfont-size:15px;\n}\n<\/style>\n<div  class='av-special-heading av-la6ptrjr-4d3213cc55e81727e4e9847ffe0f13b4 av-special-heading-h1 blockquote modern-quote  avia-builder-el-2  el_before_av_textblock  avia-builder-el-first '><h1 class='av-special-heading-tag'  itemprop=\"headline\"  >VITO-GLAZINGMOUNT 400<\/h1><div class=\"special-heading-border\"><div class=\"special-heading-inner-border\"><\/div><\/div><\/div><br \/>\n<section  class='av_textblock_section av-la6snikc-7013ba9517771a4dd2c1c10050708caa'  itemscope=\"itemscope\" itemtype=\"https:\/\/schema.org\/CreativeWork\" ><div class='avia_textblock'  itemprop=\"text\" ><p>Espuma de poliuretano autoadhesiva utilizada como cinta espaciadora para el montaje de fachada para acristalamiento estructural.<\/p>\n<p>Tambi\u00e9n se aplica en la construcci\u00f3n de fachadas, vest\u00edbulos, invernaderos, el acondicionamiento de ventanas y como espaciador y amortiguador de vibraciones sistema para una gran variedad de aplicaciones.<\/p>\n<\/div><\/section><br \/>\n\n<style type=\"text\/css\" data-created_by=\"avia_inline_auto\" id=\"style-css-av-la6srh2h-b4f3a2b6237aee8d4f29c270e71f4729\">\n.avia-image-container.av-la6srh2h-b4f3a2b6237aee8d4f29c270e71f4729 img.avia_image{\nbox-shadow:none;\n}\n.avia-image-container.av-la6srh2h-b4f3a2b6237aee8d4f29c270e71f4729 .av-image-caption-overlay-center{\ncolor:#ffffff;\n}\n<\/style>\n<div  class='avia-image-container av-la6srh2h-b4f3a2b6237aee8d4f29c270e71f4729 av-styling- avia-align-left  avia-builder-el-4  el_after_av_textblock  el_before_av_textblock '   itemprop=\"image\" itemscope=\"itemscope\" itemtype=\"https:\/\/schema.org\/ImageObject\" ><div class=\"avia-image-container-inner\"><div class=\"avia-image-overlay-wrap\"><img decoding=\"async\" class='wp-image-735 avia-img-lazy-loading-not-735 avia_image ' src=\"https:\/\/www.rmeyersl.com\/Vitoirmen\/wp-content\/uploads\/2022\/11\/Aplicacion-Glazingmount400-1024x255-1-495x254.jpg\" alt='' title='Aplicacio\u0301n Glazingmount400-1024x255'  height=\"254\" width=\"495\"  itemprop=\"thumbnailUrl\"  \/><\/div><\/div><\/div><br \/>\n<section  class='av_textblock_section av-la6pubb7-8e3ab1281426a41b9b6e94ff9299eaab'  itemscope=\"itemscope\" itemtype=\"https:\/\/schema.org\/CreativeWork\" ><div class='avia_textblock'  itemprop=\"text\" ><table style=\"width: 355px; height: 291px;\">\n<tbody>\n<tr>\n<td style=\"text-align: center;\"><strong>ANCHO<\/strong><\/p>\n<p><strong>MM<\/strong><\/td>\n<td style=\"text-align: center;\"><strong>ESPESOR<\/strong><\/p>\n<p><strong>MM<\/strong><\/td>\n<\/tr>\n<tr>\n<td style=\"text-align: center;\">6<\/td>\n<td style=\"text-align: center;\"><\/td>\n<\/tr>\n<tr>\n<td style=\"text-align: center;\">9<\/td>\n<td style=\"text-align: center;\">3,2<\/td>\n<\/tr>\n<tr>\n<td style=\"text-align: center;\">12<\/td>\n<td style=\"text-align: center;\">4,8<\/td>\n<\/tr>\n<tr>\n<td style=\"text-align: center;\">15<\/td>\n<td style=\"text-align: center;\">6,4<\/td>\n<\/tr>\n<tr>\n<td style=\"text-align: center;\">19<\/td>\n<td style=\"text-align: center;\">8<\/td>\n<\/tr>\n<tr>\n<td style=\"text-align: center;\">25<\/td>\n<td><\/td>\n<\/tr>\n<\/tbody>\n<\/table>\n<\/div><\/section><\/p><\/div><div class='flex_column av-1s3n4-df1521f942c48ecb6daaccd609c02ea2 av_two_fifth  avia-builder-el-6  el_after_av_three_fifth  el_before_av_button  flex_column_div '     ><style type=\"text\/css\" data-created_by=\"avia_inline_auto\" id=\"style-css-av-la6sit4r-029964c49e0ab420cc973f2623ff01ac\">\n.avia-image-container.av-la6sit4r-029964c49e0ab420cc973f2623ff01ac img.avia_image{\nbox-shadow:none;\n}\n.avia-image-container.av-la6sit4r-029964c49e0ab420cc973f2623ff01ac .av-image-caption-overlay-center{\ncolor:#ffffff;\n}\n<\/style>\n<div  class='avia-image-container av-la6sit4r-029964c49e0ab420cc973f2623ff01ac av-styling- avia-align-center  avia-builder-el-7  avia-builder-el-no-sibling '   itemprop=\"image\" itemscope=\"itemscope\" itemtype=\"https:\/\/schema.org\/ImageObject\" ><div class=\"avia-image-container-inner\"><div class=\"avia-image-overlay-wrap\"><img decoding=\"async\" class='wp-image-724 avia-img-lazy-loading-not-724 avia_image ' src=\"https:\/\/www.rmeyersl.com\/Vitoirmen\/wp-content\/uploads\/2022\/11\/Vito_glazingmount400-300-1-300x300.jpg\" alt='' title='Vito_glazingmount400-300'  height=\"300\" width=\"300\"  itemprop=\"thumbnailUrl\" srcset=\"https:\/\/www.rmeyersl.com\/Vitoirmen\/wp-content\/uploads\/2022\/11\/Vito_glazingmount400-300-1.jpg 300w, https:\/\/www.rmeyersl.com\/Vitoirmen\/wp-content\/uploads\/2022\/11\/Vito_glazingmount400-300-1-80x80.jpg 80w, https:\/\/www.rmeyersl.com\/Vitoirmen\/wp-content\/uploads\/2022\/11\/Vito_glazingmount400-300-1-36x36.jpg 36w, https:\/\/www.rmeyersl.com\/Vitoirmen\/wp-content\/uploads\/2022\/11\/Vito_glazingmount400-300-1-180x180.jpg 180w\" sizes=\"(max-width: 300px) 100vw, 300px\" \/><\/div><\/div><\/div><\/div><div  class='avia-button-wrap av-latl0ayg-3945d26a6938d5904b779b7ba7e9da1e-wrap avia-button-center  avia-builder-el-8  el_after_av_two_fifth  avia-builder-el-last '><a href='https:\/\/www.vito-irmen.de\/produkte\/glas-fenster-fassade\/932-2\/?lang=en'  class='avia-button av-latl0ayg-3945d26a6938d5904b779b7ba7e9da1e avia-icon_select-no avia-size-small avia-position-center avia-color-theme-color'  ><span class='avia_iconbox_title' >M\u00e1s Informaci\u00f3n<\/span><\/a><\/div>\n<\/div><\/div><\/main><!-- close content main element --><\/div><\/div><div id='after_section_1'  class='main_color av_default_container_wrap container_wrap sidebar_right'  ><div class='container av-section-cont-open' ><div class='template-page content  av-content-small alpha units'><div class='post-entry post-entry-type-page post-entry-704'><div class='entry-content-wrapper clearfix'>\n","protected":false},"excerpt":{"rendered":"","protected":false},"author":1,"featured_media":0,"parent":257,"menu_order":0,"comment_status":"closed","ping_status":"closed","template":"","meta":{"footnotes":""},"class_list":["post-704","page","type-page","status-publish","hentry"],"yoast_head":"<!-- This site is optimized with the Yoast SEO plugin v19.10 - https:\/\/yoast.com\/wordpress\/plugins\/seo\/ -->\n<title>VITO-GLAZINGMOUNT 400 - Vito de R.Meyer<\/title>\n<meta name=\"robots\" content=\"index, follow, max-snippet:-1, max-image-preview:large, max-video-preview:-1\" \/>\n<link rel=\"canonical\" href=\"https:\/\/www.rmeyersl.com\/Vitoirmen\/vidrio\/vito-glazingmount-400\/\" \/>\n<meta property=\"og:locale\" content=\"es_ES\" \/>\n<meta property=\"og:type\" content=\"article\" \/>\n<meta property=\"og:title\" content=\"VITO-GLAZINGMOUNT 400 - Vito de R.Meyer\" \/>\n<meta property=\"og:url\" content=\"https:\/\/www.rmeyersl.com\/Vitoirmen\/vidrio\/vito-glazingmount-400\/\" \/>\n<meta property=\"og:site_name\" content=\"Vito de R.Meyer\" \/>\n<meta property=\"article:modified_time\" content=\"2022-11-23T11:48:22+00:00\" \/>\n<meta name=\"twitter:card\" content=\"summary_large_image\" \/>\n<meta name=\"twitter:label1\" content=\"Tiempo de lectura\" \/>\n\t<meta name=\"twitter:data1\" content=\"13 minutos\" \/>\n<script type=\"application\/ld+json\" class=\"yoast-schema-graph\">{\"@context\":\"https:\/\/schema.org\",\"@graph\":[{\"@type\":\"WebPage\",\"@id\":\"https:\/\/www.rmeyersl.com\/Vitoirmen\/vidrio\/vito-glazingmount-400\/\",\"url\":\"https:\/\/www.rmeyersl.com\/Vitoirmen\/vidrio\/vito-glazingmount-400\/\",\"name\":\"VITO-GLAZINGMOUNT 400 - Vito de R.Meyer\",\"isPartOf\":{\"@id\":\"http:\/\/www.rmeyersl.com\/Vitoirmen\/#website\"},\"datePublished\":\"2022-11-07T11:43:39+00:00\",\"dateModified\":\"2022-11-23T11:48:22+00:00\",\"breadcrumb\":{\"@id\":\"https:\/\/www.rmeyersl.com\/Vitoirmen\/vidrio\/vito-glazingmount-400\/#breadcrumb\"},\"inLanguage\":\"es\",\"potentialAction\":[{\"@type\":\"ReadAction\",\"target\":[\"https:\/\/www.rmeyersl.com\/Vitoirmen\/vidrio\/vito-glazingmount-400\/\"]}]},{\"@type\":\"BreadcrumbList\",\"@id\":\"https:\/\/www.rmeyersl.com\/Vitoirmen\/vidrio\/vito-glazingmount-400\/#breadcrumb\",\"itemListElement\":[{\"@type\":\"ListItem\",\"position\":1,\"name\":\"Portada\",\"item\":\"http:\/\/www.rmeyersl.com\/Vitoirmen\/\"},{\"@type\":\"ListItem\",\"position\":2,\"name\":\"Vidrio\",\"item\":\"https:\/\/www.rmeyersl.com\/Vitoirmen\/vidrio\/\"},{\"@type\":\"ListItem\",\"position\":3,\"name\":\"VITO-GLAZINGMOUNT 400\"}]},{\"@type\":\"WebSite\",\"@id\":\"http:\/\/www.rmeyersl.com\/Vitoirmen\/#website\",\"url\":\"http:\/\/www.rmeyersl.com\/Vitoirmen\/\",\"name\":\"Vito de R.Meyer\",\"description\":\"Encuentra productos VITO para los sectores de energ\u00edas renovables, construcci\u00f3n, industria, automoci\u00f3n, medicina y vidrio\",\"potentialAction\":[{\"@type\":\"SearchAction\",\"target\":{\"@type\":\"EntryPoint\",\"urlTemplate\":\"http:\/\/www.rmeyersl.com\/Vitoirmen\/?s={search_term_string}\"},\"query-input\":\"required name=search_term_string\"}],\"inLanguage\":\"es\"}]}<\/script>\n<!-- \/ Yoast SEO plugin. -->","yoast_head_json":{"title":"VITO-GLAZINGMOUNT 400 - Vito de R.Meyer","robots":{"index":"index","follow":"follow","max-snippet":"max-snippet:-1","max-image-preview":"max-image-preview:large","max-video-preview":"max-video-preview:-1"},"canonical":"https:\/\/www.rmeyersl.com\/Vitoirmen\/vidrio\/vito-glazingmount-400\/","og_locale":"es_ES","og_type":"article","og_title":"VITO-GLAZINGMOUNT 400 - Vito de R.Meyer","og_url":"https:\/\/www.rmeyersl.com\/Vitoirmen\/vidrio\/vito-glazingmount-400\/","og_site_name":"Vito de R.Meyer","article_modified_time":"2022-11-23T11:48:22+00:00","twitter_card":"summary_large_image","twitter_misc":{"Tiempo de lectura":"13 minutos"},"schema":{"@context":"https:\/\/schema.org","@graph":[{"@type":"WebPage","@id":"https:\/\/www.rmeyersl.com\/Vitoirmen\/vidrio\/vito-glazingmount-400\/","url":"https:\/\/www.rmeyersl.com\/Vitoirmen\/vidrio\/vito-glazingmount-400\/","name":"VITO-GLAZINGMOUNT 400 - Vito de R.Meyer","isPartOf":{"@id":"http:\/\/www.rmeyersl.com\/Vitoirmen\/#website"},"datePublished":"2022-11-07T11:43:39+00:00","dateModified":"2022-11-23T11:48:22+00:00","breadcrumb":{"@id":"https:\/\/www.rmeyersl.com\/Vitoirmen\/vidrio\/vito-glazingmount-400\/#breadcrumb"},"inLanguage":"es","potentialAction":[{"@type":"ReadAction","target":["https:\/\/www.rmeyersl.com\/Vitoirmen\/vidrio\/vito-glazingmount-400\/"]}]},{"@type":"BreadcrumbList","@id":"https:\/\/www.rmeyersl.com\/Vitoirmen\/vidrio\/vito-glazingmount-400\/#breadcrumb","itemListElement":[{"@type":"ListItem","position":1,"name":"Portada","item":"http:\/\/www.rmeyersl.com\/Vitoirmen\/"},{"@type":"ListItem","position":2,"name":"Vidrio","item":"https:\/\/www.rmeyersl.com\/Vitoirmen\/vidrio\/"},{"@type":"ListItem","position":3,"name":"VITO-GLAZINGMOUNT 400"}]},{"@type":"WebSite","@id":"http:\/\/www.rmeyersl.com\/Vitoirmen\/#website","url":"http:\/\/www.rmeyersl.com\/Vitoirmen\/","name":"Vito de R.Meyer","description":"Encuentra productos VITO para los sectores de energ\u00edas renovables, construcci\u00f3n, industria, automoci\u00f3n, medicina y vidrio","potentialAction":[{"@type":"SearchAction","target":{"@type":"EntryPoint","urlTemplate":"http:\/\/www.rmeyersl.com\/Vitoirmen\/?s={search_term_string}"},"query-input":"required name=search_term_string"}],"inLanguage":"es"}]}},"_links":{"self":[{"href":"https:\/\/www.rmeyersl.com\/Vitoirmen\/wp-json\/wp\/v2\/pages\/704","targetHints":{"allow":["GET"]}}],"collection":[{"href":"https:\/\/www.rmeyersl.com\/Vitoirmen\/wp-json\/wp\/v2\/pages"}],"about":[{"href":"https:\/\/www.rmeyersl.com\/Vitoirmen\/wp-json\/wp\/v2\/types\/page"}],"author":[{"embeddable":true,"href":"https:\/\/www.rmeyersl.com\/Vitoirmen\/wp-json\/wp\/v2\/users\/1"}],"replies":[{"embeddable":true,"href":"https:\/\/www.rmeyersl.com\/Vitoirmen\/wp-json\/wp\/v2\/comments?post=704"}],"version-history":[{"count":17,"href":"https:\/\/www.rmeyersl.com\/Vitoirmen\/wp-json\/wp\/v2\/pages\/704\/revisions"}],"predecessor-version":[{"id":1213,"href":"https:\/\/www.rmeyersl.com\/Vitoirmen\/wp-json\/wp\/v2\/pages\/704\/revisions\/1213"}],"up":[{"embeddable":true,"href":"https:\/\/www.rmeyersl.com\/Vitoirmen\/wp-json\/wp\/v2\/pages\/257"}],"wp:attachment":[{"href":"https:\/\/www.rmeyersl.com\/Vitoirmen\/wp-json\/wp\/v2\/media?parent=704"}],"curies":[{"name":"wp","href":"https:\/\/api.w.org\/{rel}","templated":true}]}}