{"id":673,"date":"2022-11-05T15:45:15","date_gmt":"2022-11-05T15:45:15","guid":{"rendered":"http:\/\/www.rmeyersl.com\/Vitoirmen\/?page_id=673"},"modified":"2022-11-25T11:32:09","modified_gmt":"2022-11-25T11:32:09","slug":"vitominium-cinta-autoadhesiva-de-aluminio","status":"publish","type":"page","link":"https:\/\/www.rmeyersl.com\/Vitoirmen\/vitominium-cinta-autoadhesiva-de-aluminio\/","title":{"rendered":"VITOMINIUM y VITOCOBRE Cinta autoadhesiva de aluminio"},"content":{"rendered":"<div id='av_section_1'  class='avia-section av-n4ma9-c47cc8e4752e07831650219ac83299b4 main_color avia-section-default avia-no-border-styling  avia-builder-el-0  el_before_av_section  avia-builder-el-first  avia-bg-style-scroll container_wrap sidebar_right'  ><div class='container av-section-cont-open' ><main  role=\"main\" itemprop=\"mainContentOfPage\"  class='template-page content  av-content-small alpha units'><div class='post-entry post-entry-type-page post-entry-673'><div class='entry-content-wrapper clearfix'>\n\n<style type=\"text\/css\" data-created_by=\"avia_inline_auto\" id=\"style-css-av-la43kmo6-4764c9315e32e0ca46d3dfa7504be171\">\n#top .av-special-heading.av-la43kmo6-4764c9315e32e0ca46d3dfa7504be171{\npadding-bottom:20px;\n}\nbody .av-special-heading.av-la43kmo6-4764c9315e32e0ca46d3dfa7504be171 .av-special-heading-tag .heading-char{\nfont-size:25px;\n}\n.av-special-heading.av-la43kmo6-4764c9315e32e0ca46d3dfa7504be171 .av-subheading{\nfont-size:15px;\n}\n<\/style>\n<div  class='av-special-heading av-la43kmo6-4764c9315e32e0ca46d3dfa7504be171 av-special-heading-h1 blockquote modern-quote modern-centered  avia-builder-el-1  el_before_av_three_fifth  avia-builder-el-first '><h1 class='av-special-heading-tag'  itemprop=\"headline\"  >VITOMINIUM Cinta autoadhesiva de aluminio<\/h1><div class=\"special-heading-border\"><div class=\"special-heading-inner-border\"><\/div><\/div><\/div>\n<div class='flex_column av-11qczd-fc510d795523adfc9ec34cea8bd234ab av_three_fifth  avia-builder-el-2  el_after_av_heading  el_before_av_two_fifth  first flex_column_div '     ><p>\n<style type=\"text\/css\" data-created_by=\"avia_inline_auto\" id=\"style-css-av-la43nk7x-c5c68ad2a460cb8eedbb3548737ce9a9\">\n#top .av-special-heading.av-la43nk7x-c5c68ad2a460cb8eedbb3548737ce9a9{\npadding-bottom:10px;\n}\nbody .av-special-heading.av-la43nk7x-c5c68ad2a460cb8eedbb3548737ce9a9 .av-special-heading-tag .heading-char{\nfont-size:25px;\n}\n.av-special-heading.av-la43nk7x-c5c68ad2a460cb8eedbb3548737ce9a9 .av-subheading{\nfont-size:15px;\n}\n<\/style>\n<div  class='av-special-heading av-la43nk7x-c5c68ad2a460cb8eedbb3548737ce9a9 av-special-heading-h2 blockquote modern-quote  avia-builder-el-3  el_before_av_textblock  avia-builder-el-first '><h2 class='av-special-heading-tag'  itemprop=\"headline\"  >VITOMINIUM 600 SV<\/h2><div class=\"special-heading-border\"><div class=\"special-heading-inner-border\"><\/div><\/div><\/div><br \/>\n<section  class='av_textblock_section av-la43qcvt-6b631894831f84477b4a0e7dfec72552'  itemscope=\"itemscope\" itemtype=\"https:\/\/schema.org\/CreativeWork\" ><div class='avia_textblock'  itemprop=\"text\" ><p>Las cintas adhesivas VITOMINIUM son autoadhesivas de una cara, l\u00e1minas de aluminio puro conductoras de electricidad para aplicaciones de interior y exterior.<\/p>\n<p><strong>Aplicaciones:<\/strong><\/p>\n<ul>\n<li>Aire acondicionado, refrigeraci\u00f3n, construcci\u00f3n del sistema de ventilaci\u00f3n: aislamiento de tuber\u00edas y carcasas, sellado de conductos, barreras de vapor y humedad<\/li>\n<li>Encendiendo revestimiento de reflectores de luz y calor<\/li>\n<li>Aislamiento de edificios, construcci\u00f3n prefabricada y elementos de construcci\u00f3n: Sellado de elementos de cubierta plana, recubrimiento de juntas en sistemas de aislamiento laminados de aluminio, barreras de vapor y humedad, uni\u00f3n de bordes de paneles laminados, sellado de juntas de doble pared paneles de policarbonato<\/li>\n<li>Fabricaci\u00f3n de contenedores : Revestimiento impermeable al agua de mar y enmascaramiento de especiales envases y contenedores<\/li>\n<\/ul>\n<p><strong>Beneficios:\u00a0<\/strong><\/p>\n<ul>\n<li>buena fuerza adhesiva a diferentes superficies<\/li>\n<li>alta fuerza adhesiva inicial<\/li>\n<li>herm\u00e9tico al vapor de agua<\/li>\n<li>electroconductor<\/li>\n<li>alta estabilidad mec\u00e1nica<\/li>\n<li>retardante de llama<\/li>\n<li>resistente a la radiaci\u00f3n ultravioleta<\/li>\n<\/ul>\n<p><strong>Espesor:<\/strong> 50 \u03bcm \/ 100 \u03bcm<\/p>\n<p><strong>Anchos:<\/strong> 6 \u2013 1.000 mm (ancho \u00fatil m\u00e1x. 960 mm)<\/p>\n<\/div><\/section><\/p><\/div><div class='flex_column av-wakdd-2deef005c92c7e904426feb63b014eb3 av_two_fifth  avia-builder-el-5  el_after_av_three_fifth  el_before_av_button  flex_column_div '     ><style type=\"text\/css\" data-created_by=\"avia_inline_auto\" id=\"style-css-av-la6x9wt9-5019056f09f763edfa1af722bf903ec5\">\n.avia-image-container.av-la6x9wt9-5019056f09f763edfa1af722bf903ec5 img.avia_image{\nbox-shadow:none;\n}\n.avia-image-container.av-la6x9wt9-5019056f09f763edfa1af722bf903ec5 .av-image-caption-overlay-center{\ncolor:#ffffff;\n}\n<\/style>\n<div  class='avia-image-container av-la6x9wt9-5019056f09f763edfa1af722bf903ec5 av-styling- avia-align-center  avia-builder-el-6  avia-builder-el-no-sibling '   itemprop=\"image\" itemscope=\"itemscope\" itemtype=\"https:\/\/schema.org\/ImageObject\" ><div class=\"avia-image-container-inner\"><div class=\"avia-image-overlay-wrap\"><img decoding=\"async\" class='wp-image-823 avia-img-lazy-loading-not-823 avia_image ' src=\"https:\/\/www.rmeyersl.com\/Vitoirmen\/wp-content\/uploads\/2022\/11\/Vito_kachelbild_600sv-1-300-300x300.png\" alt='' title='Vito_kachelbild_600sv-1-300'  height=\"300\" width=\"300\"  itemprop=\"thumbnailUrl\" srcset=\"https:\/\/www.rmeyersl.com\/Vitoirmen\/wp-content\/uploads\/2022\/11\/Vito_kachelbild_600sv-1-300.png 300w, https:\/\/www.rmeyersl.com\/Vitoirmen\/wp-content\/uploads\/2022\/11\/Vito_kachelbild_600sv-1-300-80x80.png 80w, https:\/\/www.rmeyersl.com\/Vitoirmen\/wp-content\/uploads\/2022\/11\/Vito_kachelbild_600sv-1-300-36x36.png 36w, https:\/\/www.rmeyersl.com\/Vitoirmen\/wp-content\/uploads\/2022\/11\/Vito_kachelbild_600sv-1-300-180x180.png 180w\" sizes=\"(max-width: 300px) 100vw, 300px\" \/><\/div><\/div><\/div><\/div><div  class='avia-button-wrap av-la43r5a5-268b2f5b0d7d2372813fb39ff449cb64-wrap avia-button-center  avia-builder-el-7  el_after_av_two_fifth  avia-builder-el-last '><a href='https:\/\/www.vito-irmen.de\/produkte\/industrie\/vito-metallklebebaender\/vitominium-600- sv\/?lang=en' class='avia-button av-la43r5a5-268b2f5b0d7d2372813fb39ff449cb64 avia-icon_select-no avia-size-large avia-position-center avia-color-theme-color' target=\"_blank\" rel=\"noopener noreferrer\"><span class='avia_iconbox_title' >M\u00e1s informaci\u00f3n<\/span><\/a><\/div>\n<\/div><\/div><\/main><!-- close content main element --><\/div><\/div>\n<style type=\"text\/css\" data-created_by=\"avia_inline_auto\" id=\"style-css-av-g8trd-b013aa6b4af06ad6898676e4ad5c6c99\">\n.avia-section.av-g8trd-b013aa6b4af06ad6898676e4ad5c6c99{\nbackground-color:#eceeef;\nbackground-image:unset;\n}\n<\/style>\n<div id='av_section_2'  class='avia-section av-g8trd-b013aa6b4af06ad6898676e4ad5c6c99 main_color avia-section-default avia-no-border-styling  avia-builder-el-8  el_after_av_section  el_before_av_section  avia-bg-style-scroll container_wrap sidebar_right'  ><div class='container av-section-cont-open' ><div class='template-page content  av-content-small alpha units'><div class='post-entry post-entry-type-page post-entry-673'><div class='entry-content-wrapper clearfix'>\n<div class='flex_column av-ppwb5-a4a37359b0a87e43f83f1ddef6bb0c7d av_three_fifth  avia-builder-el-9  el_before_av_two_fifth  avia-builder-el-first  first flex_column_div '     ><p>\n<style type=\"text\/css\" data-created_by=\"avia_inline_auto\" id=\"style-css-av-la43tj28-b4a98b6ce512ce8f182622fc9a7dafca\">\n#top .av-special-heading.av-la43tj28-b4a98b6ce512ce8f182622fc9a7dafca{\npadding-bottom:10px;\n}\nbody .av-special-heading.av-la43tj28-b4a98b6ce512ce8f182622fc9a7dafca .av-special-heading-tag .heading-char{\nfont-size:25px;\n}\n.av-special-heading.av-la43tj28-b4a98b6ce512ce8f182622fc9a7dafca .av-subheading{\nfont-size:15px;\n}\n<\/style>\n<div  class='av-special-heading av-la43tj28-b4a98b6ce512ce8f182622fc9a7dafca av-special-heading-h2 blockquote modern-quote  avia-builder-el-10  el_before_av_textblock  avia-builder-el-first '><h2 class='av-special-heading-tag'  itemprop=\"headline\"  >VITOMINIUM PET 230<\/h2><div class=\"special-heading-border\"><div class=\"special-heading-inner-border\"><\/div><\/div><\/div><br \/>\n<section  class='av_textblock_section av-la43wd4n-1dc41843394d5102e3873833397bbf39'  itemscope=\"itemscope\" itemtype=\"https:\/\/schema.org\/CreativeWork\" ><div class='avia_textblock'  itemprop=\"text\" ><p>El producto es una l\u00e1mina de aluminio autoadhesiva de una sola capa, laminada con una pel\u00edcula de PET. Para protecci\u00f3n de bordes autoadhesiva de alta calidad para vidrio de aislamiento y protecci\u00f3n contra incendios. Es una cinta de sellado con una combinaci\u00f3n de aluminio y poli\u00e9ster. Se utiliza para el sellado y protecci\u00f3n de componentes sensibles y superficies, como barrera de difusi\u00f3n contra humedad y calor, para tapar conexiones y mas juntas en la fabricaci\u00f3n de m\u00f3dulos solares, as\u00ed como en la calefacci\u00f3n y sistemas de ventilaci\u00f3n.<\/p>\n<p><img loading=\"lazy\" decoding=\"async\" class=\"alignnone size-medium wp-image-1365\" src=\"http:\/\/www.rmeyersl.com\/Vitoirmen\/wp-content\/uploads\/2022\/11\/Vitominium-fuego-300x76.jpg\" alt=\"\" width=\"300\" height=\"76\" srcset=\"https:\/\/www.rmeyersl.com\/Vitoirmen\/wp-content\/uploads\/2022\/11\/Vitominium-fuego-300x76.jpg 300w, https:\/\/www.rmeyersl.com\/Vitoirmen\/wp-content\/uploads\/2022\/11\/Vitominium-fuego.jpg 331w\" sizes=\"auto, (max-width: 300px) 100vw, 300px\" \/><\/p>\n<p><img loading=\"lazy\" decoding=\"async\" class=\"alignnone size-medium wp-image-1364\" src=\"http:\/\/www.rmeyersl.com\/Vitoirmen\/wp-content\/uploads\/2022\/11\/Vitominium-fuego-2-300x74.jpg\" alt=\"\" width=\"300\" height=\"74\" srcset=\"https:\/\/www.rmeyersl.com\/Vitoirmen\/wp-content\/uploads\/2022\/11\/Vitominium-fuego-2-300x74.jpg 300w, https:\/\/www.rmeyersl.com\/Vitoirmen\/wp-content\/uploads\/2022\/11\/Vitominium-fuego-2.jpg 331w\" sizes=\"auto, (max-width: 300px) 100vw, 300px\" \/><\/p>\n<p>Debido a su adhesivo de acrilato flexible y de alta calidad, se puede aplicar f\u00e1cilmente incluso en superficies rugosas.<\/p>\n<ul>\n<li>alta adherencia sobre vidrio, metal y PVC<\/li>\n<li>Alta adherencia inicial<\/li>\n<li>Estanco al vapor<\/li>\n<li>Excelente estabilidad mec\u00e1nica<\/li>\n<li>resistente a los rayos ultravioleta<\/li>\n<\/ul>\n<\/div><\/section><\/p><\/div><div class='flex_column av-27ylt-054db2208107b649b2916c87d1fac429 av_two_fifth  avia-builder-el-12  el_after_av_three_fifth  el_before_av_button  flex_column_div '     ><style type=\"text\/css\" data-created_by=\"avia_inline_auto\" id=\"style-css-av-la6xgd5c-e43c63e465f1d9ddd7ef17ea56dc6030\">\n.avia-image-container.av-la6xgd5c-e43c63e465f1d9ddd7ef17ea56dc6030 img.avia_image{\nbox-shadow:none;\n}\n.avia-image-container.av-la6xgd5c-e43c63e465f1d9ddd7ef17ea56dc6030 .av-image-caption-overlay-center{\ncolor:#ffffff;\n}\n<\/style>\n<div  class='avia-image-container av-la6xgd5c-e43c63e465f1d9ddd7ef17ea56dc6030 av-styling- avia-align-center  avia-builder-el-13  avia-builder-el-no-sibling '   itemprop=\"image\" itemscope=\"itemscope\" itemtype=\"https:\/\/schema.org\/ImageObject\" ><div class=\"avia-image-container-inner\"><div class=\"avia-image-overlay-wrap\"><img decoding=\"async\" class='wp-image-828 avia-img-lazy-loading-not-828 avia_image ' src=\"https:\/\/www.rmeyersl.com\/Vitoirmen\/wp-content\/uploads\/2022\/11\/Vito_kachelbild_pet230-1-300-300x300.png\" alt='' title='Vito_kachelbild_pet230-1-300'  height=\"300\" width=\"300\"  itemprop=\"thumbnailUrl\" srcset=\"https:\/\/www.rmeyersl.com\/Vitoirmen\/wp-content\/uploads\/2022\/11\/Vito_kachelbild_pet230-1-300.png 300w, https:\/\/www.rmeyersl.com\/Vitoirmen\/wp-content\/uploads\/2022\/11\/Vito_kachelbild_pet230-1-300-80x80.png 80w, https:\/\/www.rmeyersl.com\/Vitoirmen\/wp-content\/uploads\/2022\/11\/Vito_kachelbild_pet230-1-300-36x36.png 36w, https:\/\/www.rmeyersl.com\/Vitoirmen\/wp-content\/uploads\/2022\/11\/Vito_kachelbild_pet230-1-300-180x180.png 180w\" sizes=\"(max-width: 300px) 100vw, 300px\" \/><\/div><\/div><\/div><\/div><div  class='avia-button-wrap av-la43xkr5-3804a0a7e05ddb054673e6d5d91f7679-wrap avia-button-center  avia-builder-el-14  el_after_av_two_fifth  avia-builder-el-last '><a href='https:\/\/www.vito-irmen.de\/produkte\/industrie\/vito-metallklebebaender\/vitominium-pet- 230-2\/?lang=en' class='avia-button av-la43xkr5-3804a0a7e05ddb054673e6d5d91f7679 avia-icon_select-no avia-size-large avia-position-center avia-color-theme-color' target=\"_blank\" rel=\"noopener noreferrer\"><span class='avia_iconbox_title' >M\u00e1s informaci\u00f3n<\/span><\/a><\/div>\n<\/div><\/div><\/div><!-- close content main div --><\/div><\/div><div id='av_section_3'  class='avia-section av-958dd-c037158b13624a567bb60ba57aecf0ea main_color avia-section-default avia-no-border-styling  avia-builder-el-15  el_after_av_section  avia-builder-el-last  avia-bg-style-scroll container_wrap sidebar_right'  ><div class='container av-section-cont-open' ><div class='template-page content  av-content-small alpha units'><div class='post-entry post-entry-type-page post-entry-673'><div class='entry-content-wrapper clearfix'>\n\n<style type=\"text\/css\" data-created_by=\"avia_inline_auto\" id=\"style-css-av-la43zhco-92051a7a4be20846602b8abadf685ebb\">\n#top .av-special-heading.av-la43zhco-92051a7a4be20846602b8abadf685ebb{\npadding-bottom:30px;\n}\nbody .av-special-heading.av-la43zhco-92051a7a4be20846602b8abadf685ebb .av-special-heading-tag .heading-char{\nfont-size:25px;\n}\n.av-special-heading.av-la43zhco-92051a7a4be20846602b8abadf685ebb .av-subheading{\nfont-size:15px;\n}\n<\/style>\n<div  class='av-special-heading av-la43zhco-92051a7a4be20846602b8abadf685ebb av-special-heading-h2 blockquote modern-quote modern-centered  avia-builder-el-16  el_before_av_three_fifth  avia-builder-el-first '><h2 class='av-special-heading-tag'  itemprop=\"headline\"  >VITOCOBRE Cinta autoadhesiva de cobre<\/h2><div class=\"special-heading-border\"><div class=\"special-heading-inner-border\"><\/div><\/div><\/div>\n<div class='flex_column av-hol6p-13b8da859c423ec09d7b6fac2e514b8c av_three_fifth  avia-builder-el-17  el_after_av_heading  el_before_av_two_fifth  first flex_column_div '     ><p>\n<style type=\"text\/css\" data-created_by=\"avia_inline_auto\" id=\"style-css-av-la4409cv-19363730619d820778794e395a22ff85\">\n#top .av-special-heading.av-la4409cv-19363730619d820778794e395a22ff85{\npadding-bottom:10px;\n}\nbody .av-special-heading.av-la4409cv-19363730619d820778794e395a22ff85 .av-special-heading-tag .heading-char{\nfont-size:25px;\n}\n.av-special-heading.av-la4409cv-19363730619d820778794e395a22ff85 .av-subheading{\nfont-size:15px;\n}\n<\/style>\n<div  class='av-special-heading av-la4409cv-19363730619d820778794e395a22ff85 av-special-heading-h2 blockquote modern-quote  avia-builder-el-18  el_before_av_textblock  avia-builder-el-first '><h2 class='av-special-heading-tag'  itemprop=\"headline\"  >VITOCOBRE 620<\/h2><div class=\"special-heading-border\"><div class=\"special-heading-inner-border\"><\/div><\/div><\/div><br \/>\n<section  class='av_textblock_section av-la44261x-b993c5d93f522f80a799429889b6a44c'  itemscope=\"itemscope\" itemtype=\"https:\/\/schema.org\/CreativeWork\" ><div class='avia_textblock'  itemprop=\"text\" ><p>Aplicaciones en ingenier\u00eda el\u00e9ctrica para producci\u00f3n conforme a EMC*, en particular 0 interruptores y dispositivos de alarma. El producto tambi\u00e9n se utiliza como dispositivo de detecci\u00f3n en tecnolog\u00eda de alta frecuencia y derivar carga est\u00e1tica.<br \/>\nPel\u00edcula de cobre adhesiva de una cara para aplicaciones en interior y al aire libre<\/p>\n<p>Espesor: 35 \u03bcm \/ 100 \u03bcm<br \/>\nAncho: 6 \u2013 1.000 mm (ancho \u00fatil m\u00e1x. 960 mm)<\/p>\n<ul>\n<li>buena fuerza adhesiva en muchas superficies<\/li>\n<li>alta adherencia inicial (tack)<\/li>\n<li>muy buena capacidad de soldadura<\/li>\n<li>electroconductor<\/li>\n<li>conductor de calor<\/li>\n<\/ul>\n<\/div><\/section><\/p><\/div><div class='flex_column av-7ehvt-36ce1f09c322b8ef0febd21e3368ca03 av_two_fifth  avia-builder-el-20  el_after_av_three_fifth  el_before_av_button  flex_column_div '     ><style type=\"text\/css\" data-created_by=\"avia_inline_auto\" id=\"style-css-av-la6xl6r5-a82cd8bf5c9e1d02b6118f8a74629a4a\">\n.avia-image-container.av-la6xl6r5-a82cd8bf5c9e1d02b6118f8a74629a4a img.avia_image{\nbox-shadow:none;\n}\n.avia-image-container.av-la6xl6r5-a82cd8bf5c9e1d02b6118f8a74629a4a .av-image-caption-overlay-center{\ncolor:#ffffff;\n}\n<\/style>\n<div  class='avia-image-container av-la6xl6r5-a82cd8bf5c9e1d02b6118f8a74629a4a av-styling- avia-align-center  avia-builder-el-21  avia-builder-el-no-sibling '   itemprop=\"image\" itemscope=\"itemscope\" itemtype=\"https:\/\/schema.org\/ImageObject\" ><div class=\"avia-image-container-inner\"><div class=\"avia-image-overlay-wrap\"><img decoding=\"async\" class='wp-image-831 avia-img-lazy-loading-not-831 avia_image ' src=\"https:\/\/www.rmeyersl.com\/Vitoirmen\/wp-content\/uploads\/2022\/11\/Vito_kachelbild_vitokupfer-1-300-300x300.png\" alt='' title='Vito_kachelbild_vitokupfer-1-300'  height=\"300\" width=\"300\"  itemprop=\"thumbnailUrl\" srcset=\"https:\/\/www.rmeyersl.com\/Vitoirmen\/wp-content\/uploads\/2022\/11\/Vito_kachelbild_vitokupfer-1-300.png 300w, https:\/\/www.rmeyersl.com\/Vitoirmen\/wp-content\/uploads\/2022\/11\/Vito_kachelbild_vitokupfer-1-300-80x80.png 80w, https:\/\/www.rmeyersl.com\/Vitoirmen\/wp-content\/uploads\/2022\/11\/Vito_kachelbild_vitokupfer-1-300-36x36.png 36w, https:\/\/www.rmeyersl.com\/Vitoirmen\/wp-content\/uploads\/2022\/11\/Vito_kachelbild_vitokupfer-1-300-180x180.png 180w\" sizes=\"(max-width: 300px) 100vw, 300px\" \/><\/div><\/div><\/div><\/div><div  class='avia-button-wrap av-la442sz1-43ef13cef4ace7ea2c130a87475a676d-wrap avia-button-center  avia-builder-el-22  el_after_av_two_fifth  avia-builder-el-last '><a href='https:\/\/www.vito-irmen.de\/produkte\/industrie\/vito-metallklebebaender\/vitokupfer- 620\/?lang=en' class='avia-button av-la442sz1-43ef13cef4ace7ea2c130a87475a676d avia-icon_select-no avia-size-large avia-position-center avia-color-theme-color' target=\"_blank\" rel=\"noopener noreferrer\"><span class='avia_iconbox_title' >M\u00e1s informaci\u00f3n<\/span><\/a><\/div>\n<\/div><\/div><\/div><!-- close content main div --><\/div><\/div><div id='after_section_3'  class='main_color av_default_container_wrap container_wrap sidebar_right'  ><div class='container av-section-cont-open' ><div class='template-page content  av-content-small alpha units'><div class='post-entry post-entry-type-page post-entry-673'><div class='entry-content-wrapper clearfix'><\/p>\n","protected":false},"excerpt":{"rendered":"","protected":false},"author":1,"featured_media":0,"parent":0,"menu_order":0,"comment_status":"closed","ping_status":"closed","template":"","meta":{"footnotes":""},"class_list":["post-673","page","type-page","status-publish","hentry"],"yoast_head":"<!-- This site is optimized with the Yoast SEO plugin v19.10 - https:\/\/yoast.com\/wordpress\/plugins\/seo\/ -->\n<title>VITOMINIUM y VITOCOBRE Cinta autoadhesiva de aluminio - Vito de R.Meyer<\/title>\n<meta name=\"robots\" content=\"index, follow, max-snippet:-1, max-image-preview:large, max-video-preview:-1\" \/>\n<link rel=\"canonical\" href=\"https:\/\/www.rmeyersl.com\/Vitoirmen\/vitominium-cinta-autoadhesiva-de-aluminio\/\" \/>\n<meta property=\"og:locale\" content=\"es_ES\" \/>\n<meta property=\"og:type\" content=\"article\" \/>\n<meta property=\"og:title\" content=\"VITOMINIUM y VITOCOBRE Cinta autoadhesiva de aluminio - Vito de R.Meyer\" \/>\n<meta property=\"og:url\" content=\"https:\/\/www.rmeyersl.com\/Vitoirmen\/vitominium-cinta-autoadhesiva-de-aluminio\/\" \/>\n<meta property=\"og:site_name\" content=\"Vito de R.Meyer\" \/>\n<meta property=\"article:modified_time\" content=\"2022-11-25T11:32:09+00:00\" \/>\n<meta property=\"og:image\" content=\"http:\/\/www.rmeyersl.com\/Vitoirmen\/wp-content\/uploads\/2022\/11\/Vitominium-fuego-300x76.jpg\" \/>\n<meta name=\"twitter:card\" content=\"summary_large_image\" \/>\n<meta name=\"twitter:label1\" content=\"Tiempo de lectura\" \/>\n\t<meta name=\"twitter:data1\" content=\"11 minutos\" \/>\n<script type=\"application\/ld+json\" class=\"yoast-schema-graph\">{\"@context\":\"https:\/\/schema.org\",\"@graph\":[{\"@type\":\"WebPage\",\"@id\":\"https:\/\/www.rmeyersl.com\/Vitoirmen\/vitominium-cinta-autoadhesiva-de-aluminio\/\",\"url\":\"https:\/\/www.rmeyersl.com\/Vitoirmen\/vitominium-cinta-autoadhesiva-de-aluminio\/\",\"name\":\"VITOMINIUM y VITOCOBRE Cinta autoadhesiva de aluminio - Vito de R.Meyer\",\"isPartOf\":{\"@id\":\"http:\/\/www.rmeyersl.com\/Vitoirmen\/#website\"},\"datePublished\":\"2022-11-05T15:45:15+00:00\",\"dateModified\":\"2022-11-25T11:32:09+00:00\",\"breadcrumb\":{\"@id\":\"https:\/\/www.rmeyersl.com\/Vitoirmen\/vitominium-cinta-autoadhesiva-de-aluminio\/#breadcrumb\"},\"inLanguage\":\"es\",\"potentialAction\":[{\"@type\":\"ReadAction\",\"target\":[\"https:\/\/www.rmeyersl.com\/Vitoirmen\/vitominium-cinta-autoadhesiva-de-aluminio\/\"]}]},{\"@type\":\"BreadcrumbList\",\"@id\":\"https:\/\/www.rmeyersl.com\/Vitoirmen\/vitominium-cinta-autoadhesiva-de-aluminio\/#breadcrumb\",\"itemListElement\":[{\"@type\":\"ListItem\",\"position\":1,\"name\":\"Portada\",\"item\":\"http:\/\/www.rmeyersl.com\/Vitoirmen\/\"},{\"@type\":\"ListItem\",\"position\":2,\"name\":\"VITOMINIUM y VITOCOBRE Cinta autoadhesiva de aluminio\"}]},{\"@type\":\"WebSite\",\"@id\":\"http:\/\/www.rmeyersl.com\/Vitoirmen\/#website\",\"url\":\"http:\/\/www.rmeyersl.com\/Vitoirmen\/\",\"name\":\"Vito de R.Meyer\",\"description\":\"Encuentra productos VITO para los sectores de energ\u00edas renovables, construcci\u00f3n, industria, automoci\u00f3n, medicina y vidrio\",\"potentialAction\":[{\"@type\":\"SearchAction\",\"target\":{\"@type\":\"EntryPoint\",\"urlTemplate\":\"http:\/\/www.rmeyersl.com\/Vitoirmen\/?s={search_term_string}\"},\"query-input\":\"required name=search_term_string\"}],\"inLanguage\":\"es\"}]}<\/script>\n<!-- \/ Yoast SEO plugin. -->","yoast_head_json":{"title":"VITOMINIUM y VITOCOBRE Cinta autoadhesiva de aluminio - Vito de R.Meyer","robots":{"index":"index","follow":"follow","max-snippet":"max-snippet:-1","max-image-preview":"max-image-preview:large","max-video-preview":"max-video-preview:-1"},"canonical":"https:\/\/www.rmeyersl.com\/Vitoirmen\/vitominium-cinta-autoadhesiva-de-aluminio\/","og_locale":"es_ES","og_type":"article","og_title":"VITOMINIUM y VITOCOBRE Cinta autoadhesiva de aluminio - Vito de R.Meyer","og_url":"https:\/\/www.rmeyersl.com\/Vitoirmen\/vitominium-cinta-autoadhesiva-de-aluminio\/","og_site_name":"Vito de R.Meyer","article_modified_time":"2022-11-25T11:32:09+00:00","og_image":[{"url":"http:\/\/www.rmeyersl.com\/Vitoirmen\/wp-content\/uploads\/2022\/11\/Vitominium-fuego-300x76.jpg"}],"twitter_card":"summary_large_image","twitter_misc":{"Tiempo de lectura":"11 minutos"},"schema":{"@context":"https:\/\/schema.org","@graph":[{"@type":"WebPage","@id":"https:\/\/www.rmeyersl.com\/Vitoirmen\/vitominium-cinta-autoadhesiva-de-aluminio\/","url":"https:\/\/www.rmeyersl.com\/Vitoirmen\/vitominium-cinta-autoadhesiva-de-aluminio\/","name":"VITOMINIUM y VITOCOBRE Cinta autoadhesiva de aluminio - Vito de R.Meyer","isPartOf":{"@id":"http:\/\/www.rmeyersl.com\/Vitoirmen\/#website"},"datePublished":"2022-11-05T15:45:15+00:00","dateModified":"2022-11-25T11:32:09+00:00","breadcrumb":{"@id":"https:\/\/www.rmeyersl.com\/Vitoirmen\/vitominium-cinta-autoadhesiva-de-aluminio\/#breadcrumb"},"inLanguage":"es","potentialAction":[{"@type":"ReadAction","target":["https:\/\/www.rmeyersl.com\/Vitoirmen\/vitominium-cinta-autoadhesiva-de-aluminio\/"]}]},{"@type":"BreadcrumbList","@id":"https:\/\/www.rmeyersl.com\/Vitoirmen\/vitominium-cinta-autoadhesiva-de-aluminio\/#breadcrumb","itemListElement":[{"@type":"ListItem","position":1,"name":"Portada","item":"http:\/\/www.rmeyersl.com\/Vitoirmen\/"},{"@type":"ListItem","position":2,"name":"VITOMINIUM y VITOCOBRE Cinta autoadhesiva de aluminio"}]},{"@type":"WebSite","@id":"http:\/\/www.rmeyersl.com\/Vitoirmen\/#website","url":"http:\/\/www.rmeyersl.com\/Vitoirmen\/","name":"Vito de R.Meyer","description":"Encuentra productos VITO para los sectores de energ\u00edas renovables, construcci\u00f3n, industria, automoci\u00f3n, medicina y vidrio","potentialAction":[{"@type":"SearchAction","target":{"@type":"EntryPoint","urlTemplate":"http:\/\/www.rmeyersl.com\/Vitoirmen\/?s={search_term_string}"},"query-input":"required name=search_term_string"}],"inLanguage":"es"}]}},"_links":{"self":[{"href":"https:\/\/www.rmeyersl.com\/Vitoirmen\/wp-json\/wp\/v2\/pages\/673","targetHints":{"allow":["GET"]}}],"collection":[{"href":"https:\/\/www.rmeyersl.com\/Vitoirmen\/wp-json\/wp\/v2\/pages"}],"about":[{"href":"https:\/\/www.rmeyersl.com\/Vitoirmen\/wp-json\/wp\/v2\/types\/page"}],"author":[{"embeddable":true,"href":"https:\/\/www.rmeyersl.com\/Vitoirmen\/wp-json\/wp\/v2\/users\/1"}],"replies":[{"embeddable":true,"href":"https:\/\/www.rmeyersl.com\/Vitoirmen\/wp-json\/wp\/v2\/comments?post=673"}],"version-history":[{"count":23,"href":"https:\/\/www.rmeyersl.com\/Vitoirmen\/wp-json\/wp\/v2\/pages\/673\/revisions"}],"predecessor-version":[{"id":1369,"href":"https:\/\/www.rmeyersl.com\/Vitoirmen\/wp-json\/wp\/v2\/pages\/673\/revisions\/1369"}],"wp:attachment":[{"href":"https:\/\/www.rmeyersl.com\/Vitoirmen\/wp-json\/wp\/v2\/media?parent=673"}],"curies":[{"name":"wp","href":"https:\/\/api.w.org\/{rel}","templated":true}]}}