{"id":575,"date":"2022-11-03T17:34:38","date_gmt":"2022-11-03T17:34:38","guid":{"rendered":"http:\/\/www.rmeyersl.com\/Vitoirmen\/?page_id=575"},"modified":"2022-11-25T11:34:38","modified_gmt":"2022-11-25T11:34:38","slug":"vitoflex-cm-l","status":"publish","type":"page","link":"https:\/\/www.rmeyersl.com\/Vitoirmen\/vitoflex-cm-l\/","title":{"rendered":"VITOFLEX CM-L &#8211; PD"},"content":{"rendered":"<div id='av_section_1'  class='avia-section av-va7r-71433b3d999e54bef553cba754edae0c main_color avia-section-default avia-no-border-styling  avia-builder-el-0  el_before_av_section  avia-builder-el-first  avia-bg-style-scroll container_wrap sidebar_right'  ><div class='container av-section-cont-open' ><main  role=\"main\" itemprop=\"mainContentOfPage\"  class='template-page content  av-content-small alpha units'><div class='post-entry post-entry-type-page post-entry-575'><div class='entry-content-wrapper clearfix'>\n\n<style type=\"text\/css\" data-created_by=\"avia_inline_auto\" id=\"style-css-av-la43gsuz-a9b0bea91e8632ab7e35075a195bc88a\">\n#top .av-special-heading.av-la43gsuz-a9b0bea91e8632ab7e35075a195bc88a{\npadding-bottom:30px;\n}\nbody .av-special-heading.av-la43gsuz-a9b0bea91e8632ab7e35075a195bc88a .av-special-heading-tag .heading-char{\nfont-size:25px;\n}\n.av-special-heading.av-la43gsuz-a9b0bea91e8632ab7e35075a195bc88a .av-subheading{\nfont-size:15px;\n}\n<\/style>\n<div  class='av-special-heading av-la43gsuz-a9b0bea91e8632ab7e35075a195bc88a av-special-heading-h2 blockquote modern-quote modern-centered  avia-builder-el-1  el_before_av_two_third  avia-builder-el-first '><h2 class='av-special-heading-tag'  itemprop=\"headline\"  >VITOFLEX Cintas autoadhesivas de una cara de EPDM o de neopreno<\/h2><div class=\"special-heading-border\"><div class=\"special-heading-inner-border\"><\/div><\/div><\/div>\n<div class='flex_column av-pf113-aebf6b43f10617dbf3062f15cfb0dc29 av_two_third  avia-builder-el-2  el_after_av_heading  el_before_av_one_third  first flex_column_div '     ><p>\n<style type=\"text\/css\" data-created_by=\"avia_inline_auto\" id=\"style-css-av-la1cm1zk-b7cb70a1f7ebd03a4f8756d148c82362\">\n#top .av-special-heading.av-la1cm1zk-b7cb70a1f7ebd03a4f8756d148c82362{\npadding-bottom:10px;\n}\nbody .av-special-heading.av-la1cm1zk-b7cb70a1f7ebd03a4f8756d148c82362 .av-special-heading-tag .heading-char{\nfont-size:25px;\n}\n.av-special-heading.av-la1cm1zk-b7cb70a1f7ebd03a4f8756d148c82362 .av-subheading{\nfont-size:15px;\n}\n<\/style>\n<div  class='av-special-heading av-la1cm1zk-b7cb70a1f7ebd03a4f8756d148c82362 av-special-heading-h2 blockquote modern-quote  avia-builder-el-3  el_before_av_textblock  avia-builder-el-first '><h2 class='av-special-heading-tag'  itemprop=\"headline\"  >VITOFLEX CM-L<\/h2><div class=\"special-heading-border\"><div class=\"special-heading-inner-border\"><\/div><\/div><\/div><br \/>\n<section  class='av_textblock_section av-la1cmf6i-b478ed2429486294b7c91e5007528881'  itemscope=\"itemscope\" itemtype=\"https:\/\/schema.org\/CreativeWork\" ><div class='avia_textblock'  itemprop=\"text\" ><p><strong>Aplicaci\u00f3n:<\/strong><\/p>\n<p><img loading=\"lazy\" decoding=\"async\" class=\"size-medium wp-image-814\" src=\"http:\/\/www.rmeyersl.com\/Vitoirmen\/wp-content\/uploads\/2022\/11\/Aplicacion-Vitoflex-CM-L-300-300x300.jpeg\" alt=\"\" width=\"300\" height=\"300\" srcset=\"https:\/\/www.rmeyersl.com\/Vitoirmen\/wp-content\/uploads\/2022\/11\/Aplicacion-Vitoflex-CM-L-300.jpeg 300w, https:\/\/www.rmeyersl.com\/Vitoirmen\/wp-content\/uploads\/2022\/11\/Aplicacion-Vitoflex-CM-L-300-80x80.jpeg 80w, https:\/\/www.rmeyersl.com\/Vitoirmen\/wp-content\/uploads\/2022\/11\/Aplicacion-Vitoflex-CM-L-300-36x36.jpeg 36w, https:\/\/www.rmeyersl.com\/Vitoirmen\/wp-content\/uploads\/2022\/11\/Aplicacion-Vitoflex-CM-L-300-180x180.jpeg 180w\" sizes=\"auto, (max-width: 300px) 100vw, 300px\" \/><\/p>\n<p>Cinta autoadhesiva unilateral flexible de caucho celular con estructura de celda cerrada, a base de EPDM (Caucho de etileno propileno dieno) para la aplicaci\u00f3n como sellador en el aire acondicionado y ventilaci\u00f3n, aislamiento y amortiguador para unidades de aire acondicionado.<\/p>\n<p><strong>Beneficios:<\/strong><\/p>\n<ul>\n<li>Muy buena resistencia al envejecimiento y al ozono<\/li>\n<li>Buena resistencia a los productos qu\u00edmicos<\/li>\n<li>Herm\u00e9tico al agua debido a la estructura de celda cerrada<\/li>\n<li>Excelente resistencia a la intemperie<\/li>\n<li>Resistencia a altas temperaturas (-40\u00b0C a 120\u00b0C)<\/li>\n<li>Buena adaptabilidad<\/li>\n<\/ul>\n<\/div><\/section><\/p><\/div><div class='flex_column av-jbulj-e9f4a9b44a17d0a6cea633ac8b30c881 av_one_third  avia-builder-el-5  el_after_av_two_third  avia-builder-el-last  flex_column_div '     ><style type=\"text\/css\" data-created_by=\"avia_inline_auto\" id=\"style-css-av-la6wb3x6-10cac3740acd405f4fa5fc03b4c561b7\">\n.avia-image-container.av-la6wb3x6-10cac3740acd405f4fa5fc03b4c561b7 img.avia_image{\nbox-shadow:none;\n}\n.avia-image-container.av-la6wb3x6-10cac3740acd405f4fa5fc03b4c561b7 .av-image-caption-overlay-center{\ncolor:#ffffff;\n}\n<\/style>\n<div  class='avia-image-container av-la6wb3x6-10cac3740acd405f4fa5fc03b4c561b7 av-styling- avia-align-center  avia-builder-el-6  avia-builder-el-no-sibling '   itemprop=\"image\" itemscope=\"itemscope\" itemtype=\"https:\/\/schema.org\/ImageObject\" ><div class=\"avia-image-container-inner\"><div class=\"avia-image-overlay-wrap\"><img decoding=\"async\" class='wp-image-607 avia-img-lazy-loading-not-607 avia_image ' src=\"https:\/\/www.rmeyersl.com\/Vitoirmen\/wp-content\/uploads\/2022\/11\/Cinta-autoadhesiva-de-una-cara-de-EPDM-Vitoflex_CM-L-300-300x300.jpg\" alt='' title='Cinta autoadhesiva de una cara de EPDM Vitoflex_CM-L-300'  height=\"300\" width=\"300\"  itemprop=\"thumbnailUrl\" srcset=\"https:\/\/www.rmeyersl.com\/Vitoirmen\/wp-content\/uploads\/2022\/11\/Cinta-autoadhesiva-de-una-cara-de-EPDM-Vitoflex_CM-L-300.jpg 300w, https:\/\/www.rmeyersl.com\/Vitoirmen\/wp-content\/uploads\/2022\/11\/Cinta-autoadhesiva-de-una-cara-de-EPDM-Vitoflex_CM-L-300-80x80.jpg 80w, https:\/\/www.rmeyersl.com\/Vitoirmen\/wp-content\/uploads\/2022\/11\/Cinta-autoadhesiva-de-una-cara-de-EPDM-Vitoflex_CM-L-300-36x36.jpg 36w, https:\/\/www.rmeyersl.com\/Vitoirmen\/wp-content\/uploads\/2022\/11\/Cinta-autoadhesiva-de-una-cara-de-EPDM-Vitoflex_CM-L-300-180x180.jpg 180w\" sizes=\"(max-width: 300px) 100vw, 300px\" \/><\/div><\/div><\/div><\/div>\n\n<\/div><\/div><\/main><!-- close content main element --><\/div><\/div>\n<style type=\"text\/css\" data-created_by=\"avia_inline_auto\" id=\"style-css-av-oc7r-14957e8cadc6aa77991db8ace118d231\">\n.avia-section.av-oc7r-14957e8cadc6aa77991db8ace118d231{\nbackground-color:#eceeef;\nbackground-image:unset;\n}\n<\/style>\n<div id='av_section_2'  class='avia-section av-oc7r-14957e8cadc6aa77991db8ace118d231 main_color avia-section-default avia-no-border-styling  avia-builder-el-7  el_after_av_section  avia-builder-el-last  avia-bg-style-scroll container_wrap sidebar_right'  ><div class='container av-section-cont-open' ><div class='template-page content  av-content-small alpha units'><div class='post-entry post-entry-type-page post-entry-575'><div class='entry-content-wrapper clearfix'>\n<div class='flex_column av-hdiyn-9c51f731b31549ae5a9aed87b60906bf av_two_third  avia-builder-el-8  el_before_av_one_third  avia-builder-el-first  first flex_column_div '     ><p>\n<style type=\"text\/css\" data-created_by=\"avia_inline_auto\" id=\"style-css-av-la2af6bb-9cfc53a56fa3c4c4b08bc52d464c2fbc\">\n#top .av-special-heading.av-la2af6bb-9cfc53a56fa3c4c4b08bc52d464c2fbc{\npadding-bottom:10px;\n}\nbody .av-special-heading.av-la2af6bb-9cfc53a56fa3c4c4b08bc52d464c2fbc .av-special-heading-tag .heading-char{\nfont-size:25px;\n}\n.av-special-heading.av-la2af6bb-9cfc53a56fa3c4c4b08bc52d464c2fbc .av-subheading{\nfont-size:15px;\n}\n<\/style>\n<div  class='av-special-heading av-la2af6bb-9cfc53a56fa3c4c4b08bc52d464c2fbc av-special-heading-h2 blockquote modern-quote  avia-builder-el-9  el_before_av_textblock  avia-builder-el-first '><h2 class='av-special-heading-tag'  itemprop=\"headline\"  >VITOFLEX NF150<\/h2><div class=\"special-heading-border\"><div class=\"special-heading-inner-border\"><\/div><\/div><\/div><br \/>\n<section  class='av_textblock_section av-la2aeumk-78d70868a9dde249354fbc2152529bf4'  itemscope=\"itemscope\" itemtype=\"https:\/\/schema.org\/CreativeWork\" ><div class='avia_textblock'  itemprop=\"text\" ><p><span style=\"font-weight: 400;\">Cinta de caucho celular con c\u00e9lulas cerradas a base de neopreno puro (densidad 200+\/- 10 kg. m3). Esta calidad se distingue por una resistencia elevada al calor y al aceite. <\/span>Se utiliza para proteger, amortiguar, aislar y sellar.<\/p>\n<p><strong>Beneficios:<\/strong><\/p>\n<ul>\n<li>Muy buena resistencia al envejecimiento y al ozono<\/li>\n<li>Buena resistencia a aceites y grasas<\/li>\n<li>Alta resistencia a la compresi\u00f3n<\/li>\n<li>Autoextinguible<\/li>\n<\/ul>\n<\/div><\/section><\/p><\/div><div class='flex_column av-95f8n-10b304cd76d69127878f061a1eeeca2a av_one_third  avia-builder-el-11  el_after_av_two_third  el_before_av_button  flex_column_div '     ><style type=\"text\/css\" data-created_by=\"avia_inline_auto\" id=\"style-css-av-la6we6nu-c01b43ece8779528ef8f6d8d72cba16e\">\n.avia-image-container.av-la6we6nu-c01b43ece8779528ef8f6d8d72cba16e img.avia_image{\nbox-shadow:none;\n}\n.avia-image-container.av-la6we6nu-c01b43ece8779528ef8f6d8d72cba16e .av-image-caption-overlay-center{\ncolor:#ffffff;\n}\n<\/style>\n<div  class='avia-image-container av-la6we6nu-c01b43ece8779528ef8f6d8d72cba16e av-styling- avia-align-center  avia-builder-el-12  avia-builder-el-no-sibling '   itemprop=\"image\" itemscope=\"itemscope\" itemtype=\"https:\/\/schema.org\/ImageObject\" ><div class=\"avia-image-container-inner\"><div class=\"avia-image-overlay-wrap\"><img decoding=\"async\" class='wp-image-1354 avia-img-lazy-loading-not-1354 avia_image ' src=\"https:\/\/www.rmeyersl.com\/Vitoirmen\/wp-content\/uploads\/2022\/11\/PD-Cinta-autoadhesiva-de-una-cara-de-neopreno-Vitoflex_NF-150-300x300.jpg\" alt='' title='PD-Cinta autoadhesiva de una cara de neopreno Vitoflex_NF-150'  height=\"300\" width=\"300\"  itemprop=\"thumbnailUrl\" srcset=\"https:\/\/www.rmeyersl.com\/Vitoirmen\/wp-content\/uploads\/2022\/11\/PD-Cinta-autoadhesiva-de-una-cara-de-neopreno-Vitoflex_NF-150-300x300.jpg 300w, https:\/\/www.rmeyersl.com\/Vitoirmen\/wp-content\/uploads\/2022\/11\/PD-Cinta-autoadhesiva-de-una-cara-de-neopreno-Vitoflex_NF-150-1030x1030.jpg 1030w, https:\/\/www.rmeyersl.com\/Vitoirmen\/wp-content\/uploads\/2022\/11\/PD-Cinta-autoadhesiva-de-una-cara-de-neopreno-Vitoflex_NF-150-80x80.jpg 80w, https:\/\/www.rmeyersl.com\/Vitoirmen\/wp-content\/uploads\/2022\/11\/PD-Cinta-autoadhesiva-de-una-cara-de-neopreno-Vitoflex_NF-150-768x768.jpg 768w, https:\/\/www.rmeyersl.com\/Vitoirmen\/wp-content\/uploads\/2022\/11\/PD-Cinta-autoadhesiva-de-una-cara-de-neopreno-Vitoflex_NF-150-1536x1536.jpg 1536w, https:\/\/www.rmeyersl.com\/Vitoirmen\/wp-content\/uploads\/2022\/11\/PD-Cinta-autoadhesiva-de-una-cara-de-neopreno-Vitoflex_NF-150.jpg 2048w, https:\/\/www.rmeyersl.com\/Vitoirmen\/wp-content\/uploads\/2022\/11\/PD-Cinta-autoadhesiva-de-una-cara-de-neopreno-Vitoflex_NF-150-36x36.jpg 36w, https:\/\/www.rmeyersl.com\/Vitoirmen\/wp-content\/uploads\/2022\/11\/PD-Cinta-autoadhesiva-de-una-cara-de-neopreno-Vitoflex_NF-150-180x180.jpg 180w, https:\/\/www.rmeyersl.com\/Vitoirmen\/wp-content\/uploads\/2022\/11\/PD-Cinta-autoadhesiva-de-una-cara-de-neopreno-Vitoflex_NF-150-1500x1500.jpg 1500w, https:\/\/www.rmeyersl.com\/Vitoirmen\/wp-content\/uploads\/2022\/11\/PD-Cinta-autoadhesiva-de-una-cara-de-neopreno-Vitoflex_NF-150-705x705.jpg 705w\" sizes=\"(max-width: 300px) 100vw, 300px\" \/><\/div><\/div><\/div><\/div><div  class='avia-button-wrap av-la1cs6bq-d22602bd1f0841bd339f00f9ebbb0249-wrap avia-button-center  avia-builder-el-13  el_after_av_one_third  avia-builder-el-last '><a href='https:\/\/vito-irmen.de\/produkte\/bau\/heizung-klima-lueftung\/?lang=en' class='avia-button av-la1cs6bq-d22602bd1f0841bd339f00f9ebbb0249 avia-icon_select-no avia-size-large avia-position-center avia-color-theme-color' target=\"_blank\" rel=\"noopener noreferrer\"><span class='avia_iconbox_title' >M\u00e1s informaci\u00f3n<\/span><\/a><\/div>\n<\/div><\/div><\/div><!-- close content main div --><\/div><\/div><div id='after_section_2'  class='main_color av_default_container_wrap container_wrap sidebar_right'  ><div class='container av-section-cont-open' ><div class='template-page content  av-content-small alpha units'><div class='post-entry post-entry-type-page post-entry-575'><div class='entry-content-wrapper clearfix'>\n","protected":false},"excerpt":{"rendered":"","protected":false},"author":1,"featured_media":0,"parent":0,"menu_order":0,"comment_status":"closed","ping_status":"closed","template":"","meta":{"footnotes":""},"class_list":["post-575","page","type-page","status-publish","hentry"],"yoast_head":"<!-- This site is optimized with the Yoast SEO plugin v19.10 - https:\/\/yoast.com\/wordpress\/plugins\/seo\/ -->\n<title>VITOFLEX CM-L - PD - Vito de R.Meyer<\/title>\n<meta name=\"robots\" content=\"index, follow, max-snippet:-1, max-image-preview:large, max-video-preview:-1\" \/>\n<link rel=\"canonical\" href=\"http:\/\/www.rmeyersl.com\/Vitoirmen\/vitoflex-cm-l\/\" \/>\n<meta property=\"og:locale\" content=\"es_ES\" \/>\n<meta property=\"og:type\" content=\"article\" \/>\n<meta property=\"og:title\" content=\"VITOFLEX CM-L - PD - Vito de R.Meyer\" \/>\n<meta property=\"og:url\" content=\"http:\/\/www.rmeyersl.com\/Vitoirmen\/vitoflex-cm-l\/\" \/>\n<meta property=\"og:site_name\" content=\"Vito de R.Meyer\" \/>\n<meta property=\"article:modified_time\" content=\"2022-11-25T11:34:38+00:00\" \/>\n<meta property=\"og:image\" content=\"http:\/\/www.rmeyersl.com\/Vitoirmen\/wp-content\/uploads\/2022\/11\/Aplicacion-Vitoflex-CM-L-300-300x300.jpeg\" \/>\n<meta name=\"twitter:card\" content=\"summary_large_image\" \/>\n<meta name=\"twitter:label1\" content=\"Tiempo de lectura\" \/>\n\t<meta name=\"twitter:data1\" content=\"6 minutos\" \/>\n<script type=\"application\/ld+json\" class=\"yoast-schema-graph\">{\"@context\":\"https:\/\/schema.org\",\"@graph\":[{\"@type\":\"WebPage\",\"@id\":\"http:\/\/www.rmeyersl.com\/Vitoirmen\/vitoflex-cm-l\/\",\"url\":\"http:\/\/www.rmeyersl.com\/Vitoirmen\/vitoflex-cm-l\/\",\"name\":\"VITOFLEX CM-L - PD - Vito de R.Meyer\",\"isPartOf\":{\"@id\":\"http:\/\/www.rmeyersl.com\/Vitoirmen\/#website\"},\"datePublished\":\"2022-11-03T17:34:38+00:00\",\"dateModified\":\"2022-11-25T11:34:38+00:00\",\"breadcrumb\":{\"@id\":\"http:\/\/www.rmeyersl.com\/Vitoirmen\/vitoflex-cm-l\/#breadcrumb\"},\"inLanguage\":\"es\",\"potentialAction\":[{\"@type\":\"ReadAction\",\"target\":[\"http:\/\/www.rmeyersl.com\/Vitoirmen\/vitoflex-cm-l\/\"]}]},{\"@type\":\"BreadcrumbList\",\"@id\":\"http:\/\/www.rmeyersl.com\/Vitoirmen\/vitoflex-cm-l\/#breadcrumb\",\"itemListElement\":[{\"@type\":\"ListItem\",\"position\":1,\"name\":\"Portada\",\"item\":\"http:\/\/www.rmeyersl.com\/Vitoirmen\/\"},{\"@type\":\"ListItem\",\"position\":2,\"name\":\"VITOFLEX CM-L &#8211; PD\"}]},{\"@type\":\"WebSite\",\"@id\":\"http:\/\/www.rmeyersl.com\/Vitoirmen\/#website\",\"url\":\"http:\/\/www.rmeyersl.com\/Vitoirmen\/\",\"name\":\"Vito de R.Meyer\",\"description\":\"Encuentra productos VITO para los sectores de energ\u00edas renovables, construcci\u00f3n, industria, automoci\u00f3n, medicina y vidrio\",\"potentialAction\":[{\"@type\":\"SearchAction\",\"target\":{\"@type\":\"EntryPoint\",\"urlTemplate\":\"http:\/\/www.rmeyersl.com\/Vitoirmen\/?s={search_term_string}\"},\"query-input\":\"required name=search_term_string\"}],\"inLanguage\":\"es\"}]}<\/script>\n<!-- \/ Yoast SEO plugin. -->","yoast_head_json":{"title":"VITOFLEX CM-L - PD - Vito de R.Meyer","robots":{"index":"index","follow":"follow","max-snippet":"max-snippet:-1","max-image-preview":"max-image-preview:large","max-video-preview":"max-video-preview:-1"},"canonical":"http:\/\/www.rmeyersl.com\/Vitoirmen\/vitoflex-cm-l\/","og_locale":"es_ES","og_type":"article","og_title":"VITOFLEX CM-L - PD - Vito de R.Meyer","og_url":"http:\/\/www.rmeyersl.com\/Vitoirmen\/vitoflex-cm-l\/","og_site_name":"Vito de R.Meyer","article_modified_time":"2022-11-25T11:34:38+00:00","og_image":[{"url":"http:\/\/www.rmeyersl.com\/Vitoirmen\/wp-content\/uploads\/2022\/11\/Aplicacion-Vitoflex-CM-L-300-300x300.jpeg"}],"twitter_card":"summary_large_image","twitter_misc":{"Tiempo de lectura":"6 minutos"},"schema":{"@context":"https:\/\/schema.org","@graph":[{"@type":"WebPage","@id":"http:\/\/www.rmeyersl.com\/Vitoirmen\/vitoflex-cm-l\/","url":"http:\/\/www.rmeyersl.com\/Vitoirmen\/vitoflex-cm-l\/","name":"VITOFLEX CM-L - PD - Vito de R.Meyer","isPartOf":{"@id":"http:\/\/www.rmeyersl.com\/Vitoirmen\/#website"},"datePublished":"2022-11-03T17:34:38+00:00","dateModified":"2022-11-25T11:34:38+00:00","breadcrumb":{"@id":"http:\/\/www.rmeyersl.com\/Vitoirmen\/vitoflex-cm-l\/#breadcrumb"},"inLanguage":"es","potentialAction":[{"@type":"ReadAction","target":["http:\/\/www.rmeyersl.com\/Vitoirmen\/vitoflex-cm-l\/"]}]},{"@type":"BreadcrumbList","@id":"http:\/\/www.rmeyersl.com\/Vitoirmen\/vitoflex-cm-l\/#breadcrumb","itemListElement":[{"@type":"ListItem","position":1,"name":"Portada","item":"http:\/\/www.rmeyersl.com\/Vitoirmen\/"},{"@type":"ListItem","position":2,"name":"VITOFLEX CM-L &#8211; PD"}]},{"@type":"WebSite","@id":"http:\/\/www.rmeyersl.com\/Vitoirmen\/#website","url":"http:\/\/www.rmeyersl.com\/Vitoirmen\/","name":"Vito de R.Meyer","description":"Encuentra productos VITO para los sectores de energ\u00edas renovables, construcci\u00f3n, industria, automoci\u00f3n, medicina y vidrio","potentialAction":[{"@type":"SearchAction","target":{"@type":"EntryPoint","urlTemplate":"http:\/\/www.rmeyersl.com\/Vitoirmen\/?s={search_term_string}"},"query-input":"required name=search_term_string"}],"inLanguage":"es"}]}},"_links":{"self":[{"href":"https:\/\/www.rmeyersl.com\/Vitoirmen\/wp-json\/wp\/v2\/pages\/575","targetHints":{"allow":["GET"]}}],"collection":[{"href":"https:\/\/www.rmeyersl.com\/Vitoirmen\/wp-json\/wp\/v2\/pages"}],"about":[{"href":"https:\/\/www.rmeyersl.com\/Vitoirmen\/wp-json\/wp\/v2\/types\/page"}],"author":[{"embeddable":true,"href":"https:\/\/www.rmeyersl.com\/Vitoirmen\/wp-json\/wp\/v2\/users\/1"}],"replies":[{"embeddable":true,"href":"https:\/\/www.rmeyersl.com\/Vitoirmen\/wp-json\/wp\/v2\/comments?post=575"}],"version-history":[{"count":24,"href":"https:\/\/www.rmeyersl.com\/Vitoirmen\/wp-json\/wp\/v2\/pages\/575\/revisions"}],"predecessor-version":[{"id":1371,"href":"https:\/\/www.rmeyersl.com\/Vitoirmen\/wp-json\/wp\/v2\/pages\/575\/revisions\/1371"}],"wp:attachment":[{"href":"https:\/\/www.rmeyersl.com\/Vitoirmen\/wp-json\/wp\/v2\/media?parent=575"}],"curies":[{"name":"wp","href":"https:\/\/api.w.org\/{rel}","templated":true}]}}