{"id":460,"date":"2022-11-02T13:01:50","date_gmt":"2022-11-02T13:01:50","guid":{"rendered":"http:\/\/www.rmeyersl.com\/Vitoirmen\/?page_id=460"},"modified":"2022-11-25T09:56:03","modified_gmt":"2022-11-25T09:56:03","slug":"vitopur-distanciadores-de-pu-y-pe","status":"publish","type":"page","link":"https:\/\/www.rmeyersl.com\/Vitoirmen\/vitopur-distanciadores-de-pu-y-pe\/","title":{"rendered":"VITOPUR Distanciadores de PU y PE"},"content":{"rendered":"<div id='av_section_1'  class='avia-section av-anpmk-d12789c0ebe2804674786571989794d6 main_color avia-section-default avia-no-border-styling  avia-builder-el-0  el_before_av_section  avia-builder-el-first  avia-bg-style-scroll container_wrap sidebar_right'  ><div class='container av-section-cont-open' ><main  role=\"main\" itemprop=\"mainContentOfPage\"  class='template-page content  av-content-small alpha units'><div class='post-entry post-entry-type-page post-entry-460'><div class='entry-content-wrapper clearfix'>\n\n<style type=\"text\/css\" data-created_by=\"avia_inline_auto\" id=\"style-css-av-l9znf40j-68716b74ca16b6746ce9663640450e8c\">\n#top .av-special-heading.av-l9znf40j-68716b74ca16b6746ce9663640450e8c{\npadding-bottom:20px;\n}\nbody .av-special-heading.av-l9znf40j-68716b74ca16b6746ce9663640450e8c .av-special-heading-tag .heading-char{\nfont-size:25px;\n}\n.av-special-heading.av-l9znf40j-68716b74ca16b6746ce9663640450e8c .av-subheading{\nfont-size:15px;\n}\n<\/style>\n<div  class='av-special-heading av-l9znf40j-68716b74ca16b6746ce9663640450e8c av-special-heading-h1 blockquote modern-quote modern-centered  avia-builder-el-1  el_before_av_three_fifth  avia-builder-el-first '><h1 class='av-special-heading-tag'  itemprop=\"headline\"  >VITOPUR y VITOLEN Distanciadores de PU y PE<\/h1><div class=\"special-heading-border\"><div class=\"special-heading-inner-border\"><\/div><\/div><\/div>\n<div class='flex_column av-du4gc-53484d214ae31ffdb319e5dab6f41dff av_three_fifth  avia-builder-el-2  el_after_av_heading  el_before_av_two_fifth  first flex_column_div '     ><p>\n<style type=\"text\/css\" data-created_by=\"avia_inline_auto\" id=\"style-css-av-la42n8xy-cc55442f321982d65ed660e73d803ce8\">\n#top .av-special-heading.av-la42n8xy-cc55442f321982d65ed660e73d803ce8{\npadding-bottom:10px;\n}\nbody .av-special-heading.av-la42n8xy-cc55442f321982d65ed660e73d803ce8 .av-special-heading-tag .heading-char{\nfont-size:25px;\n}\n.av-special-heading.av-la42n8xy-cc55442f321982d65ed660e73d803ce8 .av-subheading{\nfont-size:15px;\n}\n<\/style>\n<div  class='av-special-heading av-la42n8xy-cc55442f321982d65ed660e73d803ce8 av-special-heading-h2 blockquote modern-quote  avia-builder-el-3  el_before_av_textblock  avia-builder-el-first '><h2 class='av-special-heading-tag'  itemprop=\"headline\"  >VITOPUR Distanciadores de PU<\/h2><div class=\"special-heading-border\"><div class=\"special-heading-inner-border\"><\/div><\/div><\/div><br \/>\n<section  class='av_textblock_section av-l9znj1aw-0ab2130bb0983e089f87f1116393c31e'  itemscope=\"itemscope\" itemtype=\"https:\/\/schema.org\/CreativeWork\" ><div class='avia_textblock'  itemprop=\"text\" ><p>Aseguran la distancia protectora para el almacenaje y el transporte de superficies sensibles. Los distanciadores sirven simult\u00e1neamente como amortiguadores y antideslizantes. Est\u00e1n perfectamente adecuado para el apilamiento y transporte de ventanas.<\/p>\n<p>Almohadillas espaciadoras para pl\u00e1stico y superficies met\u00e1licas<\/p>\n<ul>\n<li>espuma de poliuretano reciclada<\/li>\n<li>alta capacidad de carga<\/li>\n<li>tambi\u00e9n adecuado para marcos de ventanas con una protecci\u00f3n superficial cubierta de pel\u00edcula<\/li>\n<li>superficie antideslizante<\/li>\n<li>extra\u00edble sin dejar residuos<\/li>\n<\/ul>\n<p><b>Dimensiones<\/b> de las piezas estampadas: 40&#215;40 cuadrado<br \/>\n<b>Espesor<\/b>: 7 y 10 mm<\/p>\n<\/div><\/section><\/p><\/div><div class='flex_column av-1061w-456ef831f22575c180a2b9d93098e360 av_two_fifth  avia-builder-el-5  el_after_av_three_fifth  el_before_av_button  flex_column_div '     ><style type=\"text\/css\" data-created_by=\"avia_inline_auto\" id=\"style-css-av-la6urmrj-9b12de0710a098c1503110f55efc4c60\">\n.avia-image-container.av-la6urmrj-9b12de0710a098c1503110f55efc4c60 img.avia_image{\nbox-shadow:none;\n}\n.avia-image-container.av-la6urmrj-9b12de0710a098c1503110f55efc4c60 .av-image-caption-overlay-center{\ncolor:#ffffff;\n}\n<\/style>\n<div  class='avia-image-container av-la6urmrj-9b12de0710a098c1503110f55efc4c60 av-styling- avia-align-center  avia-builder-el-6  avia-builder-el-no-sibling '   itemprop=\"image\" itemscope=\"itemscope\" itemtype=\"https:\/\/schema.org\/ImageObject\" ><div class=\"avia-image-container-inner\"><div class=\"avia-image-overlay-wrap\"><img decoding=\"async\" class='wp-image-529 avia-img-lazy-loading-not-529 avia_image ' src=\"https:\/\/www.rmeyersl.com\/Vitoirmen\/wp-content\/uploads\/2022\/11\/vitopur-300-300x300.png\" alt='' title='vitopur-300'  height=\"300\" width=\"300\"  itemprop=\"thumbnailUrl\" srcset=\"https:\/\/www.rmeyersl.com\/Vitoirmen\/wp-content\/uploads\/2022\/11\/vitopur-300.png 300w, https:\/\/www.rmeyersl.com\/Vitoirmen\/wp-content\/uploads\/2022\/11\/vitopur-300-80x80.png 80w, https:\/\/www.rmeyersl.com\/Vitoirmen\/wp-content\/uploads\/2022\/11\/vitopur-300-36x36.png 36w, https:\/\/www.rmeyersl.com\/Vitoirmen\/wp-content\/uploads\/2022\/11\/vitopur-300-180x180.png 180w\" sizes=\"(max-width: 300px) 100vw, 300px\" \/><\/div><\/div><\/div><\/div><div  class='avia-button-wrap av-l9znm7nx-76d6cd4a35e98fa1a33d3747b6c825a7-wrap avia-button-center  avia-builder-el-7  el_after_av_two_fifth  avia-builder-el-last '><a href='https:\/\/www.vito-irmen.de\/produkte\/glas-fenster-fassade\/vito-abstandhalter\/?lang=en' class='avia-button av-l9znm7nx-76d6cd4a35e98fa1a33d3747b6c825a7 avia-icon_select-no avia-size-large avia-position-center avia-color-theme-color' target=\"_blank\" rel=\"noopener noreferrer\"><span class='avia_iconbox_title' >M\u00e1s informaci\u00f3n<\/span><\/a><\/div>\n<\/div><\/div><\/main><!-- close content main element --><\/div><\/div><div id='av_section_2'  class='avia-section av-8mbng-64db2e7f65c390ff3ec0e0a2fbe85dd0 main_color avia-section-default avia-no-border-styling  avia-builder-el-8  el_after_av_section  avia-builder-el-last  avia-bg-style-scroll container_wrap sidebar_right'  ><div class='container av-section-cont-open' ><div class='template-page content  av-content-small alpha units'><div class='post-entry post-entry-type-page post-entry-460'><div class='entry-content-wrapper clearfix'>\n<div class='flex_column av-ct3w4-734e60f377a62cf77fe2b1e9f9341321 av_three_fifth  avia-builder-el-9  el_before_av_two_fifth  avia-builder-el-first  first flex_column_div '     ><p>\n<style type=\"text\/css\" data-created_by=\"avia_inline_auto\" id=\"style-css-av-la2a2kne-f5d98a2e71efa9ad90664f9b267b21b0\">\n#top .av-special-heading.av-la2a2kne-f5d98a2e71efa9ad90664f9b267b21b0{\npadding-bottom:10px;\n}\nbody .av-special-heading.av-la2a2kne-f5d98a2e71efa9ad90664f9b267b21b0 .av-special-heading-tag .heading-char{\nfont-size:25px;\n}\n.av-special-heading.av-la2a2kne-f5d98a2e71efa9ad90664f9b267b21b0 .av-subheading{\nfont-size:15px;\n}\n<\/style>\n<div  class='av-special-heading av-la2a2kne-f5d98a2e71efa9ad90664f9b267b21b0 av-special-heading-h2 blockquote modern-quote  avia-builder-el-10  el_before_av_textblock  avia-builder-el-first '><h2 class='av-special-heading-tag'  itemprop=\"headline\"  >VITOLEN Distanciadores de PE<\/h2><div class=\"special-heading-border\"><div class=\"special-heading-inner-border\"><\/div><\/div><\/div><br \/>\n<section  class='av_textblock_section av-la42qta0-d161bfb950470b83c3361304230282ff'  itemscope=\"itemscope\" itemtype=\"https:\/\/schema.org\/CreativeWork\" ><div class='avia_textblock'  itemprop=\"text\" ><p>Aseguran la distancia protectora para el almacenaje y el transporte de superficies sensibles.<br \/>\nLos distanciadores sirven simult\u00e1neamente como amortiguadores y antideslizantes. Est\u00e1n perfectamente adecuado para el apilamiento y transporte de ventanas.<\/p>\n<p>Almohadilla espaciadora para madera y superficies de pl\u00e1stico:<\/p>\n<ul>\n<li>Qu\u00edmicamente entrecruzado espuma de poliolefina<\/li>\n<li>Ligeramente adhesivo<\/li>\n<li>Desmontable sin dejar residuos<\/li>\n<li>sin decoloraci\u00f3n de la superficie<\/li>\n<\/ul>\n<p><strong>Dimensiones<\/strong> de estampado piezas: 40&#215;40 cuadrado<br \/>\n<strong>Espesor:<\/strong> 10 y 15 mm<\/p>\n<\/div><\/section><\/p><\/div><div class='flex_column av-bn6ms-4a2142f306e2c22387c79d230a1ebb9c av_two_fifth  avia-builder-el-12  el_after_av_three_fifth  el_before_av_button  flex_column_div '     ><style type=\"text\/css\" data-created_by=\"avia_inline_auto\" id=\"style-css-av-laba6ux8-22712c82c017486218c52ea795b53593\">\n.avia-image-container.av-laba6ux8-22712c82c017486218c52ea795b53593 img.avia_image{\nbox-shadow:none;\n}\n.avia-image-container.av-laba6ux8-22712c82c017486218c52ea795b53593 .av-image-caption-overlay-center{\ncolor:#ffffff;\n}\n<\/style>\n<div  class='avia-image-container av-laba6ux8-22712c82c017486218c52ea795b53593 av-styling- avia-align-center  avia-builder-el-13  avia-builder-el-no-sibling '   itemprop=\"image\" itemscope=\"itemscope\" itemtype=\"https:\/\/schema.org\/ImageObject\" ><div class=\"avia-image-container-inner\"><div class=\"avia-image-overlay-wrap\"><img decoding=\"async\" class='wp-image-1076 avia-img-lazy-loading-not-1076 avia_image ' src=\"https:\/\/www.rmeyersl.com\/Vitoirmen\/wp-content\/uploads\/2022\/11\/vitolen-PE-300x300.png\" alt='' title='vitolen-PE'  height=\"300\" width=\"300\"  itemprop=\"thumbnailUrl\" srcset=\"https:\/\/www.rmeyersl.com\/Vitoirmen\/wp-content\/uploads\/2022\/11\/vitolen-PE.png 300w, https:\/\/www.rmeyersl.com\/Vitoirmen\/wp-content\/uploads\/2022\/11\/vitolen-PE-80x80.png 80w, https:\/\/www.rmeyersl.com\/Vitoirmen\/wp-content\/uploads\/2022\/11\/vitolen-PE-36x36.png 36w, https:\/\/www.rmeyersl.com\/Vitoirmen\/wp-content\/uploads\/2022\/11\/vitolen-PE-180x180.png 180w\" sizes=\"(max-width: 300px) 100vw, 300px\" \/><\/div><\/div><\/div><\/div><div  class='avia-button-wrap av-la42rrcm-c7da0679d71c21c6023fadd7e83a86d3-wrap avia-button-center  avia-builder-el-14  el_after_av_two_fifth  avia-builder-el-last '><a href='https:\/\/www.vito-irmen.de\/produkte\/glas-fenster-fassade\/vitolen-vorlegebaender\/?lang=en' class='avia-button av-la42rrcm-c7da0679d71c21c6023fadd7e83a86d3 avia-icon_select-no avia-size-large avia-position-center avia-color-theme-color' target=\"_blank\" rel=\"noopener noreferrer\"><span class='avia_iconbox_title' >M\u00e1s informaci\u00f3n<\/span><\/a><\/div>\n<\/div><\/div><\/div><!-- close content main div --><\/div><\/div><div id='after_section_2'  class='main_color av_default_container_wrap container_wrap sidebar_right'  ><div class='container av-section-cont-open' ><div class='template-page content  av-content-small alpha units'><div class='post-entry post-entry-type-page post-entry-460'><div class='entry-content-wrapper clearfix'><\/p>\n","protected":false},"excerpt":{"rendered":"","protected":false},"author":1,"featured_media":0,"parent":0,"menu_order":0,"comment_status":"closed","ping_status":"closed","template":"","meta":{"footnotes":""},"class_list":["post-460","page","type-page","status-publish","hentry"],"yoast_head":"<!-- This site is optimized with the Yoast SEO plugin v19.10 - https:\/\/yoast.com\/wordpress\/plugins\/seo\/ -->\n<title>VITOPUR Distanciadores de PU y PE - Vito de R.Meyer<\/title>\n<meta name=\"robots\" content=\"index, follow, max-snippet:-1, max-image-preview:large, max-video-preview:-1\" \/>\n<link rel=\"canonical\" href=\"https:\/\/www.rmeyersl.com\/Vitoirmen\/vitopur-distanciadores-de-pu-y-pe\/\" \/>\n<meta property=\"og:locale\" content=\"es_ES\" \/>\n<meta property=\"og:type\" content=\"article\" \/>\n<meta property=\"og:title\" content=\"VITOPUR Distanciadores de PU y PE - Vito de R.Meyer\" \/>\n<meta property=\"og:url\" content=\"https:\/\/www.rmeyersl.com\/Vitoirmen\/vitopur-distanciadores-de-pu-y-pe\/\" \/>\n<meta property=\"og:site_name\" content=\"Vito de R.Meyer\" \/>\n<meta property=\"article:modified_time\" content=\"2022-11-25T09:56:03+00:00\" \/>\n<meta name=\"twitter:card\" content=\"summary_large_image\" \/>\n<meta name=\"twitter:label1\" content=\"Tiempo de lectura\" \/>\n\t<meta name=\"twitter:data1\" content=\"7 minutos\" \/>\n<script type=\"application\/ld+json\" class=\"yoast-schema-graph\">{\"@context\":\"https:\/\/schema.org\",\"@graph\":[{\"@type\":\"WebPage\",\"@id\":\"https:\/\/www.rmeyersl.com\/Vitoirmen\/vitopur-distanciadores-de-pu-y-pe\/\",\"url\":\"https:\/\/www.rmeyersl.com\/Vitoirmen\/vitopur-distanciadores-de-pu-y-pe\/\",\"name\":\"VITOPUR Distanciadores de PU y PE - Vito de R.Meyer\",\"isPartOf\":{\"@id\":\"http:\/\/www.rmeyersl.com\/Vitoirmen\/#website\"},\"datePublished\":\"2022-11-02T13:01:50+00:00\",\"dateModified\":\"2022-11-25T09:56:03+00:00\",\"breadcrumb\":{\"@id\":\"https:\/\/www.rmeyersl.com\/Vitoirmen\/vitopur-distanciadores-de-pu-y-pe\/#breadcrumb\"},\"inLanguage\":\"es\",\"potentialAction\":[{\"@type\":\"ReadAction\",\"target\":[\"https:\/\/www.rmeyersl.com\/Vitoirmen\/vitopur-distanciadores-de-pu-y-pe\/\"]}]},{\"@type\":\"BreadcrumbList\",\"@id\":\"https:\/\/www.rmeyersl.com\/Vitoirmen\/vitopur-distanciadores-de-pu-y-pe\/#breadcrumb\",\"itemListElement\":[{\"@type\":\"ListItem\",\"position\":1,\"name\":\"Portada\",\"item\":\"http:\/\/www.rmeyersl.com\/Vitoirmen\/\"},{\"@type\":\"ListItem\",\"position\":2,\"name\":\"VITOPUR Distanciadores de PU y PE\"}]},{\"@type\":\"WebSite\",\"@id\":\"http:\/\/www.rmeyersl.com\/Vitoirmen\/#website\",\"url\":\"http:\/\/www.rmeyersl.com\/Vitoirmen\/\",\"name\":\"Vito de R.Meyer\",\"description\":\"Encuentra productos VITO para los sectores de energ\u00edas renovables, construcci\u00f3n, industria, automoci\u00f3n, medicina y vidrio\",\"potentialAction\":[{\"@type\":\"SearchAction\",\"target\":{\"@type\":\"EntryPoint\",\"urlTemplate\":\"http:\/\/www.rmeyersl.com\/Vitoirmen\/?s={search_term_string}\"},\"query-input\":\"required name=search_term_string\"}],\"inLanguage\":\"es\"}]}<\/script>\n<!-- \/ Yoast SEO plugin. -->","yoast_head_json":{"title":"VITOPUR Distanciadores de PU y PE - Vito de R.Meyer","robots":{"index":"index","follow":"follow","max-snippet":"max-snippet:-1","max-image-preview":"max-image-preview:large","max-video-preview":"max-video-preview:-1"},"canonical":"https:\/\/www.rmeyersl.com\/Vitoirmen\/vitopur-distanciadores-de-pu-y-pe\/","og_locale":"es_ES","og_type":"article","og_title":"VITOPUR Distanciadores de PU y PE - Vito de R.Meyer","og_url":"https:\/\/www.rmeyersl.com\/Vitoirmen\/vitopur-distanciadores-de-pu-y-pe\/","og_site_name":"Vito de R.Meyer","article_modified_time":"2022-11-25T09:56:03+00:00","twitter_card":"summary_large_image","twitter_misc":{"Tiempo de lectura":"7 minutos"},"schema":{"@context":"https:\/\/schema.org","@graph":[{"@type":"WebPage","@id":"https:\/\/www.rmeyersl.com\/Vitoirmen\/vitopur-distanciadores-de-pu-y-pe\/","url":"https:\/\/www.rmeyersl.com\/Vitoirmen\/vitopur-distanciadores-de-pu-y-pe\/","name":"VITOPUR Distanciadores de PU y PE - Vito de R.Meyer","isPartOf":{"@id":"http:\/\/www.rmeyersl.com\/Vitoirmen\/#website"},"datePublished":"2022-11-02T13:01:50+00:00","dateModified":"2022-11-25T09:56:03+00:00","breadcrumb":{"@id":"https:\/\/www.rmeyersl.com\/Vitoirmen\/vitopur-distanciadores-de-pu-y-pe\/#breadcrumb"},"inLanguage":"es","potentialAction":[{"@type":"ReadAction","target":["https:\/\/www.rmeyersl.com\/Vitoirmen\/vitopur-distanciadores-de-pu-y-pe\/"]}]},{"@type":"BreadcrumbList","@id":"https:\/\/www.rmeyersl.com\/Vitoirmen\/vitopur-distanciadores-de-pu-y-pe\/#breadcrumb","itemListElement":[{"@type":"ListItem","position":1,"name":"Portada","item":"http:\/\/www.rmeyersl.com\/Vitoirmen\/"},{"@type":"ListItem","position":2,"name":"VITOPUR Distanciadores de PU y PE"}]},{"@type":"WebSite","@id":"http:\/\/www.rmeyersl.com\/Vitoirmen\/#website","url":"http:\/\/www.rmeyersl.com\/Vitoirmen\/","name":"Vito de R.Meyer","description":"Encuentra productos VITO para los sectores de energ\u00edas renovables, construcci\u00f3n, industria, automoci\u00f3n, medicina y vidrio","potentialAction":[{"@type":"SearchAction","target":{"@type":"EntryPoint","urlTemplate":"http:\/\/www.rmeyersl.com\/Vitoirmen\/?s={search_term_string}"},"query-input":"required name=search_term_string"}],"inLanguage":"es"}]}},"_links":{"self":[{"href":"https:\/\/www.rmeyersl.com\/Vitoirmen\/wp-json\/wp\/v2\/pages\/460","targetHints":{"allow":["GET"]}}],"collection":[{"href":"https:\/\/www.rmeyersl.com\/Vitoirmen\/wp-json\/wp\/v2\/pages"}],"about":[{"href":"https:\/\/www.rmeyersl.com\/Vitoirmen\/wp-json\/wp\/v2\/types\/page"}],"author":[{"embeddable":true,"href":"https:\/\/www.rmeyersl.com\/Vitoirmen\/wp-json\/wp\/v2\/users\/1"}],"replies":[{"embeddable":true,"href":"https:\/\/www.rmeyersl.com\/Vitoirmen\/wp-json\/wp\/v2\/comments?post=460"}],"version-history":[{"count":14,"href":"https:\/\/www.rmeyersl.com\/Vitoirmen\/wp-json\/wp\/v2\/pages\/460\/revisions"}],"predecessor-version":[{"id":1340,"href":"https:\/\/www.rmeyersl.com\/Vitoirmen\/wp-json\/wp\/v2\/pages\/460\/revisions\/1340"}],"wp:attachment":[{"href":"https:\/\/www.rmeyersl.com\/Vitoirmen\/wp-json\/wp\/v2\/media?parent=460"}],"curies":[{"name":"wp","href":"https:\/\/api.w.org\/{rel}","templated":true}]}}