{"id":451,"date":"2022-11-02T12:54:41","date_gmt":"2022-11-02T12:54:41","guid":{"rendered":"http:\/\/www.rmeyersl.com\/Vitoirmen\/?page_id=451"},"modified":"2022-11-25T09:52:59","modified_gmt":"2022-11-25T09:52:59","slug":"vitofoam-separadores-de-pvc","status":"publish","type":"page","link":"https:\/\/www.rmeyersl.com\/Vitoirmen\/vitofoam-separadores-de-pvc\/","title":{"rendered":"VITOFOAM Separadores de PVC"},"content":{"rendered":"<div id='av_section_1'  class='avia-section av-bqba3-bb5ab2dfec0f05e7bbd2edcbdc3c6141 main_color avia-section-default avia-no-border-styling  avia-builder-el-0  avia-builder-el-no-sibling  avia-bg-style-scroll container_wrap sidebar_right'  ><div class='container av-section-cont-open' ><main  role=\"main\" itemprop=\"mainContentOfPage\"  class='template-page content  av-content-small alpha units'><div class='post-entry post-entry-type-page post-entry-451'><div class='entry-content-wrapper clearfix'>\n<div class='flex_column av-ffisz-96e14541dfd34fbd2a619f221e08c787 av_three_fifth  avia-builder-el-1  el_before_av_two_fifth  avia-builder-el-first  first flex_column_div '     ><p>\n<style type=\"text\/css\" data-created_by=\"avia_inline_auto\" id=\"style-css-av-l9zn5p8l-bd08c0d435f92b2b4751c94d6fa94806\">\n#top .av-special-heading.av-l9zn5p8l-bd08c0d435f92b2b4751c94d6fa94806{\npadding-bottom:10px;\n}\nbody .av-special-heading.av-l9zn5p8l-bd08c0d435f92b2b4751c94d6fa94806 .av-special-heading-tag .heading-char{\nfont-size:25px;\n}\n.av-special-heading.av-l9zn5p8l-bd08c0d435f92b2b4751c94d6fa94806 .av-subheading{\nfont-size:15px;\n}\n<\/style>\n<div  class='av-special-heading av-l9zn5p8l-bd08c0d435f92b2b4751c94d6fa94806 av-special-heading-h1 blockquote modern-quote  avia-builder-el-2  el_before_av_textblock  avia-builder-el-first '><h1 class='av-special-heading-tag'  itemprop=\"headline\"  >VITOFOAM Separadores de PVC<\/h1><div class=\"special-heading-border\"><div class=\"special-heading-inner-border\"><\/div><\/div><\/div><br \/>\n<section  class='av_textblock_section av-l9zn8gkn-52e73c8390ff68f12561e7be2059d7ec'  itemscope=\"itemscope\" itemtype=\"https:\/\/schema.org\/CreativeWork\" ><div class='avia_textblock'  itemprop=\"text\" ><p>Separadores equipados con un adhesivo de bajar adherencia para proteger los vidrios durante el almacenamiento y el transporte. Piezas troqueladas fabricadas en espuma de PVC, provistas de un adhesivo acr\u00edlico sensible a la presi\u00f3n de baja adherencia.<\/p>\n<p><b>DIMENSIONES<\/b>: 16,2 x 17,5 mm \/\/ 20 x 20 mm<\/p>\n<p><b>ESPESOR<\/b>: 4 mm<\/p>\n<p><b>Beneficios del producto<\/b><\/p>\n<ul>\n<li>f\u00e1cilmente removible<\/li>\n<li>absorci\u00f3n de impactos<\/li>\n<li>antideslizante<\/li>\n<li>Instrucciones de procesamiento<\/li>\n<\/ul>\n<\/div><\/section><\/p><\/div><div class='flex_column av-bb0cr-0951c0d30cc5b27e610ff8065d92c3fa av_two_fifth  avia-builder-el-4  el_after_av_three_fifth  el_before_av_button  flex_column_div '     ><style type=\"text\/css\" data-created_by=\"avia_inline_auto\" id=\"style-css-av-la6un2mw-2583482c44644e62a923187e4f790f6b\">\n.avia-image-container.av-la6un2mw-2583482c44644e62a923187e4f790f6b img.avia_image{\nbox-shadow:none;\n}\n.avia-image-container.av-la6un2mw-2583482c44644e62a923187e4f790f6b .av-image-caption-overlay-center{\ncolor:#ffffff;\n}\n<\/style>\n<div  class='avia-image-container av-la6un2mw-2583482c44644e62a923187e4f790f6b av-styling- avia-align-center  avia-builder-el-5  avia-builder-el-no-sibling '   itemprop=\"image\" itemscope=\"itemscope\" itemtype=\"https:\/\/schema.org\/ImageObject\" ><div class=\"avia-image-container-inner\"><div class=\"avia-image-overlay-wrap\"><img decoding=\"async\" class='wp-image-282 avia-img-lazy-loading-not-282 avia_image ' src=\"https:\/\/www.rmeyersl.com\/Vitoirmen\/wp-content\/uploads\/2022\/10\/vitofoam-300-300x300.png\" alt='' title='vitofoam-300'  height=\"300\" width=\"300\"  itemprop=\"thumbnailUrl\" srcset=\"https:\/\/www.rmeyersl.com\/Vitoirmen\/wp-content\/uploads\/2022\/10\/vitofoam-300.png 300w, https:\/\/www.rmeyersl.com\/Vitoirmen\/wp-content\/uploads\/2022\/10\/vitofoam-300-80x80.png 80w, https:\/\/www.rmeyersl.com\/Vitoirmen\/wp-content\/uploads\/2022\/10\/vitofoam-300-36x36.png 36w, https:\/\/www.rmeyersl.com\/Vitoirmen\/wp-content\/uploads\/2022\/10\/vitofoam-300-180x180.png 180w\" sizes=\"(max-width: 300px) 100vw, 300px\" \/><\/div><\/div><\/div><\/div><div  class='avia-button-wrap av-l9zna924-27b8521118838b3739c0026a361f33d3-wrap avia-button-center  avia-builder-el-6  el_after_av_two_fifth  avia-builder-el-last '><a href='https:\/\/www.vito-irmen.de\/produkte\/glas-fenster-fassade\/vito-stapelscheiben\/vitofoam-pvc\/?lang=en' class='avia-button av-l9zna924-27b8521118838b3739c0026a361f33d3 avia-icon_select-no avia-size-large avia-position-center avia-color-theme-color' target=\"_blank\" rel=\"noopener noreferrer\"><span class='avia_iconbox_title' >M\u00e1s informaci\u00f3n<\/span><\/a><\/div>\n<\/div><\/div><\/main><!-- close content main element --><\/div><\/div><div id='after_section_1'  class='main_color av_default_container_wrap container_wrap sidebar_right'  ><div class='container av-section-cont-open' ><div class='template-page content  av-content-small alpha units'><div class='post-entry post-entry-type-page post-entry-451'><div class='entry-content-wrapper clearfix'>\n","protected":false},"excerpt":{"rendered":"","protected":false},"author":1,"featured_media":0,"parent":0,"menu_order":0,"comment_status":"closed","ping_status":"closed","template":"","meta":{"footnotes":""},"class_list":["post-451","page","type-page","status-publish","hentry"],"yoast_head":"<!-- This site is optimized with the Yoast SEO plugin v19.10 - https:\/\/yoast.com\/wordpress\/plugins\/seo\/ -->\n<title>VITOFOAM Separadores de PVC - Vito de R.Meyer<\/title>\n<meta name=\"robots\" content=\"index, follow, max-snippet:-1, max-image-preview:large, max-video-preview:-1\" \/>\n<link rel=\"canonical\" href=\"https:\/\/www.rmeyersl.com\/Vitoirmen\/vitofoam-separadores-de-pvc\/\" \/>\n<meta property=\"og:locale\" content=\"es_ES\" \/>\n<meta property=\"og:type\" content=\"article\" \/>\n<meta property=\"og:title\" content=\"VITOFOAM Separadores de PVC - Vito de R.Meyer\" \/>\n<meta property=\"og:url\" content=\"https:\/\/www.rmeyersl.com\/Vitoirmen\/vitofoam-separadores-de-pvc\/\" \/>\n<meta property=\"og:site_name\" content=\"Vito de R.Meyer\" \/>\n<meta property=\"article:modified_time\" content=\"2022-11-25T09:52:59+00:00\" \/>\n<meta name=\"twitter:card\" content=\"summary_large_image\" \/>\n<meta name=\"twitter:label1\" content=\"Tiempo de lectura\" \/>\n\t<meta name=\"twitter:data1\" content=\"3 minutos\" \/>\n<script type=\"application\/ld+json\" class=\"yoast-schema-graph\">{\"@context\":\"https:\/\/schema.org\",\"@graph\":[{\"@type\":\"WebPage\",\"@id\":\"https:\/\/www.rmeyersl.com\/Vitoirmen\/vitofoam-separadores-de-pvc\/\",\"url\":\"https:\/\/www.rmeyersl.com\/Vitoirmen\/vitofoam-separadores-de-pvc\/\",\"name\":\"VITOFOAM Separadores de PVC - Vito de R.Meyer\",\"isPartOf\":{\"@id\":\"http:\/\/www.rmeyersl.com\/Vitoirmen\/#website\"},\"datePublished\":\"2022-11-02T12:54:41+00:00\",\"dateModified\":\"2022-11-25T09:52:59+00:00\",\"breadcrumb\":{\"@id\":\"https:\/\/www.rmeyersl.com\/Vitoirmen\/vitofoam-separadores-de-pvc\/#breadcrumb\"},\"inLanguage\":\"es\",\"potentialAction\":[{\"@type\":\"ReadAction\",\"target\":[\"https:\/\/www.rmeyersl.com\/Vitoirmen\/vitofoam-separadores-de-pvc\/\"]}]},{\"@type\":\"BreadcrumbList\",\"@id\":\"https:\/\/www.rmeyersl.com\/Vitoirmen\/vitofoam-separadores-de-pvc\/#breadcrumb\",\"itemListElement\":[{\"@type\":\"ListItem\",\"position\":1,\"name\":\"Portada\",\"item\":\"http:\/\/www.rmeyersl.com\/Vitoirmen\/\"},{\"@type\":\"ListItem\",\"position\":2,\"name\":\"VITOFOAM Separadores de PVC\"}]},{\"@type\":\"WebSite\",\"@id\":\"http:\/\/www.rmeyersl.com\/Vitoirmen\/#website\",\"url\":\"http:\/\/www.rmeyersl.com\/Vitoirmen\/\",\"name\":\"Vito de R.Meyer\",\"description\":\"Encuentra productos VITO para los sectores de energ\u00edas renovables, construcci\u00f3n, industria, automoci\u00f3n, medicina y vidrio\",\"potentialAction\":[{\"@type\":\"SearchAction\",\"target\":{\"@type\":\"EntryPoint\",\"urlTemplate\":\"http:\/\/www.rmeyersl.com\/Vitoirmen\/?s={search_term_string}\"},\"query-input\":\"required name=search_term_string\"}],\"inLanguage\":\"es\"}]}<\/script>\n<!-- \/ Yoast SEO plugin. -->","yoast_head_json":{"title":"VITOFOAM Separadores de PVC - Vito de R.Meyer","robots":{"index":"index","follow":"follow","max-snippet":"max-snippet:-1","max-image-preview":"max-image-preview:large","max-video-preview":"max-video-preview:-1"},"canonical":"https:\/\/www.rmeyersl.com\/Vitoirmen\/vitofoam-separadores-de-pvc\/","og_locale":"es_ES","og_type":"article","og_title":"VITOFOAM Separadores de PVC - Vito de R.Meyer","og_url":"https:\/\/www.rmeyersl.com\/Vitoirmen\/vitofoam-separadores-de-pvc\/","og_site_name":"Vito de R.Meyer","article_modified_time":"2022-11-25T09:52:59+00:00","twitter_card":"summary_large_image","twitter_misc":{"Tiempo de lectura":"3 minutos"},"schema":{"@context":"https:\/\/schema.org","@graph":[{"@type":"WebPage","@id":"https:\/\/www.rmeyersl.com\/Vitoirmen\/vitofoam-separadores-de-pvc\/","url":"https:\/\/www.rmeyersl.com\/Vitoirmen\/vitofoam-separadores-de-pvc\/","name":"VITOFOAM Separadores de PVC - Vito de R.Meyer","isPartOf":{"@id":"http:\/\/www.rmeyersl.com\/Vitoirmen\/#website"},"datePublished":"2022-11-02T12:54:41+00:00","dateModified":"2022-11-25T09:52:59+00:00","breadcrumb":{"@id":"https:\/\/www.rmeyersl.com\/Vitoirmen\/vitofoam-separadores-de-pvc\/#breadcrumb"},"inLanguage":"es","potentialAction":[{"@type":"ReadAction","target":["https:\/\/www.rmeyersl.com\/Vitoirmen\/vitofoam-separadores-de-pvc\/"]}]},{"@type":"BreadcrumbList","@id":"https:\/\/www.rmeyersl.com\/Vitoirmen\/vitofoam-separadores-de-pvc\/#breadcrumb","itemListElement":[{"@type":"ListItem","position":1,"name":"Portada","item":"http:\/\/www.rmeyersl.com\/Vitoirmen\/"},{"@type":"ListItem","position":2,"name":"VITOFOAM Separadores de PVC"}]},{"@type":"WebSite","@id":"http:\/\/www.rmeyersl.com\/Vitoirmen\/#website","url":"http:\/\/www.rmeyersl.com\/Vitoirmen\/","name":"Vito de R.Meyer","description":"Encuentra productos VITO para los sectores de energ\u00edas renovables, construcci\u00f3n, industria, automoci\u00f3n, medicina y vidrio","potentialAction":[{"@type":"SearchAction","target":{"@type":"EntryPoint","urlTemplate":"http:\/\/www.rmeyersl.com\/Vitoirmen\/?s={search_term_string}"},"query-input":"required name=search_term_string"}],"inLanguage":"es"}]}},"_links":{"self":[{"href":"https:\/\/www.rmeyersl.com\/Vitoirmen\/wp-json\/wp\/v2\/pages\/451","targetHints":{"allow":["GET"]}}],"collection":[{"href":"https:\/\/www.rmeyersl.com\/Vitoirmen\/wp-json\/wp\/v2\/pages"}],"about":[{"href":"https:\/\/www.rmeyersl.com\/Vitoirmen\/wp-json\/wp\/v2\/types\/page"}],"author":[{"embeddable":true,"href":"https:\/\/www.rmeyersl.com\/Vitoirmen\/wp-json\/wp\/v2\/users\/1"}],"replies":[{"embeddable":true,"href":"https:\/\/www.rmeyersl.com\/Vitoirmen\/wp-json\/wp\/v2\/comments?post=451"}],"version-history":[{"count":7,"href":"https:\/\/www.rmeyersl.com\/Vitoirmen\/wp-json\/wp\/v2\/pages\/451\/revisions"}],"predecessor-version":[{"id":1338,"href":"https:\/\/www.rmeyersl.com\/Vitoirmen\/wp-json\/wp\/v2\/pages\/451\/revisions\/1338"}],"wp:attachment":[{"href":"https:\/\/www.rmeyersl.com\/Vitoirmen\/wp-json\/wp\/v2\/media?parent=451"}],"curies":[{"name":"wp","href":"https:\/\/api.w.org\/{rel}","templated":true}]}}