{"id":428,"date":"2022-11-02T12:19:30","date_gmt":"2022-11-02T12:19:30","guid":{"rendered":"http:\/\/www.rmeyersl.com\/Vitoirmen\/?page_id=428"},"modified":"2022-11-25T10:02:23","modified_gmt":"2022-11-25T10:02:23","slug":"cintas-precomprimidas-bg1-bg2","status":"publish","type":"page","link":"https:\/\/www.rmeyersl.com\/Vitoirmen\/construccion\/cintas-precomprimidas-bg1-bg2\/","title":{"rendered":"Cintas precomprimidas BG1 BG2"},"content":{"rendered":"<div id='av_section_1'  class='avia-section av-a90a4-9ca01948498f30d3fb458cee379fd1ed main_color avia-section-default avia-no-border-styling  avia-builder-el-0  avia-builder-el-no-sibling  avia-bg-style-scroll container_wrap sidebar_right'  ><div class='container av-section-cont-open' ><main  role=\"main\" itemprop=\"mainContentOfPage\"  class='template-page content  av-content-small alpha units'><div class='post-entry post-entry-type-page post-entry-428'><div class='entry-content-wrapper clearfix'>\n<div class='flex_column av-dzkf0-4388f100526bbb31392ecc94128d5da1 av_three_fifth  avia-builder-el-1  el_before_av_two_fifth  avia-builder-el-first  first flex_column_div '     ><p>\n<style type=\"text\/css\" data-created_by=\"avia_inline_auto\" id=\"style-css-av-l9zmffl6-d48a664d82e38372451f7fedc8ddc1d4\">\n#top .av-special-heading.av-l9zmffl6-d48a664d82e38372451f7fedc8ddc1d4{\npadding-bottom:10px;\n}\nbody .av-special-heading.av-l9zmffl6-d48a664d82e38372451f7fedc8ddc1d4 .av-special-heading-tag .heading-char{\nfont-size:25px;\n}\n.av-special-heading.av-l9zmffl6-d48a664d82e38372451f7fedc8ddc1d4 .av-subheading{\nfont-size:15px;\n}\n<\/style>\n<div  class='av-special-heading av-l9zmffl6-d48a664d82e38372451f7fedc8ddc1d4 av-special-heading-h1 blockquote modern-quote  avia-builder-el-2  el_before_av_textblock  avia-builder-el-first '><h1 class='av-special-heading-tag'  itemprop=\"headline\"  >Cintas precomprimidas BG1 BG2<\/h1><div class=\"special-heading-border\"><div class=\"special-heading-inner-border\"><\/div><\/div><\/div><br \/>\n<section  class='av_textblock_section av-l9zmar7l-f484c1c03bcdbe193630be32209eeedf'  itemscope=\"itemscope\" itemtype=\"https:\/\/schema.org\/CreativeWork\" ><div class='avia_textblock'  itemprop=\"text\" ><p>Aplicaci\u00f3n:<br \/>\n<img loading=\"lazy\" decoding=\"async\" class=\"alignnone size-medium wp-image-798\" src=\"https:\/\/www.rmeyersl.com\/Vitoirmen\/wp-content\/uploads\/2022\/11\/Aplicacion-BG1-BG2-300x300.jpg\" alt=\"\" width=\"200\" height=\"200\" srcset=\"https:\/\/www.rmeyersl.com\/Vitoirmen\/wp-content\/uploads\/2022\/11\/Aplicacion-BG1-BG2-300x300.jpg 300w, https:\/\/www.rmeyersl.com\/Vitoirmen\/wp-content\/uploads\/2022\/11\/Aplicacion-BG1-BG2-80x80.jpg 80w, https:\/\/www.rmeyersl.com\/Vitoirmen\/wp-content\/uploads\/2022\/11\/Aplicacion-BG1-BG2-768x768.jpg 768w, https:\/\/www.rmeyersl.com\/Vitoirmen\/wp-content\/uploads\/2022\/11\/Aplicacion-BG1-BG2-36x36.jpg 36w, https:\/\/www.rmeyersl.com\/Vitoirmen\/wp-content\/uploads\/2022\/11\/Aplicacion-BG1-BG2-180x180.jpg 180w, https:\/\/www.rmeyersl.com\/Vitoirmen\/wp-content\/uploads\/2022\/11\/Aplicacion-BG1-BG2-705x705.jpg 705w, https:\/\/www.rmeyersl.com\/Vitoirmen\/wp-content\/uploads\/2022\/11\/Aplicacion-BG1-BG2.jpg 1000w\" sizes=\"auto, (max-width: 200px) 100vw, 200px\" \/><br \/>\nCinta precomprimida, para la estanqueidad de las juntas. El campo de aplicaci\u00f3n incluye el montaje de ventanas y puertas, construcci\u00f3n con madera y met\u00e1lica, trabajos subterr\u00e1neos,\u00a0 construcci\u00f3n compacta, de fachadas y tejados, carpinter\u00eda exterior, muros-cortina, paneles, renovaci\u00f3n, revestimiento y pre\u00adfabricaci\u00f3n.<br \/>\nLas juntas son partes necesarias y previstas de cada edificio. Los elementos de construcci\u00f3n est\u00e1n sujetos a importantes variaciones de temperatura y humedad, que resultan en dilataciones que la mamposter\u00eda no puede absorber.<br \/>\nAdem\u00e1s, los elementos de construcci\u00f3n est\u00e1n expuestos a vibraciones y otras cargas, como la radiaci\u00f3n ultravioleta, el viento y lluvia.<br \/>\nLas cintas selladoras de juntas VITO cumplen los requisitos de un sellado seguro de juntas. Su elasticidad permanente compensa los movimientos relacionados con la temperatura del elementos de construcci\u00f3n, as\u00ed como la construcci\u00f3n y el material tolerancias.<\/p>\n<table>\n<thead>\n<tr>\n<th>comercio de ventana<\/th>\n<th>BG1<\/th>\n<th>BG2<\/th>\n<\/tr>\n<\/thead>\n<tbody>\n<tr>\n<td>cono de validado por la comunidad<\/td>\n<td>X<\/td>\n<td><\/td>\n<\/tr>\n<tr>\n<td>juntas de conexi\u00f3n (dise\u00f1o cubierto)<\/td>\n<td><\/td>\n<td>X<\/td>\n<\/tr>\n<tr>\n<td>juntas de conexi\u00f3n a prueba de viento, permeabilidad de las juntas coeficiente un 1,0<\/td>\n<td>X<\/td>\n<td>X<\/td>\n<\/tr>\n<tr>\n<td>separaci\u00f3n t\u00e9rmica \/ aislamiento t\u00e9rmico entre fijos marco y mamposter\u00eda<\/td>\n<td>X<\/td>\n<td>X<\/td>\n<\/tr>\n<tr>\n<td>ventanas insonorizantes<\/td>\n<td>X<\/td>\n<td><\/td>\n<\/tr>\n<tr>\n<td>conexiones de perfil, varillas de respaldo, tiras<\/td>\n<td><\/td>\n<td>X<\/td>\n<\/tr>\n<tr>\n<td><\/td>\n<td><\/td>\n<td><\/td>\n<\/tr>\n<tr>\n<td><strong>fachadas<\/strong><\/td>\n<td><\/td>\n<td><\/td>\n<\/tr>\n<tr>\n<td>juntas de dilataci\u00f3n en paneles de hormig\u00f3n de prefabricados edificios<\/td>\n<td>X<\/td>\n<td><\/td>\n<\/tr>\n<tr>\n<td>sistemas de aislamiento t\u00e9rmico conectados<\/td>\n<td>X<\/td>\n<td>X<\/td>\n<\/tr>\n<tr>\n<td>mamposter\u00eda de clinker<\/td>\n<td>X<\/td>\n<td><\/td>\n<\/tr>\n<tr>\n<td>elementos prefabricados de hormig\u00f3n, elementos s\u00e1ndwich x<\/td>\n<td>X<\/td>\n<td><\/td>\n<\/tr>\n<tr>\n<td>fachadas de piedra natural<\/td>\n<td>X<\/td>\n<td><\/td>\n<\/tr>\n<tr>\n<td>fachadas metalicas<\/td>\n<td>X<\/td>\n<td><\/td>\n<\/tr>\n<tr>\n<td>soportes para hormig\u00f3n colado in situ, encofrados<\/td>\n<td>X<\/td>\n<td>X<\/td>\n<\/tr>\n<tr>\n<td><\/td>\n<td><\/td>\n<td><\/td>\n<\/tr>\n<tr>\n<td><strong>Construcci\u00f3n de interiores<\/strong><\/td>\n<td><\/td>\n<td><\/td>\n<\/tr>\n<tr>\n<td>tabiques ligeros<\/td>\n<td>X<\/td>\n<td>X<\/td>\n<\/tr>\n<tr>\n<td><conexi\u00f3n estanca al techo inclinado<\/td>\n<td><\/td>\n<td>X<\/td>\n<\/tr>\n<\/tbody>\n<\/table>\n<\/div><\/section><\/p><\/div><div class='flex_column av-7vdpw-4b3a92f91d979a8cf84ec41de048c147 av_two_fifth  avia-builder-el-4  el_after_av_three_fifth  avia-builder-el-last  flex_column_div '     ><style type=\"text\/css\" data-created_by=\"avia_inline_auto\" id=\"style-css-av-la6w27vh-d7b57f753f613aa7ee8b47b24ee9f204\">\n.avia-image-container.av-la6w27vh-d7b57f753f613aa7ee8b47b24ee9f204 img.avia_image{\nbox-shadow:none;\n}\n.avia-image-container.av-la6w27vh-d7b57f753f613aa7ee8b47b24ee9f204 .av-image-caption-overlay-center{\ncolor:#ffffff;\n}\n<\/style>\n<div  class='avia-image-container av-la6w27vh-d7b57f753f613aa7ee8b47b24ee9f204 av-styling- avia-align-center  avia-builder-el-5  avia-builder-el-no-sibling '   itemprop=\"image\" itemscope=\"itemscope\" itemtype=\"https:\/\/schema.org\/ImageObject\" ><div class=\"avia-image-container-inner\"><div class=\"avia-image-overlay-wrap\"><img decoding=\"async\" class='wp-image-183 avia-img-lazy-loading-not-183 avia_image ' src=\"https:\/\/www.rmeyersl.com\/Vitoirmen\/wp-content\/uploads\/2022\/10\/Cinta-precomprimida-BG1-300-300x300.jpg\" alt='' title='Cinta precomprimida BG1-300'  height=\"300\" width=\"300\"  itemprop=\"thumbnailUrl\" srcset=\"https:\/\/www.rmeyersl.com\/Vitoirmen\/wp-content\/uploads\/2022\/10\/Cinta-precomprimida-BG1-300.jpg 300w, https:\/\/www.rmeyersl.com\/Vitoirmen\/wp-content\/uploads\/2022\/10\/Cinta-precomprimida-BG1-300-80x80.jpg 80w, https:\/\/www.rmeyersl.com\/Vitoirmen\/wp-content\/uploads\/2022\/10\/Cinta-precomprimida-BG1-300-36x36.jpg 36w, https:\/\/www.rmeyersl.com\/Vitoirmen\/wp-content\/uploads\/2022\/10\/Cinta-precomprimida-BG1-300-180x180.jpg 180w\" sizes=\"(max-width: 300px) 100vw, 300px\" \/><\/div><\/div><\/div><\/div><\/div><\/div><\/main><!-- close content main element --><\/div><\/div><div id='after_section_1'  class='main_color av_default_container_wrap container_wrap sidebar_right'  ><div class='container av-section-cont-open' ><div class='template-page content  av-content-small alpha units'><div class='post-entry post-entry-type-page post-entry-428'><div class='entry-content-wrapper clearfix'>\n","protected":false},"excerpt":{"rendered":"","protected":false},"author":1,"featured_media":0,"parent":135,"menu_order":0,"comment_status":"closed","ping_status":"closed","template":"","meta":{"footnotes":""},"class_list":["post-428","page","type-page","status-publish","hentry"],"yoast_head":"<!-- This site is optimized with the Yoast SEO plugin v19.10 - https:\/\/yoast.com\/wordpress\/plugins\/seo\/ -->\n<title>Cintas precomprimidas BG1 BG2 - Vito de R.Meyer<\/title>\n<meta name=\"robots\" content=\"index, follow, max-snippet:-1, max-image-preview:large, max-video-preview:-1\" \/>\n<link rel=\"canonical\" href=\"http:\/\/www.rmeyersl.com\/Vitoirmen\/construccion\/cintas-precomprimidas-bg1-bg2\/\" \/>\n<meta property=\"og:locale\" content=\"es_ES\" \/>\n<meta property=\"og:type\" content=\"article\" \/>\n<meta property=\"og:title\" content=\"Cintas precomprimidas BG1 BG2 - Vito de R.Meyer\" \/>\n<meta property=\"og:url\" content=\"http:\/\/www.rmeyersl.com\/Vitoirmen\/construccion\/cintas-precomprimidas-bg1-bg2\/\" \/>\n<meta property=\"og:site_name\" content=\"Vito de R.Meyer\" \/>\n<meta property=\"article:modified_time\" content=\"2022-11-25T10:02:23+00:00\" \/>\n<meta property=\"og:image\" content=\"https:\/\/www.rmeyersl.com\/Vitoirmen\/wp-content\/uploads\/2022\/11\/Aplicacion-BG1-BG2-300x300.jpg\" \/>\n<meta name=\"twitter:card\" content=\"summary_large_image\" \/>\n<meta name=\"twitter:label1\" content=\"Tiempo de lectura\" \/>\n\t<meta name=\"twitter:data1\" content=\"4 minutos\" \/>\n<script type=\"application\/ld+json\" class=\"yoast-schema-graph\">{\"@context\":\"https:\/\/schema.org\",\"@graph\":[{\"@type\":\"WebPage\",\"@id\":\"http:\/\/www.rmeyersl.com\/Vitoirmen\/construccion\/cintas-precomprimidas-bg1-bg2\/\",\"url\":\"http:\/\/www.rmeyersl.com\/Vitoirmen\/construccion\/cintas-precomprimidas-bg1-bg2\/\",\"name\":\"Cintas precomprimidas BG1 BG2 - Vito de R.Meyer\",\"isPartOf\":{\"@id\":\"http:\/\/www.rmeyersl.com\/Vitoirmen\/#website\"},\"datePublished\":\"2022-11-02T12:19:30+00:00\",\"dateModified\":\"2022-11-25T10:02:23+00:00\",\"breadcrumb\":{\"@id\":\"http:\/\/www.rmeyersl.com\/Vitoirmen\/construccion\/cintas-precomprimidas-bg1-bg2\/#breadcrumb\"},\"inLanguage\":\"es\",\"potentialAction\":[{\"@type\":\"ReadAction\",\"target\":[\"http:\/\/www.rmeyersl.com\/Vitoirmen\/construccion\/cintas-precomprimidas-bg1-bg2\/\"]}]},{\"@type\":\"BreadcrumbList\",\"@id\":\"http:\/\/www.rmeyersl.com\/Vitoirmen\/construccion\/cintas-precomprimidas-bg1-bg2\/#breadcrumb\",\"itemListElement\":[{\"@type\":\"ListItem\",\"position\":1,\"name\":\"Portada\",\"item\":\"http:\/\/www.rmeyersl.com\/Vitoirmen\/\"},{\"@type\":\"ListItem\",\"position\":2,\"name\":\"Construcci\u00f3n\",\"item\":\"http:\/\/www.rmeyersl.com\/Vitoirmen\/construccion\/\"},{\"@type\":\"ListItem\",\"position\":3,\"name\":\"Cintas precomprimidas BG1 BG2\"}]},{\"@type\":\"WebSite\",\"@id\":\"http:\/\/www.rmeyersl.com\/Vitoirmen\/#website\",\"url\":\"http:\/\/www.rmeyersl.com\/Vitoirmen\/\",\"name\":\"Vito de R.Meyer\",\"description\":\"Encuentra productos VITO para los sectores de energ\u00edas renovables, construcci\u00f3n, industria, automoci\u00f3n, medicina y vidrio\",\"potentialAction\":[{\"@type\":\"SearchAction\",\"target\":{\"@type\":\"EntryPoint\",\"urlTemplate\":\"http:\/\/www.rmeyersl.com\/Vitoirmen\/?s={search_term_string}\"},\"query-input\":\"required name=search_term_string\"}],\"inLanguage\":\"es\"}]}<\/script>\n<!-- \/ Yoast SEO plugin. -->","yoast_head_json":{"title":"Cintas precomprimidas BG1 BG2 - Vito de R.Meyer","robots":{"index":"index","follow":"follow","max-snippet":"max-snippet:-1","max-image-preview":"max-image-preview:large","max-video-preview":"max-video-preview:-1"},"canonical":"http:\/\/www.rmeyersl.com\/Vitoirmen\/construccion\/cintas-precomprimidas-bg1-bg2\/","og_locale":"es_ES","og_type":"article","og_title":"Cintas precomprimidas BG1 BG2 - Vito de R.Meyer","og_url":"http:\/\/www.rmeyersl.com\/Vitoirmen\/construccion\/cintas-precomprimidas-bg1-bg2\/","og_site_name":"Vito de R.Meyer","article_modified_time":"2022-11-25T10:02:23+00:00","og_image":[{"url":"https:\/\/www.rmeyersl.com\/Vitoirmen\/wp-content\/uploads\/2022\/11\/Aplicacion-BG1-BG2-300x300.jpg"}],"twitter_card":"summary_large_image","twitter_misc":{"Tiempo de lectura":"4 minutos"},"schema":{"@context":"https:\/\/schema.org","@graph":[{"@type":"WebPage","@id":"http:\/\/www.rmeyersl.com\/Vitoirmen\/construccion\/cintas-precomprimidas-bg1-bg2\/","url":"http:\/\/www.rmeyersl.com\/Vitoirmen\/construccion\/cintas-precomprimidas-bg1-bg2\/","name":"Cintas precomprimidas BG1 BG2 - Vito de R.Meyer","isPartOf":{"@id":"http:\/\/www.rmeyersl.com\/Vitoirmen\/#website"},"datePublished":"2022-11-02T12:19:30+00:00","dateModified":"2022-11-25T10:02:23+00:00","breadcrumb":{"@id":"http:\/\/www.rmeyersl.com\/Vitoirmen\/construccion\/cintas-precomprimidas-bg1-bg2\/#breadcrumb"},"inLanguage":"es","potentialAction":[{"@type":"ReadAction","target":["http:\/\/www.rmeyersl.com\/Vitoirmen\/construccion\/cintas-precomprimidas-bg1-bg2\/"]}]},{"@type":"BreadcrumbList","@id":"http:\/\/www.rmeyersl.com\/Vitoirmen\/construccion\/cintas-precomprimidas-bg1-bg2\/#breadcrumb","itemListElement":[{"@type":"ListItem","position":1,"name":"Portada","item":"http:\/\/www.rmeyersl.com\/Vitoirmen\/"},{"@type":"ListItem","position":2,"name":"Construcci\u00f3n","item":"http:\/\/www.rmeyersl.com\/Vitoirmen\/construccion\/"},{"@type":"ListItem","position":3,"name":"Cintas precomprimidas BG1 BG2"}]},{"@type":"WebSite","@id":"http:\/\/www.rmeyersl.com\/Vitoirmen\/#website","url":"http:\/\/www.rmeyersl.com\/Vitoirmen\/","name":"Vito de R.Meyer","description":"Encuentra productos VITO para los sectores de energ\u00edas renovables, construcci\u00f3n, industria, automoci\u00f3n, medicina y vidrio","potentialAction":[{"@type":"SearchAction","target":{"@type":"EntryPoint","urlTemplate":"http:\/\/www.rmeyersl.com\/Vitoirmen\/?s={search_term_string}"},"query-input":"required name=search_term_string"}],"inLanguage":"es"}]}},"_links":{"self":[{"href":"https:\/\/www.rmeyersl.com\/Vitoirmen\/wp-json\/wp\/v2\/pages\/428","targetHints":{"allow":["GET"]}}],"collection":[{"href":"https:\/\/www.rmeyersl.com\/Vitoirmen\/wp-json\/wp\/v2\/pages"}],"about":[{"href":"https:\/\/www.rmeyersl.com\/Vitoirmen\/wp-json\/wp\/v2\/types\/page"}],"author":[{"embeddable":true,"href":"https:\/\/www.rmeyersl.com\/Vitoirmen\/wp-json\/wp\/v2\/users\/1"}],"replies":[{"embeddable":true,"href":"https:\/\/www.rmeyersl.com\/Vitoirmen\/wp-json\/wp\/v2\/comments?post=428"}],"version-history":[{"count":19,"href":"https:\/\/www.rmeyersl.com\/Vitoirmen\/wp-json\/wp\/v2\/pages\/428\/revisions"}],"predecessor-version":[{"id":1345,"href":"https:\/\/www.rmeyersl.com\/Vitoirmen\/wp-json\/wp\/v2\/pages\/428\/revisions\/1345"}],"up":[{"embeddable":true,"href":"https:\/\/www.rmeyersl.com\/Vitoirmen\/wp-json\/wp\/v2\/pages\/135"}],"wp:attachment":[{"href":"https:\/\/www.rmeyersl.com\/Vitoirmen\/wp-json\/wp\/v2\/media?parent=428"}],"curies":[{"name":"wp","href":"https:\/\/api.w.org\/{rel}","templated":true}]}}