{"id":413,"date":"2022-11-02T12:02:15","date_gmt":"2022-11-02T12:02:15","guid":{"rendered":"http:\/\/www.rmeyersl.com\/Vitoirmen\/?page_id=413"},"modified":"2022-11-29T09:48:32","modified_gmt":"2022-11-29T09:48:32","slug":"vitoseal-100","status":"publish","type":"page","link":"https:\/\/www.rmeyersl.com\/Vitoirmen\/construccion\/vitoseal-100\/","title":{"rendered":"VITOSEAL 100"},"content":{"rendered":"<div id='av_section_1'  class='avia-section av-hrk8l-be91778565465fefbbb2fe1b636bf4b2 main_color avia-section-default avia-no-border-styling  avia-builder-el-0  avia-builder-el-no-sibling  avia-bg-style-scroll container_wrap sidebar_right'  ><div class='container av-section-cont-open' ><main  role=\"main\" itemprop=\"mainContentOfPage\"  class='template-page content  av-content-small alpha units'><div class='post-entry post-entry-type-page post-entry-413'><div class='entry-content-wrapper clearfix'>\n<div class='flex_column av-hd4y5-c8543c487e06f1958663d3d6b18a8676 av_three_fifth  avia-builder-el-1  el_before_av_two_fifth  avia-builder-el-first  first flex_column_div '     ><p>\n<style type=\"text\/css\" data-created_by=\"avia_inline_auto\" id=\"style-css-av-l9zlameo-ccba379794a766e1970fa73eaaf1f88d\">\n#top .av-special-heading.av-l9zlameo-ccba379794a766e1970fa73eaaf1f88d{\npadding-bottom:10px;\n}\nbody .av-special-heading.av-l9zlameo-ccba379794a766e1970fa73eaaf1f88d .av-special-heading-tag .heading-char{\nfont-size:25px;\n}\n.av-special-heading.av-l9zlameo-ccba379794a766e1970fa73eaaf1f88d .av-subheading{\nfont-size:15px;\n}\n<\/style>\n<div  class='av-special-heading av-l9zlameo-ccba379794a766e1970fa73eaaf1f88d av-special-heading-h1 blockquote modern-quote  avia-builder-el-2  el_before_av_textblock  avia-builder-el-first '><h1 class='av-special-heading-tag'  itemprop=\"headline\"  >VITOSEAL 100<\/h1><div class=\"special-heading-border\"><div class=\"special-heading-inner-border\"><\/div><\/div><\/div><br \/>\n<section  class='av_textblock_section av-l9zlbnd8-2f5eac35f67b444ccc366d4110ae893d'  itemscope=\"itemscope\" itemtype=\"https:\/\/schema.org\/CreativeWork\" ><div class='avia_textblock'  itemprop=\"text\" ><p>Las cintas de sellado son de aplicaci\u00f3n universal para el sellado de todo tipo de aplicaciones interiores y exteriores. Se caracterizan por buenas propiedades de sellado contra el aire, la humedad, el sonido, calor y fr\u00edo.<br \/>\nLa espuma de cloruro de polivinilo consiste en su mayor\u00eda de c\u00e9lulas cerradas. Un lado de la espuma se cubre con un adhesivo acr\u00edlico modificado. Los rollos se enrollan con la capa adhesiva hacia adentro (hacia arriba hasta un espesor de 10 mm; en anchos mayores, la capa de adhesivo est\u00e1 cubierta por un forro extra\u00edble). Las tiras de sellado presentan una buena resistencia mec\u00e1nica.<br \/>\nLa flexibilidad y suavidad permiten una adaptaci\u00f3n a superficies irregulares, resultando as\u00ed en un sellado \u00f3ptimo.<\/p>\n<p><strong>Caracter\u00edsticas<\/strong><\/p>\n<ul>\n<li>buen aislamiento t\u00e9rmico y ac\u00fastico<\/li>\n<li>alta flexibilidad a altas y bajas temperaturas<\/li>\n<li>absorci\u00f3n de sonido y vibraci\u00f3n<\/li>\n<li>superficie \/ piel cerrada y resistente a la abrasi\u00f3n<\/li>\n<li>buena resistencia a la intemperie y al envejecimiento<\/li>\n<li>resistencia a la temperatura desde -30 \u00b0C hasta 60 \u00b0C<\/li>\n<li>herm\u00e9tico por encima del 30 % de compresi\u00f3n (prueba U)<\/li>\n<li>permanentemente flexible<\/li>\n<li>inflamabilidad (FMVSS 302) \u2264100 mm\/min (6 mm)<\/li>\n<\/ul>\n<p>El producto no debe utilizarse en relaci\u00f3n con vidrio acr\u00edlico (PMMA, nombre comercial Plexiglas) porque la migraci\u00f3n de plastificantes puede causar grietas por tensi\u00f3n en materiales de PMMA a lo largo del tiempo. En caso de contacto directo con PMMA se recomienda elija otras espumas en lugar de PVC.<\/p>\n<p><strong>Dimensiones<\/strong><\/p>\n<ul>\n<li>autoadhesivo de una cara<\/li>\n<li>espesores desde 3 mm hasta 20 mm<\/li>\n<li>anchos desde 6 mm hasta 960 mm (dependiendo del grosor)<\/li>\n<li>longitud del rollo entre 5 y 30 m (dependiendo del grosor)<\/li>\n<li>versi\u00f3n est\u00e1ndar: densidad de 100 a 120 kg\/m\u00b3<\/li>\n<li>de color negro<\/li>\n<\/ul>\n<p>Otros colores, versiones y densidades de 130 a 350 kg\/m\u00b3 bajo pedido.<\/p>\n<\/div><\/section><\/p><\/div><div class='flex_column av-6lhp9-9199da20e31fe39c69b0ac745a5f197f av_two_fifth  avia-builder-el-4  el_after_av_three_fifth  el_before_av_button  flex_column_div '     ><style type=\"text\/css\" data-created_by=\"avia_inline_auto\" id=\"style-css-av-la88k6h3-54cfe341fb750fd8ea4079761046d883\">\n.avia-image-container.av-la88k6h3-54cfe341fb750fd8ea4079761046d883 img.avia_image{\nbox-shadow:none;\n}\n.avia-image-container.av-la88k6h3-54cfe341fb750fd8ea4079761046d883 .av-image-caption-overlay-center{\ncolor:#ffffff;\n}\n<\/style>\n<div  class='avia-image-container av-la88k6h3-54cfe341fb750fd8ea4079761046d883 av-styling- avia-align-center  avia-builder-el-5  avia-builder-el-no-sibling '   itemprop=\"image\" itemscope=\"itemscope\" itemtype=\"https:\/\/schema.org\/ImageObject\" ><div class=\"avia-image-container-inner\"><div class=\"avia-image-overlay-wrap\"><img decoding=\"async\" class='wp-image-944 avia-img-lazy-loading-not-944 avia_image ' src=\"https:\/\/www.rmeyersl.com\/Vitoirmen\/wp-content\/uploads\/2022\/11\/Vito_vitoseal-100-300-300x300.png\" alt='' title='Vito_vitoseal-100-300'  height=\"300\" width=\"300\"  itemprop=\"thumbnailUrl\" srcset=\"https:\/\/www.rmeyersl.com\/Vitoirmen\/wp-content\/uploads\/2022\/11\/Vito_vitoseal-100-300.png 300w, https:\/\/www.rmeyersl.com\/Vitoirmen\/wp-content\/uploads\/2022\/11\/Vito_vitoseal-100-300-80x80.png 80w, https:\/\/www.rmeyersl.com\/Vitoirmen\/wp-content\/uploads\/2022\/11\/Vito_vitoseal-100-300-36x36.png 36w, https:\/\/www.rmeyersl.com\/Vitoirmen\/wp-content\/uploads\/2022\/11\/Vito_vitoseal-100-300-180x180.png 180w\" sizes=\"(max-width: 300px) 100vw, 300px\" \/><\/div><\/div><\/div><\/div><div  class='avia-button-wrap av-lb21dsh0-4045721ffee5bbd2aa1e3300238d8125-wrap avia-button-center  avia-builder-el-6  el_after_av_two_fifth  avia-builder-el-last '><a href='https:\/\/vito-irmen.de\/produkte\/bau\/vitoseal\/?lang=en'  class='avia-button av-lb21dsh0-4045721ffee5bbd2aa1e3300238d8125 avia-icon_select-no avia-size-small avia-position-center avia-color-theme-color'  ><span class='avia_iconbox_title' >M\u00e1s Informaci\u00f3n<\/span><\/a><\/div>\n<\/div><\/div><\/main><!-- close content main element --><\/div><\/div><div id='after_section_1'  class='main_color av_default_container_wrap container_wrap sidebar_right'  ><div class='container av-section-cont-open' ><div class='template-page content  av-content-small alpha units'><div class='post-entry post-entry-type-page post-entry-413'><div class='entry-content-wrapper clearfix'>\n","protected":false},"excerpt":{"rendered":"","protected":false},"author":1,"featured_media":0,"parent":135,"menu_order":0,"comment_status":"closed","ping_status":"closed","template":"","meta":{"footnotes":""},"class_list":["post-413","page","type-page","status-publish","hentry"],"yoast_head":"<!-- This site is optimized with the Yoast SEO plugin v19.10 - https:\/\/yoast.com\/wordpress\/plugins\/seo\/ -->\n<title>VITOSEAL 100 - Vito de R.Meyer<\/title>\n<meta name=\"robots\" content=\"index, follow, max-snippet:-1, max-image-preview:large, max-video-preview:-1\" \/>\n<link rel=\"canonical\" href=\"https:\/\/www.rmeyersl.com\/Vitoirmen\/construccion\/vitoseal-100\/\" \/>\n<meta property=\"og:locale\" content=\"es_ES\" \/>\n<meta property=\"og:type\" content=\"article\" \/>\n<meta property=\"og:title\" content=\"VITOSEAL 100 - Vito de R.Meyer\" \/>\n<meta property=\"og:url\" content=\"https:\/\/www.rmeyersl.com\/Vitoirmen\/construccion\/vitoseal-100\/\" \/>\n<meta property=\"og:site_name\" content=\"Vito de R.Meyer\" \/>\n<meta property=\"article:modified_time\" content=\"2022-11-29T09:48:32+00:00\" \/>\n<meta name=\"twitter:card\" content=\"summary_large_image\" \/>\n<meta name=\"twitter:label1\" content=\"Tiempo de lectura\" \/>\n\t<meta name=\"twitter:data1\" content=\"4 minutos\" \/>\n<script type=\"application\/ld+json\" class=\"yoast-schema-graph\">{\"@context\":\"https:\/\/schema.org\",\"@graph\":[{\"@type\":\"WebPage\",\"@id\":\"https:\/\/www.rmeyersl.com\/Vitoirmen\/construccion\/vitoseal-100\/\",\"url\":\"https:\/\/www.rmeyersl.com\/Vitoirmen\/construccion\/vitoseal-100\/\",\"name\":\"VITOSEAL 100 - Vito de R.Meyer\",\"isPartOf\":{\"@id\":\"http:\/\/www.rmeyersl.com\/Vitoirmen\/#website\"},\"datePublished\":\"2022-11-02T12:02:15+00:00\",\"dateModified\":\"2022-11-29T09:48:32+00:00\",\"breadcrumb\":{\"@id\":\"https:\/\/www.rmeyersl.com\/Vitoirmen\/construccion\/vitoseal-100\/#breadcrumb\"},\"inLanguage\":\"es\",\"potentialAction\":[{\"@type\":\"ReadAction\",\"target\":[\"https:\/\/www.rmeyersl.com\/Vitoirmen\/construccion\/vitoseal-100\/\"]}]},{\"@type\":\"BreadcrumbList\",\"@id\":\"https:\/\/www.rmeyersl.com\/Vitoirmen\/construccion\/vitoseal-100\/#breadcrumb\",\"itemListElement\":[{\"@type\":\"ListItem\",\"position\":1,\"name\":\"Portada\",\"item\":\"http:\/\/www.rmeyersl.com\/Vitoirmen\/\"},{\"@type\":\"ListItem\",\"position\":2,\"name\":\"Construcci\u00f3n\",\"item\":\"http:\/\/www.rmeyersl.com\/Vitoirmen\/construccion\/\"},{\"@type\":\"ListItem\",\"position\":3,\"name\":\"VITOSEAL 100\"}]},{\"@type\":\"WebSite\",\"@id\":\"http:\/\/www.rmeyersl.com\/Vitoirmen\/#website\",\"url\":\"http:\/\/www.rmeyersl.com\/Vitoirmen\/\",\"name\":\"Vito de R.Meyer\",\"description\":\"Encuentra productos VITO para los sectores de energ\u00edas renovables, construcci\u00f3n, industria, automoci\u00f3n, medicina y vidrio\",\"potentialAction\":[{\"@type\":\"SearchAction\",\"target\":{\"@type\":\"EntryPoint\",\"urlTemplate\":\"http:\/\/www.rmeyersl.com\/Vitoirmen\/?s={search_term_string}\"},\"query-input\":\"required name=search_term_string\"}],\"inLanguage\":\"es\"}]}<\/script>\n<!-- \/ Yoast SEO plugin. -->","yoast_head_json":{"title":"VITOSEAL 100 - Vito de R.Meyer","robots":{"index":"index","follow":"follow","max-snippet":"max-snippet:-1","max-image-preview":"max-image-preview:large","max-video-preview":"max-video-preview:-1"},"canonical":"https:\/\/www.rmeyersl.com\/Vitoirmen\/construccion\/vitoseal-100\/","og_locale":"es_ES","og_type":"article","og_title":"VITOSEAL 100 - Vito de R.Meyer","og_url":"https:\/\/www.rmeyersl.com\/Vitoirmen\/construccion\/vitoseal-100\/","og_site_name":"Vito de R.Meyer","article_modified_time":"2022-11-29T09:48:32+00:00","twitter_card":"summary_large_image","twitter_misc":{"Tiempo de lectura":"4 minutos"},"schema":{"@context":"https:\/\/schema.org","@graph":[{"@type":"WebPage","@id":"https:\/\/www.rmeyersl.com\/Vitoirmen\/construccion\/vitoseal-100\/","url":"https:\/\/www.rmeyersl.com\/Vitoirmen\/construccion\/vitoseal-100\/","name":"VITOSEAL 100 - Vito de R.Meyer","isPartOf":{"@id":"http:\/\/www.rmeyersl.com\/Vitoirmen\/#website"},"datePublished":"2022-11-02T12:02:15+00:00","dateModified":"2022-11-29T09:48:32+00:00","breadcrumb":{"@id":"https:\/\/www.rmeyersl.com\/Vitoirmen\/construccion\/vitoseal-100\/#breadcrumb"},"inLanguage":"es","potentialAction":[{"@type":"ReadAction","target":["https:\/\/www.rmeyersl.com\/Vitoirmen\/construccion\/vitoseal-100\/"]}]},{"@type":"BreadcrumbList","@id":"https:\/\/www.rmeyersl.com\/Vitoirmen\/construccion\/vitoseal-100\/#breadcrumb","itemListElement":[{"@type":"ListItem","position":1,"name":"Portada","item":"http:\/\/www.rmeyersl.com\/Vitoirmen\/"},{"@type":"ListItem","position":2,"name":"Construcci\u00f3n","item":"http:\/\/www.rmeyersl.com\/Vitoirmen\/construccion\/"},{"@type":"ListItem","position":3,"name":"VITOSEAL 100"}]},{"@type":"WebSite","@id":"http:\/\/www.rmeyersl.com\/Vitoirmen\/#website","url":"http:\/\/www.rmeyersl.com\/Vitoirmen\/","name":"Vito de R.Meyer","description":"Encuentra productos VITO para los sectores de energ\u00edas renovables, construcci\u00f3n, industria, automoci\u00f3n, medicina y vidrio","potentialAction":[{"@type":"SearchAction","target":{"@type":"EntryPoint","urlTemplate":"http:\/\/www.rmeyersl.com\/Vitoirmen\/?s={search_term_string}"},"query-input":"required name=search_term_string"}],"inLanguage":"es"}]}},"_links":{"self":[{"href":"https:\/\/www.rmeyersl.com\/Vitoirmen\/wp-json\/wp\/v2\/pages\/413","targetHints":{"allow":["GET"]}}],"collection":[{"href":"https:\/\/www.rmeyersl.com\/Vitoirmen\/wp-json\/wp\/v2\/pages"}],"about":[{"href":"https:\/\/www.rmeyersl.com\/Vitoirmen\/wp-json\/wp\/v2\/types\/page"}],"author":[{"embeddable":true,"href":"https:\/\/www.rmeyersl.com\/Vitoirmen\/wp-json\/wp\/v2\/users\/1"}],"replies":[{"embeddable":true,"href":"https:\/\/www.rmeyersl.com\/Vitoirmen\/wp-json\/wp\/v2\/comments?post=413"}],"version-history":[{"count":9,"href":"https:\/\/www.rmeyersl.com\/Vitoirmen\/wp-json\/wp\/v2\/pages\/413\/revisions"}],"predecessor-version":[{"id":1462,"href":"https:\/\/www.rmeyersl.com\/Vitoirmen\/wp-json\/wp\/v2\/pages\/413\/revisions\/1462"}],"up":[{"embeddable":true,"href":"https:\/\/www.rmeyersl.com\/Vitoirmen\/wp-json\/wp\/v2\/pages\/135"}],"wp:attachment":[{"href":"https:\/\/www.rmeyersl.com\/Vitoirmen\/wp-json\/wp\/v2\/media?parent=413"}],"curies":[{"name":"wp","href":"https:\/\/api.w.org\/{rel}","templated":true}]}}