{"id":373,"date":"2022-10-31T13:10:17","date_gmt":"2022-10-31T13:10:17","guid":{"rendered":"http:\/\/www.rmeyersl.com\/Vitoirmen\/?page_id=373"},"modified":"2022-11-28T08:49:46","modified_gmt":"2022-11-28T08:49:46","slug":"vitominium-600-sv","status":"publish","type":"page","link":"https:\/\/www.rmeyersl.com\/Vitoirmen\/industria\/vitominium-600-sv\/","title":{"rendered":"VITOMINIUM 600 SV"},"content":{"rendered":"<div id='av_section_1'  class='avia-section av-82pkd-0ed6ee833bdf9d4e1a033bed1a3a1d93 main_color avia-section-default avia-no-border-styling  avia-builder-el-0  avia-builder-el-no-sibling  avia-bg-style-scroll container_wrap sidebar_right'  ><div class='container av-section-cont-open' ><main  role=\"main\" itemprop=\"mainContentOfPage\"  class='template-page content  av-content-small alpha units'><div class='post-entry post-entry-type-page post-entry-373'><div class='entry-content-wrapper clearfix'>\n<div class='flex_column av-1fd1x-5d7056881bf4d466bd3142becbf9d13c av_three_fifth  avia-builder-el-1  el_before_av_two_fifth  avia-builder-el-first  first flex_column_div '     ><p>\n<style type=\"text\/css\" data-created_by=\"avia_inline_auto\" id=\"style-css-av-l9wsuagp-1f5b652dfc2eeb9fa42553d1a14e785d\">\n#top .av-special-heading.av-l9wsuagp-1f5b652dfc2eeb9fa42553d1a14e785d{\npadding-bottom:10px;\n}\nbody .av-special-heading.av-l9wsuagp-1f5b652dfc2eeb9fa42553d1a14e785d .av-special-heading-tag .heading-char{\nfont-size:25px;\n}\n.av-special-heading.av-l9wsuagp-1f5b652dfc2eeb9fa42553d1a14e785d .av-subheading{\nfont-size:15px;\n}\n<\/style>\n<div  class='av-special-heading av-l9wsuagp-1f5b652dfc2eeb9fa42553d1a14e785d av-special-heading-h1 blockquote modern-quote  avia-builder-el-2  el_before_av_textblock  avia-builder-el-first '><h1 class='av-special-heading-tag'  itemprop=\"headline\"  >VITOMINIUM 600 SV<\/h1><div class=\"special-heading-border\"><div class=\"special-heading-inner-border\"><\/div><\/div><\/div><br \/>\n<section  class='av_textblock_section av-l9wt2e5j-c3dc730560649bbb191ba75177089966'  itemscope=\"itemscope\" itemtype=\"https:\/\/schema.org\/CreativeWork\" ><div class='avia_textblock'  itemprop=\"text\" ><p>Las cintas adhesivas VITOMINIUM son autoadhesivas de una cara, l\u00e1minas de aluminio puro conductoras de electricidad para aplicaciones de interior y exterior.<\/p>\n<p><strong>Aplicaciones:<\/strong><\/p>\n<ul>\n<li>Aire acondicionado, refrigeraci\u00f3n, construcci\u00f3n del sistema de ventilaci\u00f3n: aislamiento de tuber\u00edas y carcasas, sellado de conductos, barreras de vapor y humedad<\/li>\n<li>Encendiendo revestimiento de reflectores de luz y calor<\/li>\n<li>Aislamiento de edificios, construcci\u00f3n prefabricada y elementos de construcci\u00f3n: Sellado de elementos de cubierta plana, recubrimiento de juntas en sistemas de aislamiento laminados de aluminio, barreras de vapor y humedad, uni\u00f3n de bordes de paneles laminados, sellado de juntas de doble pared paneles de policarbonato<\/li>\n<li>Fabricaci\u00f3n de contenedores : Revestimiento impermeable al agua de mar y enmascaramiento de especiales envases y contenedores<\/li>\n<\/ul>\n<p><strong>Beneficios:\u00a0<\/strong><\/p>\n<ul>\n<li>buena fuerza adhesiva a diferentes superficies<\/li>\n<li>alta fuerza adhesiva inicial<\/li>\n<li>herm\u00e9tico al vapor de agua<\/li>\n<li>electroconductor<\/li>\n<li>alta estabilidad mec\u00e1nica<\/li>\n<li>retardante de llama<\/li>\n<li>resistente a la radiaci\u00f3n ultravioleta<\/li>\n<\/ul>\n<p><strong>Espesor:<\/strong>\u00a050 \u03bcm \/ 100 \u03bcm<\/p>\n<p><strong>Anchos:<\/strong>\u00a06 \u2013 1.000 mm (ancho \u00fatil m\u00e1x. 960 mm)<\/p>\n<p>es<\/p>\n<\/div><\/section><\/p><\/div><div class='flex_column av-qy71-08c817baba5993cef399cadfe4ff9ea0 av_two_fifth  avia-builder-el-4  el_after_av_three_fifth  el_before_av_button  flex_column_div '     ><style type=\"text\/css\" data-created_by=\"avia_inline_auto\" id=\"style-css-av-la6zp7y6-a928d7ff48468b43ec334b19e200f0ff\">\n.avia-image-container.av-la6zp7y6-a928d7ff48468b43ec334b19e200f0ff img.avia_image{\nbox-shadow:none;\n}\n.avia-image-container.av-la6zp7y6-a928d7ff48468b43ec334b19e200f0ff .av-image-caption-overlay-center{\ncolor:#ffffff;\n}\n<\/style>\n<div  class='avia-image-container av-la6zp7y6-a928d7ff48468b43ec334b19e200f0ff av-styling- avia-align-center  avia-builder-el-5  avia-builder-el-no-sibling '   itemprop=\"image\" itemscope=\"itemscope\" itemtype=\"https:\/\/schema.org\/ImageObject\" ><div class=\"avia-image-container-inner\"><div class=\"avia-image-overlay-wrap\"><img decoding=\"async\" class='wp-image-823 avia-img-lazy-loading-not-823 avia_image ' src=\"https:\/\/www.rmeyersl.com\/Vitoirmen\/wp-content\/uploads\/2022\/11\/Vito_kachelbild_600sv-1-300-300x300.png\" alt='' title='Vito_kachelbild_600sv-1-300'  height=\"300\" width=\"300\"  itemprop=\"thumbnailUrl\" srcset=\"https:\/\/www.rmeyersl.com\/Vitoirmen\/wp-content\/uploads\/2022\/11\/Vito_kachelbild_600sv-1-300.png 300w, https:\/\/www.rmeyersl.com\/Vitoirmen\/wp-content\/uploads\/2022\/11\/Vito_kachelbild_600sv-1-300-80x80.png 80w, https:\/\/www.rmeyersl.com\/Vitoirmen\/wp-content\/uploads\/2022\/11\/Vito_kachelbild_600sv-1-300-36x36.png 36w, https:\/\/www.rmeyersl.com\/Vitoirmen\/wp-content\/uploads\/2022\/11\/Vito_kachelbild_600sv-1-300-180x180.png 180w\" sizes=\"(max-width: 300px) 100vw, 300px\" \/><\/div><\/div><\/div><\/div><div  class='avia-button-wrap av-l9wt01ht-55254180d3a434a51986620b9b39ffc5-wrap avia-button-center  avia-builder-el-6  el_after_av_two_fifth  avia-builder-el-last '><a href='https:\/\/www.vito-irmen.de\/produkte\/industrie\/vito-metallklebebaender\/vitominium-600-sv\/?lang=en' class='avia-button av-l9wt01ht-55254180d3a434a51986620b9b39ffc5 avia-icon_select-no avia-size-large avia-position-center avia-color-theme-color' target=\"_blank\" rel=\"noopener noreferrer\"><span class='avia_iconbox_title' >M\u00e1s informaci\u00f3n<\/span><\/a><\/div>\n<\/div><\/div><\/main><!-- close content main element --><\/div><\/div><div id='after_section_1'  class='main_color av_default_container_wrap container_wrap sidebar_right'  ><div class='container av-section-cont-open' ><div class='template-page content  av-content-small alpha units'><div class='post-entry post-entry-type-page post-entry-373'><div class='entry-content-wrapper clearfix'>\n","protected":false},"excerpt":{"rendered":"","protected":false},"author":1,"featured_media":0,"parent":253,"menu_order":0,"comment_status":"closed","ping_status":"closed","template":"","meta":{"footnotes":""},"class_list":["post-373","page","type-page","status-publish","hentry"],"yoast_head":"<!-- This site is optimized with the Yoast SEO plugin v19.10 - https:\/\/yoast.com\/wordpress\/plugins\/seo\/ -->\n<title>VITOMINIUM 600 SV - Vito de R.Meyer<\/title>\n<meta name=\"robots\" content=\"index, follow, max-snippet:-1, max-image-preview:large, max-video-preview:-1\" \/>\n<link rel=\"canonical\" href=\"https:\/\/www.rmeyersl.com\/Vitoirmen\/industria\/vitominium-600-sv\/\" \/>\n<meta property=\"og:locale\" content=\"es_ES\" \/>\n<meta property=\"og:type\" content=\"article\" \/>\n<meta property=\"og:title\" content=\"VITOMINIUM 600 SV - Vito de R.Meyer\" \/>\n<meta property=\"og:url\" content=\"https:\/\/www.rmeyersl.com\/Vitoirmen\/industria\/vitominium-600-sv\/\" \/>\n<meta property=\"og:site_name\" content=\"Vito de R.Meyer\" \/>\n<meta property=\"article:modified_time\" content=\"2022-11-28T08:49:46+00:00\" \/>\n<meta name=\"twitter:card\" content=\"summary_large_image\" \/>\n<meta name=\"twitter:label1\" content=\"Tiempo de lectura\" \/>\n\t<meta name=\"twitter:data1\" content=\"4 minutos\" \/>\n<script type=\"application\/ld+json\" class=\"yoast-schema-graph\">{\"@context\":\"https:\/\/schema.org\",\"@graph\":[{\"@type\":\"WebPage\",\"@id\":\"https:\/\/www.rmeyersl.com\/Vitoirmen\/industria\/vitominium-600-sv\/\",\"url\":\"https:\/\/www.rmeyersl.com\/Vitoirmen\/industria\/vitominium-600-sv\/\",\"name\":\"VITOMINIUM 600 SV - Vito de R.Meyer\",\"isPartOf\":{\"@id\":\"http:\/\/www.rmeyersl.com\/Vitoirmen\/#website\"},\"datePublished\":\"2022-10-31T13:10:17+00:00\",\"dateModified\":\"2022-11-28T08:49:46+00:00\",\"breadcrumb\":{\"@id\":\"https:\/\/www.rmeyersl.com\/Vitoirmen\/industria\/vitominium-600-sv\/#breadcrumb\"},\"inLanguage\":\"es\",\"potentialAction\":[{\"@type\":\"ReadAction\",\"target\":[\"https:\/\/www.rmeyersl.com\/Vitoirmen\/industria\/vitominium-600-sv\/\"]}]},{\"@type\":\"BreadcrumbList\",\"@id\":\"https:\/\/www.rmeyersl.com\/Vitoirmen\/industria\/vitominium-600-sv\/#breadcrumb\",\"itemListElement\":[{\"@type\":\"ListItem\",\"position\":1,\"name\":\"Portada\",\"item\":\"http:\/\/www.rmeyersl.com\/Vitoirmen\/\"},{\"@type\":\"ListItem\",\"position\":2,\"name\":\"Industria\",\"item\":\"https:\/\/www.rmeyersl.com\/Vitoirmen\/industria\/\"},{\"@type\":\"ListItem\",\"position\":3,\"name\":\"VITOMINIUM 600 SV\"}]},{\"@type\":\"WebSite\",\"@id\":\"http:\/\/www.rmeyersl.com\/Vitoirmen\/#website\",\"url\":\"http:\/\/www.rmeyersl.com\/Vitoirmen\/\",\"name\":\"Vito de R.Meyer\",\"description\":\"Encuentra productos VITO para los sectores de energ\u00edas renovables, construcci\u00f3n, industria, automoci\u00f3n, medicina y vidrio\",\"potentialAction\":[{\"@type\":\"SearchAction\",\"target\":{\"@type\":\"EntryPoint\",\"urlTemplate\":\"http:\/\/www.rmeyersl.com\/Vitoirmen\/?s={search_term_string}\"},\"query-input\":\"required name=search_term_string\"}],\"inLanguage\":\"es\"}]}<\/script>\n<!-- \/ Yoast SEO plugin. -->","yoast_head_json":{"title":"VITOMINIUM 600 SV - Vito de R.Meyer","robots":{"index":"index","follow":"follow","max-snippet":"max-snippet:-1","max-image-preview":"max-image-preview:large","max-video-preview":"max-video-preview:-1"},"canonical":"https:\/\/www.rmeyersl.com\/Vitoirmen\/industria\/vitominium-600-sv\/","og_locale":"es_ES","og_type":"article","og_title":"VITOMINIUM 600 SV - Vito de R.Meyer","og_url":"https:\/\/www.rmeyersl.com\/Vitoirmen\/industria\/vitominium-600-sv\/","og_site_name":"Vito de R.Meyer","article_modified_time":"2022-11-28T08:49:46+00:00","twitter_card":"summary_large_image","twitter_misc":{"Tiempo de lectura":"4 minutos"},"schema":{"@context":"https:\/\/schema.org","@graph":[{"@type":"WebPage","@id":"https:\/\/www.rmeyersl.com\/Vitoirmen\/industria\/vitominium-600-sv\/","url":"https:\/\/www.rmeyersl.com\/Vitoirmen\/industria\/vitominium-600-sv\/","name":"VITOMINIUM 600 SV - Vito de R.Meyer","isPartOf":{"@id":"http:\/\/www.rmeyersl.com\/Vitoirmen\/#website"},"datePublished":"2022-10-31T13:10:17+00:00","dateModified":"2022-11-28T08:49:46+00:00","breadcrumb":{"@id":"https:\/\/www.rmeyersl.com\/Vitoirmen\/industria\/vitominium-600-sv\/#breadcrumb"},"inLanguage":"es","potentialAction":[{"@type":"ReadAction","target":["https:\/\/www.rmeyersl.com\/Vitoirmen\/industria\/vitominium-600-sv\/"]}]},{"@type":"BreadcrumbList","@id":"https:\/\/www.rmeyersl.com\/Vitoirmen\/industria\/vitominium-600-sv\/#breadcrumb","itemListElement":[{"@type":"ListItem","position":1,"name":"Portada","item":"http:\/\/www.rmeyersl.com\/Vitoirmen\/"},{"@type":"ListItem","position":2,"name":"Industria","item":"https:\/\/www.rmeyersl.com\/Vitoirmen\/industria\/"},{"@type":"ListItem","position":3,"name":"VITOMINIUM 600 SV"}]},{"@type":"WebSite","@id":"http:\/\/www.rmeyersl.com\/Vitoirmen\/#website","url":"http:\/\/www.rmeyersl.com\/Vitoirmen\/","name":"Vito de R.Meyer","description":"Encuentra productos VITO para los sectores de energ\u00edas renovables, construcci\u00f3n, industria, automoci\u00f3n, medicina y vidrio","potentialAction":[{"@type":"SearchAction","target":{"@type":"EntryPoint","urlTemplate":"http:\/\/www.rmeyersl.com\/Vitoirmen\/?s={search_term_string}"},"query-input":"required name=search_term_string"}],"inLanguage":"es"}]}},"_links":{"self":[{"href":"https:\/\/www.rmeyersl.com\/Vitoirmen\/wp-json\/wp\/v2\/pages\/373","targetHints":{"allow":["GET"]}}],"collection":[{"href":"https:\/\/www.rmeyersl.com\/Vitoirmen\/wp-json\/wp\/v2\/pages"}],"about":[{"href":"https:\/\/www.rmeyersl.com\/Vitoirmen\/wp-json\/wp\/v2\/types\/page"}],"author":[{"embeddable":true,"href":"https:\/\/www.rmeyersl.com\/Vitoirmen\/wp-json\/wp\/v2\/users\/1"}],"replies":[{"embeddable":true,"href":"https:\/\/www.rmeyersl.com\/Vitoirmen\/wp-json\/wp\/v2\/comments?post=373"}],"version-history":[{"count":11,"href":"https:\/\/www.rmeyersl.com\/Vitoirmen\/wp-json\/wp\/v2\/pages\/373\/revisions"}],"predecessor-version":[{"id":1396,"href":"https:\/\/www.rmeyersl.com\/Vitoirmen\/wp-json\/wp\/v2\/pages\/373\/revisions\/1396"}],"up":[{"embeddable":true,"href":"https:\/\/www.rmeyersl.com\/Vitoirmen\/wp-json\/wp\/v2\/pages\/253"}],"wp:attachment":[{"href":"https:\/\/www.rmeyersl.com\/Vitoirmen\/wp-json\/wp\/v2\/media?parent=373"}],"curies":[{"name":"wp","href":"https:\/\/api.w.org\/{rel}","templated":true}]}}