{"id":367,"date":"2022-10-31T13:05:07","date_gmt":"2022-10-31T13:05:07","guid":{"rendered":"http:\/\/www.rmeyersl.com\/Vitoirmen\/?page_id=367"},"modified":"2022-11-14T09:44:47","modified_gmt":"2022-11-14T09:44:47","slug":"vito-cobre-620","status":"publish","type":"page","link":"https:\/\/www.rmeyersl.com\/Vitoirmen\/industria\/vito-cobre-620\/","title":{"rendered":"VITO COBRE 620"},"content":{"rendered":"<div id='av_section_1'  class='avia-section av-7oo5r-9dfa455b1cab10a2f140791775f11b8d main_color avia-section-default avia-no-border-styling  avia-builder-el-0  avia-builder-el-no-sibling  avia-bg-style-scroll container_wrap sidebar_right'  ><div class='container av-section-cont-open' ><main  role=\"main\" itemprop=\"mainContentOfPage\"  class='template-page content  av-content-small alpha units'><div class='post-entry post-entry-type-page post-entry-367'><div class='entry-content-wrapper clearfix'>\n<div class='flex_column av-g5hxb-0d7d59252dcc5362de7cfb9a885fcbab av_three_fifth  avia-builder-el-1  el_before_av_two_fifth  avia-builder-el-first  first flex_column_div '     ><p>\n<style type=\"text\/css\" data-created_by=\"avia_inline_auto\" id=\"style-css-av-l9wsniy8-51a5271815287fb1033ee12bf5529dfc\">\n#top .av-special-heading.av-l9wsniy8-51a5271815287fb1033ee12bf5529dfc{\npadding-bottom:10px;\n}\nbody .av-special-heading.av-l9wsniy8-51a5271815287fb1033ee12bf5529dfc .av-special-heading-tag .heading-char{\nfont-size:25px;\n}\n.av-special-heading.av-l9wsniy8-51a5271815287fb1033ee12bf5529dfc .av-subheading{\nfont-size:15px;\n}\n<\/style>\n<div  class='av-special-heading av-l9wsniy8-51a5271815287fb1033ee12bf5529dfc av-special-heading-h1 blockquote modern-quote  avia-builder-el-2  el_before_av_textblock  avia-builder-el-first '><h1 class='av-special-heading-tag'  itemprop=\"headline\"  >VITOCOBRE 620<\/h1><div class=\"special-heading-border\"><div class=\"special-heading-inner-border\"><\/div><\/div><\/div><br \/>\n<section  class='av_textblock_section av-l9wsq8jb-8996cf33f6fd22e310d2deb90e86e9d8'  itemscope=\"itemscope\" itemtype=\"https:\/\/schema.org\/CreativeWork\" ><div class='avia_textblock'  itemprop=\"text\" ><p>Aplicaciones en ingenier\u00eda el\u00e9ctrica para producci\u00f3n conforme a EMC*, en particular interruptores y dispositivos de alarma. El producto tambi\u00e9n se utiliza como dispositivo de detecci\u00f3n en tecnolog\u00eda de alta frecuencia y derivar carga est\u00e1tica.<\/p>\n<p>Pel\u00edcula de cobre adhesiva de una cara para aplicaciones en interior y al aire libre<\/p>\n<p>Espesor: 35 \u03bcm \/ 100 \u03bcm<\/p>\n<p>Ancho: 6 \u2013 1.000 mm (ancho \u00fatil m\u00e1x. 960 mm)<\/p>\n<ul>\n<li>buena fuerza adhesiva en muchas superficies<\/li>\n<li>alta adherencia inicial (tack)<\/li>\n<li>muy buena capacidad de soldadura<\/li>\n<li>electroconductor<\/li>\n<li>conductor de calor<\/li>\n<\/ul>\n<\/div><\/section><\/p><\/div><div class='flex_column av-7g1z3-4404b6c8eb91c5d11ea2d2997117298e av_two_fifth  avia-builder-el-4  el_after_av_three_fifth  el_before_av_button  flex_column_div '     ><style type=\"text\/css\" data-created_by=\"avia_inline_auto\" id=\"style-css-av-la6za0mc-551ce2ac29ffa9a62160cba8f790502d\">\n.avia-image-container.av-la6za0mc-551ce2ac29ffa9a62160cba8f790502d img.avia_image{\nbox-shadow:none;\n}\n.avia-image-container.av-la6za0mc-551ce2ac29ffa9a62160cba8f790502d .av-image-caption-overlay-center{\ncolor:#ffffff;\n}\n<\/style>\n<div  class='avia-image-container av-la6za0mc-551ce2ac29ffa9a62160cba8f790502d av-styling- avia-align-center  avia-builder-el-5  avia-builder-el-no-sibling '   itemprop=\"image\" itemscope=\"itemscope\" itemtype=\"https:\/\/schema.org\/ImageObject\" ><div class=\"avia-image-container-inner\"><div class=\"avia-image-overlay-wrap\"><img decoding=\"async\" class='wp-image-831 avia-img-lazy-loading-not-831 avia_image ' src=\"https:\/\/www.rmeyersl.com\/Vitoirmen\/wp-content\/uploads\/2022\/11\/Vito_kachelbild_vitokupfer-1-300-300x300.png\" alt='' title='Vito_kachelbild_vitokupfer-1-300'  height=\"300\" width=\"300\"  itemprop=\"thumbnailUrl\" srcset=\"https:\/\/www.rmeyersl.com\/Vitoirmen\/wp-content\/uploads\/2022\/11\/Vito_kachelbild_vitokupfer-1-300.png 300w, https:\/\/www.rmeyersl.com\/Vitoirmen\/wp-content\/uploads\/2022\/11\/Vito_kachelbild_vitokupfer-1-300-80x80.png 80w, https:\/\/www.rmeyersl.com\/Vitoirmen\/wp-content\/uploads\/2022\/11\/Vito_kachelbild_vitokupfer-1-300-36x36.png 36w, https:\/\/www.rmeyersl.com\/Vitoirmen\/wp-content\/uploads\/2022\/11\/Vito_kachelbild_vitokupfer-1-300-180x180.png 180w\" sizes=\"(max-width: 300px) 100vw, 300px\" \/><\/div><\/div><\/div><\/div><div  class='avia-button-wrap av-l9wssd1q-9c53ada46e1bfc463aad1e1d62682345-wrap avia-button-center  avia-builder-el-6  el_after_av_two_fifth  avia-builder-el-last '><a href='https:\/\/www.vito-irmen.de\/produkte\/industrie\/vito-metallklebebaender\/vitokupfer-620\/?lang=en' class='avia-button av-l9wssd1q-9c53ada46e1bfc463aad1e1d62682345 avia-icon_select-no avia-size-large avia-position-center avia-color-theme-color' target=\"_blank\" rel=\"noopener noreferrer\"><span class='avia_iconbox_title' >M\u00e1s informaci\u00f3n<\/span><\/a><\/div>\n<\/div><\/div><\/main><!-- close content main element --><\/div><\/div><div id='after_section_1'  class='main_color av_default_container_wrap container_wrap sidebar_right'  ><div class='container av-section-cont-open' ><div class='template-page content  av-content-small alpha units'><div class='post-entry post-entry-type-page post-entry-367'><div class='entry-content-wrapper clearfix'>\n","protected":false},"excerpt":{"rendered":"","protected":false},"author":1,"featured_media":0,"parent":253,"menu_order":0,"comment_status":"closed","ping_status":"closed","template":"","meta":{"footnotes":""},"class_list":["post-367","page","type-page","status-publish","hentry"],"yoast_head":"<!-- This site is optimized with the Yoast SEO plugin v19.10 - https:\/\/yoast.com\/wordpress\/plugins\/seo\/ -->\n<title>VITO COBRE 620 - Vito de R.Meyer<\/title>\n<meta name=\"robots\" content=\"index, follow, max-snippet:-1, max-image-preview:large, max-video-preview:-1\" \/>\n<link rel=\"canonical\" href=\"https:\/\/www.rmeyersl.com\/Vitoirmen\/industria\/vito-cobre-620\/\" \/>\n<meta property=\"og:locale\" content=\"es_ES\" \/>\n<meta property=\"og:type\" content=\"article\" \/>\n<meta property=\"og:title\" content=\"VITO COBRE 620 - Vito de R.Meyer\" \/>\n<meta property=\"og:url\" content=\"https:\/\/www.rmeyersl.com\/Vitoirmen\/industria\/vito-cobre-620\/\" \/>\n<meta property=\"og:site_name\" content=\"Vito de R.Meyer\" \/>\n<meta property=\"article:modified_time\" content=\"2022-11-14T09:44:47+00:00\" \/>\n<meta name=\"twitter:card\" content=\"summary_large_image\" \/>\n<meta name=\"twitter:label1\" content=\"Tiempo de lectura\" \/>\n\t<meta name=\"twitter:data1\" content=\"11 minutos\" \/>\n<script type=\"application\/ld+json\" class=\"yoast-schema-graph\">{\"@context\":\"https:\/\/schema.org\",\"@graph\":[{\"@type\":\"WebPage\",\"@id\":\"https:\/\/www.rmeyersl.com\/Vitoirmen\/industria\/vito-cobre-620\/\",\"url\":\"https:\/\/www.rmeyersl.com\/Vitoirmen\/industria\/vito-cobre-620\/\",\"name\":\"VITO COBRE 620 - Vito de R.Meyer\",\"isPartOf\":{\"@id\":\"http:\/\/www.rmeyersl.com\/Vitoirmen\/#website\"},\"datePublished\":\"2022-10-31T13:05:07+00:00\",\"dateModified\":\"2022-11-14T09:44:47+00:00\",\"breadcrumb\":{\"@id\":\"https:\/\/www.rmeyersl.com\/Vitoirmen\/industria\/vito-cobre-620\/#breadcrumb\"},\"inLanguage\":\"es\",\"potentialAction\":[{\"@type\":\"ReadAction\",\"target\":[\"https:\/\/www.rmeyersl.com\/Vitoirmen\/industria\/vito-cobre-620\/\"]}]},{\"@type\":\"BreadcrumbList\",\"@id\":\"https:\/\/www.rmeyersl.com\/Vitoirmen\/industria\/vito-cobre-620\/#breadcrumb\",\"itemListElement\":[{\"@type\":\"ListItem\",\"position\":1,\"name\":\"Portada\",\"item\":\"http:\/\/www.rmeyersl.com\/Vitoirmen\/\"},{\"@type\":\"ListItem\",\"position\":2,\"name\":\"Industria\",\"item\":\"https:\/\/www.rmeyersl.com\/Vitoirmen\/industria\/\"},{\"@type\":\"ListItem\",\"position\":3,\"name\":\"VITO COBRE 620\"}]},{\"@type\":\"WebSite\",\"@id\":\"http:\/\/www.rmeyersl.com\/Vitoirmen\/#website\",\"url\":\"http:\/\/www.rmeyersl.com\/Vitoirmen\/\",\"name\":\"Vito de R.Meyer\",\"description\":\"Encuentra productos VITO para los sectores de energ\u00edas renovables, construcci\u00f3n, industria, automoci\u00f3n, medicina y vidrio\",\"potentialAction\":[{\"@type\":\"SearchAction\",\"target\":{\"@type\":\"EntryPoint\",\"urlTemplate\":\"http:\/\/www.rmeyersl.com\/Vitoirmen\/?s={search_term_string}\"},\"query-input\":\"required name=search_term_string\"}],\"inLanguage\":\"es\"}]}<\/script>\n<!-- \/ Yoast SEO plugin. -->","yoast_head_json":{"title":"VITO COBRE 620 - Vito de R.Meyer","robots":{"index":"index","follow":"follow","max-snippet":"max-snippet:-1","max-image-preview":"max-image-preview:large","max-video-preview":"max-video-preview:-1"},"canonical":"https:\/\/www.rmeyersl.com\/Vitoirmen\/industria\/vito-cobre-620\/","og_locale":"es_ES","og_type":"article","og_title":"VITO COBRE 620 - Vito de R.Meyer","og_url":"https:\/\/www.rmeyersl.com\/Vitoirmen\/industria\/vito-cobre-620\/","og_site_name":"Vito de R.Meyer","article_modified_time":"2022-11-14T09:44:47+00:00","twitter_card":"summary_large_image","twitter_misc":{"Tiempo de lectura":"11 minutos"},"schema":{"@context":"https:\/\/schema.org","@graph":[{"@type":"WebPage","@id":"https:\/\/www.rmeyersl.com\/Vitoirmen\/industria\/vito-cobre-620\/","url":"https:\/\/www.rmeyersl.com\/Vitoirmen\/industria\/vito-cobre-620\/","name":"VITO COBRE 620 - Vito de R.Meyer","isPartOf":{"@id":"http:\/\/www.rmeyersl.com\/Vitoirmen\/#website"},"datePublished":"2022-10-31T13:05:07+00:00","dateModified":"2022-11-14T09:44:47+00:00","breadcrumb":{"@id":"https:\/\/www.rmeyersl.com\/Vitoirmen\/industria\/vito-cobre-620\/#breadcrumb"},"inLanguage":"es","potentialAction":[{"@type":"ReadAction","target":["https:\/\/www.rmeyersl.com\/Vitoirmen\/industria\/vito-cobre-620\/"]}]},{"@type":"BreadcrumbList","@id":"https:\/\/www.rmeyersl.com\/Vitoirmen\/industria\/vito-cobre-620\/#breadcrumb","itemListElement":[{"@type":"ListItem","position":1,"name":"Portada","item":"http:\/\/www.rmeyersl.com\/Vitoirmen\/"},{"@type":"ListItem","position":2,"name":"Industria","item":"https:\/\/www.rmeyersl.com\/Vitoirmen\/industria\/"},{"@type":"ListItem","position":3,"name":"VITO COBRE 620"}]},{"@type":"WebSite","@id":"http:\/\/www.rmeyersl.com\/Vitoirmen\/#website","url":"http:\/\/www.rmeyersl.com\/Vitoirmen\/","name":"Vito de R.Meyer","description":"Encuentra productos VITO para los sectores de energ\u00edas renovables, construcci\u00f3n, industria, automoci\u00f3n, medicina y vidrio","potentialAction":[{"@type":"SearchAction","target":{"@type":"EntryPoint","urlTemplate":"http:\/\/www.rmeyersl.com\/Vitoirmen\/?s={search_term_string}"},"query-input":"required name=search_term_string"}],"inLanguage":"es"}]}},"_links":{"self":[{"href":"https:\/\/www.rmeyersl.com\/Vitoirmen\/wp-json\/wp\/v2\/pages\/367","targetHints":{"allow":["GET"]}}],"collection":[{"href":"https:\/\/www.rmeyersl.com\/Vitoirmen\/wp-json\/wp\/v2\/pages"}],"about":[{"href":"https:\/\/www.rmeyersl.com\/Vitoirmen\/wp-json\/wp\/v2\/types\/page"}],"author":[{"embeddable":true,"href":"https:\/\/www.rmeyersl.com\/Vitoirmen\/wp-json\/wp\/v2\/users\/1"}],"replies":[{"embeddable":true,"href":"https:\/\/www.rmeyersl.com\/Vitoirmen\/wp-json\/wp\/v2\/comments?post=367"}],"version-history":[{"count":7,"href":"https:\/\/www.rmeyersl.com\/Vitoirmen\/wp-json\/wp\/v2\/pages\/367\/revisions"}],"predecessor-version":[{"id":1111,"href":"https:\/\/www.rmeyersl.com\/Vitoirmen\/wp-json\/wp\/v2\/pages\/367\/revisions\/1111"}],"up":[{"embeddable":true,"href":"https:\/\/www.rmeyersl.com\/Vitoirmen\/wp-json\/wp\/v2\/pages\/253"}],"wp:attachment":[{"href":"https:\/\/www.rmeyersl.com\/Vitoirmen\/wp-json\/wp\/v2\/media?parent=367"}],"curies":[{"name":"wp","href":"https:\/\/api.w.org\/{rel}","templated":true}]}}