{"id":341,"date":"2022-10-31T12:35:46","date_gmt":"2022-10-31T12:35:46","guid":{"rendered":"http:\/\/www.rmeyersl.com\/Vitoirmen\/?page_id=341"},"modified":"2022-11-23T10:46:06","modified_gmt":"2022-11-23T10:46:06","slug":"vito-medmount-121-nt","status":"publish","type":"page","link":"https:\/\/www.rmeyersl.com\/Vitoirmen\/medicina\/vito-medmount-121-nt\/","title":{"rendered":"VITO Medmount 121 NT"},"content":{"rendered":"<div id='av_section_1'  class='avia-section av-b5srp-9b3688aeee68d6fe2033ccdfb70f6650 main_color avia-section-default avia-no-border-styling  avia-builder-el-0  avia-builder-el-no-sibling  avia-bg-style-scroll container_wrap sidebar_right'  ><div class='container av-section-cont-open' ><main  role=\"main\" itemprop=\"mainContentOfPage\"  class='template-page content  av-content-small alpha units'><div class='post-entry post-entry-type-page post-entry-341'><div class='entry-content-wrapper clearfix'>\n<div class='flex_column av-dber1-5937dedc6c4b6368b1ebc3dbf7096ec6 av_three_fifth  avia-builder-el-1  el_before_av_two_fifth  avia-builder-el-first  first flex_column_div '     ><p>\n<style type=\"text\/css\" data-created_by=\"avia_inline_auto\" id=\"style-css-av-l9wrlqrj-4fbabf336e76c1d7759bc5c710a7a142\">\n#top .av-special-heading.av-l9wrlqrj-4fbabf336e76c1d7759bc5c710a7a142{\npadding-bottom:10px;\n}\nbody .av-special-heading.av-l9wrlqrj-4fbabf336e76c1d7759bc5c710a7a142 .av-special-heading-tag .heading-char{\nfont-size:25px;\n}\n.av-special-heading.av-l9wrlqrj-4fbabf336e76c1d7759bc5c710a7a142 .av-subheading{\nfont-size:15px;\n}\n<\/style>\n<div  class='av-special-heading av-l9wrlqrj-4fbabf336e76c1d7759bc5c710a7a142 av-special-heading-h2 blockquote modern-quote  avia-builder-el-2  el_before_av_textblock  avia-builder-el-first '><h2 class='av-special-heading-tag'  itemprop=\"headline\"  >VITO Medmount 121 NT<\/h2><div class=\"special-heading-border\"><div class=\"special-heading-inner-border\"><\/div><\/div><\/div><br \/>\n<section  class='av_textblock_section av-l9wrmpsa-e5c1a953fc15cf33e10efa2eacad3d4c'  itemscope=\"itemscope\" itemtype=\"https:\/\/schema.org\/CreativeWork\" ><div class='avia_textblock'  itemprop=\"text\" ><p>Se utiliza para fabricar electrodos neutros y otros productos m\u00e9dicos. Apropiado para aplicaciones sobre la piel. La espuma tiene un tratamiento superficial para una mejor afinidad con adhesivos y tintas.<\/p>\n<\/div><\/section><br \/>\n\n<style type=\"text\/css\" data-created_by=\"avia_inline_auto\" id=\"style-css-av-lab5bogy-673b31ef904d07a462925718475cb673\">\n#top .av-special-heading.av-lab5bogy-673b31ef904d07a462925718475cb673{\npadding-bottom:10px;\n}\nbody .av-special-heading.av-lab5bogy-673b31ef904d07a462925718475cb673 .av-special-heading-tag .heading-char{\nfont-size:25px;\n}\n.av-special-heading.av-lab5bogy-673b31ef904d07a462925718475cb673 .av-subheading{\nfont-size:15px;\n}\n<\/style>\n<div  class='av-special-heading av-lab5bogy-673b31ef904d07a462925718475cb673 av-special-heading-h2 blockquote modern-quote  avia-builder-el-4  el_after_av_textblock  el_before_av_textblock '><h2 class='av-special-heading-tag'  itemprop=\"headline\"  >VITO MEDMOUNT LTM<\/h2><div class=\"special-heading-border\"><div class=\"special-heading-inner-border\"><\/div><\/div><\/div><br \/>\n<section  class='av_textblock_section av-lab5c93k-5c13bcca99059af2f26d2eed32ed1521'  itemscope=\"itemscope\" itemtype=\"https:\/\/schema.org\/CreativeWork\" ><div class='avia_textblock'  itemprop=\"text\" ><p>Desarrollado para la fabricaci\u00f3n de electrodos multiprop\u00f3sito, para uso en todas las aplicaciones de ECG. Apropiado para aplicaciones sobre la piel. La espuma tiene un tratamiento superficial para una mejor afinidad con adhesivos y tintas.<\/p>\n<\/div><\/section><\/p><\/div><div class='flex_column av-allx1-cd695d38dca9970b38786a2204ab713a av_two_fifth  avia-builder-el-6  el_after_av_three_fifth  el_before_av_button  flex_column_div '     ><style type=\"text\/css\" data-created_by=\"avia_inline_auto\" id=\"style-css-av-la6zz8qx-b6463701836c3ba4ee533574f003b573\">\n.avia-image-container.av-la6zz8qx-b6463701836c3ba4ee533574f003b573 img.avia_image{\nbox-shadow:none;\n}\n.avia-image-container.av-la6zz8qx-b6463701836c3ba4ee533574f003b573 .av-image-caption-overlay-center{\ncolor:#ffffff;\n}\n<\/style>\n<div  class='avia-image-container av-la6zz8qx-b6463701836c3ba4ee533574f003b573 av-styling- avia-align-center  avia-builder-el-7  avia-builder-el-no-sibling '   itemprop=\"image\" itemscope=\"itemscope\" itemtype=\"https:\/\/schema.org\/ImageObject\" ><div class=\"avia-image-container-inner\"><div class=\"avia-image-overlay-wrap\"><img decoding=\"async\" class='wp-image-613 avia-img-lazy-loading-not-613 avia_image ' src=\"https:\/\/www.rmeyersl.com\/Vitoirmen\/wp-content\/uploads\/2022\/11\/Vito-Medmount-300-300x300.jpg\" alt='' title='CREATOR: gd-jpeg v1.0 (using IJG JPEG v62), quality = 82'  height=\"300\" width=\"300\"  itemprop=\"thumbnailUrl\" srcset=\"https:\/\/www.rmeyersl.com\/Vitoirmen\/wp-content\/uploads\/2022\/11\/Vito-Medmount-300.jpg 300w, https:\/\/www.rmeyersl.com\/Vitoirmen\/wp-content\/uploads\/2022\/11\/Vito-Medmount-300-80x80.jpg 80w, https:\/\/www.rmeyersl.com\/Vitoirmen\/wp-content\/uploads\/2022\/11\/Vito-Medmount-300-36x36.jpg 36w, https:\/\/www.rmeyersl.com\/Vitoirmen\/wp-content\/uploads\/2022\/11\/Vito-Medmount-300-180x180.jpg 180w\" sizes=\"(max-width: 300px) 100vw, 300px\" \/><\/div><\/div><\/div><\/div><div  class='avia-button-wrap av-lab5cmih-3586eb4b3463f5d8f28d9f2b569491d8-wrap avia-button-center  avia-builder-el-8  el_after_av_two_fifth  avia-builder-el-last '><a href='https:\/\/www.vito-irmen.de\/produkte\/medizintechnik\/vito-medmount\/?lang=en' class='avia-button av-lab5cmih-3586eb4b3463f5d8f28d9f2b569491d8 avia-icon_select-no avia-size-large avia-position-center avia-color-theme-color' target=\"_blank\" rel=\"noopener noreferrer\"><span class='avia_iconbox_title' >M\u00e1s informaci\u00f3n<\/span><\/a><\/div>\n<\/div><\/div><\/main><!-- close content main element --><\/div><\/div><div id='after_section_1'  class='main_color av_default_container_wrap container_wrap sidebar_right'  ><div class='container av-section-cont-open' ><div class='template-page content  av-content-small alpha units'><div class='post-entry post-entry-type-page post-entry-341'><div class='entry-content-wrapper clearfix'>\n","protected":false},"excerpt":{"rendered":"","protected":false},"author":1,"featured_media":0,"parent":255,"menu_order":0,"comment_status":"closed","ping_status":"closed","template":"","meta":{"footnotes":""},"class_list":["post-341","page","type-page","status-publish","hentry"],"yoast_head":"<!-- This site is optimized with the Yoast SEO plugin v19.10 - https:\/\/yoast.com\/wordpress\/plugins\/seo\/ -->\n<title>VITO Medmount 121 NT - Vito de R.Meyer<\/title>\n<meta name=\"robots\" content=\"index, follow, max-snippet:-1, max-image-preview:large, max-video-preview:-1\" \/>\n<link rel=\"canonical\" href=\"http:\/\/www.rmeyersl.com\/Vitoirmen\/medicina\/vito-medmount-121-nt\/\" \/>\n<meta property=\"og:locale\" content=\"es_ES\" \/>\n<meta property=\"og:type\" content=\"article\" \/>\n<meta property=\"og:title\" content=\"VITO Medmount 121 NT - Vito de R.Meyer\" \/>\n<meta property=\"og:url\" content=\"http:\/\/www.rmeyersl.com\/Vitoirmen\/medicina\/vito-medmount-121-nt\/\" \/>\n<meta property=\"og:site_name\" content=\"Vito de R.Meyer\" \/>\n<meta property=\"article:modified_time\" content=\"2022-11-23T10:46:06+00:00\" \/>\n<meta name=\"twitter:card\" content=\"summary_large_image\" \/>\n<meta name=\"twitter:label1\" content=\"Tiempo de lectura\" \/>\n\t<meta name=\"twitter:data1\" content=\"12 minutos\" \/>\n<script type=\"application\/ld+json\" class=\"yoast-schema-graph\">{\"@context\":\"https:\/\/schema.org\",\"@graph\":[{\"@type\":\"WebPage\",\"@id\":\"http:\/\/www.rmeyersl.com\/Vitoirmen\/medicina\/vito-medmount-121-nt\/\",\"url\":\"http:\/\/www.rmeyersl.com\/Vitoirmen\/medicina\/vito-medmount-121-nt\/\",\"name\":\"VITO Medmount 121 NT - Vito de R.Meyer\",\"isPartOf\":{\"@id\":\"http:\/\/www.rmeyersl.com\/Vitoirmen\/#website\"},\"datePublished\":\"2022-10-31T12:35:46+00:00\",\"dateModified\":\"2022-11-23T10:46:06+00:00\",\"breadcrumb\":{\"@id\":\"http:\/\/www.rmeyersl.com\/Vitoirmen\/medicina\/vito-medmount-121-nt\/#breadcrumb\"},\"inLanguage\":\"es\",\"potentialAction\":[{\"@type\":\"ReadAction\",\"target\":[\"http:\/\/www.rmeyersl.com\/Vitoirmen\/medicina\/vito-medmount-121-nt\/\"]}]},{\"@type\":\"BreadcrumbList\",\"@id\":\"http:\/\/www.rmeyersl.com\/Vitoirmen\/medicina\/vito-medmount-121-nt\/#breadcrumb\",\"itemListElement\":[{\"@type\":\"ListItem\",\"position\":1,\"name\":\"Portada\",\"item\":\"http:\/\/www.rmeyersl.com\/Vitoirmen\/\"},{\"@type\":\"ListItem\",\"position\":2,\"name\":\"Medicina\",\"item\":\"https:\/\/www.rmeyersl.com\/Vitoirmen\/medicina\/\"},{\"@type\":\"ListItem\",\"position\":3,\"name\":\"VITO Medmount 121 NT\"}]},{\"@type\":\"WebSite\",\"@id\":\"http:\/\/www.rmeyersl.com\/Vitoirmen\/#website\",\"url\":\"http:\/\/www.rmeyersl.com\/Vitoirmen\/\",\"name\":\"Vito de R.Meyer\",\"description\":\"Encuentra productos VITO para los sectores de energ\u00edas renovables, construcci\u00f3n, industria, automoci\u00f3n, medicina y vidrio\",\"potentialAction\":[{\"@type\":\"SearchAction\",\"target\":{\"@type\":\"EntryPoint\",\"urlTemplate\":\"http:\/\/www.rmeyersl.com\/Vitoirmen\/?s={search_term_string}\"},\"query-input\":\"required name=search_term_string\"}],\"inLanguage\":\"es\"}]}<\/script>\n<!-- \/ Yoast SEO plugin. -->","yoast_head_json":{"title":"VITO Medmount 121 NT - Vito de R.Meyer","robots":{"index":"index","follow":"follow","max-snippet":"max-snippet:-1","max-image-preview":"max-image-preview:large","max-video-preview":"max-video-preview:-1"},"canonical":"http:\/\/www.rmeyersl.com\/Vitoirmen\/medicina\/vito-medmount-121-nt\/","og_locale":"es_ES","og_type":"article","og_title":"VITO Medmount 121 NT - Vito de R.Meyer","og_url":"http:\/\/www.rmeyersl.com\/Vitoirmen\/medicina\/vito-medmount-121-nt\/","og_site_name":"Vito de R.Meyer","article_modified_time":"2022-11-23T10:46:06+00:00","twitter_card":"summary_large_image","twitter_misc":{"Tiempo de lectura":"12 minutos"},"schema":{"@context":"https:\/\/schema.org","@graph":[{"@type":"WebPage","@id":"http:\/\/www.rmeyersl.com\/Vitoirmen\/medicina\/vito-medmount-121-nt\/","url":"http:\/\/www.rmeyersl.com\/Vitoirmen\/medicina\/vito-medmount-121-nt\/","name":"VITO Medmount 121 NT - Vito de R.Meyer","isPartOf":{"@id":"http:\/\/www.rmeyersl.com\/Vitoirmen\/#website"},"datePublished":"2022-10-31T12:35:46+00:00","dateModified":"2022-11-23T10:46:06+00:00","breadcrumb":{"@id":"http:\/\/www.rmeyersl.com\/Vitoirmen\/medicina\/vito-medmount-121-nt\/#breadcrumb"},"inLanguage":"es","potentialAction":[{"@type":"ReadAction","target":["http:\/\/www.rmeyersl.com\/Vitoirmen\/medicina\/vito-medmount-121-nt\/"]}]},{"@type":"BreadcrumbList","@id":"http:\/\/www.rmeyersl.com\/Vitoirmen\/medicina\/vito-medmount-121-nt\/#breadcrumb","itemListElement":[{"@type":"ListItem","position":1,"name":"Portada","item":"http:\/\/www.rmeyersl.com\/Vitoirmen\/"},{"@type":"ListItem","position":2,"name":"Medicina","item":"https:\/\/www.rmeyersl.com\/Vitoirmen\/medicina\/"},{"@type":"ListItem","position":3,"name":"VITO Medmount 121 NT"}]},{"@type":"WebSite","@id":"http:\/\/www.rmeyersl.com\/Vitoirmen\/#website","url":"http:\/\/www.rmeyersl.com\/Vitoirmen\/","name":"Vito de R.Meyer","description":"Encuentra productos VITO para los sectores de energ\u00edas renovables, construcci\u00f3n, industria, automoci\u00f3n, medicina y vidrio","potentialAction":[{"@type":"SearchAction","target":{"@type":"EntryPoint","urlTemplate":"http:\/\/www.rmeyersl.com\/Vitoirmen\/?s={search_term_string}"},"query-input":"required name=search_term_string"}],"inLanguage":"es"}]}},"_links":{"self":[{"href":"https:\/\/www.rmeyersl.com\/Vitoirmen\/wp-json\/wp\/v2\/pages\/341","targetHints":{"allow":["GET"]}}],"collection":[{"href":"https:\/\/www.rmeyersl.com\/Vitoirmen\/wp-json\/wp\/v2\/pages"}],"about":[{"href":"https:\/\/www.rmeyersl.com\/Vitoirmen\/wp-json\/wp\/v2\/types\/page"}],"author":[{"embeddable":true,"href":"https:\/\/www.rmeyersl.com\/Vitoirmen\/wp-json\/wp\/v2\/users\/1"}],"replies":[{"embeddable":true,"href":"https:\/\/www.rmeyersl.com\/Vitoirmen\/wp-json\/wp\/v2\/comments?post=341"}],"version-history":[{"count":14,"href":"https:\/\/www.rmeyersl.com\/Vitoirmen\/wp-json\/wp\/v2\/pages\/341\/revisions"}],"predecessor-version":[{"id":1200,"href":"https:\/\/www.rmeyersl.com\/Vitoirmen\/wp-json\/wp\/v2\/pages\/341\/revisions\/1200"}],"up":[{"embeddable":true,"href":"https:\/\/www.rmeyersl.com\/Vitoirmen\/wp-json\/wp\/v2\/pages\/255"}],"wp:attachment":[{"href":"https:\/\/www.rmeyersl.com\/Vitoirmen\/wp-json\/wp\/v2\/media?parent=341"}],"curies":[{"name":"wp","href":"https:\/\/api.w.org\/{rel}","templated":true}]}}