{"id":334,"date":"2022-10-31T12:29:47","date_gmt":"2022-10-31T12:29:47","guid":{"rendered":"http:\/\/www.rmeyersl.com\/Vitoirmen\/?page_id=334"},"modified":"2022-11-23T10:47:59","modified_gmt":"2022-11-23T10:47:59","slug":"vito-stressmount-rm-120","status":"publish","type":"page","link":"https:\/\/www.rmeyersl.com\/Vitoirmen\/medicina\/vito-stressmount-rm-120\/","title":{"rendered":"VITO Stressmount RM 120"},"content":{"rendered":"<div id='av_section_1'  class='avia-section av-9qq12-fe6fdc5b742525989cbb050f906d9636 main_color avia-section-default avia-no-border-styling  avia-builder-el-0  el_before_av_section  avia-builder-el-first  avia-bg-style-scroll container_wrap sidebar_right'  ><div class='container av-section-cont-open' ><main  role=\"main\" itemprop=\"mainContentOfPage\"  class='template-page content  av-content-small alpha units'><div class='post-entry post-entry-type-page post-entry-334'><div class='entry-content-wrapper clearfix'>\n<div class='flex_column av-gx0n2-fb41ccc591b81f03eae2fd241242140f av_three_fifth  avia-builder-el-1  el_before_av_two_fifth  avia-builder-el-first  first no_margin flex_column_div '     ><p>\n<style type=\"text\/css\" data-created_by=\"avia_inline_auto\" id=\"style-css-av-l9wre7vd-9e6fd8ac6f80e814f0797c4e3d3bb82c\">\n#top .av-special-heading.av-l9wre7vd-9e6fd8ac6f80e814f0797c4e3d3bb82c{\npadding-bottom:10px;\n}\nbody .av-special-heading.av-l9wre7vd-9e6fd8ac6f80e814f0797c4e3d3bb82c .av-special-heading-tag .heading-char{\nfont-size:25px;\n}\n.av-special-heading.av-l9wre7vd-9e6fd8ac6f80e814f0797c4e3d3bb82c .av-subheading{\nfont-size:15px;\n}\n<\/style>\n<div  class='av-special-heading av-l9wre7vd-9e6fd8ac6f80e814f0797c4e3d3bb82c av-special-heading-h2 blockquote modern-quote  avia-builder-el-2  el_before_av_textblock  avia-builder-el-first '><h2 class='av-special-heading-tag'  itemprop=\"headline\"  >VITO Stressmount RM 120<\/h2><div class=\"special-heading-border\"><div class=\"special-heading-inner-border\"><\/div><\/div><\/div><br \/>\n<section  class='av_textblock_section av-l9wrejqk-a40a476597d5f775b6fb76f2cf41685b'  itemscope=\"itemscope\" itemtype=\"https:\/\/schema.org\/CreativeWork\" ><div class='avia_textblock'  itemprop=\"text\" ><p><strong>Autoadhesivo de una cara<\/strong> se desarroll\u00f3 como material base para electrodos de ECG y otros productos para el cuidado m\u00e9dico. Adecuado para la adhesi\u00f3n sobre la piel humana.<\/p>\n<p>La fuerza adhesiva permanente es fuerte, incluso bajo tensi\u00f3n prolongada con fuerte transpiraci\u00f3n y un alto nivel de calor en la piel.<\/p>\n<\/div><\/section><br \/>\n\n<style type=\"text\/css\" data-created_by=\"avia_inline_auto\" id=\"style-css-av-lab542cv-f24448dd9dd53aa3d75c52dd180dd4ff\">\n#top .av-special-heading.av-lab542cv-f24448dd9dd53aa3d75c52dd180dd4ff{\npadding-bottom:10px;\n}\nbody .av-special-heading.av-lab542cv-f24448dd9dd53aa3d75c52dd180dd4ff .av-special-heading-tag .heading-char{\nfont-size:25px;\n}\n.av-special-heading.av-lab542cv-f24448dd9dd53aa3d75c52dd180dd4ff .av-subheading{\nfont-size:15px;\n}\n<\/style>\n<div  class='av-special-heading av-lab542cv-f24448dd9dd53aa3d75c52dd180dd4ff av-special-heading-h2 blockquote modern-quote  avia-builder-el-4  el_after_av_textblock  el_before_av_textblock '><h2 class='av-special-heading-tag'  itemprop=\"headline\"  >VITO STRESSMOUNT RM 120 DSK PW<\/h2><div class=\"special-heading-border\"><div class=\"special-heading-inner-border\"><\/div><\/div><\/div><br \/>\n<section  class='av_textblock_section av-lab54i7h-49dfa5e3e6dc074d66795ea5a92c7a58'  itemscope=\"itemscope\" itemtype=\"https:\/\/schema.org\/CreativeWork\" ><div class='avia_textblock'  itemprop=\"text\" ><p><strong>Autoadhesivo de doble cara<\/strong> se desarroll\u00f3 como material base para electrodos de ECG y otros productos m\u00e9dicos.<\/p>\n<p>La fuerza adhesiva permanente es particularmente fuerte, incluso bajo tensi\u00f3n prolongada con fuerte transpiraci\u00f3n y un alto nivel de calor en la piel.<\/p>\n<\/div><\/section><\/p><\/div><div class='flex_column av-6u4li-11e7505864611444e7231b6957d04b6e av_two_fifth  avia-builder-el-6  el_after_av_three_fifth  avia-builder-el-last  no_margin flex_column_div '     ><style type=\"text\/css\" data-created_by=\"avia_inline_auto\" id=\"style-css-av-la701n9c-0983348c8f5759f1bc3ef52dc6ad4eb7\">\n.avia-image-container.av-la701n9c-0983348c8f5759f1bc3ef52dc6ad4eb7 img.avia_image{\nbox-shadow:none;\n}\n.avia-image-container.av-la701n9c-0983348c8f5759f1bc3ef52dc6ad4eb7 .av-image-caption-overlay-center{\ncolor:#ffffff;\n}\n<\/style>\n<div  class='avia-image-container av-la701n9c-0983348c8f5759f1bc3ef52dc6ad4eb7 av-styling- avia-align-center  avia-builder-el-7  avia-builder-el-no-sibling '   itemprop=\"image\" itemscope=\"itemscope\" itemtype=\"https:\/\/schema.org\/ImageObject\" ><div class=\"avia-image-container-inner\"><div class=\"avia-image-overlay-wrap\"><img decoding=\"async\" class='wp-image-612 avia-img-lazy-loading-not-612 avia_image ' src=\"https:\/\/www.rmeyersl.com\/Vitoirmen\/wp-content\/uploads\/2022\/11\/Vito-Stressmount-300-1-300x300.jpg\" alt='' title='CREATOR: gd-jpeg v1.0 (using IJG JPEG v62), quality = 82'  height=\"300\" width=\"300\"  itemprop=\"thumbnailUrl\" srcset=\"https:\/\/www.rmeyersl.com\/Vitoirmen\/wp-content\/uploads\/2022\/11\/Vito-Stressmount-300-1.jpg 300w, https:\/\/www.rmeyersl.com\/Vitoirmen\/wp-content\/uploads\/2022\/11\/Vito-Stressmount-300-1-80x80.jpg 80w, https:\/\/www.rmeyersl.com\/Vitoirmen\/wp-content\/uploads\/2022\/11\/Vito-Stressmount-300-1-36x36.jpg 36w, https:\/\/www.rmeyersl.com\/Vitoirmen\/wp-content\/uploads\/2022\/11\/Vito-Stressmount-300-1-180x180.jpg 180w\" sizes=\"(max-width: 300px) 100vw, 300px\" \/><\/div><\/div><\/div><\/div><\/div><\/div><\/main><!-- close content main element --><\/div><\/div><div id='av_section_2'  class='avia-section av-ffmkm-3fa597873e2ecb475bc0937919fb047c main_color avia-section-default avia-no-border-styling  avia-builder-el-8  el_after_av_section  avia-builder-el-last  avia-bg-style-scroll container_wrap sidebar_right'  ><div class='container av-section-cont-open' ><div class='template-page content  av-content-small alpha units'><div class='post-entry post-entry-type-page post-entry-334'><div class='entry-content-wrapper clearfix'>\n<div  class='avia-button-wrap av-l9wreyyx-8b05ba0b5703b758070c8c5df9c0dbbb-wrap avia-button-center  avia-builder-el-9  avia-builder-el-no-sibling '><a href='https:\/\/www.vito-irmen.de\/produkte\/medizintechnik\/vito-stressmount\/?lang=en' class='avia-button av-l9wreyyx-8b05ba0b5703b758070c8c5df9c0dbbb avia-icon_select-no avia-size-large avia-position-center avia-color-theme-color' target=\"_blank\" rel=\"noopener noreferrer\"><span class='avia_iconbox_title' >M\u00e1s informaci\u00f3n<\/span><\/a><\/div>\n<\/div><\/div><\/div><!-- close content main div --><\/div><\/div><div id='after_section_2'  class='main_color av_default_container_wrap container_wrap sidebar_right'  ><div class='container av-section-cont-open' ><div class='template-page content  av-content-small alpha units'><div class='post-entry post-entry-type-page post-entry-334'><div class='entry-content-wrapper clearfix'><\/p>\n","protected":false},"excerpt":{"rendered":"","protected":false},"author":1,"featured_media":0,"parent":255,"menu_order":0,"comment_status":"closed","ping_status":"closed","template":"","meta":{"footnotes":""},"class_list":["post-334","page","type-page","status-publish","hentry"],"yoast_head":"<!-- This site is optimized with the Yoast SEO plugin v19.10 - https:\/\/yoast.com\/wordpress\/plugins\/seo\/ -->\n<title>VITO Stressmount RM 120 - Vito de R.Meyer<\/title>\n<meta name=\"robots\" content=\"index, follow, max-snippet:-1, max-image-preview:large, max-video-preview:-1\" \/>\n<link rel=\"canonical\" href=\"https:\/\/www.rmeyersl.com\/Vitoirmen\/medicina\/vito-stressmount-rm-120\/\" \/>\n<meta property=\"og:locale\" content=\"es_ES\" \/>\n<meta property=\"og:type\" content=\"article\" \/>\n<meta property=\"og:title\" content=\"VITO Stressmount RM 120 - Vito de R.Meyer\" \/>\n<meta property=\"og:url\" content=\"https:\/\/www.rmeyersl.com\/Vitoirmen\/medicina\/vito-stressmount-rm-120\/\" \/>\n<meta property=\"og:site_name\" content=\"Vito de R.Meyer\" \/>\n<meta property=\"article:modified_time\" content=\"2022-11-23T10:47:59+00:00\" \/>\n<meta name=\"twitter:card\" content=\"summary_large_image\" \/>\n<meta name=\"twitter:label1\" content=\"Tiempo de lectura\" \/>\n\t<meta name=\"twitter:data1\" content=\"13 minutos\" \/>\n<script type=\"application\/ld+json\" class=\"yoast-schema-graph\">{\"@context\":\"https:\/\/schema.org\",\"@graph\":[{\"@type\":\"WebPage\",\"@id\":\"https:\/\/www.rmeyersl.com\/Vitoirmen\/medicina\/vito-stressmount-rm-120\/\",\"url\":\"https:\/\/www.rmeyersl.com\/Vitoirmen\/medicina\/vito-stressmount-rm-120\/\",\"name\":\"VITO Stressmount RM 120 - Vito de R.Meyer\",\"isPartOf\":{\"@id\":\"http:\/\/www.rmeyersl.com\/Vitoirmen\/#website\"},\"datePublished\":\"2022-10-31T12:29:47+00:00\",\"dateModified\":\"2022-11-23T10:47:59+00:00\",\"breadcrumb\":{\"@id\":\"https:\/\/www.rmeyersl.com\/Vitoirmen\/medicina\/vito-stressmount-rm-120\/#breadcrumb\"},\"inLanguage\":\"es\",\"potentialAction\":[{\"@type\":\"ReadAction\",\"target\":[\"https:\/\/www.rmeyersl.com\/Vitoirmen\/medicina\/vito-stressmount-rm-120\/\"]}]},{\"@type\":\"BreadcrumbList\",\"@id\":\"https:\/\/www.rmeyersl.com\/Vitoirmen\/medicina\/vito-stressmount-rm-120\/#breadcrumb\",\"itemListElement\":[{\"@type\":\"ListItem\",\"position\":1,\"name\":\"Portada\",\"item\":\"http:\/\/www.rmeyersl.com\/Vitoirmen\/\"},{\"@type\":\"ListItem\",\"position\":2,\"name\":\"Medicina\",\"item\":\"https:\/\/www.rmeyersl.com\/Vitoirmen\/medicina\/\"},{\"@type\":\"ListItem\",\"position\":3,\"name\":\"VITO Stressmount RM 120\"}]},{\"@type\":\"WebSite\",\"@id\":\"http:\/\/www.rmeyersl.com\/Vitoirmen\/#website\",\"url\":\"http:\/\/www.rmeyersl.com\/Vitoirmen\/\",\"name\":\"Vito de R.Meyer\",\"description\":\"Encuentra productos VITO para los sectores de energ\u00edas renovables, construcci\u00f3n, industria, automoci\u00f3n, medicina y vidrio\",\"potentialAction\":[{\"@type\":\"SearchAction\",\"target\":{\"@type\":\"EntryPoint\",\"urlTemplate\":\"http:\/\/www.rmeyersl.com\/Vitoirmen\/?s={search_term_string}\"},\"query-input\":\"required name=search_term_string\"}],\"inLanguage\":\"es\"}]}<\/script>\n<!-- \/ Yoast SEO plugin. -->","yoast_head_json":{"title":"VITO Stressmount RM 120 - Vito de R.Meyer","robots":{"index":"index","follow":"follow","max-snippet":"max-snippet:-1","max-image-preview":"max-image-preview:large","max-video-preview":"max-video-preview:-1"},"canonical":"https:\/\/www.rmeyersl.com\/Vitoirmen\/medicina\/vito-stressmount-rm-120\/","og_locale":"es_ES","og_type":"article","og_title":"VITO Stressmount RM 120 - Vito de R.Meyer","og_url":"https:\/\/www.rmeyersl.com\/Vitoirmen\/medicina\/vito-stressmount-rm-120\/","og_site_name":"Vito de R.Meyer","article_modified_time":"2022-11-23T10:47:59+00:00","twitter_card":"summary_large_image","twitter_misc":{"Tiempo de lectura":"13 minutos"},"schema":{"@context":"https:\/\/schema.org","@graph":[{"@type":"WebPage","@id":"https:\/\/www.rmeyersl.com\/Vitoirmen\/medicina\/vito-stressmount-rm-120\/","url":"https:\/\/www.rmeyersl.com\/Vitoirmen\/medicina\/vito-stressmount-rm-120\/","name":"VITO Stressmount RM 120 - Vito de R.Meyer","isPartOf":{"@id":"http:\/\/www.rmeyersl.com\/Vitoirmen\/#website"},"datePublished":"2022-10-31T12:29:47+00:00","dateModified":"2022-11-23T10:47:59+00:00","breadcrumb":{"@id":"https:\/\/www.rmeyersl.com\/Vitoirmen\/medicina\/vito-stressmount-rm-120\/#breadcrumb"},"inLanguage":"es","potentialAction":[{"@type":"ReadAction","target":["https:\/\/www.rmeyersl.com\/Vitoirmen\/medicina\/vito-stressmount-rm-120\/"]}]},{"@type":"BreadcrumbList","@id":"https:\/\/www.rmeyersl.com\/Vitoirmen\/medicina\/vito-stressmount-rm-120\/#breadcrumb","itemListElement":[{"@type":"ListItem","position":1,"name":"Portada","item":"http:\/\/www.rmeyersl.com\/Vitoirmen\/"},{"@type":"ListItem","position":2,"name":"Medicina","item":"https:\/\/www.rmeyersl.com\/Vitoirmen\/medicina\/"},{"@type":"ListItem","position":3,"name":"VITO Stressmount RM 120"}]},{"@type":"WebSite","@id":"http:\/\/www.rmeyersl.com\/Vitoirmen\/#website","url":"http:\/\/www.rmeyersl.com\/Vitoirmen\/","name":"Vito de R.Meyer","description":"Encuentra productos VITO para los sectores de energ\u00edas renovables, construcci\u00f3n, industria, automoci\u00f3n, medicina y vidrio","potentialAction":[{"@type":"SearchAction","target":{"@type":"EntryPoint","urlTemplate":"http:\/\/www.rmeyersl.com\/Vitoirmen\/?s={search_term_string}"},"query-input":"required name=search_term_string"}],"inLanguage":"es"}]}},"_links":{"self":[{"href":"https:\/\/www.rmeyersl.com\/Vitoirmen\/wp-json\/wp\/v2\/pages\/334","targetHints":{"allow":["GET"]}}],"collection":[{"href":"https:\/\/www.rmeyersl.com\/Vitoirmen\/wp-json\/wp\/v2\/pages"}],"about":[{"href":"https:\/\/www.rmeyersl.com\/Vitoirmen\/wp-json\/wp\/v2\/types\/page"}],"author":[{"embeddable":true,"href":"https:\/\/www.rmeyersl.com\/Vitoirmen\/wp-json\/wp\/v2\/users\/1"}],"replies":[{"embeddable":true,"href":"https:\/\/www.rmeyersl.com\/Vitoirmen\/wp-json\/wp\/v2\/comments?post=334"}],"version-history":[{"count":8,"href":"https:\/\/www.rmeyersl.com\/Vitoirmen\/wp-json\/wp\/v2\/pages\/334\/revisions"}],"predecessor-version":[{"id":1202,"href":"https:\/\/www.rmeyersl.com\/Vitoirmen\/wp-json\/wp\/v2\/pages\/334\/revisions\/1202"}],"up":[{"embeddable":true,"href":"https:\/\/www.rmeyersl.com\/Vitoirmen\/wp-json\/wp\/v2\/pages\/255"}],"wp:attachment":[{"href":"https:\/\/www.rmeyersl.com\/Vitoirmen\/wp-json\/wp\/v2\/media?parent=334"}],"curies":[{"name":"wp","href":"https:\/\/api.w.org\/{rel}","templated":true}]}}