{"id":255,"date":"2022-10-27T21:33:07","date_gmt":"2022-10-27T21:33:07","guid":{"rendered":"http:\/\/www.rmeyersl.com\/Vitoirmen\/?page_id=255"},"modified":"2022-11-29T08:37:53","modified_gmt":"2022-11-29T08:37:53","slug":"medicina","status":"publish","type":"page","link":"https:\/\/www.rmeyersl.com\/Vitoirmen\/medicina\/","title":{"rendered":"Medicina"},"content":{"rendered":"<div id='av_section_1'  class='avia-section av-2gsm4n-efad2197dfc5d9dcbfabd2fff0ea3081 main_color avia-section-default avia-no-border-styling  avia-builder-el-0  el_before_av_section  avia-builder-el-first  avia-bg-style-scroll container_wrap sidebar_right'  ><div class='container av-section-cont-open' ><main  role=\"main\" itemprop=\"mainContentOfPage\"  class='template-page content  av-content-small alpha units'><div class='post-entry post-entry-type-page post-entry-255'><div class='entry-content-wrapper clearfix'>\n<div class='flex_column av-7tfdb-bb8b57129a5561c60bccc3929a92c2d4 av_one_half  avia-builder-el-1  el_before_av_one_half  avia-builder-el-first  first flex_column_div '     ><p>\n<style type=\"text\/css\" data-created_by=\"avia_inline_auto\" id=\"style-css-av-l9wqrgp1-ade6923887e24621a0f583d826755d19\">\n#top .av-special-heading.av-l9wqrgp1-ade6923887e24621a0f583d826755d19{\npadding-bottom:10px;\n}\nbody .av-special-heading.av-l9wqrgp1-ade6923887e24621a0f583d826755d19 .av-special-heading-tag .heading-char{\nfont-size:25px;\n}\n.av-special-heading.av-l9wqrgp1-ade6923887e24621a0f583d826755d19 .av-subheading{\nfont-size:15px;\n}\n<\/style>\n<div  class='av-special-heading av-l9wqrgp1-ade6923887e24621a0f583d826755d19 av-special-heading-h1 blockquote modern-quote  avia-builder-el-2  el_before_av_textblock  avia-builder-el-first '><h1 class='av-special-heading-tag'  itemprop=\"headline\"  >Medicina<\/h1><div class=\"special-heading-border\"><div class=\"special-heading-inner-border\"><\/div><\/div><\/div><br \/>\n<section  class='av_textblock_section av-l9wqqe6k-6d804c477fccbb46accd0291d0e26839'  itemscope=\"itemscope\" itemtype=\"https:\/\/schema.org\/CreativeWork\" ><div class='avia_textblock'  itemprop=\"text\" ><p>VITO prepara sus productos preliminares m\u00e9dicos con adhesivos especiales certificados y compatibles con la piel, los electrodos neutros y otros productos m\u00e9dicos pueden alcanzar su m\u00e1ximo rendimiento.<\/p>\n<\/div><\/section><\/p><\/div><div class='flex_column av-21saqn-ecc4fc4d75567e76101e2507de470ffc av_one_half  avia-builder-el-4  el_after_av_one_half  avia-builder-el-last  flex_column_div '     ><style type=\"text\/css\" data-created_by=\"avia_inline_auto\" id=\"style-css-av-l9wqpaua-d7bf3004aae9f8bc6eda11b3719b5639\">\n.avia-image-container.av-l9wqpaua-d7bf3004aae9f8bc6eda11b3719b5639 img.avia_image{\nbox-shadow:none;\n}\n.avia-image-container.av-l9wqpaua-d7bf3004aae9f8bc6eda11b3719b5639 .av-image-caption-overlay-center{\ncolor:#ffffff;\n}\n<\/style>\n<div  class='avia-image-container av-l9wqpaua-d7bf3004aae9f8bc6eda11b3719b5639 av-styling- avia-align-center  avia-builder-el-5  avia-builder-el-no-sibling '   itemprop=\"image\" itemscope=\"itemscope\" itemtype=\"https:\/\/schema.org\/ImageObject\" ><div class=\"avia-image-container-inner\"><div class=\"avia-image-overlay-wrap\"><img decoding=\"async\" class='wp-image-1058 avia-img-lazy-loading-not-1058 avia_image ' src=\"https:\/\/www.rmeyersl.com\/Vitoirmen\/wp-content\/uploads\/2022\/11\/medicina-llarg-1.jpeg\" alt='' title='medicina-llarg'  height=\"720\" width=\"2120\"  itemprop=\"thumbnailUrl\" srcset=\"https:\/\/www.rmeyersl.com\/Vitoirmen\/wp-content\/uploads\/2022\/11\/medicina-llarg-1.jpeg 2120w, https:\/\/www.rmeyersl.com\/Vitoirmen\/wp-content\/uploads\/2022\/11\/medicina-llarg-1-300x102.jpeg 300w, https:\/\/www.rmeyersl.com\/Vitoirmen\/wp-content\/uploads\/2022\/11\/medicina-llarg-1-1030x350.jpeg 1030w, https:\/\/www.rmeyersl.com\/Vitoirmen\/wp-content\/uploads\/2022\/11\/medicina-llarg-1-768x261.jpeg 768w, https:\/\/www.rmeyersl.com\/Vitoirmen\/wp-content\/uploads\/2022\/11\/medicina-llarg-1-1536x522.jpeg 1536w, https:\/\/www.rmeyersl.com\/Vitoirmen\/wp-content\/uploads\/2022\/11\/medicina-llarg-1-2048x696.jpeg 2048w, https:\/\/www.rmeyersl.com\/Vitoirmen\/wp-content\/uploads\/2022\/11\/medicina-llarg-1-1500x509.jpeg 1500w, https:\/\/www.rmeyersl.com\/Vitoirmen\/wp-content\/uploads\/2022\/11\/medicina-llarg-1-705x239.jpeg 705w\" sizes=\"(max-width: 2120px) 100vw, 2120px\" \/><\/div><\/div><\/div><\/div>\n\n<\/div><\/div><\/main><!-- close content main element --><\/div><\/div>\n<style type=\"text\/css\" data-created_by=\"avia_inline_auto\" id=\"style-css-av-l9wr0exh-12f79787aae340af2aeaa3a667a3e1f5\">\n.avia-section.av-l9wr0exh-12f79787aae340af2aeaa3a667a3e1f5{\nbackground-color:#eceeef;\nbackground-image:unset;\n}\n<\/style>\n<div id='av_section_2'  class='avia-section av-l9wr0exh-12f79787aae340af2aeaa3a667a3e1f5 main_color avia-section-small avia-no-border-styling  avia-builder-el-6  el_after_av_section  avia-builder-el-last  avia-bg-style-scroll container_wrap sidebar_right'  ><div class='container av-section-cont-open' ><div class='template-page content  av-content-small alpha units'><div class='post-entry post-entry-type-page post-entry-255'><div class='entry-content-wrapper clearfix'>\n\n<style type=\"text\/css\" data-created_by=\"avia_inline_auto\" id=\"style-css-av-l9wqvxan-872c7e1646254e85c58368910634a40d\">\n#top .av-special-heading.av-l9wqvxan-872c7e1646254e85c58368910634a40d{\npadding-bottom:10px;\n}\nbody .av-special-heading.av-l9wqvxan-872c7e1646254e85c58368910634a40d .av-special-heading-tag .heading-char{\nfont-size:25px;\n}\n.av-special-heading.av-l9wqvxan-872c7e1646254e85c58368910634a40d .av-subheading{\nfont-size:15px;\n}\n<\/style>\n<div  class='av-special-heading av-l9wqvxan-872c7e1646254e85c58368910634a40d av-special-heading-h2 blockquote modern-quote  avia-builder-el-7  el_before_av_one_fourth  avia-builder-el-first '><h2 class='av-special-heading-tag'  itemprop=\"headline\"  >Productos para el sector de la medicina<\/h2><div class=\"special-heading-border\"><div class=\"special-heading-inner-border\"><\/div><\/div><\/div>\n<div class='flex_column av-1jq2k7-f14e742bb36c63bc49c1cfeb1c121e6a av_one_fourth  avia-builder-el-8  el_after_av_heading  el_before_av_one_fourth  first flex_column_div avia-link-column av-column-link '    data-link-column-url=\"https:\/\/www.rmeyersl.com\/Vitoirmen\/medicina\/vito-stressmount-rm-120\/\"   ><a class=\"av-screen-reader-only\" href=https:\/\/www.rmeyersl.com\/Vitoirmen\/medicina\/vito-stressmount-rm-120\/ >Link to: VITO Stressmount RM 120<\/a><p>\n<style type=\"text\/css\" data-created_by=\"avia_inline_auto\" id=\"style-css-av-1dtxzj-d79b76bf9973dd786d5b6d9a1ef99d90\">\n.avia-image-container.av-1dtxzj-d79b76bf9973dd786d5b6d9a1ef99d90 img.avia_image{\nbox-shadow:none;\n}\n.avia-image-container.av-1dtxzj-d79b76bf9973dd786d5b6d9a1ef99d90 .av-image-caption-overlay-center{\ncolor:#ffffff;\n}\n<\/style>\n<div  class='avia-image-container av-1dtxzj-d79b76bf9973dd786d5b6d9a1ef99d90 av-styling- avia-align-center  avia-builder-el-9  el_before_av_heading  avia-builder-el-first '   itemprop=\"image\" itemscope=\"itemscope\" itemtype=\"https:\/\/schema.org\/ImageObject\" ><div class=\"avia-image-container-inner\"><div class=\"avia-image-overlay-wrap\"><img decoding=\"async\" class='wp-image-610 avia-img-lazy-loading-not-610 avia_image ' src=\"https:\/\/www.rmeyersl.com\/Vitoirmen\/wp-content\/uploads\/2022\/11\/Vito-Stressmount-300-300x300.jpg\" alt='' title='CREATOR: gd-jpeg v1.0 (using IJG JPEG v62), quality = 82'  height=\"300\" width=\"300\"  itemprop=\"thumbnailUrl\" srcset=\"https:\/\/www.rmeyersl.com\/Vitoirmen\/wp-content\/uploads\/2022\/11\/Vito-Stressmount-300.jpg 300w, https:\/\/www.rmeyersl.com\/Vitoirmen\/wp-content\/uploads\/2022\/11\/Vito-Stressmount-300-80x80.jpg 80w, https:\/\/www.rmeyersl.com\/Vitoirmen\/wp-content\/uploads\/2022\/11\/Vito-Stressmount-300-36x36.jpg 36w, https:\/\/www.rmeyersl.com\/Vitoirmen\/wp-content\/uploads\/2022\/11\/Vito-Stressmount-300-180x180.jpg 180w\" sizes=\"(max-width: 300px) 100vw, 300px\" \/><\/div><\/div><\/div><br \/>\n\n<style type=\"text\/css\" data-created_by=\"avia_inline_auto\" id=\"style-css-av-l9wqz5ve-3db3e2d17ccbcd4bef8fcd6e73ecd687\">\n#top .av-special-heading.av-l9wqz5ve-3db3e2d17ccbcd4bef8fcd6e73ecd687{\nmargin:-5px 0 0 0;\npadding-bottom:10px;\n}\nbody .av-special-heading.av-l9wqz5ve-3db3e2d17ccbcd4bef8fcd6e73ecd687 .av-special-heading-tag .heading-char{\nfont-size:25px;\n}\n.av-special-heading.av-l9wqz5ve-3db3e2d17ccbcd4bef8fcd6e73ecd687 .av-subheading{\nfont-size:15px;\n}\n<\/style>\n<div  class='av-special-heading av-l9wqz5ve-3db3e2d17ccbcd4bef8fcd6e73ecd687 av-special-heading-h3 blockquote modern-quote  avia-builder-el-10  el_after_av_image  el_before_av_textblock '><h3 class='av-special-heading-tag'  itemprop=\"headline\"  >VITOSTRESSMOUNT RM 120<\/h3><div class=\"special-heading-border\"><div class=\"special-heading-inner-border\"><\/div><\/div><\/div><br \/>\n<section  class='av_textblock_section av-latilf2b-538392a0cbb258e79781ce412b677a8c'  itemscope=\"itemscope\" itemtype=\"https:\/\/schema.org\/CreativeWork\" ><div class='avia_textblock'  itemprop=\"text\" ><p>Aplicaci\u00f3n para material base de electrodos de ECG y otros productos para el cuidado m\u00e9dico<\/p>\n<\/div><\/section><\/p><\/div><div class='flex_column av-10pi9r-d83b0a8fcf389801a518688222eb62b2 av_one_fourth  avia-builder-el-12  el_after_av_one_fourth  el_before_av_one_fourth  flex_column_div avia-link-column av-column-link '    data-link-column-url=\"https:\/\/www.rmeyersl.com\/Vitoirmen\/medicina\/vito-medmount-121-nt\/\"   ><a class=\"av-screen-reader-only\" href=https:\/\/www.rmeyersl.com\/Vitoirmen\/medicina\/vito-medmount-121-nt\/ >Link to: VITO Medmount 121 NT<\/a><p>\n<style type=\"text\/css\" data-created_by=\"avia_inline_auto\" id=\"style-css-av-w52in-3bd5aae63a01b3778d697c8fd6d4fbb3\">\n.avia-image-container.av-w52in-3bd5aae63a01b3778d697c8fd6d4fbb3 img.avia_image{\nbox-shadow:none;\n}\n.avia-image-container.av-w52in-3bd5aae63a01b3778d697c8fd6d4fbb3 .av-image-caption-overlay-center{\ncolor:#ffffff;\n}\n<\/style>\n<div  class='avia-image-container av-w52in-3bd5aae63a01b3778d697c8fd6d4fbb3 av-styling- avia-align-center  avia-builder-el-13  el_before_av_heading  avia-builder-el-first '   itemprop=\"image\" itemscope=\"itemscope\" itemtype=\"https:\/\/schema.org\/ImageObject\" ><div class=\"avia-image-container-inner\"><div class=\"avia-image-overlay-wrap\"><img decoding=\"async\" class='wp-image-613 avia-img-lazy-loading-not-613 avia_image ' src=\"https:\/\/www.rmeyersl.com\/Vitoirmen\/wp-content\/uploads\/2022\/11\/Vito-Medmount-300-300x300.jpg\" alt='' title='CREATOR: gd-jpeg v1.0 (using IJG JPEG v62), quality = 82'  height=\"300\" width=\"300\"  itemprop=\"thumbnailUrl\" srcset=\"https:\/\/www.rmeyersl.com\/Vitoirmen\/wp-content\/uploads\/2022\/11\/Vito-Medmount-300.jpg 300w, https:\/\/www.rmeyersl.com\/Vitoirmen\/wp-content\/uploads\/2022\/11\/Vito-Medmount-300-80x80.jpg 80w, https:\/\/www.rmeyersl.com\/Vitoirmen\/wp-content\/uploads\/2022\/11\/Vito-Medmount-300-36x36.jpg 36w, https:\/\/www.rmeyersl.com\/Vitoirmen\/wp-content\/uploads\/2022\/11\/Vito-Medmount-300-180x180.jpg 180w\" sizes=\"(max-width: 300px) 100vw, 300px\" \/><\/div><\/div><\/div><br \/>\n\n<style type=\"text\/css\" data-created_by=\"avia_inline_auto\" id=\"style-css-av-l9wr3oc1-e6c204b81927b1df072f0a9326149f16\">\n#top .av-special-heading.av-l9wr3oc1-e6c204b81927b1df072f0a9326149f16{\nmargin:-5px 0 0 0;\npadding-bottom:10px;\n}\nbody .av-special-heading.av-l9wr3oc1-e6c204b81927b1df072f0a9326149f16 .av-special-heading-tag .heading-char{\nfont-size:25px;\n}\n.av-special-heading.av-l9wr3oc1-e6c204b81927b1df072f0a9326149f16 .av-subheading{\nfont-size:15px;\n}\n<\/style>\n<div  class='av-special-heading av-l9wr3oc1-e6c204b81927b1df072f0a9326149f16 av-special-heading-h3 blockquote modern-quote  avia-builder-el-14  el_after_av_image  el_before_av_textblock '><h3 class='av-special-heading-tag'  itemprop=\"headline\"  >VITO MEDMOUNT<\/h3><div class=\"special-heading-border\"><div class=\"special-heading-inner-border\"><\/div><\/div><\/div><br \/>\n<section  class='av_textblock_section av-ax4z3-5a1943a4da000f5615050234745f06d1'  itemscope=\"itemscope\" itemtype=\"https:\/\/schema.org\/CreativeWork\" ><div class='avia_textblock'  itemprop=\"text\" ><p>Aplicaci\u00f3n para material base de electrodos de ECG y otros productos para el cuidado m\u00e9dico<\/p>\n<\/div><\/section><\/p><\/div><div class='flex_column av-cys7j-e4a356e8a1e7ea7929babb777dfb5bb9 av_one_fourth  avia-builder-el-16  el_after_av_one_fourth  avia-builder-el-last  flex_column_div avia-link-column av-column-link '    data-link-column-url=\"https:\/\/www.rmeyersl.com\/Vitoirmen\/medicina\/vito-medvlies\/\"   ><a class=\"av-screen-reader-only\" href=https:\/\/www.rmeyersl.com\/Vitoirmen\/medicina\/vito-medvlies\/ >Link to: VITO Medvlies<\/a><p>\n<style type=\"text\/css\" data-created_by=\"avia_inline_auto\" id=\"style-css-av-6tqnb-407150d448036c0c85a9cdc19d8b61e4\">\n.avia-image-container.av-6tqnb-407150d448036c0c85a9cdc19d8b61e4 img.avia_image{\nbox-shadow:none;\n}\n.avia-image-container.av-6tqnb-407150d448036c0c85a9cdc19d8b61e4 .av-image-caption-overlay-center{\ncolor:#ffffff;\n}\n<\/style>\n<div  class='avia-image-container av-6tqnb-407150d448036c0c85a9cdc19d8b61e4 av-styling- avia-align-center  avia-builder-el-17  el_before_av_heading  avia-builder-el-first '   itemprop=\"image\" itemscope=\"itemscope\" itemtype=\"https:\/\/schema.org\/ImageObject\" ><div class=\"avia-image-container-inner\"><div class=\"avia-image-overlay-wrap\"><img decoding=\"async\" class='wp-image-1074 avia-img-lazy-loading-not-1074 avia_image ' src=\"https:\/\/www.rmeyersl.com\/Vitoirmen\/wp-content\/uploads\/2022\/11\/Vito_kachelbild_medvlies-300-v2-300x300.png\" alt='' title='Vito_kachelbild_medvlies-300-v2'  height=\"300\" width=\"300\"  itemprop=\"thumbnailUrl\" srcset=\"https:\/\/www.rmeyersl.com\/Vitoirmen\/wp-content\/uploads\/2022\/11\/Vito_kachelbild_medvlies-300-v2.png 300w, https:\/\/www.rmeyersl.com\/Vitoirmen\/wp-content\/uploads\/2022\/11\/Vito_kachelbild_medvlies-300-v2-80x80.png 80w, https:\/\/www.rmeyersl.com\/Vitoirmen\/wp-content\/uploads\/2022\/11\/Vito_kachelbild_medvlies-300-v2-36x36.png 36w, https:\/\/www.rmeyersl.com\/Vitoirmen\/wp-content\/uploads\/2022\/11\/Vito_kachelbild_medvlies-300-v2-180x180.png 180w\" sizes=\"(max-width: 300px) 100vw, 300px\" \/><\/div><\/div><\/div><br \/>\n\n<style type=\"text\/css\" data-created_by=\"avia_inline_auto\" id=\"style-css-av-l9wr61vo-2e815821543771f8472c7a74441a943b\">\n#top .av-special-heading.av-l9wr61vo-2e815821543771f8472c7a74441a943b{\nmargin:-5px 0 0 0;\npadding-bottom:10px;\n}\nbody .av-special-heading.av-l9wr61vo-2e815821543771f8472c7a74441a943b .av-special-heading-tag .heading-char{\nfont-size:25px;\n}\n.av-special-heading.av-l9wr61vo-2e815821543771f8472c7a74441a943b .av-subheading{\nfont-size:15px;\n}\n<\/style>\n<div  class='av-special-heading av-l9wr61vo-2e815821543771f8472c7a74441a943b av-special-heading-h3 blockquote modern-quote  avia-builder-el-18  el_after_av_image  el_before_av_textblock '><h3 class='av-special-heading-tag'  itemprop=\"headline\"  >VITO MEDVLIES<\/h3><div class=\"special-heading-border\"><div class=\"special-heading-inner-border\"><\/div><\/div><\/div><br \/>\n<section  class='av_textblock_section av-latjbcc0-f21f369cfaeb09ba58912d0d8913624d'  itemscope=\"itemscope\" itemtype=\"https:\/\/schema.org\/CreativeWork\" ><div class='avia_textblock'  itemprop=\"text\" ><p>Para fabricar electrodos de cable para ECG para ni\u00f1os<\/p>\n<\/div><\/section><\/p><\/div><\/div><\/div><\/div><!-- close content main div --><\/div><\/div><div id='after_section_2'  class='main_color av_default_container_wrap container_wrap sidebar_right'  ><div class='container av-section-cont-open' ><div class='template-page content  av-content-small alpha units'><div class='post-entry post-entry-type-page post-entry-255'><div class='entry-content-wrapper clearfix'>\n","protected":false},"excerpt":{"rendered":"","protected":false},"author":1,"featured_media":0,"parent":0,"menu_order":0,"comment_status":"closed","ping_status":"closed","template":"","meta":{"footnotes":""},"class_list":["post-255","page","type-page","status-publish","hentry"],"yoast_head":"<!-- This site is optimized with the Yoast SEO plugin v19.10 - https:\/\/yoast.com\/wordpress\/plugins\/seo\/ -->\n<title>Medicina - Vito de R.Meyer<\/title>\n<meta name=\"robots\" content=\"index, follow, max-snippet:-1, max-image-preview:large, max-video-preview:-1\" \/>\n<link rel=\"canonical\" href=\"https:\/\/www.rmeyersl.com\/Vitoirmen\/medicina\/\" \/>\n<meta property=\"og:locale\" content=\"es_ES\" \/>\n<meta property=\"og:type\" content=\"article\" \/>\n<meta property=\"og:title\" content=\"Medicina - Vito de R.Meyer\" \/>\n<meta property=\"og:url\" content=\"https:\/\/www.rmeyersl.com\/Vitoirmen\/medicina\/\" \/>\n<meta property=\"og:site_name\" content=\"Vito de R.Meyer\" \/>\n<meta property=\"article:modified_time\" content=\"2022-11-29T08:37:53+00:00\" \/>\n<meta name=\"twitter:card\" content=\"summary_large_image\" \/>\n<meta name=\"twitter:label1\" content=\"Tiempo de lectura\" \/>\n\t<meta name=\"twitter:data1\" content=\"8 minutos\" \/>\n<script type=\"application\/ld+json\" class=\"yoast-schema-graph\">{\"@context\":\"https:\/\/schema.org\",\"@graph\":[{\"@type\":\"WebPage\",\"@id\":\"https:\/\/www.rmeyersl.com\/Vitoirmen\/medicina\/\",\"url\":\"https:\/\/www.rmeyersl.com\/Vitoirmen\/medicina\/\",\"name\":\"Medicina - Vito de R.Meyer\",\"isPartOf\":{\"@id\":\"http:\/\/www.rmeyersl.com\/Vitoirmen\/#website\"},\"datePublished\":\"2022-10-27T21:33:07+00:00\",\"dateModified\":\"2022-11-29T08:37:53+00:00\",\"breadcrumb\":{\"@id\":\"https:\/\/www.rmeyersl.com\/Vitoirmen\/medicina\/#breadcrumb\"},\"inLanguage\":\"es\",\"potentialAction\":[{\"@type\":\"ReadAction\",\"target\":[\"https:\/\/www.rmeyersl.com\/Vitoirmen\/medicina\/\"]}]},{\"@type\":\"BreadcrumbList\",\"@id\":\"https:\/\/www.rmeyersl.com\/Vitoirmen\/medicina\/#breadcrumb\",\"itemListElement\":[{\"@type\":\"ListItem\",\"position\":1,\"name\":\"Portada\",\"item\":\"http:\/\/www.rmeyersl.com\/Vitoirmen\/\"},{\"@type\":\"ListItem\",\"position\":2,\"name\":\"Medicina\"}]},{\"@type\":\"WebSite\",\"@id\":\"http:\/\/www.rmeyersl.com\/Vitoirmen\/#website\",\"url\":\"http:\/\/www.rmeyersl.com\/Vitoirmen\/\",\"name\":\"Vito de R.Meyer\",\"description\":\"Encuentra productos VITO para los sectores de energ\u00edas renovables, construcci\u00f3n, industria, automoci\u00f3n, medicina y vidrio\",\"potentialAction\":[{\"@type\":\"SearchAction\",\"target\":{\"@type\":\"EntryPoint\",\"urlTemplate\":\"http:\/\/www.rmeyersl.com\/Vitoirmen\/?s={search_term_string}\"},\"query-input\":\"required name=search_term_string\"}],\"inLanguage\":\"es\"}]}<\/script>\n<!-- \/ Yoast SEO plugin. -->","yoast_head_json":{"title":"Medicina - Vito de R.Meyer","robots":{"index":"index","follow":"follow","max-snippet":"max-snippet:-1","max-image-preview":"max-image-preview:large","max-video-preview":"max-video-preview:-1"},"canonical":"https:\/\/www.rmeyersl.com\/Vitoirmen\/medicina\/","og_locale":"es_ES","og_type":"article","og_title":"Medicina - Vito de R.Meyer","og_url":"https:\/\/www.rmeyersl.com\/Vitoirmen\/medicina\/","og_site_name":"Vito de R.Meyer","article_modified_time":"2022-11-29T08:37:53+00:00","twitter_card":"summary_large_image","twitter_misc":{"Tiempo de lectura":"8 minutos"},"schema":{"@context":"https:\/\/schema.org","@graph":[{"@type":"WebPage","@id":"https:\/\/www.rmeyersl.com\/Vitoirmen\/medicina\/","url":"https:\/\/www.rmeyersl.com\/Vitoirmen\/medicina\/","name":"Medicina - Vito de R.Meyer","isPartOf":{"@id":"http:\/\/www.rmeyersl.com\/Vitoirmen\/#website"},"datePublished":"2022-10-27T21:33:07+00:00","dateModified":"2022-11-29T08:37:53+00:00","breadcrumb":{"@id":"https:\/\/www.rmeyersl.com\/Vitoirmen\/medicina\/#breadcrumb"},"inLanguage":"es","potentialAction":[{"@type":"ReadAction","target":["https:\/\/www.rmeyersl.com\/Vitoirmen\/medicina\/"]}]},{"@type":"BreadcrumbList","@id":"https:\/\/www.rmeyersl.com\/Vitoirmen\/medicina\/#breadcrumb","itemListElement":[{"@type":"ListItem","position":1,"name":"Portada","item":"http:\/\/www.rmeyersl.com\/Vitoirmen\/"},{"@type":"ListItem","position":2,"name":"Medicina"}]},{"@type":"WebSite","@id":"http:\/\/www.rmeyersl.com\/Vitoirmen\/#website","url":"http:\/\/www.rmeyersl.com\/Vitoirmen\/","name":"Vito de R.Meyer","description":"Encuentra productos VITO para los sectores de energ\u00edas renovables, construcci\u00f3n, industria, automoci\u00f3n, medicina y vidrio","potentialAction":[{"@type":"SearchAction","target":{"@type":"EntryPoint","urlTemplate":"http:\/\/www.rmeyersl.com\/Vitoirmen\/?s={search_term_string}"},"query-input":"required name=search_term_string"}],"inLanguage":"es"}]}},"_links":{"self":[{"href":"https:\/\/www.rmeyersl.com\/Vitoirmen\/wp-json\/wp\/v2\/pages\/255","targetHints":{"allow":["GET"]}}],"collection":[{"href":"https:\/\/www.rmeyersl.com\/Vitoirmen\/wp-json\/wp\/v2\/pages"}],"about":[{"href":"https:\/\/www.rmeyersl.com\/Vitoirmen\/wp-json\/wp\/v2\/types\/page"}],"author":[{"embeddable":true,"href":"https:\/\/www.rmeyersl.com\/Vitoirmen\/wp-json\/wp\/v2\/users\/1"}],"replies":[{"embeddable":true,"href":"https:\/\/www.rmeyersl.com\/Vitoirmen\/wp-json\/wp\/v2\/comments?post=255"}],"version-history":[{"count":32,"href":"https:\/\/www.rmeyersl.com\/Vitoirmen\/wp-json\/wp\/v2\/pages\/255\/revisions"}],"predecessor-version":[{"id":1428,"href":"https:\/\/www.rmeyersl.com\/Vitoirmen\/wp-json\/wp\/v2\/pages\/255\/revisions\/1428"}],"wp:attachment":[{"href":"https:\/\/www.rmeyersl.com\/Vitoirmen\/wp-json\/wp\/v2\/media?parent=255"}],"curies":[{"name":"wp","href":"https:\/\/api.w.org\/{rel}","templated":true}]}}