{"id":220,"date":"2022-10-27T20:58:13","date_gmt":"2022-10-27T20:58:13","guid":{"rendered":"http:\/\/www.rmeyersl.com\/Vitoirmen\/?page_id=220"},"modified":"2022-11-29T08:35:16","modified_gmt":"2022-11-29T08:35:16","slug":"automocion","status":"publish","type":"page","link":"https:\/\/www.rmeyersl.com\/Vitoirmen\/automocion\/","title":{"rendered":"Automoci\u00f3n"},"content":{"rendered":"<div id='av_section_1'  class='avia-section av-v0vqc-77908760c2761ad59d439a53b214b5e2 main_color avia-section-default avia-no-border-styling  avia-builder-el-0  el_before_av_section  avia-builder-el-first  avia-bg-style-scroll container_wrap sidebar_right'  ><div class='container av-section-cont-open' ><main  role=\"main\" itemprop=\"mainContentOfPage\"  class='template-page content  av-content-small alpha units'><div class='post-entry post-entry-type-page post-entry-220'><div class='entry-content-wrapper clearfix'>\n<div class='flex_column av-qofsc-f0611767503e610f4c33b9f47ff96f72 av_one_half  avia-builder-el-1  el_before_av_one_half  avia-builder-el-first  first flex_column_div '     ><p>\n<style type=\"text\/css\" data-created_by=\"avia_inline_auto\" id=\"style-css-av-l9rk8qpk-3dbfc4f5dfcbcdcdf422139944689664\">\n#top .av-special-heading.av-l9rk8qpk-3dbfc4f5dfcbcdcdf422139944689664{\npadding-bottom:10px;\n}\nbody .av-special-heading.av-l9rk8qpk-3dbfc4f5dfcbcdcdf422139944689664 .av-special-heading-tag .heading-char{\nfont-size:25px;\n}\n.av-special-heading.av-l9rk8qpk-3dbfc4f5dfcbcdcdf422139944689664 .av-subheading{\nfont-size:15px;\n}\n<\/style>\n<div  class='av-special-heading av-l9rk8qpk-3dbfc4f5dfcbcdcdf422139944689664 av-special-heading-h1 blockquote modern-quote  avia-builder-el-2  el_before_av_textblock  avia-builder-el-first '><h1 class='av-special-heading-tag'  itemprop=\"headline\"  >Automoci\u00f3n<\/h1><div class=\"special-heading-border\"><div class=\"special-heading-inner-border\"><\/div><\/div><\/div><br \/>\n<section  class='av_textblock_section av-l9rkaedu-42882a7f926947bf6981f7ae86c65065'  itemscope=\"itemscope\" itemtype=\"https:\/\/schema.org\/CreativeWork\" ><div class='avia_textblock'  itemprop=\"text\" ><p>VITO ofrece la soluci\u00f3n de cintas adhesivas para el montaje de componentes y la uni\u00f3n de materiales para la industria del autom\u00f3vil. Tanto si se trata de la fijaci\u00f3n de piezas de montaje como de la protecci\u00f3n durante el transporte.<\/p>\n<\/div><\/section><\/p><\/div><div class='flex_column av-jjnyk-1c39f354c34a98d8256b25a24623e3f2 av_one_half  avia-builder-el-4  el_after_av_one_half  avia-builder-el-last  flex_column_div '     ><style type=\"text\/css\" data-created_by=\"avia_inline_auto\" id=\"style-css-av-l9rk7cja-72f3dc77c0eb1a3282eeb430f18e943d\">\n.avia-image-container.av-l9rk7cja-72f3dc77c0eb1a3282eeb430f18e943d img.avia_image{\nbox-shadow:none;\n}\n.avia-image-container.av-l9rk7cja-72f3dc77c0eb1a3282eeb430f18e943d .av-image-caption-overlay-center{\ncolor:#ffffff;\n}\n<\/style>\n<div  class='avia-image-container av-l9rk7cja-72f3dc77c0eb1a3282eeb430f18e943d av-styling- avia-align-center  avia-builder-el-5  avia-builder-el-no-sibling '   itemprop=\"image\" itemscope=\"itemscope\" itemtype=\"https:\/\/schema.org\/ImageObject\" ><div class=\"avia-image-container-inner\"><div class=\"avia-image-overlay-wrap\"><img decoding=\"async\" class='wp-image-1048 avia-img-lazy-loading-not-1048 avia_image ' src=\"https:\/\/www.rmeyersl.com\/Vitoirmen\/wp-content\/uploads\/2022\/11\/Automocion-larga.jpg\" alt='' title='Visiting car dealership'  height=\"740\" width=\"2120\"  itemprop=\"thumbnailUrl\" srcset=\"https:\/\/www.rmeyersl.com\/Vitoirmen\/wp-content\/uploads\/2022\/11\/Automocion-larga.jpg 2120w, https:\/\/www.rmeyersl.com\/Vitoirmen\/wp-content\/uploads\/2022\/11\/Automocion-larga-300x105.jpg 300w, https:\/\/www.rmeyersl.com\/Vitoirmen\/wp-content\/uploads\/2022\/11\/Automocion-larga-1030x360.jpg 1030w, https:\/\/www.rmeyersl.com\/Vitoirmen\/wp-content\/uploads\/2022\/11\/Automocion-larga-768x268.jpg 768w, https:\/\/www.rmeyersl.com\/Vitoirmen\/wp-content\/uploads\/2022\/11\/Automocion-larga-1536x536.jpg 1536w, https:\/\/www.rmeyersl.com\/Vitoirmen\/wp-content\/uploads\/2022\/11\/Automocion-larga-2048x715.jpg 2048w, https:\/\/www.rmeyersl.com\/Vitoirmen\/wp-content\/uploads\/2022\/11\/Automocion-larga-1500x524.jpg 1500w, https:\/\/www.rmeyersl.com\/Vitoirmen\/wp-content\/uploads\/2022\/11\/Automocion-larga-705x246.jpg 705w, https:\/\/www.rmeyersl.com\/Vitoirmen\/wp-content\/uploads\/2022\/11\/Automocion-larga-1210x423.jpg 1210w\" sizes=\"(max-width: 2120px) 100vw, 2120px\" \/><\/div><\/div><\/div><\/div>\n\n<\/div><\/div><\/main><!-- close content main element --><\/div><\/div>\n<style type=\"text\/css\" data-created_by=\"avia_inline_auto\" id=\"style-css-av-l9rkp27n-c8b8e4a13e729cd57fafbddc0cb40f34\">\n.avia-section.av-l9rkp27n-c8b8e4a13e729cd57fafbddc0cb40f34{\nbackground-color:#eceeef;\nbackground-image:unset;\n}\n<\/style>\n<div id='av_section_2'  class='avia-section av-l9rkp27n-c8b8e4a13e729cd57fafbddc0cb40f34 main_color avia-section-default avia-no-border-styling  avia-builder-el-6  el_after_av_section  avia-builder-el-last  avia-bg-style-scroll container_wrap sidebar_right'  ><div class='container av-section-cont-open' ><div class='template-page content  av-content-small alpha units'><div class='post-entry post-entry-type-page post-entry-220'><div class='entry-content-wrapper clearfix'>\n\n<style type=\"text\/css\" data-created_by=\"avia_inline_auto\" id=\"style-css-av-l9rkh3hi-7f2271bcf98f3bacded8cfe37a487573\">\n#top .av-special-heading.av-l9rkh3hi-7f2271bcf98f3bacded8cfe37a487573{\npadding-bottom:10px;\n}\nbody .av-special-heading.av-l9rkh3hi-7f2271bcf98f3bacded8cfe37a487573 .av-special-heading-tag .heading-char{\nfont-size:25px;\n}\n.av-special-heading.av-l9rkh3hi-7f2271bcf98f3bacded8cfe37a487573 .av-subheading{\nfont-size:15px;\n}\n<\/style>\n<div  class='av-special-heading av-l9rkh3hi-7f2271bcf98f3bacded8cfe37a487573 av-special-heading-h2 blockquote modern-quote  avia-builder-el-7  el_before_av_one_fourth  avia-builder-el-first '><h2 class='av-special-heading-tag'  itemprop=\"headline\"  >Productos para el sector de la automoci\u00f3n<\/h2><div class=\"special-heading-border\"><div class=\"special-heading-inner-border\"><\/div><\/div><\/div>\n\n<style type=\"text\/css\" data-created_by=\"avia_inline_auto\" id=\"style-css-av-l9rkuszi-ca162178c38db89c3a4680353b657090\">\n.flex_column.av-l9rkuszi-ca162178c38db89c3a4680353b657090{\nwidth:23.125%;\n}\n<\/style>\n<div class='flex_column av-l9rkuszi-ca162178c38db89c3a4680353b657090 av_one_fourth  avia-builder-el-8  el_after_av_heading  el_before_av_one_fourth  first flex_column_div avia-link-column av-column-link '    data-link-column-url=\"https:\/\/www.rmeyersl.com\/Vitoirmen\/automocion\/vito-mount-125-sa-220\/\"   ><a class=\"av-screen-reader-only\" href=https:\/\/www.rmeyersl.com\/Vitoirmen\/automocion\/vito-mount-125-sa-220\/ >Link to: VITOMOUNT 125 SA-220<\/a><p>\n<style type=\"text\/css\" data-created_by=\"avia_inline_auto\" id=\"style-css-av-l9rkx98h-ed994057a6d11d0fd48dce586add0d19\">\n.avia-image-container.av-l9rkx98h-ed994057a6d11d0fd48dce586add0d19 img.avia_image{\nbox-shadow:none;\n}\n.avia-image-container.av-l9rkx98h-ed994057a6d11d0fd48dce586add0d19 .av-image-caption-overlay-center{\ncolor:#ffffff;\n}\n<\/style>\n<div  class='avia-image-container av-l9rkx98h-ed994057a6d11d0fd48dce586add0d19 av-styling- avia-align-center  avia-builder-el-9  el_before_av_heading  avia-builder-el-first '   itemprop=\"image\" itemscope=\"itemscope\" itemtype=\"https:\/\/schema.org\/ImageObject\" ><div class=\"avia-image-container-inner\"><div class=\"avia-image-overlay-wrap\"><img decoding=\"async\" class='wp-image-834 avia-img-lazy-loading-not-834 avia_image ' src=\"https:\/\/www.rmeyersl.com\/Vitoirmen\/wp-content\/uploads\/2022\/11\/Vitomount-125-SA-220-300-300x300.jpg\" alt='' title='Vitomount 125 SA- 220-300'  height=\"300\" width=\"300\"  itemprop=\"thumbnailUrl\" srcset=\"https:\/\/www.rmeyersl.com\/Vitoirmen\/wp-content\/uploads\/2022\/11\/Vitomount-125-SA-220-300.jpg 300w, https:\/\/www.rmeyersl.com\/Vitoirmen\/wp-content\/uploads\/2022\/11\/Vitomount-125-SA-220-300-80x80.jpg 80w, https:\/\/www.rmeyersl.com\/Vitoirmen\/wp-content\/uploads\/2022\/11\/Vitomount-125-SA-220-300-36x36.jpg 36w, https:\/\/www.rmeyersl.com\/Vitoirmen\/wp-content\/uploads\/2022\/11\/Vitomount-125-SA-220-300-180x180.jpg 180w\" sizes=\"(max-width: 300px) 100vw, 300px\" \/><\/div><\/div><\/div><br \/>\n\n<style type=\"text\/css\" data-created_by=\"avia_inline_auto\" id=\"style-css-av-l9rkk9hl-3e1492f5aad96488cb1388cb3321b597\">\n#top .av-special-heading.av-l9rkk9hl-3e1492f5aad96488cb1388cb3321b597{\nmargin:-5px 0 0 0;\npadding-bottom:10px;\n}\nbody .av-special-heading.av-l9rkk9hl-3e1492f5aad96488cb1388cb3321b597 .av-special-heading-tag .heading-char{\nfont-size:25px;\n}\n.av-special-heading.av-l9rkk9hl-3e1492f5aad96488cb1388cb3321b597 .av-subheading{\nfont-size:15px;\n}\n<\/style>\n<div  class='av-special-heading av-l9rkk9hl-3e1492f5aad96488cb1388cb3321b597 av-special-heading-h3 blockquote modern-quote  avia-builder-el-10  el_after_av_image  el_before_av_textblock '><h3 class='av-special-heading-tag'  itemprop=\"headline\"  >VITOMOUNT 125 SA-220<\/h3><div class=\"special-heading-border\"><div class=\"special-heading-inner-border\"><\/div><\/div><\/div><br \/>\n<section  class='av_textblock_section av-latg5m1z-e2a9ec7ddbe08fc0bcc82af17cf6c251'  itemscope=\"itemscope\" itemtype=\"https:\/\/schema.org\/CreativeWork\" ><div class='avia_textblock'  itemprop=\"text\" ><p>Cinta de espuma adhesiva de doble cara para altas exigencias, utilizada para la fijaci\u00f3n de embellecedores<\/p>\n<\/div><\/section><\/p><\/div>\n<style type=\"text\/css\" data-created_by=\"avia_inline_auto\" id=\"style-css-av-dyj7w-dddcb53b169b23e7028c99aac8fda81c\">\n.flex_column.av-dyj7w-dddcb53b169b23e7028c99aac8fda81c{\nwidth:23.125%;\nmargin-left:2.5%;\n}\n<\/style>\n<div class='flex_column av-dyj7w-dddcb53b169b23e7028c99aac8fda81c av_one_fourth  avia-builder-el-12  el_after_av_one_fourth  el_before_av_one_fourth  flex_column_div avia-link-column av-column-link '    data-link-column-url=\"https:\/\/www.rmeyersl.com\/Vitoirmen\/automocion\/vitocryl-4080\/\"   ><a class=\"av-screen-reader-only\" href=https:\/\/www.rmeyersl.com\/Vitoirmen\/automocion\/vitocryl-4080\/ >Link to: VITOCRYL 4080<\/a><p>\n<style type=\"text\/css\" data-created_by=\"avia_inline_auto\" id=\"style-css-av-l9rkxfkp-249c5660edf6c94f67b62c164bb7f599\">\n.avia-image-container.av-l9rkxfkp-249c5660edf6c94f67b62c164bb7f599 img.avia_image{\nbox-shadow:none;\n}\n.avia-image-container.av-l9rkxfkp-249c5660edf6c94f67b62c164bb7f599 .av-image-caption-overlay-center{\ncolor:#ffffff;\n}\n<\/style>\n<div  class='avia-image-container av-l9rkxfkp-249c5660edf6c94f67b62c164bb7f599 av-styling- avia-align-center  avia-builder-el-13  el_before_av_heading  avia-builder-el-first '   itemprop=\"image\" itemscope=\"itemscope\" itemtype=\"https:\/\/schema.org\/ImageObject\" ><div class=\"avia-image-container-inner\"><div class=\"avia-image-overlay-wrap\"><img decoding=\"async\" class='wp-image-838 avia-img-lazy-loading-not-838 avia_image ' src=\"https:\/\/www.rmeyersl.com\/Vitoirmen\/wp-content\/uploads\/2022\/11\/Vitocryl-4080-300-300x300.jpg\" alt='' title='Vitocryl 4080-300'  height=\"300\" width=\"300\"  itemprop=\"thumbnailUrl\" srcset=\"https:\/\/www.rmeyersl.com\/Vitoirmen\/wp-content\/uploads\/2022\/11\/Vitocryl-4080-300.jpg 300w, https:\/\/www.rmeyersl.com\/Vitoirmen\/wp-content\/uploads\/2022\/11\/Vitocryl-4080-300-80x80.jpg 80w, https:\/\/www.rmeyersl.com\/Vitoirmen\/wp-content\/uploads\/2022\/11\/Vitocryl-4080-300-36x36.jpg 36w, https:\/\/www.rmeyersl.com\/Vitoirmen\/wp-content\/uploads\/2022\/11\/Vitocryl-4080-300-180x180.jpg 180w\" sizes=\"(max-width: 300px) 100vw, 300px\" \/><\/div><\/div><\/div><br \/>\n\n<style type=\"text\/css\" data-created_by=\"avia_inline_auto\" id=\"style-css-av-l9rkku1k-4284cb8cbdd3ca5102547e3e9f1b1312\">\n#top .av-special-heading.av-l9rkku1k-4284cb8cbdd3ca5102547e3e9f1b1312{\nmargin:-5px 0 0 0;\npadding-bottom:10px;\n}\nbody .av-special-heading.av-l9rkku1k-4284cb8cbdd3ca5102547e3e9f1b1312 .av-special-heading-tag .heading-char{\nfont-size:25px;\n}\n.av-special-heading.av-l9rkku1k-4284cb8cbdd3ca5102547e3e9f1b1312 .av-subheading{\nfont-size:15px;\n}\n<\/style>\n<div  class='av-special-heading av-l9rkku1k-4284cb8cbdd3ca5102547e3e9f1b1312 av-special-heading-h3 blockquote modern-quote  avia-builder-el-14  el_after_av_image  el_before_av_textblock '><h3 class='av-special-heading-tag'  itemprop=\"headline\"  >VITOCRYL 4080<\/h3><div class=\"special-heading-border\"><div class=\"special-heading-inner-border\"><\/div><\/div><\/div><br \/>\n<section  class='av_textblock_section av-latg6sdl-f1326e2467ddf9ebdb3eedb56cf68acc'  itemscope=\"itemscope\" itemtype=\"https:\/\/schema.org\/CreativeWork\" ><div class='avia_textblock'  itemprop=\"text\" ><p>Cinta de espuma adhesiva de doble cara para altas exigencias, utilizada para la fijaci\u00f3n de embellecedores<\/p>\n<\/div><\/section><\/p><\/div>\n<style type=\"text\/css\" data-created_by=\"avia_inline_auto\" id=\"style-css-av-b3oac-5c1cf68a3cd6a4b2bfa7c2bcb5317d32\">\n.flex_column.av-b3oac-5c1cf68a3cd6a4b2bfa7c2bcb5317d32{\nwidth:23.125%;\nmargin-left:2.5%;\n}\n<\/style>\n<div class='flex_column av-b3oac-5c1cf68a3cd6a4b2bfa7c2bcb5317d32 av_one_fourth  avia-builder-el-16  el_after_av_one_fourth  avia-builder-el-last  flex_column_div avia-link-column av-column-link '    data-link-column-url=\"https:\/\/www.rmeyersl.com\/Vitoirmen\/automocion\/vito-surface-protection-film\/\"   ><a class=\"av-screen-reader-only\" href=https:\/\/www.rmeyersl.com\/Vitoirmen\/automocion\/vito-surface-protection-film\/ >Link to: VITO Surface Protection Film<\/a><p>\n<style type=\"text\/css\" data-created_by=\"avia_inline_auto\" id=\"style-css-av-l9rkxrye-2bbef098a545c5ce3bd8a1de90325b4c\">\n.avia-image-container.av-l9rkxrye-2bbef098a545c5ce3bd8a1de90325b4c img.avia_image{\nbox-shadow:none;\n}\n.avia-image-container.av-l9rkxrye-2bbef098a545c5ce3bd8a1de90325b4c .av-image-caption-overlay-center{\ncolor:#ffffff;\n}\n<\/style>\n<div  class='avia-image-container av-l9rkxrye-2bbef098a545c5ce3bd8a1de90325b4c av-styling- avia-align-center  avia-builder-el-17  el_before_av_heading  avia-builder-el-first '   itemprop=\"image\" itemscope=\"itemscope\" itemtype=\"https:\/\/schema.org\/ImageObject\" ><div class=\"avia-image-container-inner\"><div class=\"avia-image-overlay-wrap\"><img decoding=\"async\" class='wp-image-843 avia-img-lazy-loading-not-843 avia_image ' src=\"https:\/\/www.rmeyersl.com\/Vitoirmen\/wp-content\/uploads\/2022\/11\/Vito_kachelbild_erosionsschutz-300-300x300.png\" alt='' title='Vito_kachelbild_erosionsschutz-300'  height=\"300\" width=\"300\"  itemprop=\"thumbnailUrl\" srcset=\"https:\/\/www.rmeyersl.com\/Vitoirmen\/wp-content\/uploads\/2022\/11\/Vito_kachelbild_erosionsschutz-300.png 300w, https:\/\/www.rmeyersl.com\/Vitoirmen\/wp-content\/uploads\/2022\/11\/Vito_kachelbild_erosionsschutz-300-80x80.png 80w, https:\/\/www.rmeyersl.com\/Vitoirmen\/wp-content\/uploads\/2022\/11\/Vito_kachelbild_erosionsschutz-300-36x36.png 36w, https:\/\/www.rmeyersl.com\/Vitoirmen\/wp-content\/uploads\/2022\/11\/Vito_kachelbild_erosionsschutz-300-180x180.png 180w\" sizes=\"(max-width: 300px) 100vw, 300px\" \/><\/div><\/div><\/div><br \/>\n\n<style type=\"text\/css\" data-created_by=\"avia_inline_auto\" id=\"style-css-av-l9rkl84q-2b284f4471c28c559d8fdc88cdb54f1c\">\n#top .av-special-heading.av-l9rkl84q-2b284f4471c28c559d8fdc88cdb54f1c{\nmargin:-5px 0 0 0;\npadding-bottom:10px;\n}\nbody .av-special-heading.av-l9rkl84q-2b284f4471c28c559d8fdc88cdb54f1c .av-special-heading-tag .heading-char{\nfont-size:25px;\n}\n.av-special-heading.av-l9rkl84q-2b284f4471c28c559d8fdc88cdb54f1c .av-subheading{\nfont-size:15px;\n}\n<\/style>\n<div  class='av-special-heading av-l9rkl84q-2b284f4471c28c559d8fdc88cdb54f1c av-special-heading-h3 blockquote modern-quote  avia-builder-el-18  el_after_av_image  el_before_av_textblock '><h3 class='av-special-heading-tag'  itemprop=\"headline\"  >VITO pel\u00edcula de protecci\u00f3n<\/h3><div class=\"special-heading-border\"><div class=\"special-heading-inner-border\"><\/div><\/div><\/div><br \/>\n<section  class='av_textblock_section av-latg8fs0-1bd2c229277a986e66e9ada857fbfaee'  itemscope=\"itemscope\" itemtype=\"https:\/\/schema.org\/CreativeWork\" ><div class='avia_textblock'  itemprop=\"text\" ><p>Pel\u00edculas de poliuretano transparentes y estabilizadas a los rayos UV recubiertas por una cara con adhesivo acr\u00edlico puro de alta calidad.<\/p>\n<\/div><\/section><\/p><\/div><\/div><\/div><\/div><!-- close content main div --><\/div><\/div><div id='after_section_2'  class='main_color av_default_container_wrap container_wrap sidebar_right'  ><div class='container av-section-cont-open' ><div class='template-page content  av-content-small alpha units'><div class='post-entry post-entry-type-page post-entry-220'><div class='entry-content-wrapper clearfix'>\n","protected":false},"excerpt":{"rendered":"","protected":false},"author":1,"featured_media":0,"parent":0,"menu_order":0,"comment_status":"closed","ping_status":"closed","template":"","meta":{"footnotes":""},"class_list":["post-220","page","type-page","status-publish","hentry"],"yoast_head":"<!-- This site is optimized with the Yoast SEO plugin v19.10 - https:\/\/yoast.com\/wordpress\/plugins\/seo\/ -->\n<title>Automoci\u00f3n - Vito de R.Meyer<\/title>\n<meta name=\"robots\" content=\"index, follow, max-snippet:-1, max-image-preview:large, max-video-preview:-1\" \/>\n<link rel=\"canonical\" href=\"https:\/\/www.rmeyersl.com\/Vitoirmen\/automocion\/\" \/>\n<meta property=\"og:locale\" content=\"es_ES\" \/>\n<meta property=\"og:type\" content=\"article\" \/>\n<meta property=\"og:title\" content=\"Automoci\u00f3n - Vito de R.Meyer\" \/>\n<meta property=\"og:url\" content=\"https:\/\/www.rmeyersl.com\/Vitoirmen\/automocion\/\" \/>\n<meta property=\"og:site_name\" content=\"Vito de R.Meyer\" \/>\n<meta property=\"article:modified_time\" content=\"2022-11-29T08:35:16+00:00\" \/>\n<meta name=\"twitter:card\" content=\"summary_large_image\" \/>\n<meta name=\"twitter:label1\" content=\"Tiempo de lectura\" \/>\n\t<meta name=\"twitter:data1\" content=\"8 minutos\" \/>\n<script type=\"application\/ld+json\" class=\"yoast-schema-graph\">{\"@context\":\"https:\/\/schema.org\",\"@graph\":[{\"@type\":\"WebPage\",\"@id\":\"https:\/\/www.rmeyersl.com\/Vitoirmen\/automocion\/\",\"url\":\"https:\/\/www.rmeyersl.com\/Vitoirmen\/automocion\/\",\"name\":\"Automoci\u00f3n - Vito de R.Meyer\",\"isPartOf\":{\"@id\":\"http:\/\/www.rmeyersl.com\/Vitoirmen\/#website\"},\"datePublished\":\"2022-10-27T20:58:13+00:00\",\"dateModified\":\"2022-11-29T08:35:16+00:00\",\"breadcrumb\":{\"@id\":\"https:\/\/www.rmeyersl.com\/Vitoirmen\/automocion\/#breadcrumb\"},\"inLanguage\":\"es\",\"potentialAction\":[{\"@type\":\"ReadAction\",\"target\":[\"https:\/\/www.rmeyersl.com\/Vitoirmen\/automocion\/\"]}]},{\"@type\":\"BreadcrumbList\",\"@id\":\"https:\/\/www.rmeyersl.com\/Vitoirmen\/automocion\/#breadcrumb\",\"itemListElement\":[{\"@type\":\"ListItem\",\"position\":1,\"name\":\"Portada\",\"item\":\"http:\/\/www.rmeyersl.com\/Vitoirmen\/\"},{\"@type\":\"ListItem\",\"position\":2,\"name\":\"Automoci\u00f3n\"}]},{\"@type\":\"WebSite\",\"@id\":\"http:\/\/www.rmeyersl.com\/Vitoirmen\/#website\",\"url\":\"http:\/\/www.rmeyersl.com\/Vitoirmen\/\",\"name\":\"Vito de R.Meyer\",\"description\":\"Encuentra productos VITO para los sectores de energ\u00edas renovables, construcci\u00f3n, industria, automoci\u00f3n, medicina y vidrio\",\"potentialAction\":[{\"@type\":\"SearchAction\",\"target\":{\"@type\":\"EntryPoint\",\"urlTemplate\":\"http:\/\/www.rmeyersl.com\/Vitoirmen\/?s={search_term_string}\"},\"query-input\":\"required name=search_term_string\"}],\"inLanguage\":\"es\"}]}<\/script>\n<!-- \/ Yoast SEO plugin. -->","yoast_head_json":{"title":"Automoci\u00f3n - Vito de R.Meyer","robots":{"index":"index","follow":"follow","max-snippet":"max-snippet:-1","max-image-preview":"max-image-preview:large","max-video-preview":"max-video-preview:-1"},"canonical":"https:\/\/www.rmeyersl.com\/Vitoirmen\/automocion\/","og_locale":"es_ES","og_type":"article","og_title":"Automoci\u00f3n - Vito de R.Meyer","og_url":"https:\/\/www.rmeyersl.com\/Vitoirmen\/automocion\/","og_site_name":"Vito de R.Meyer","article_modified_time":"2022-11-29T08:35:16+00:00","twitter_card":"summary_large_image","twitter_misc":{"Tiempo de lectura":"8 minutos"},"schema":{"@context":"https:\/\/schema.org","@graph":[{"@type":"WebPage","@id":"https:\/\/www.rmeyersl.com\/Vitoirmen\/automocion\/","url":"https:\/\/www.rmeyersl.com\/Vitoirmen\/automocion\/","name":"Automoci\u00f3n - Vito de R.Meyer","isPartOf":{"@id":"http:\/\/www.rmeyersl.com\/Vitoirmen\/#website"},"datePublished":"2022-10-27T20:58:13+00:00","dateModified":"2022-11-29T08:35:16+00:00","breadcrumb":{"@id":"https:\/\/www.rmeyersl.com\/Vitoirmen\/automocion\/#breadcrumb"},"inLanguage":"es","potentialAction":[{"@type":"ReadAction","target":["https:\/\/www.rmeyersl.com\/Vitoirmen\/automocion\/"]}]},{"@type":"BreadcrumbList","@id":"https:\/\/www.rmeyersl.com\/Vitoirmen\/automocion\/#breadcrumb","itemListElement":[{"@type":"ListItem","position":1,"name":"Portada","item":"http:\/\/www.rmeyersl.com\/Vitoirmen\/"},{"@type":"ListItem","position":2,"name":"Automoci\u00f3n"}]},{"@type":"WebSite","@id":"http:\/\/www.rmeyersl.com\/Vitoirmen\/#website","url":"http:\/\/www.rmeyersl.com\/Vitoirmen\/","name":"Vito de R.Meyer","description":"Encuentra productos VITO para los sectores de energ\u00edas renovables, construcci\u00f3n, industria, automoci\u00f3n, medicina y vidrio","potentialAction":[{"@type":"SearchAction","target":{"@type":"EntryPoint","urlTemplate":"http:\/\/www.rmeyersl.com\/Vitoirmen\/?s={search_term_string}"},"query-input":"required name=search_term_string"}],"inLanguage":"es"}]}},"_links":{"self":[{"href":"https:\/\/www.rmeyersl.com\/Vitoirmen\/wp-json\/wp\/v2\/pages\/220","targetHints":{"allow":["GET"]}}],"collection":[{"href":"https:\/\/www.rmeyersl.com\/Vitoirmen\/wp-json\/wp\/v2\/pages"}],"about":[{"href":"https:\/\/www.rmeyersl.com\/Vitoirmen\/wp-json\/wp\/v2\/types\/page"}],"author":[{"embeddable":true,"href":"https:\/\/www.rmeyersl.com\/Vitoirmen\/wp-json\/wp\/v2\/users\/1"}],"replies":[{"embeddable":true,"href":"https:\/\/www.rmeyersl.com\/Vitoirmen\/wp-json\/wp\/v2\/comments?post=220"}],"version-history":[{"count":34,"href":"https:\/\/www.rmeyersl.com\/Vitoirmen\/wp-json\/wp\/v2\/pages\/220\/revisions"}],"predecessor-version":[{"id":1434,"href":"https:\/\/www.rmeyersl.com\/Vitoirmen\/wp-json\/wp\/v2\/pages\/220\/revisions\/1434"}],"wp:attachment":[{"href":"https:\/\/www.rmeyersl.com\/Vitoirmen\/wp-json\/wp\/v2\/media?parent=220"}],"curies":[{"name":"wp","href":"https:\/\/api.w.org\/{rel}","templated":true}]}}