{"id":216,"date":"2022-10-27T20:53:02","date_gmt":"2022-10-27T20:53:02","guid":{"rendered":"http:\/\/www.rmeyersl.com\/Vitoirmen\/?page_id=216"},"modified":"2022-11-22T10:33:32","modified_gmt":"2022-11-22T10:33:32","slug":"216-2","status":"publish","type":"page","link":"https:\/\/www.rmeyersl.com\/Vitoirmen\/216-2\/","title":{"rendered":"VITOLEN \/ VITOFLEX"},"content":{"rendered":"<div id='av_section_1'  class='avia-section av-754c8-9c6c68dbe490fa242d99a4e297411d0a main_color avia-section-default avia-no-border-styling  avia-builder-el-0  avia-builder-el-no-sibling  avia-bg-style-scroll container_wrap sidebar_right'  ><div class='container av-section-cont-open' ><main  role=\"main\" itemprop=\"mainContentOfPage\"  class='template-page content  av-content-small alpha units'><div class='post-entry post-entry-type-page post-entry-216'><div class='entry-content-wrapper clearfix'>\n<div class='flex_column av-fm16w-03d5f91d0c730a94339cc23d572e0fdd av_three_fifth  avia-builder-el-1  el_before_av_two_fifth  avia-builder-el-first  first flex_column_div '     ><p>\n<style type=\"text\/css\" data-created_by=\"avia_inline_auto\" id=\"style-css-av-l9rjjcr7-950d950a019268e93f15f436ec1ff292\">\n#top .av-special-heading.av-l9rjjcr7-950d950a019268e93f15f436ec1ff292{\npadding-bottom:10px;\n}\nbody .av-special-heading.av-l9rjjcr7-950d950a019268e93f15f436ec1ff292 .av-special-heading-tag .heading-char{\nfont-size:25px;\n}\n.av-special-heading.av-l9rjjcr7-950d950a019268e93f15f436ec1ff292 .av-subheading{\nfont-size:15px;\n}\n<\/style>\n<div  class='av-special-heading av-l9rjjcr7-950d950a019268e93f15f436ec1ff292 av-special-heading-h1 blockquote modern-quote  avia-builder-el-2  el_before_av_textblock  avia-builder-el-first '><h1 class='av-special-heading-tag'  itemprop=\"headline\"  >VITOLEN \/ VITOFLEX<\/h1><div class=\"special-heading-border\"><div class=\"special-heading-inner-border\"><\/div><\/div><\/div><br \/>\n<section  class='av_textblock_section av-l9rjla2w-1b95b40158fb85eed3e3a482247a5559'  itemscope=\"itemscope\" itemtype=\"https:\/\/schema.org\/CreativeWork\" ><div class='avia_textblock'  itemprop=\"text\" ><p>Separadores adhesivos de un solo lado para la protecci\u00f3n durante el transporte y almacenamiento de m\u00f3dulos y subestructuras fotovoltaicas. Los\u00a0 distanciadores sirven simult\u00e1neamente como amortiguadores y como dispositivos antideslizantes, contribuyendo as\u00ed a la reducci\u00f3n de costes y a la minimizaci\u00f3n de da\u00f1os en el transporte. Los distanciadores se suministran en medida est\u00e1ndar y especiales, seg\u00fan requerimiento.<\/p>\n<p>Aplicaci\u00f3n:<\/p>\n<p><img loading=\"lazy\" decoding=\"async\" class=\"alignnone size-medium wp-image-1136\" src=\"http:\/\/www.rmeyersl.com\/Vitoirmen\/wp-content\/uploads\/2022\/11\/Solar-Vitolen-Vitoflex-Separadores-300x275.png\" alt=\"\" width=\"300\" height=\"275\" srcset=\"https:\/\/www.rmeyersl.com\/Vitoirmen\/wp-content\/uploads\/2022\/11\/Solar-Vitolen-Vitoflex-Separadores-300x275.png 300w, https:\/\/www.rmeyersl.com\/Vitoirmen\/wp-content\/uploads\/2022\/11\/Solar-Vitolen-Vitoflex-Separadores-1030x944.png 1030w, https:\/\/www.rmeyersl.com\/Vitoirmen\/wp-content\/uploads\/2022\/11\/Solar-Vitolen-Vitoflex-Separadores-768x704.png 768w, https:\/\/www.rmeyersl.com\/Vitoirmen\/wp-content\/uploads\/2022\/11\/Solar-Vitolen-Vitoflex-Separadores-705x646.png 705w, https:\/\/www.rmeyersl.com\/Vitoirmen\/wp-content\/uploads\/2022\/11\/Solar-Vitolen-Vitoflex-Separadores.png 1355w\" sizes=\"auto, (max-width: 300px) 100vw, 300px\" \/><\/p>\n<ul>\n<li>Materiales de respaldo de caucho, espuma de PE o corcho<\/li>\n<li>D\u00e9bil o fuertemente adhesivo<\/li>\n<li>Removible sin residuos<\/li>\n<li>Buenas propiedades de compresi\u00f3n<\/li>\n<li>Antideslizante<\/li>\n<li>Compensa los desniveles<\/li>\n<li>Buena resiliencia<\/li>\n<li>F\u00e1cil de manejar<\/li>\n<\/ul>\n<\/div><\/section><\/p><\/div><div class='flex_column av-7w5c0-d0545ca901964e4fdaad7f46abe5bb71 av_two_fifth  avia-builder-el-4  el_after_av_three_fifth  avia-builder-el-last  flex_column_div '     ><style type=\"text\/css\" data-created_by=\"avia_inline_auto\" id=\"style-css-av-la8ib3ea-eb56d188bccf33f16ac74d1406d1517b\">\n.avia-image-container.av-la8ib3ea-eb56d188bccf33f16ac74d1406d1517b img.avia_image{\nbox-shadow:none;\n}\n.avia-image-container.av-la8ib3ea-eb56d188bccf33f16ac74d1406d1517b .av-image-caption-overlay-center{\ncolor:#ffffff;\n}\n<\/style>\n<div  class='avia-image-container av-la8ib3ea-eb56d188bccf33f16ac74d1406d1517b av-styling- avia-align-center  avia-builder-el-5  avia-builder-el-no-sibling '   itemprop=\"image\" itemscope=\"itemscope\" itemtype=\"https:\/\/schema.org\/ImageObject\" ><div class=\"avia-image-container-inner\"><div class=\"avia-image-overlay-wrap\"><img decoding=\"async\" class='wp-image-972 avia-img-lazy-loading-not-972 avia_image ' src=\"https:\/\/www.rmeyersl.com\/Vitoirmen\/wp-content\/uploads\/2022\/11\/Vitoflex-Solar_Distanciador-300-300x300.jpg\" alt='' title='Vitoflex Solar_Distanciador-300'  height=\"300\" width=\"300\"  itemprop=\"thumbnailUrl\" srcset=\"https:\/\/www.rmeyersl.com\/Vitoirmen\/wp-content\/uploads\/2022\/11\/Vitoflex-Solar_Distanciador-300.jpg 300w, https:\/\/www.rmeyersl.com\/Vitoirmen\/wp-content\/uploads\/2022\/11\/Vitoflex-Solar_Distanciador-300-80x80.jpg 80w, https:\/\/www.rmeyersl.com\/Vitoirmen\/wp-content\/uploads\/2022\/11\/Vitoflex-Solar_Distanciador-300-36x36.jpg 36w, https:\/\/www.rmeyersl.com\/Vitoirmen\/wp-content\/uploads\/2022\/11\/Vitoflex-Solar_Distanciador-300-180x180.jpg 180w\" sizes=\"(max-width: 300px) 100vw, 300px\" \/><\/div><\/div><\/div><\/div><\/div><\/div><\/main><!-- close content main element --><\/div><\/div><div id='after_section_1'  class='main_color av_default_container_wrap container_wrap sidebar_right'  ><div class='container av-section-cont-open' ><div class='template-page content  av-content-small alpha units'><div class='post-entry post-entry-type-page post-entry-216'><div class='entry-content-wrapper clearfix'>\n","protected":false},"excerpt":{"rendered":"","protected":false},"author":1,"featured_media":0,"parent":0,"menu_order":0,"comment_status":"closed","ping_status":"closed","template":"","meta":{"footnotes":""},"class_list":["post-216","page","type-page","status-publish","hentry"],"yoast_head":"<!-- This site is optimized with the Yoast SEO plugin v19.10 - https:\/\/yoast.com\/wordpress\/plugins\/seo\/ -->\n<title>VITOLEN \/ VITOFLEX - Vito de R.Meyer<\/title>\n<meta name=\"robots\" content=\"index, follow, max-snippet:-1, max-image-preview:large, max-video-preview:-1\" \/>\n<link rel=\"canonical\" href=\"https:\/\/www.rmeyersl.com\/Vitoirmen\/216-2\/\" \/>\n<meta property=\"og:locale\" content=\"es_ES\" \/>\n<meta property=\"og:type\" content=\"article\" \/>\n<meta property=\"og:title\" content=\"VITOLEN \/ VITOFLEX - Vito de R.Meyer\" \/>\n<meta property=\"og:url\" content=\"https:\/\/www.rmeyersl.com\/Vitoirmen\/216-2\/\" \/>\n<meta property=\"og:site_name\" content=\"Vito de R.Meyer\" \/>\n<meta property=\"article:modified_time\" content=\"2022-11-22T10:33:32+00:00\" \/>\n<meta property=\"og:image\" content=\"http:\/\/www.rmeyersl.com\/Vitoirmen\/wp-content\/uploads\/2022\/11\/Solar-Vitolen-Vitoflex-Separadores-300x275.png\" \/>\n<meta name=\"twitter:card\" content=\"summary_large_image\" \/>\n<meta name=\"twitter:label1\" content=\"Tiempo de lectura\" \/>\n\t<meta name=\"twitter:data1\" content=\"9 minutos\" \/>\n<script type=\"application\/ld+json\" class=\"yoast-schema-graph\">{\"@context\":\"https:\/\/schema.org\",\"@graph\":[{\"@type\":\"WebPage\",\"@id\":\"https:\/\/www.rmeyersl.com\/Vitoirmen\/216-2\/\",\"url\":\"https:\/\/www.rmeyersl.com\/Vitoirmen\/216-2\/\",\"name\":\"VITOLEN \/ VITOFLEX - Vito de R.Meyer\",\"isPartOf\":{\"@id\":\"http:\/\/www.rmeyersl.com\/Vitoirmen\/#website\"},\"datePublished\":\"2022-10-27T20:53:02+00:00\",\"dateModified\":\"2022-11-22T10:33:32+00:00\",\"breadcrumb\":{\"@id\":\"https:\/\/www.rmeyersl.com\/Vitoirmen\/216-2\/#breadcrumb\"},\"inLanguage\":\"es\",\"potentialAction\":[{\"@type\":\"ReadAction\",\"target\":[\"https:\/\/www.rmeyersl.com\/Vitoirmen\/216-2\/\"]}]},{\"@type\":\"BreadcrumbList\",\"@id\":\"https:\/\/www.rmeyersl.com\/Vitoirmen\/216-2\/#breadcrumb\",\"itemListElement\":[{\"@type\":\"ListItem\",\"position\":1,\"name\":\"Portada\",\"item\":\"http:\/\/www.rmeyersl.com\/Vitoirmen\/\"},{\"@type\":\"ListItem\",\"position\":2,\"name\":\"VITOLEN \/ VITOFLEX\"}]},{\"@type\":\"WebSite\",\"@id\":\"http:\/\/www.rmeyersl.com\/Vitoirmen\/#website\",\"url\":\"http:\/\/www.rmeyersl.com\/Vitoirmen\/\",\"name\":\"Vito de R.Meyer\",\"description\":\"Encuentra productos VITO para los sectores de energ\u00edas renovables, construcci\u00f3n, industria, automoci\u00f3n, medicina y vidrio\",\"potentialAction\":[{\"@type\":\"SearchAction\",\"target\":{\"@type\":\"EntryPoint\",\"urlTemplate\":\"http:\/\/www.rmeyersl.com\/Vitoirmen\/?s={search_term_string}\"},\"query-input\":\"required name=search_term_string\"}],\"inLanguage\":\"es\"}]}<\/script>\n<!-- \/ Yoast SEO plugin. -->","yoast_head_json":{"title":"VITOLEN \/ VITOFLEX - Vito de R.Meyer","robots":{"index":"index","follow":"follow","max-snippet":"max-snippet:-1","max-image-preview":"max-image-preview:large","max-video-preview":"max-video-preview:-1"},"canonical":"https:\/\/www.rmeyersl.com\/Vitoirmen\/216-2\/","og_locale":"es_ES","og_type":"article","og_title":"VITOLEN \/ VITOFLEX - Vito de R.Meyer","og_url":"https:\/\/www.rmeyersl.com\/Vitoirmen\/216-2\/","og_site_name":"Vito de R.Meyer","article_modified_time":"2022-11-22T10:33:32+00:00","og_image":[{"url":"http:\/\/www.rmeyersl.com\/Vitoirmen\/wp-content\/uploads\/2022\/11\/Solar-Vitolen-Vitoflex-Separadores-300x275.png"}],"twitter_card":"summary_large_image","twitter_misc":{"Tiempo de lectura":"9 minutos"},"schema":{"@context":"https:\/\/schema.org","@graph":[{"@type":"WebPage","@id":"https:\/\/www.rmeyersl.com\/Vitoirmen\/216-2\/","url":"https:\/\/www.rmeyersl.com\/Vitoirmen\/216-2\/","name":"VITOLEN \/ VITOFLEX - Vito de R.Meyer","isPartOf":{"@id":"http:\/\/www.rmeyersl.com\/Vitoirmen\/#website"},"datePublished":"2022-10-27T20:53:02+00:00","dateModified":"2022-11-22T10:33:32+00:00","breadcrumb":{"@id":"https:\/\/www.rmeyersl.com\/Vitoirmen\/216-2\/#breadcrumb"},"inLanguage":"es","potentialAction":[{"@type":"ReadAction","target":["https:\/\/www.rmeyersl.com\/Vitoirmen\/216-2\/"]}]},{"@type":"BreadcrumbList","@id":"https:\/\/www.rmeyersl.com\/Vitoirmen\/216-2\/#breadcrumb","itemListElement":[{"@type":"ListItem","position":1,"name":"Portada","item":"http:\/\/www.rmeyersl.com\/Vitoirmen\/"},{"@type":"ListItem","position":2,"name":"VITOLEN \/ VITOFLEX"}]},{"@type":"WebSite","@id":"http:\/\/www.rmeyersl.com\/Vitoirmen\/#website","url":"http:\/\/www.rmeyersl.com\/Vitoirmen\/","name":"Vito de R.Meyer","description":"Encuentra productos VITO para los sectores de energ\u00edas renovables, construcci\u00f3n, industria, automoci\u00f3n, medicina y vidrio","potentialAction":[{"@type":"SearchAction","target":{"@type":"EntryPoint","urlTemplate":"http:\/\/www.rmeyersl.com\/Vitoirmen\/?s={search_term_string}"},"query-input":"required name=search_term_string"}],"inLanguage":"es"}]}},"_links":{"self":[{"href":"https:\/\/www.rmeyersl.com\/Vitoirmen\/wp-json\/wp\/v2\/pages\/216","targetHints":{"allow":["GET"]}}],"collection":[{"href":"https:\/\/www.rmeyersl.com\/Vitoirmen\/wp-json\/wp\/v2\/pages"}],"about":[{"href":"https:\/\/www.rmeyersl.com\/Vitoirmen\/wp-json\/wp\/v2\/types\/page"}],"author":[{"embeddable":true,"href":"https:\/\/www.rmeyersl.com\/Vitoirmen\/wp-json\/wp\/v2\/users\/1"}],"replies":[{"embeddable":true,"href":"https:\/\/www.rmeyersl.com\/Vitoirmen\/wp-json\/wp\/v2\/comments?post=216"}],"version-history":[{"count":4,"href":"https:\/\/www.rmeyersl.com\/Vitoirmen\/wp-json\/wp\/v2\/pages\/216\/revisions"}],"predecessor-version":[{"id":1147,"href":"https:\/\/www.rmeyersl.com\/Vitoirmen\/wp-json\/wp\/v2\/pages\/216\/revisions\/1147"}],"wp:attachment":[{"href":"https:\/\/www.rmeyersl.com\/Vitoirmen\/wp-json\/wp\/v2\/media?parent=216"}],"curies":[{"name":"wp","href":"https:\/\/api.w.org\/{rel}","templated":true}]}}