{"id":209,"date":"2022-10-27T20:38:00","date_gmt":"2022-10-27T20:38:00","guid":{"rendered":"http:\/\/www.rmeyersl.com\/Vitoirmen\/?page_id=209"},"modified":"2022-11-23T09:03:30","modified_gmt":"2022-11-23T09:03:30","slug":"209-2","status":"publish","type":"page","link":"https:\/\/www.rmeyersl.com\/Vitoirmen\/energias-renovables\/209-2\/","title":{"rendered":"VITOFLEX CM-L"},"content":{"rendered":"<div id='av_section_1'  class='avia-section av-7p15l-32b628584925c9addafebb50e78df223 main_color avia-section-default avia-no-border-styling  avia-builder-el-0  avia-builder-el-no-sibling  avia-bg-style-scroll container_wrap sidebar_right'  ><div class='container av-section-cont-open' ><main  role=\"main\" itemprop=\"mainContentOfPage\"  class='template-page content  av-content-small alpha units'><div class='post-entry post-entry-type-page post-entry-209'><div class='entry-content-wrapper clearfix'>\n<div class='flex_column av-emzm1-d4270dbde03efe2a612f053ac743c2e8 av_three_fifth  avia-builder-el-1  el_before_av_two_fifth  avia-builder-el-first  first flex_column_div '     ><p>\n<style type=\"text\/css\" data-created_by=\"avia_inline_auto\" id=\"style-css-av-l9rj0335-b533a3db9b342ee2aa6b8e977d575696\">\n#top .av-special-heading.av-l9rj0335-b533a3db9b342ee2aa6b8e977d575696{\npadding-bottom:10px;\n}\nbody .av-special-heading.av-l9rj0335-b533a3db9b342ee2aa6b8e977d575696 .av-special-heading-tag .heading-char{\nfont-size:25px;\n}\n.av-special-heading.av-l9rj0335-b533a3db9b342ee2aa6b8e977d575696 .av-subheading{\nfont-size:15px;\n}\n<\/style>\n<div  class='av-special-heading av-l9rj0335-b533a3db9b342ee2aa6b8e977d575696 av-special-heading-h1 blockquote modern-quote  avia-builder-el-2  el_before_av_textblock  avia-builder-el-first '><h1 class='av-special-heading-tag'  itemprop=\"headline\"  >VITOFLEX CM-L<\/h1><div class=\"special-heading-border\"><div class=\"special-heading-inner-border\"><\/div><\/div><\/div><br \/>\n<section  class='av_textblock_section av-l9rj1xn7-f95c9159097181db1146f5b467269e8d'  itemscope=\"itemscope\" itemtype=\"https:\/\/schema.org\/CreativeWork\" ><div class='avia_textblock'  itemprop=\"text\" ><p>Cinta de sellado adhesiva de una cara de espuma EPDM para sellar y desacoplar la subestructura del m\u00f3dulo con alta resistencia a los rayos UV.<\/p>\n<p>Aplicaci\u00f3n:<\/p>\n<p><img loading=\"lazy\" decoding=\"async\" class=\"alignnone size-medium wp-image-1134\" src=\"http:\/\/www.rmeyersl.com\/Vitoirmen\/wp-content\/uploads\/2022\/11\/Solar-Vitoflex-CM-L-300x275.png\" alt=\"\" width=\"300\" height=\"275\" srcset=\"https:\/\/www.rmeyersl.com\/Vitoirmen\/wp-content\/uploads\/2022\/11\/Solar-Vitoflex-CM-L-300x275.png 300w, https:\/\/www.rmeyersl.com\/Vitoirmen\/wp-content\/uploads\/2022\/11\/Solar-Vitoflex-CM-L-1030x945.png 1030w, https:\/\/www.rmeyersl.com\/Vitoirmen\/wp-content\/uploads\/2022\/11\/Solar-Vitoflex-CM-L-768x705.png 768w, https:\/\/www.rmeyersl.com\/Vitoirmen\/wp-content\/uploads\/2022\/11\/Solar-Vitoflex-CM-L-705x647.png 705w, https:\/\/www.rmeyersl.com\/Vitoirmen\/wp-content\/uploads\/2022\/11\/Solar-Vitoflex-CM-L.png 1356w\" sizes=\"auto, (max-width: 300px) 100vw, 300px\" \/><\/p>\n<ul>\n<li>Respaldo de espuma EPDM flexible<\/li>\n<li>Sellando<\/li>\n<li>Buena adherencia<\/li>\n<li>Buena resistencia a los rayos UV<\/li>\n<li>Permanentemente el\u00e1stico<\/li>\n<li>Resistente a una amplia gama de productos qu\u00edmicos<\/li>\n<li>Buena resiliencia<\/li>\n<li>F\u00e1cil procesamiento desde rollos o bobinas<\/li>\n<li>Posibilidad de piezas troqueladas<\/li>\n<\/ul>\n<\/div><\/section><\/p><\/div><div class='flex_column av-ba5ax-8a35c091b979ce53d69e20673c0d7528 av_two_fifth  avia-builder-el-4  el_after_av_three_fifth  el_before_av_button  flex_column_div '     ><style type=\"text\/css\" data-created_by=\"avia_inline_auto\" id=\"style-css-av-la6yr3t5-6fea18ea7895bc62ad3e0e48f2aab2a8\">\n.avia-image-container.av-la6yr3t5-6fea18ea7895bc62ad3e0e48f2aab2a8 img.avia_image{\nbox-shadow:none;\n}\n.avia-image-container.av-la6yr3t5-6fea18ea7895bc62ad3e0e48f2aab2a8 .av-image-caption-overlay-center{\ncolor:#ffffff;\n}\n<\/style>\n<div  class='avia-image-container av-la6yr3t5-6fea18ea7895bc62ad3e0e48f2aab2a8 av-styling- avia-align-center  avia-builder-el-5  avia-builder-el-no-sibling '   itemprop=\"image\" itemscope=\"itemscope\" itemtype=\"https:\/\/schema.org\/ImageObject\" ><div class=\"avia-image-container-inner\"><div class=\"avia-image-overlay-wrap\"><img decoding=\"async\" class='wp-image-607 avia-img-lazy-loading-not-607 avia_image ' src=\"https:\/\/www.rmeyersl.com\/Vitoirmen\/wp-content\/uploads\/2022\/11\/Cinta-autoadhesiva-de-una-cara-de-EPDM-Vitoflex_CM-L-300-300x300.jpg\" alt='' title='Cinta autoadhesiva de una cara de EPDM Vitoflex_CM-L-300'  height=\"300\" width=\"300\"  itemprop=\"thumbnailUrl\" srcset=\"https:\/\/www.rmeyersl.com\/Vitoirmen\/wp-content\/uploads\/2022\/11\/Cinta-autoadhesiva-de-una-cara-de-EPDM-Vitoflex_CM-L-300.jpg 300w, https:\/\/www.rmeyersl.com\/Vitoirmen\/wp-content\/uploads\/2022\/11\/Cinta-autoadhesiva-de-una-cara-de-EPDM-Vitoflex_CM-L-300-80x80.jpg 80w, https:\/\/www.rmeyersl.com\/Vitoirmen\/wp-content\/uploads\/2022\/11\/Cinta-autoadhesiva-de-una-cara-de-EPDM-Vitoflex_CM-L-300-36x36.jpg 36w, https:\/\/www.rmeyersl.com\/Vitoirmen\/wp-content\/uploads\/2022\/11\/Cinta-autoadhesiva-de-una-cara-de-EPDM-Vitoflex_CM-L-300-180x180.jpg 180w\" sizes=\"(max-width: 300px) 100vw, 300px\" \/><\/div><\/div><\/div><\/div><div  class='avia-button-wrap av-latf3tyd-4fa521815bd4f7df82adba3634bfbbca-wrap avia-button-center  avia-builder-el-6  el_after_av_two_fifth  avia-builder-el-last '><a href='https:\/\/www.vito-irmen.de\/produkte\/industrie\/vitoflex-cm-l\/?lang=en' class='avia-button av-latf3tyd-4fa521815bd4f7df82adba3634bfbbca avia-icon_select-no avia-size-small avia-position-center avia-color-theme-color' target=\"_blank\" rel=\"noopener noreferrer\"><span class='avia_iconbox_title' >M\u00e1s informaci\u00f3n<\/span><\/a><\/div>\n<\/div><\/div><\/main><!-- close content main element --><\/div><\/div><div id='after_section_1'  class='main_color av_default_container_wrap container_wrap sidebar_right'  ><div class='container av-section-cont-open' ><div class='template-page content  av-content-small alpha units'><div class='post-entry post-entry-type-page post-entry-209'><div class='entry-content-wrapper clearfix'>\n","protected":false},"excerpt":{"rendered":"","protected":false},"author":1,"featured_media":0,"parent":153,"menu_order":0,"comment_status":"closed","ping_status":"closed","template":"","meta":{"footnotes":""},"class_list":["post-209","page","type-page","status-publish","hentry"],"yoast_head":"<!-- This site is optimized with the Yoast SEO plugin v19.10 - https:\/\/yoast.com\/wordpress\/plugins\/seo\/ -->\n<title>VITOFLEX CM-L - Vito de R.Meyer<\/title>\n<meta name=\"robots\" content=\"index, follow, max-snippet:-1, max-image-preview:large, max-video-preview:-1\" \/>\n<link rel=\"canonical\" href=\"https:\/\/www.rmeyersl.com\/Vitoirmen\/energias-renovables\/209-2\/\" \/>\n<meta property=\"og:locale\" content=\"es_ES\" \/>\n<meta property=\"og:type\" content=\"article\" \/>\n<meta property=\"og:title\" content=\"VITOFLEX CM-L - Vito de R.Meyer\" \/>\n<meta property=\"og:url\" content=\"https:\/\/www.rmeyersl.com\/Vitoirmen\/energias-renovables\/209-2\/\" \/>\n<meta property=\"og:site_name\" content=\"Vito de R.Meyer\" \/>\n<meta property=\"article:modified_time\" content=\"2022-11-23T09:03:30+00:00\" \/>\n<meta property=\"og:image\" content=\"http:\/\/www.rmeyersl.com\/Vitoirmen\/wp-content\/uploads\/2022\/11\/Solar-Vitoflex-CM-L-300x275.png\" \/>\n<meta name=\"twitter:card\" content=\"summary_large_image\" \/>\n<meta name=\"twitter:label1\" content=\"Tiempo de lectura\" \/>\n\t<meta name=\"twitter:data1\" content=\"10 minutos\" \/>\n<script type=\"application\/ld+json\" class=\"yoast-schema-graph\">{\"@context\":\"https:\/\/schema.org\",\"@graph\":[{\"@type\":\"WebPage\",\"@id\":\"https:\/\/www.rmeyersl.com\/Vitoirmen\/energias-renovables\/209-2\/\",\"url\":\"https:\/\/www.rmeyersl.com\/Vitoirmen\/energias-renovables\/209-2\/\",\"name\":\"VITOFLEX CM-L - Vito de R.Meyer\",\"isPartOf\":{\"@id\":\"http:\/\/www.rmeyersl.com\/Vitoirmen\/#website\"},\"datePublished\":\"2022-10-27T20:38:00+00:00\",\"dateModified\":\"2022-11-23T09:03:30+00:00\",\"breadcrumb\":{\"@id\":\"https:\/\/www.rmeyersl.com\/Vitoirmen\/energias-renovables\/209-2\/#breadcrumb\"},\"inLanguage\":\"es\",\"potentialAction\":[{\"@type\":\"ReadAction\",\"target\":[\"https:\/\/www.rmeyersl.com\/Vitoirmen\/energias-renovables\/209-2\/\"]}]},{\"@type\":\"BreadcrumbList\",\"@id\":\"https:\/\/www.rmeyersl.com\/Vitoirmen\/energias-renovables\/209-2\/#breadcrumb\",\"itemListElement\":[{\"@type\":\"ListItem\",\"position\":1,\"name\":\"Portada\",\"item\":\"http:\/\/www.rmeyersl.com\/Vitoirmen\/\"},{\"@type\":\"ListItem\",\"position\":2,\"name\":\"Energ\u00edas renovables\",\"item\":\"https:\/\/www.rmeyersl.com\/Vitoirmen\/energias-renovables\/\"},{\"@type\":\"ListItem\",\"position\":3,\"name\":\"VITOFLEX CM-L\"}]},{\"@type\":\"WebSite\",\"@id\":\"http:\/\/www.rmeyersl.com\/Vitoirmen\/#website\",\"url\":\"http:\/\/www.rmeyersl.com\/Vitoirmen\/\",\"name\":\"Vito de R.Meyer\",\"description\":\"Encuentra productos VITO para los sectores de energ\u00edas renovables, construcci\u00f3n, industria, automoci\u00f3n, medicina y vidrio\",\"potentialAction\":[{\"@type\":\"SearchAction\",\"target\":{\"@type\":\"EntryPoint\",\"urlTemplate\":\"http:\/\/www.rmeyersl.com\/Vitoirmen\/?s={search_term_string}\"},\"query-input\":\"required name=search_term_string\"}],\"inLanguage\":\"es\"}]}<\/script>\n<!-- \/ Yoast SEO plugin. -->","yoast_head_json":{"title":"VITOFLEX CM-L - Vito de R.Meyer","robots":{"index":"index","follow":"follow","max-snippet":"max-snippet:-1","max-image-preview":"max-image-preview:large","max-video-preview":"max-video-preview:-1"},"canonical":"https:\/\/www.rmeyersl.com\/Vitoirmen\/energias-renovables\/209-2\/","og_locale":"es_ES","og_type":"article","og_title":"VITOFLEX CM-L - Vito de R.Meyer","og_url":"https:\/\/www.rmeyersl.com\/Vitoirmen\/energias-renovables\/209-2\/","og_site_name":"Vito de R.Meyer","article_modified_time":"2022-11-23T09:03:30+00:00","og_image":[{"url":"http:\/\/www.rmeyersl.com\/Vitoirmen\/wp-content\/uploads\/2022\/11\/Solar-Vitoflex-CM-L-300x275.png"}],"twitter_card":"summary_large_image","twitter_misc":{"Tiempo de lectura":"10 minutos"},"schema":{"@context":"https:\/\/schema.org","@graph":[{"@type":"WebPage","@id":"https:\/\/www.rmeyersl.com\/Vitoirmen\/energias-renovables\/209-2\/","url":"https:\/\/www.rmeyersl.com\/Vitoirmen\/energias-renovables\/209-2\/","name":"VITOFLEX CM-L - Vito de R.Meyer","isPartOf":{"@id":"http:\/\/www.rmeyersl.com\/Vitoirmen\/#website"},"datePublished":"2022-10-27T20:38:00+00:00","dateModified":"2022-11-23T09:03:30+00:00","breadcrumb":{"@id":"https:\/\/www.rmeyersl.com\/Vitoirmen\/energias-renovables\/209-2\/#breadcrumb"},"inLanguage":"es","potentialAction":[{"@type":"ReadAction","target":["https:\/\/www.rmeyersl.com\/Vitoirmen\/energias-renovables\/209-2\/"]}]},{"@type":"BreadcrumbList","@id":"https:\/\/www.rmeyersl.com\/Vitoirmen\/energias-renovables\/209-2\/#breadcrumb","itemListElement":[{"@type":"ListItem","position":1,"name":"Portada","item":"http:\/\/www.rmeyersl.com\/Vitoirmen\/"},{"@type":"ListItem","position":2,"name":"Energ\u00edas renovables","item":"https:\/\/www.rmeyersl.com\/Vitoirmen\/energias-renovables\/"},{"@type":"ListItem","position":3,"name":"VITOFLEX CM-L"}]},{"@type":"WebSite","@id":"http:\/\/www.rmeyersl.com\/Vitoirmen\/#website","url":"http:\/\/www.rmeyersl.com\/Vitoirmen\/","name":"Vito de R.Meyer","description":"Encuentra productos VITO para los sectores de energ\u00edas renovables, construcci\u00f3n, industria, automoci\u00f3n, medicina y vidrio","potentialAction":[{"@type":"SearchAction","target":{"@type":"EntryPoint","urlTemplate":"http:\/\/www.rmeyersl.com\/Vitoirmen\/?s={search_term_string}"},"query-input":"required name=search_term_string"}],"inLanguage":"es"}]}},"_links":{"self":[{"href":"https:\/\/www.rmeyersl.com\/Vitoirmen\/wp-json\/wp\/v2\/pages\/209","targetHints":{"allow":["GET"]}}],"collection":[{"href":"https:\/\/www.rmeyersl.com\/Vitoirmen\/wp-json\/wp\/v2\/pages"}],"about":[{"href":"https:\/\/www.rmeyersl.com\/Vitoirmen\/wp-json\/wp\/v2\/types\/page"}],"author":[{"embeddable":true,"href":"https:\/\/www.rmeyersl.com\/Vitoirmen\/wp-json\/wp\/v2\/users\/1"}],"replies":[{"embeddable":true,"href":"https:\/\/www.rmeyersl.com\/Vitoirmen\/wp-json\/wp\/v2\/comments?post=209"}],"version-history":[{"count":6,"href":"https:\/\/www.rmeyersl.com\/Vitoirmen\/wp-json\/wp\/v2\/pages\/209\/revisions"}],"predecessor-version":[{"id":1172,"href":"https:\/\/www.rmeyersl.com\/Vitoirmen\/wp-json\/wp\/v2\/pages\/209\/revisions\/1172"}],"up":[{"embeddable":true,"href":"https:\/\/www.rmeyersl.com\/Vitoirmen\/wp-json\/wp\/v2\/pages\/153"}],"wp:attachment":[{"href":"https:\/\/www.rmeyersl.com\/Vitoirmen\/wp-json\/wp\/v2\/media?parent=209"}],"curies":[{"name":"wp","href":"https:\/\/api.w.org\/{rel}","templated":true}]}}