{"id":204,"date":"2022-10-27T20:32:09","date_gmt":"2022-10-27T20:32:09","guid":{"rendered":"http:\/\/www.rmeyersl.com\/Vitoirmen\/?page_id=204"},"modified":"2022-11-22T10:26:57","modified_gmt":"2022-11-22T10:26:57","slug":"vito-glazingmount-400","status":"publish","type":"page","link":"https:\/\/www.rmeyersl.com\/Vitoirmen\/energias-renovables\/vito-glazingmount-400\/","title":{"rendered":"VITO GLAZINGMOUNT 400"},"content":{"rendered":"<div id='av_section_1'  class='avia-section av-7vcrw-71a1561cb72d6e602bf4ccf26182a086 main_color avia-section-default avia-no-border-styling  avia-builder-el-0  avia-builder-el-no-sibling  avia-bg-style-scroll container_wrap sidebar_right'  ><div class='container av-section-cont-open' ><main  role=\"main\" itemprop=\"mainContentOfPage\"  class='template-page content  av-content-small alpha units'><div class='post-entry post-entry-type-page post-entry-204'><div class='entry-content-wrapper clearfix'>\n<div class='flex_column av-e2rzg-64ab21cf739f42efbed9ff193f7e7985 av_three_fifth  avia-builder-el-1  el_before_av_two_fifth  avia-builder-el-first  first flex_column_div '     ><p>\n<style type=\"text\/css\" data-created_by=\"avia_inline_auto\" id=\"style-css-av-l9rirws4-d262248619c681e639de3aa67d3b5407\">\n#top .av-special-heading.av-l9rirws4-d262248619c681e639de3aa67d3b5407{\npadding-bottom:10px;\n}\nbody .av-special-heading.av-l9rirws4-d262248619c681e639de3aa67d3b5407 .av-special-heading-tag .heading-char{\nfont-size:25px;\n}\n.av-special-heading.av-l9rirws4-d262248619c681e639de3aa67d3b5407 .av-subheading{\nfont-size:15px;\n}\n<\/style>\n<div  class='av-special-heading av-l9rirws4-d262248619c681e639de3aa67d3b5407 av-special-heading-h1 blockquote modern-quote  avia-builder-el-2  el_before_av_textblock  avia-builder-el-first '><h1 class='av-special-heading-tag'  itemprop=\"headline\"  >VITO GLAZINGMOUNT 400<\/h1><div class=\"special-heading-border\"><div class=\"special-heading-inner-border\"><\/div><\/div><\/div><br \/>\n<section  class='av_textblock_section av-l9rit66u-870d12ea6796a87b6c77df1d87ac0498'  itemscope=\"itemscope\" itemtype=\"https:\/\/schema.org\/CreativeWork\" ><div class='avia_textblock'  itemprop=\"text\" ><p>Cinta de montaje adhesiva de doble cara hecha de espuma de poliuretano de alta resistencia para la uni\u00f3n de marcos<\/p>\n<p>Aplicaci\u00f3n:<\/p>\n<p><img loading=\"lazy\" decoding=\"async\" class=\"alignnone size-medium wp-image-1132\" src=\"http:\/\/www.rmeyersl.com\/Vitoirmen\/wp-content\/uploads\/2022\/11\/Solar-Glazingmount-300x275.png\" alt=\"\" width=\"300\" height=\"275\" srcset=\"https:\/\/www.rmeyersl.com\/Vitoirmen\/wp-content\/uploads\/2022\/11\/Solar-Glazingmount-300x275.png 300w, https:\/\/www.rmeyersl.com\/Vitoirmen\/wp-content\/uploads\/2022\/11\/Solar-Glazingmount-1030x944.png 1030w, https:\/\/www.rmeyersl.com\/Vitoirmen\/wp-content\/uploads\/2022\/11\/Solar-Glazingmount-768x704.png 768w, https:\/\/www.rmeyersl.com\/Vitoirmen\/wp-content\/uploads\/2022\/11\/Solar-Glazingmount-705x646.png 705w, https:\/\/www.rmeyersl.com\/Vitoirmen\/wp-content\/uploads\/2022\/11\/Solar-Glazingmount.png 1356w\" sizes=\"auto, (max-width: 300px) 100vw, 300px\" \/><\/p>\n<ul>\n<li>Respaldo de espuma de PU resistente a la compresi\u00f3n<\/li>\n<li>Buena adherencia inmediata<\/li>\n<li>Excelente adherencia final<\/li>\n<li>Sin vida \u00fatil, se puede cargar inmediatamente<\/li>\n<li>Compatibilidad de silicona probada<\/li>\n<\/ul>\n<\/div><\/section><\/p><\/div><div class='flex_column av-81kjg-d54c4b8cde4c94d6cf3fbf7bf686a6b7 av_two_fifth  avia-builder-el-4  el_after_av_three_fifth  el_before_av_button  flex_column_div '     ><style type=\"text\/css\" data-created_by=\"avia_inline_auto\" id=\"style-css-av-la6ynic6-41ba98532fc41415d44637718da982f9\">\n.avia-image-container.av-la6ynic6-41ba98532fc41415d44637718da982f9 img.avia_image{\nbox-shadow:none;\n}\n.avia-image-container.av-la6ynic6-41ba98532fc41415d44637718da982f9 .av-image-caption-overlay-center{\ncolor:#ffffff;\n}\n<\/style>\n<div  class='avia-image-container av-la6ynic6-41ba98532fc41415d44637718da982f9 av-styling- avia-align-center  avia-builder-el-5  avia-builder-el-no-sibling '   itemprop=\"image\" itemscope=\"itemscope\" itemtype=\"https:\/\/schema.org\/ImageObject\" ><div class=\"avia-image-container-inner\"><div class=\"avia-image-overlay-wrap\"><img decoding=\"async\" class='wp-image-724 avia-img-lazy-loading-not-724 avia_image ' src=\"https:\/\/www.rmeyersl.com\/Vitoirmen\/wp-content\/uploads\/2022\/11\/Vito_glazingmount400-300-1-300x300.jpg\" alt='' title='Vito_glazingmount400-300'  height=\"300\" width=\"300\"  itemprop=\"thumbnailUrl\" srcset=\"https:\/\/www.rmeyersl.com\/Vitoirmen\/wp-content\/uploads\/2022\/11\/Vito_glazingmount400-300-1.jpg 300w, https:\/\/www.rmeyersl.com\/Vitoirmen\/wp-content\/uploads\/2022\/11\/Vito_glazingmount400-300-1-80x80.jpg 80w, https:\/\/www.rmeyersl.com\/Vitoirmen\/wp-content\/uploads\/2022\/11\/Vito_glazingmount400-300-1-36x36.jpg 36w, https:\/\/www.rmeyersl.com\/Vitoirmen\/wp-content\/uploads\/2022\/11\/Vito_glazingmount400-300-1-180x180.jpg 180w\" sizes=\"(max-width: 300px) 100vw, 300px\" \/><\/div><\/div><\/div><\/div><div  class='avia-button-wrap av-l9riuees-22a5b4e6fe5f4221b73ae24fc657f1d1-wrap avia-button-center  avia-builder-el-6  el_after_av_two_fifth  avia-builder-el-last '><a href='https:\/\/www.vito-irmen.de\/produkte\/glas-fenster-fassade\/932-2\/?lang=en' class='avia-button av-l9riuees-22a5b4e6fe5f4221b73ae24fc657f1d1 avia-icon_select-no avia-size-large avia-position-center avia-color-theme-color' target=\"_blank\" rel=\"noopener noreferrer\"><span class='avia_iconbox_title' >M\u00e1s informaci\u00f3n<\/span><\/a><\/div>\n<\/div><\/div><\/main><!-- close content main element --><\/div><\/div><div id='after_section_1'  class='main_color av_default_container_wrap container_wrap sidebar_right'  ><div class='container av-section-cont-open' ><div class='template-page content  av-content-small alpha units'><div class='post-entry post-entry-type-page post-entry-204'><div class='entry-content-wrapper clearfix'>\n","protected":false},"excerpt":{"rendered":"","protected":false},"author":1,"featured_media":0,"parent":153,"menu_order":0,"comment_status":"closed","ping_status":"closed","template":"","meta":{"footnotes":""},"class_list":["post-204","page","type-page","status-publish","hentry"],"yoast_head":"<!-- This site is optimized with the Yoast SEO plugin v19.10 - https:\/\/yoast.com\/wordpress\/plugins\/seo\/ -->\n<title>VITO GLAZINGMOUNT 400 - Vito de R.Meyer<\/title>\n<meta name=\"robots\" content=\"index, follow, max-snippet:-1, max-image-preview:large, max-video-preview:-1\" \/>\n<link rel=\"canonical\" href=\"https:\/\/www.rmeyersl.com\/Vitoirmen\/energias-renovables\/vito-glazingmount-400\/\" \/>\n<meta property=\"og:locale\" content=\"es_ES\" \/>\n<meta property=\"og:type\" content=\"article\" \/>\n<meta property=\"og:title\" content=\"VITO GLAZINGMOUNT 400 - Vito de R.Meyer\" \/>\n<meta property=\"og:url\" content=\"https:\/\/www.rmeyersl.com\/Vitoirmen\/energias-renovables\/vito-glazingmount-400\/\" \/>\n<meta property=\"og:site_name\" content=\"Vito de R.Meyer\" \/>\n<meta property=\"article:modified_time\" content=\"2022-11-22T10:26:57+00:00\" \/>\n<meta property=\"og:image\" content=\"http:\/\/www.rmeyersl.com\/Vitoirmen\/wp-content\/uploads\/2022\/11\/Solar-Glazingmount-300x275.png\" \/>\n<meta name=\"twitter:card\" content=\"summary_large_image\" \/>\n<meta name=\"twitter:label1\" content=\"Tiempo de lectura\" \/>\n\t<meta name=\"twitter:data1\" content=\"10 minutos\" \/>\n<script type=\"application\/ld+json\" class=\"yoast-schema-graph\">{\"@context\":\"https:\/\/schema.org\",\"@graph\":[{\"@type\":\"WebPage\",\"@id\":\"https:\/\/www.rmeyersl.com\/Vitoirmen\/energias-renovables\/vito-glazingmount-400\/\",\"url\":\"https:\/\/www.rmeyersl.com\/Vitoirmen\/energias-renovables\/vito-glazingmount-400\/\",\"name\":\"VITO GLAZINGMOUNT 400 - Vito de R.Meyer\",\"isPartOf\":{\"@id\":\"http:\/\/www.rmeyersl.com\/Vitoirmen\/#website\"},\"datePublished\":\"2022-10-27T20:32:09+00:00\",\"dateModified\":\"2022-11-22T10:26:57+00:00\",\"breadcrumb\":{\"@id\":\"https:\/\/www.rmeyersl.com\/Vitoirmen\/energias-renovables\/vito-glazingmount-400\/#breadcrumb\"},\"inLanguage\":\"es\",\"potentialAction\":[{\"@type\":\"ReadAction\",\"target\":[\"https:\/\/www.rmeyersl.com\/Vitoirmen\/energias-renovables\/vito-glazingmount-400\/\"]}]},{\"@type\":\"BreadcrumbList\",\"@id\":\"https:\/\/www.rmeyersl.com\/Vitoirmen\/energias-renovables\/vito-glazingmount-400\/#breadcrumb\",\"itemListElement\":[{\"@type\":\"ListItem\",\"position\":1,\"name\":\"Portada\",\"item\":\"http:\/\/www.rmeyersl.com\/Vitoirmen\/\"},{\"@type\":\"ListItem\",\"position\":2,\"name\":\"Energ\u00edas renovables\",\"item\":\"https:\/\/www.rmeyersl.com\/Vitoirmen\/energias-renovables\/\"},{\"@type\":\"ListItem\",\"position\":3,\"name\":\"VITO GLAZINGMOUNT 400\"}]},{\"@type\":\"WebSite\",\"@id\":\"http:\/\/www.rmeyersl.com\/Vitoirmen\/#website\",\"url\":\"http:\/\/www.rmeyersl.com\/Vitoirmen\/\",\"name\":\"Vito de R.Meyer\",\"description\":\"Encuentra productos VITO para los sectores de energ\u00edas renovables, construcci\u00f3n, industria, automoci\u00f3n, medicina y vidrio\",\"potentialAction\":[{\"@type\":\"SearchAction\",\"target\":{\"@type\":\"EntryPoint\",\"urlTemplate\":\"http:\/\/www.rmeyersl.com\/Vitoirmen\/?s={search_term_string}\"},\"query-input\":\"required name=search_term_string\"}],\"inLanguage\":\"es\"}]}<\/script>\n<!-- \/ Yoast SEO plugin. -->","yoast_head_json":{"title":"VITO GLAZINGMOUNT 400 - Vito de R.Meyer","robots":{"index":"index","follow":"follow","max-snippet":"max-snippet:-1","max-image-preview":"max-image-preview:large","max-video-preview":"max-video-preview:-1"},"canonical":"https:\/\/www.rmeyersl.com\/Vitoirmen\/energias-renovables\/vito-glazingmount-400\/","og_locale":"es_ES","og_type":"article","og_title":"VITO GLAZINGMOUNT 400 - Vito de R.Meyer","og_url":"https:\/\/www.rmeyersl.com\/Vitoirmen\/energias-renovables\/vito-glazingmount-400\/","og_site_name":"Vito de R.Meyer","article_modified_time":"2022-11-22T10:26:57+00:00","og_image":[{"url":"http:\/\/www.rmeyersl.com\/Vitoirmen\/wp-content\/uploads\/2022\/11\/Solar-Glazingmount-300x275.png"}],"twitter_card":"summary_large_image","twitter_misc":{"Tiempo de lectura":"10 minutos"},"schema":{"@context":"https:\/\/schema.org","@graph":[{"@type":"WebPage","@id":"https:\/\/www.rmeyersl.com\/Vitoirmen\/energias-renovables\/vito-glazingmount-400\/","url":"https:\/\/www.rmeyersl.com\/Vitoirmen\/energias-renovables\/vito-glazingmount-400\/","name":"VITO GLAZINGMOUNT 400 - Vito de R.Meyer","isPartOf":{"@id":"http:\/\/www.rmeyersl.com\/Vitoirmen\/#website"},"datePublished":"2022-10-27T20:32:09+00:00","dateModified":"2022-11-22T10:26:57+00:00","breadcrumb":{"@id":"https:\/\/www.rmeyersl.com\/Vitoirmen\/energias-renovables\/vito-glazingmount-400\/#breadcrumb"},"inLanguage":"es","potentialAction":[{"@type":"ReadAction","target":["https:\/\/www.rmeyersl.com\/Vitoirmen\/energias-renovables\/vito-glazingmount-400\/"]}]},{"@type":"BreadcrumbList","@id":"https:\/\/www.rmeyersl.com\/Vitoirmen\/energias-renovables\/vito-glazingmount-400\/#breadcrumb","itemListElement":[{"@type":"ListItem","position":1,"name":"Portada","item":"http:\/\/www.rmeyersl.com\/Vitoirmen\/"},{"@type":"ListItem","position":2,"name":"Energ\u00edas renovables","item":"https:\/\/www.rmeyersl.com\/Vitoirmen\/energias-renovables\/"},{"@type":"ListItem","position":3,"name":"VITO GLAZINGMOUNT 400"}]},{"@type":"WebSite","@id":"http:\/\/www.rmeyersl.com\/Vitoirmen\/#website","url":"http:\/\/www.rmeyersl.com\/Vitoirmen\/","name":"Vito de R.Meyer","description":"Encuentra productos VITO para los sectores de energ\u00edas renovables, construcci\u00f3n, industria, automoci\u00f3n, medicina y vidrio","potentialAction":[{"@type":"SearchAction","target":{"@type":"EntryPoint","urlTemplate":"http:\/\/www.rmeyersl.com\/Vitoirmen\/?s={search_term_string}"},"query-input":"required name=search_term_string"}],"inLanguage":"es"}]}},"_links":{"self":[{"href":"https:\/\/www.rmeyersl.com\/Vitoirmen\/wp-json\/wp\/v2\/pages\/204","targetHints":{"allow":["GET"]}}],"collection":[{"href":"https:\/\/www.rmeyersl.com\/Vitoirmen\/wp-json\/wp\/v2\/pages"}],"about":[{"href":"https:\/\/www.rmeyersl.com\/Vitoirmen\/wp-json\/wp\/v2\/types\/page"}],"author":[{"embeddable":true,"href":"https:\/\/www.rmeyersl.com\/Vitoirmen\/wp-json\/wp\/v2\/users\/1"}],"replies":[{"embeddable":true,"href":"https:\/\/www.rmeyersl.com\/Vitoirmen\/wp-json\/wp\/v2\/comments?post=204"}],"version-history":[{"count":5,"href":"https:\/\/www.rmeyersl.com\/Vitoirmen\/wp-json\/wp\/v2\/pages\/204\/revisions"}],"predecessor-version":[{"id":1142,"href":"https:\/\/www.rmeyersl.com\/Vitoirmen\/wp-json\/wp\/v2\/pages\/204\/revisions\/1142"}],"up":[{"embeddable":true,"href":"https:\/\/www.rmeyersl.com\/Vitoirmen\/wp-json\/wp\/v2\/pages\/153"}],"wp:attachment":[{"href":"https:\/\/www.rmeyersl.com\/Vitoirmen\/wp-json\/wp\/v2\/media?parent=204"}],"curies":[{"name":"wp","href":"https:\/\/api.w.org\/{rel}","templated":true}]}}