{"id":198,"date":"2022-10-27T20:26:27","date_gmt":"2022-10-27T20:26:27","guid":{"rendered":"http:\/\/www.rmeyersl.com\/Vitoirmen\/?page_id=198"},"modified":"2022-11-22T10:25:00","modified_gmt":"2022-11-22T10:25:00","slug":"vitomount-solar-sspr-70","status":"publish","type":"page","link":"https:\/\/www.rmeyersl.com\/Vitoirmen\/energias-renovables\/vitomount-solar-sspr-70\/","title":{"rendered":"VITOMOUNT SOLAR SSPR 70"},"content":{"rendered":"<div id='av_section_1'  class='avia-section av-bu2vy-eff22401ad4852d49629c1fe0ecdc667 main_color avia-section-default avia-no-border-styling  avia-builder-el-0  avia-builder-el-no-sibling  avia-bg-style-scroll container_wrap sidebar_right'  ><div class='container av-section-cont-open' ><main  role=\"main\" itemprop=\"mainContentOfPage\"  class='template-page content  av-content-small alpha units'><div class='post-entry post-entry-type-page post-entry-198'><div class='entry-content-wrapper clearfix'>\n<div class='flex_column av-cicce-8218addb571163c815e7e244a988a297 av_three_fifth  avia-builder-el-1  el_before_av_two_fifth  avia-builder-el-first  first flex_column_div '     ><p>\n<style type=\"text\/css\" data-created_by=\"avia_inline_auto\" id=\"style-css-av-l9riinhm-7420edf9adf8f5f8bad021d9a862763a\">\n#top .av-special-heading.av-l9riinhm-7420edf9adf8f5f8bad021d9a862763a{\npadding-bottom:10px;\n}\nbody .av-special-heading.av-l9riinhm-7420edf9adf8f5f8bad021d9a862763a .av-special-heading-tag .heading-char{\nfont-size:25px;\n}\n.av-special-heading.av-l9riinhm-7420edf9adf8f5f8bad021d9a862763a .av-subheading{\nfont-size:15px;\n}\n<\/style>\n<div  class='av-special-heading av-l9riinhm-7420edf9adf8f5f8bad021d9a862763a av-special-heading-h1 blockquote modern-quote  avia-builder-el-2  el_before_av_textblock  avia-builder-el-first '><h1 class='av-special-heading-tag'  itemprop=\"headline\"  >VITOMOUNT SSPR 70<\/h1><div class=\"special-heading-border\"><div class=\"special-heading-inner-border\"><\/div><\/div><\/div><br \/>\n<section  class='av_textblock_section av-l9rikuh0-bd56ee84efe7737b8d6c88a188ce7c61'  itemscope=\"itemscope\" itemtype=\"https:\/\/schema.org\/CreativeWork\" ><div class='avia_textblock'  itemprop=\"text\" ><p>Cintas de fijaci\u00f3n adhesivas de doble cara con soporte de espuma de polietileno para pegar marcos y componentes de m\u00f3dulos<\/p>\n<p>Aplicaci\u00f3n:<\/p>\n<p><img loading=\"lazy\" decoding=\"async\" class=\"alignnone size-medium wp-image-1139\" src=\"http:\/\/www.rmeyersl.com\/Vitoirmen\/wp-content\/uploads\/2022\/11\/Solar-Vitomount-300x275.png\" alt=\"\" width=\"300\" height=\"275\" srcset=\"https:\/\/www.rmeyersl.com\/Vitoirmen\/wp-content\/uploads\/2022\/11\/Solar-Vitomount-300x275.png 300w, https:\/\/www.rmeyersl.com\/Vitoirmen\/wp-content\/uploads\/2022\/11\/Solar-Vitomount-1030x945.png 1030w, https:\/\/www.rmeyersl.com\/Vitoirmen\/wp-content\/uploads\/2022\/11\/Solar-Vitomount-768x705.png 768w, https:\/\/www.rmeyersl.com\/Vitoirmen\/wp-content\/uploads\/2022\/11\/Solar-Vitomount-705x647.png 705w, https:\/\/www.rmeyersl.com\/Vitoirmen\/wp-content\/uploads\/2022\/11\/Solar-Vitomount.png 1352w\" sizes=\"auto, (max-width: 300px) 100vw, 300px\" \/><\/p>\n<ul>\n<li>Sellos contra el polvo y el agua<\/li>\n<li>Buena adherencia inicial<\/li>\n<li>Excelente adherencia final<\/li>\n<li>Sin vida \u00fatil, se puede cargar inmediatamente<\/li>\n<li>Antideslizante<\/li>\n<li>Compensa los desniveles<\/li>\n<li>Encolado de bordes sin problemas<\/li>\n<li>F\u00e1cil manejo fuera del rollo o bobina<\/li>\n<li>Posibilidad de piezas troqueladas<\/li>\n<\/ul>\n<\/div><\/section><\/p><\/div><div class='flex_column av-8qo32-e1851e38633b1dbbba06e8f9d5c53617 av_two_fifth  avia-builder-el-4  el_after_av_three_fifth  el_before_av_button  flex_column_div '     ><style type=\"text\/css\" data-created_by=\"avia_inline_auto\" id=\"style-css-av-la6yhmy1-9e71cf97624a4461780574c27259e385\">\n.avia-image-container.av-la6yhmy1-9e71cf97624a4461780574c27259e385 img.avia_image{\nbox-shadow:none;\n}\n.avia-image-container.av-la6yhmy1-9e71cf97624a4461780574c27259e385 .av-image-caption-overlay-center{\ncolor:#ffffff;\n}\n<\/style>\n<div  class='avia-image-container av-la6yhmy1-9e71cf97624a4461780574c27259e385 av-styling- avia-align-center  avia-builder-el-5  avia-builder-el-no-sibling '   itemprop=\"image\" itemscope=\"itemscope\" itemtype=\"https:\/\/schema.org\/ImageObject\" ><div class=\"avia-image-container-inner\"><div class=\"avia-image-overlay-wrap\"><img decoding=\"async\" class='wp-image-850 avia-img-lazy-loading-not-850 avia_image ' src=\"https:\/\/www.rmeyersl.com\/Vitoirmen\/wp-content\/uploads\/2022\/11\/Vito_kachelbild_ssp70-300-300x300.png\" alt='' title='Vito_kachelbild_ssp70-300'  height=\"300\" width=\"300\"  itemprop=\"thumbnailUrl\" srcset=\"https:\/\/www.rmeyersl.com\/Vitoirmen\/wp-content\/uploads\/2022\/11\/Vito_kachelbild_ssp70-300.png 300w, https:\/\/www.rmeyersl.com\/Vitoirmen\/wp-content\/uploads\/2022\/11\/Vito_kachelbild_ssp70-300-80x80.png 80w, https:\/\/www.rmeyersl.com\/Vitoirmen\/wp-content\/uploads\/2022\/11\/Vito_kachelbild_ssp70-300-36x36.png 36w, https:\/\/www.rmeyersl.com\/Vitoirmen\/wp-content\/uploads\/2022\/11\/Vito_kachelbild_ssp70-300-180x180.png 180w\" sizes=\"(max-width: 300px) 100vw, 300px\" \/><\/div><\/div><\/div><\/div><div  class='avia-button-wrap av-l9rin29o-ff784cbbab9760fb1ffd013ef953bc3d-wrap avia-button-center  avia-builder-el-6  el_after_av_two_fifth  avia-builder-el-last '><a href='https:\/\/www.vito-irmen.de\/produkte\/erneuerbare-energien\/vito-solarprodukte\/vitomount-solar-sspr-70\/?lang=en' class='avia-button av-l9rin29o-ff784cbbab9760fb1ffd013ef953bc3d avia-icon_select-no avia-size-large avia-position-center avia-color-theme-color' target=\"_blank\" rel=\"noopener noreferrer\"><span class='avia_iconbox_title' >M\u00e1s informaci\u00f3n<\/span><\/a><\/div>\n<\/div><\/div><\/main><!-- close content main element --><\/div><\/div><div id='after_section_1'  class='main_color av_default_container_wrap container_wrap sidebar_right'  ><div class='container av-section-cont-open' ><div class='template-page content  av-content-small alpha units'><div class='post-entry post-entry-type-page post-entry-198'><div class='entry-content-wrapper clearfix'>\n","protected":false},"excerpt":{"rendered":"","protected":false},"author":1,"featured_media":0,"parent":153,"menu_order":0,"comment_status":"closed","ping_status":"closed","template":"","meta":{"footnotes":""},"class_list":["post-198","page","type-page","status-publish","hentry"],"yoast_head":"<!-- This site is optimized with the Yoast SEO plugin v19.10 - https:\/\/yoast.com\/wordpress\/plugins\/seo\/ -->\n<title>VITOMOUNT SOLAR SSPR 70 - Vito de R.Meyer<\/title>\n<meta name=\"robots\" content=\"index, follow, max-snippet:-1, max-image-preview:large, max-video-preview:-1\" \/>\n<link rel=\"canonical\" href=\"https:\/\/www.rmeyersl.com\/Vitoirmen\/energias-renovables\/vitomount-solar-sspr-70\/\" \/>\n<meta property=\"og:locale\" content=\"es_ES\" \/>\n<meta property=\"og:type\" content=\"article\" \/>\n<meta property=\"og:title\" content=\"VITOMOUNT SOLAR SSPR 70 - Vito de R.Meyer\" \/>\n<meta property=\"og:url\" content=\"https:\/\/www.rmeyersl.com\/Vitoirmen\/energias-renovables\/vitomount-solar-sspr-70\/\" \/>\n<meta property=\"og:site_name\" content=\"Vito de R.Meyer\" \/>\n<meta property=\"article:modified_time\" content=\"2022-11-22T10:25:00+00:00\" \/>\n<meta property=\"og:image\" content=\"http:\/\/www.rmeyersl.com\/Vitoirmen\/wp-content\/uploads\/2022\/11\/Solar-Vitomount-300x275.png\" \/>\n<meta name=\"twitter:card\" content=\"summary_large_image\" \/>\n<meta name=\"twitter:label1\" content=\"Tiempo de lectura\" \/>\n\t<meta name=\"twitter:data1\" content=\"10 minutos\" \/>\n<script type=\"application\/ld+json\" class=\"yoast-schema-graph\">{\"@context\":\"https:\/\/schema.org\",\"@graph\":[{\"@type\":\"WebPage\",\"@id\":\"https:\/\/www.rmeyersl.com\/Vitoirmen\/energias-renovables\/vitomount-solar-sspr-70\/\",\"url\":\"https:\/\/www.rmeyersl.com\/Vitoirmen\/energias-renovables\/vitomount-solar-sspr-70\/\",\"name\":\"VITOMOUNT SOLAR SSPR 70 - Vito de R.Meyer\",\"isPartOf\":{\"@id\":\"http:\/\/www.rmeyersl.com\/Vitoirmen\/#website\"},\"datePublished\":\"2022-10-27T20:26:27+00:00\",\"dateModified\":\"2022-11-22T10:25:00+00:00\",\"breadcrumb\":{\"@id\":\"https:\/\/www.rmeyersl.com\/Vitoirmen\/energias-renovables\/vitomount-solar-sspr-70\/#breadcrumb\"},\"inLanguage\":\"es\",\"potentialAction\":[{\"@type\":\"ReadAction\",\"target\":[\"https:\/\/www.rmeyersl.com\/Vitoirmen\/energias-renovables\/vitomount-solar-sspr-70\/\"]}]},{\"@type\":\"BreadcrumbList\",\"@id\":\"https:\/\/www.rmeyersl.com\/Vitoirmen\/energias-renovables\/vitomount-solar-sspr-70\/#breadcrumb\",\"itemListElement\":[{\"@type\":\"ListItem\",\"position\":1,\"name\":\"Portada\",\"item\":\"http:\/\/www.rmeyersl.com\/Vitoirmen\/\"},{\"@type\":\"ListItem\",\"position\":2,\"name\":\"Energ\u00edas renovables\",\"item\":\"https:\/\/www.rmeyersl.com\/Vitoirmen\/energias-renovables\/\"},{\"@type\":\"ListItem\",\"position\":3,\"name\":\"VITOMOUNT SOLAR SSPR 70\"}]},{\"@type\":\"WebSite\",\"@id\":\"http:\/\/www.rmeyersl.com\/Vitoirmen\/#website\",\"url\":\"http:\/\/www.rmeyersl.com\/Vitoirmen\/\",\"name\":\"Vito de R.Meyer\",\"description\":\"Encuentra productos VITO para los sectores de energ\u00edas renovables, construcci\u00f3n, industria, automoci\u00f3n, medicina y vidrio\",\"potentialAction\":[{\"@type\":\"SearchAction\",\"target\":{\"@type\":\"EntryPoint\",\"urlTemplate\":\"http:\/\/www.rmeyersl.com\/Vitoirmen\/?s={search_term_string}\"},\"query-input\":\"required name=search_term_string\"}],\"inLanguage\":\"es\"}]}<\/script>\n<!-- \/ Yoast SEO plugin. -->","yoast_head_json":{"title":"VITOMOUNT SOLAR SSPR 70 - Vito de R.Meyer","robots":{"index":"index","follow":"follow","max-snippet":"max-snippet:-1","max-image-preview":"max-image-preview:large","max-video-preview":"max-video-preview:-1"},"canonical":"https:\/\/www.rmeyersl.com\/Vitoirmen\/energias-renovables\/vitomount-solar-sspr-70\/","og_locale":"es_ES","og_type":"article","og_title":"VITOMOUNT SOLAR SSPR 70 - Vito de R.Meyer","og_url":"https:\/\/www.rmeyersl.com\/Vitoirmen\/energias-renovables\/vitomount-solar-sspr-70\/","og_site_name":"Vito de R.Meyer","article_modified_time":"2022-11-22T10:25:00+00:00","og_image":[{"url":"http:\/\/www.rmeyersl.com\/Vitoirmen\/wp-content\/uploads\/2022\/11\/Solar-Vitomount-300x275.png"}],"twitter_card":"summary_large_image","twitter_misc":{"Tiempo de lectura":"10 minutos"},"schema":{"@context":"https:\/\/schema.org","@graph":[{"@type":"WebPage","@id":"https:\/\/www.rmeyersl.com\/Vitoirmen\/energias-renovables\/vitomount-solar-sspr-70\/","url":"https:\/\/www.rmeyersl.com\/Vitoirmen\/energias-renovables\/vitomount-solar-sspr-70\/","name":"VITOMOUNT SOLAR SSPR 70 - Vito de R.Meyer","isPartOf":{"@id":"http:\/\/www.rmeyersl.com\/Vitoirmen\/#website"},"datePublished":"2022-10-27T20:26:27+00:00","dateModified":"2022-11-22T10:25:00+00:00","breadcrumb":{"@id":"https:\/\/www.rmeyersl.com\/Vitoirmen\/energias-renovables\/vitomount-solar-sspr-70\/#breadcrumb"},"inLanguage":"es","potentialAction":[{"@type":"ReadAction","target":["https:\/\/www.rmeyersl.com\/Vitoirmen\/energias-renovables\/vitomount-solar-sspr-70\/"]}]},{"@type":"BreadcrumbList","@id":"https:\/\/www.rmeyersl.com\/Vitoirmen\/energias-renovables\/vitomount-solar-sspr-70\/#breadcrumb","itemListElement":[{"@type":"ListItem","position":1,"name":"Portada","item":"http:\/\/www.rmeyersl.com\/Vitoirmen\/"},{"@type":"ListItem","position":2,"name":"Energ\u00edas renovables","item":"https:\/\/www.rmeyersl.com\/Vitoirmen\/energias-renovables\/"},{"@type":"ListItem","position":3,"name":"VITOMOUNT SOLAR SSPR 70"}]},{"@type":"WebSite","@id":"http:\/\/www.rmeyersl.com\/Vitoirmen\/#website","url":"http:\/\/www.rmeyersl.com\/Vitoirmen\/","name":"Vito de R.Meyer","description":"Encuentra productos VITO para los sectores de energ\u00edas renovables, construcci\u00f3n, industria, automoci\u00f3n, medicina y vidrio","potentialAction":[{"@type":"SearchAction","target":{"@type":"EntryPoint","urlTemplate":"http:\/\/www.rmeyersl.com\/Vitoirmen\/?s={search_term_string}"},"query-input":"required name=search_term_string"}],"inLanguage":"es"}]}},"_links":{"self":[{"href":"https:\/\/www.rmeyersl.com\/Vitoirmen\/wp-json\/wp\/v2\/pages\/198","targetHints":{"allow":["GET"]}}],"collection":[{"href":"https:\/\/www.rmeyersl.com\/Vitoirmen\/wp-json\/wp\/v2\/pages"}],"about":[{"href":"https:\/\/www.rmeyersl.com\/Vitoirmen\/wp-json\/wp\/v2\/types\/page"}],"author":[{"embeddable":true,"href":"https:\/\/www.rmeyersl.com\/Vitoirmen\/wp-json\/wp\/v2\/users\/1"}],"replies":[{"embeddable":true,"href":"https:\/\/www.rmeyersl.com\/Vitoirmen\/wp-json\/wp\/v2\/comments?post=198"}],"version-history":[{"count":8,"href":"https:\/\/www.rmeyersl.com\/Vitoirmen\/wp-json\/wp\/v2\/pages\/198\/revisions"}],"predecessor-version":[{"id":1140,"href":"https:\/\/www.rmeyersl.com\/Vitoirmen\/wp-json\/wp\/v2\/pages\/198\/revisions\/1140"}],"up":[{"embeddable":true,"href":"https:\/\/www.rmeyersl.com\/Vitoirmen\/wp-json\/wp\/v2\/pages\/153"}],"wp:attachment":[{"href":"https:\/\/www.rmeyersl.com\/Vitoirmen\/wp-json\/wp\/v2\/media?parent=198"}],"curies":[{"name":"wp","href":"https:\/\/api.w.org\/{rel}","templated":true}]}}