{"id":188,"date":"2022-10-26T15:32:18","date_gmt":"2022-10-26T15:32:18","guid":{"rendered":"http:\/\/www.rmeyersl.com\/Vitoirmen\/?page_id=188"},"modified":"2022-12-02T11:34:28","modified_gmt":"2022-12-02T11:34:28","slug":"vito-protector-anti-erosion","status":"publish","type":"page","link":"https:\/\/www.rmeyersl.com\/Vitoirmen\/energias-renovables\/vito-protector-anti-erosion\/","title":{"rendered":"VITO Protector anti erosi\u00f3n"},"content":{"rendered":"<div id='av_section_1'  class='avia-section av-6n9kk-8ea3aecbcdba6d7f0e503055c21a4e0e main_color avia-section-default avia-no-border-styling  avia-builder-el-0  avia-builder-el-no-sibling  avia-bg-style-scroll container_wrap sidebar_right'  ><div class='container av-section-cont-open' ><main  role=\"main\" itemprop=\"mainContentOfPage\"  class='template-page content  av-content-small alpha units'><div class='post-entry post-entry-type-page post-entry-188'><div class='entry-content-wrapper clearfix'>\n<div class='flex_column av-f2nn0-db81e03c95bc6d7b245c2dc7a7b53fed av_three_fifth  avia-builder-el-1  el_before_av_two_fifth  avia-builder-el-first  first flex_column_div '     ><p>\n<style type=\"text\/css\" data-created_by=\"avia_inline_auto\" id=\"style-css-av-l9pso7dx-8860f9a64bc00f8c0abcf48e3f6a9de2\">\n#top .av-special-heading.av-l9pso7dx-8860f9a64bc00f8c0abcf48e3f6a9de2{\npadding-bottom:10px;\n}\nbody .av-special-heading.av-l9pso7dx-8860f9a64bc00f8c0abcf48e3f6a9de2 .av-special-heading-tag .heading-char{\nfont-size:25px;\n}\n.av-special-heading.av-l9pso7dx-8860f9a64bc00f8c0abcf48e3f6a9de2 .av-subheading{\nfont-size:15px;\n}\n<\/style>\n<div  class='av-special-heading av-l9pso7dx-8860f9a64bc00f8c0abcf48e3f6a9de2 av-special-heading-h1 blockquote modern-quote  avia-builder-el-2  el_before_av_textblock  avia-builder-el-first '><h1 class='av-special-heading-tag'  itemprop=\"headline\"  >VITO Protector anti erosi\u00f3n<\/h1><div class=\"special-heading-border\"><div class=\"special-heading-inner-border\"><\/div><\/div><\/div><br \/>\n<section  class='av_textblock_section av-l9rifiza-b6005fb79b948dd52da8f0de337d4736'  itemscope=\"itemscope\" itemtype=\"https:\/\/schema.org\/CreativeWork\" ><div class='avia_textblock'  itemprop=\"text\" ><p>Prolonga la vida \u00fatil de las palas del rotor sin influir en la aerodin\u00e1mica. Las palas de los aerogeneradores de las centrales e\u00f3licas est\u00e1n permanentemente expuestas a cargas pesadas como la lluvia torrencial con una velocidad relativa de unos 250 km\/h, granizo, insectos y part\u00edculas de polvo. Si las palas del rotor no est\u00e1n protegidas, estos impactos mec\u00e1nicos da\u00f1an la superficie con el transcurso del tiempo. Se puede lograr una protecci\u00f3n \u00f3ptima contra el desgaste, la erosi\u00f3n y la abrasi\u00f3n aplicando una pel\u00edcula de poliuretano transparente estabilizada contra la radiaci\u00f3n ultravioleta.<\/p>\n<p>La pel\u00edcula de protecci\u00f3n contra la erosi\u00f3n VITO est\u00e1 recubierta por un lado con un adhesivo acr\u00edlico de alta calidad. Presenta una excelente resistencia a la abrasi\u00f3n y se puede aplicar sobre superficies tridimensionales debido a su formabilidad superior.<\/p>\n<\/div><\/section><\/p><\/div><div class='flex_column av-6o4fo-81fa24162aab2f7ce5e07fd5ff11ec37 av_two_fifth  avia-builder-el-4  el_after_av_three_fifth  avia-builder-el-last  flex_column_div '     ><style type=\"text\/css\" data-created_by=\"avia_inline_auto\" id=\"style-css-av-la6y88gl-21de688ab5ca3b76eacb3c769b9c0a74\">\n.avia-image-container.av-la6y88gl-21de688ab5ca3b76eacb3c769b9c0a74 img.avia_image{\nbox-shadow:none;\n}\n.avia-image-container.av-la6y88gl-21de688ab5ca3b76eacb3c769b9c0a74 .av-image-caption-overlay-center{\ncolor:#ffffff;\n}\n<\/style>\n<div  class='avia-image-container av-la6y88gl-21de688ab5ca3b76eacb3c769b9c0a74 av-styling- avia-align-center  avia-builder-el-5  avia-builder-el-no-sibling '   itemprop=\"image\" itemscope=\"itemscope\" itemtype=\"https:\/\/schema.org\/ImageObject\" ><div class=\"avia-image-container-inner\"><div class=\"avia-image-overlay-wrap\"><img decoding=\"async\" class='wp-image-1433 avia-img-lazy-loading-not-1433 avia_image ' src=\"https:\/\/www.rmeyersl.com\/Vitoirmen\/wp-content\/uploads\/2022\/11\/FILM-Protector-300x300.jpg\" alt='' title='FILM Protector'  height=\"300\" width=\"300\"  itemprop=\"thumbnailUrl\" srcset=\"https:\/\/www.rmeyersl.com\/Vitoirmen\/wp-content\/uploads\/2022\/11\/FILM-Protector.jpg 300w, https:\/\/www.rmeyersl.com\/Vitoirmen\/wp-content\/uploads\/2022\/11\/FILM-Protector-80x80.jpg 80w, https:\/\/www.rmeyersl.com\/Vitoirmen\/wp-content\/uploads\/2022\/11\/FILM-Protector-36x36.jpg 36w, https:\/\/www.rmeyersl.com\/Vitoirmen\/wp-content\/uploads\/2022\/11\/FILM-Protector-180x180.jpg 180w\" sizes=\"(max-width: 300px) 100vw, 300px\" \/><\/div><\/div><\/div><\/div><\/div><\/div><\/main><!-- close content main element --><\/div><\/div><div id='after_section_1'  class='main_color av_default_container_wrap container_wrap sidebar_right'  ><div class='container av-section-cont-open' ><div class='template-page content  av-content-small alpha units'><div class='post-entry post-entry-type-page post-entry-188'><div class='entry-content-wrapper clearfix'>\n","protected":false},"excerpt":{"rendered":"","protected":false},"author":1,"featured_media":0,"parent":153,"menu_order":0,"comment_status":"closed","ping_status":"closed","template":"","meta":{"footnotes":""},"class_list":["post-188","page","type-page","status-publish","hentry"],"yoast_head":"<!-- This site is optimized with the Yoast SEO plugin v19.10 - https:\/\/yoast.com\/wordpress\/plugins\/seo\/ -->\n<title>VITO Protector anti erosi\u00f3n - Vito de R.Meyer<\/title>\n<meta name=\"robots\" content=\"index, follow, max-snippet:-1, max-image-preview:large, max-video-preview:-1\" \/>\n<link rel=\"canonical\" href=\"https:\/\/www.rmeyersl.com\/Vitoirmen\/energias-renovables\/vito-protector-anti-erosion\/\" \/>\n<meta property=\"og:locale\" content=\"es_ES\" \/>\n<meta property=\"og:type\" content=\"article\" \/>\n<meta property=\"og:title\" content=\"VITO Protector anti erosi\u00f3n - Vito de R.Meyer\" \/>\n<meta property=\"og:url\" content=\"https:\/\/www.rmeyersl.com\/Vitoirmen\/energias-renovables\/vito-protector-anti-erosion\/\" \/>\n<meta property=\"og:site_name\" content=\"Vito de R.Meyer\" \/>\n<meta property=\"article:modified_time\" content=\"2022-12-02T11:34:28+00:00\" \/>\n<meta name=\"twitter:card\" content=\"summary_large_image\" \/>\n<meta name=\"twitter:label1\" content=\"Tiempo de lectura\" \/>\n\t<meta name=\"twitter:data1\" content=\"3 minutos\" \/>\n<script type=\"application\/ld+json\" class=\"yoast-schema-graph\">{\"@context\":\"https:\/\/schema.org\",\"@graph\":[{\"@type\":\"WebPage\",\"@id\":\"https:\/\/www.rmeyersl.com\/Vitoirmen\/energias-renovables\/vito-protector-anti-erosion\/\",\"url\":\"https:\/\/www.rmeyersl.com\/Vitoirmen\/energias-renovables\/vito-protector-anti-erosion\/\",\"name\":\"VITO Protector anti erosi\u00f3n - Vito de R.Meyer\",\"isPartOf\":{\"@id\":\"http:\/\/www.rmeyersl.com\/Vitoirmen\/#website\"},\"datePublished\":\"2022-10-26T15:32:18+00:00\",\"dateModified\":\"2022-12-02T11:34:28+00:00\",\"breadcrumb\":{\"@id\":\"https:\/\/www.rmeyersl.com\/Vitoirmen\/energias-renovables\/vito-protector-anti-erosion\/#breadcrumb\"},\"inLanguage\":\"es\",\"potentialAction\":[{\"@type\":\"ReadAction\",\"target\":[\"https:\/\/www.rmeyersl.com\/Vitoirmen\/energias-renovables\/vito-protector-anti-erosion\/\"]}]},{\"@type\":\"BreadcrumbList\",\"@id\":\"https:\/\/www.rmeyersl.com\/Vitoirmen\/energias-renovables\/vito-protector-anti-erosion\/#breadcrumb\",\"itemListElement\":[{\"@type\":\"ListItem\",\"position\":1,\"name\":\"Portada\",\"item\":\"http:\/\/www.rmeyersl.com\/Vitoirmen\/\"},{\"@type\":\"ListItem\",\"position\":2,\"name\":\"Energ\u00edas renovables\",\"item\":\"https:\/\/www.rmeyersl.com\/Vitoirmen\/energias-renovables\/\"},{\"@type\":\"ListItem\",\"position\":3,\"name\":\"VITO Protector anti erosi\u00f3n\"}]},{\"@type\":\"WebSite\",\"@id\":\"http:\/\/www.rmeyersl.com\/Vitoirmen\/#website\",\"url\":\"http:\/\/www.rmeyersl.com\/Vitoirmen\/\",\"name\":\"Vito de R.Meyer\",\"description\":\"Encuentra productos VITO para los sectores de energ\u00edas renovables, construcci\u00f3n, industria, automoci\u00f3n, medicina y vidrio\",\"potentialAction\":[{\"@type\":\"SearchAction\",\"target\":{\"@type\":\"EntryPoint\",\"urlTemplate\":\"http:\/\/www.rmeyersl.com\/Vitoirmen\/?s={search_term_string}\"},\"query-input\":\"required name=search_term_string\"}],\"inLanguage\":\"es\"}]}<\/script>\n<!-- \/ Yoast SEO plugin. -->","yoast_head_json":{"title":"VITO Protector anti erosi\u00f3n - Vito de R.Meyer","robots":{"index":"index","follow":"follow","max-snippet":"max-snippet:-1","max-image-preview":"max-image-preview:large","max-video-preview":"max-video-preview:-1"},"canonical":"https:\/\/www.rmeyersl.com\/Vitoirmen\/energias-renovables\/vito-protector-anti-erosion\/","og_locale":"es_ES","og_type":"article","og_title":"VITO Protector anti erosi\u00f3n - Vito de R.Meyer","og_url":"https:\/\/www.rmeyersl.com\/Vitoirmen\/energias-renovables\/vito-protector-anti-erosion\/","og_site_name":"Vito de R.Meyer","article_modified_time":"2022-12-02T11:34:28+00:00","twitter_card":"summary_large_image","twitter_misc":{"Tiempo de lectura":"3 minutos"},"schema":{"@context":"https:\/\/schema.org","@graph":[{"@type":"WebPage","@id":"https:\/\/www.rmeyersl.com\/Vitoirmen\/energias-renovables\/vito-protector-anti-erosion\/","url":"https:\/\/www.rmeyersl.com\/Vitoirmen\/energias-renovables\/vito-protector-anti-erosion\/","name":"VITO Protector anti erosi\u00f3n - Vito de R.Meyer","isPartOf":{"@id":"http:\/\/www.rmeyersl.com\/Vitoirmen\/#website"},"datePublished":"2022-10-26T15:32:18+00:00","dateModified":"2022-12-02T11:34:28+00:00","breadcrumb":{"@id":"https:\/\/www.rmeyersl.com\/Vitoirmen\/energias-renovables\/vito-protector-anti-erosion\/#breadcrumb"},"inLanguage":"es","potentialAction":[{"@type":"ReadAction","target":["https:\/\/www.rmeyersl.com\/Vitoirmen\/energias-renovables\/vito-protector-anti-erosion\/"]}]},{"@type":"BreadcrumbList","@id":"https:\/\/www.rmeyersl.com\/Vitoirmen\/energias-renovables\/vito-protector-anti-erosion\/#breadcrumb","itemListElement":[{"@type":"ListItem","position":1,"name":"Portada","item":"http:\/\/www.rmeyersl.com\/Vitoirmen\/"},{"@type":"ListItem","position":2,"name":"Energ\u00edas renovables","item":"https:\/\/www.rmeyersl.com\/Vitoirmen\/energias-renovables\/"},{"@type":"ListItem","position":3,"name":"VITO Protector anti erosi\u00f3n"}]},{"@type":"WebSite","@id":"http:\/\/www.rmeyersl.com\/Vitoirmen\/#website","url":"http:\/\/www.rmeyersl.com\/Vitoirmen\/","name":"Vito de R.Meyer","description":"Encuentra productos VITO para los sectores de energ\u00edas renovables, construcci\u00f3n, industria, automoci\u00f3n, medicina y vidrio","potentialAction":[{"@type":"SearchAction","target":{"@type":"EntryPoint","urlTemplate":"http:\/\/www.rmeyersl.com\/Vitoirmen\/?s={search_term_string}"},"query-input":"required name=search_term_string"}],"inLanguage":"es"}]}},"_links":{"self":[{"href":"https:\/\/www.rmeyersl.com\/Vitoirmen\/wp-json\/wp\/v2\/pages\/188","targetHints":{"allow":["GET"]}}],"collection":[{"href":"https:\/\/www.rmeyersl.com\/Vitoirmen\/wp-json\/wp\/v2\/pages"}],"about":[{"href":"https:\/\/www.rmeyersl.com\/Vitoirmen\/wp-json\/wp\/v2\/types\/page"}],"author":[{"embeddable":true,"href":"https:\/\/www.rmeyersl.com\/Vitoirmen\/wp-json\/wp\/v2\/users\/1"}],"replies":[{"embeddable":true,"href":"https:\/\/www.rmeyersl.com\/Vitoirmen\/wp-json\/wp\/v2\/comments?post=188"}],"version-history":[{"count":6,"href":"https:\/\/www.rmeyersl.com\/Vitoirmen\/wp-json\/wp\/v2\/pages\/188\/revisions"}],"predecessor-version":[{"id":1472,"href":"https:\/\/www.rmeyersl.com\/Vitoirmen\/wp-json\/wp\/v2\/pages\/188\/revisions\/1472"}],"up":[{"embeddable":true,"href":"https:\/\/www.rmeyersl.com\/Vitoirmen\/wp-json\/wp\/v2\/pages\/153"}],"wp:attachment":[{"href":"https:\/\/www.rmeyersl.com\/Vitoirmen\/wp-json\/wp\/v2\/media?parent=188"}],"curies":[{"name":"wp","href":"https:\/\/api.w.org\/{rel}","templated":true}]}}