{"id":127,"date":"2022-10-26T13:52:10","date_gmt":"2022-10-26T13:52:10","guid":{"rendered":"http:\/\/www.rmeyersl.com\/Vitoirmen\/?page_id=127"},"modified":"2022-10-26T13:52:12","modified_gmt":"2022-10-26T13:52:12","slug":"aviso-legal","status":"publish","type":"page","link":"https:\/\/www.rmeyersl.com\/Vitoirmen\/aviso-legal\/","title":{"rendered":"Aviso legal"},"content":{"rendered":"<div id='av_section_1'  class='avia-section av-av_section-f716ba51e7bf82947c918c6ed882cb73 main_color avia-section-default avia-no-border-styling  avia-builder-el-0  avia-builder-el-no-sibling  avia-bg-style-scroll container_wrap sidebar_right'  ><div class='container av-section-cont-open' ><main  role=\"main\" itemprop=\"mainContentOfPage\"  class='template-page content  av-content-small alpha units'><div class='post-entry post-entry-type-page post-entry-127'><div class='entry-content-wrapper clearfix'>\n<div class='flex_column av-av_one_full-7714eba142aeda1f8b5272a3c372b279 av_one_full  avia-builder-el-1  avia-builder-el-no-sibling  first flex_column_div '     ><p>\n<style type=\"text\/css\" data-created_by=\"avia_inline_auto\" id=\"style-css-av-l9pp31o7-d2a486323caa9a7fe74de7ad3b4225ef\">\n#top .av-special-heading.av-l9pp31o7-d2a486323caa9a7fe74de7ad3b4225ef{\npadding-bottom:10px;\n}\nbody .av-special-heading.av-l9pp31o7-d2a486323caa9a7fe74de7ad3b4225ef .av-special-heading-tag .heading-char{\nfont-size:25px;\n}\n.av-special-heading.av-l9pp31o7-d2a486323caa9a7fe74de7ad3b4225ef .av-subheading{\nfont-size:15px;\n}\n<\/style>\n<div  class='av-special-heading av-l9pp31o7-d2a486323caa9a7fe74de7ad3b4225ef av-special-heading-h3  avia-builder-el-2  el_before_av_textblock  avia-builder-el-first '><h3 class='av-special-heading-tag'  itemprop=\"headline\"  >Aviso legal<\/h3><div class=\"special-heading-border\"><div class=\"special-heading-inner-border\"><\/div><\/div><\/div><br \/>\n<section  class='av_textblock_section av-l9pp3n9p-434cbd2d6d92959f5703871c242885dd'  itemscope=\"itemscope\" itemtype=\"https:\/\/schema.org\/CreativeWork\" ><div class='avia_textblock'  itemprop=\"text\" ><p><strong>R.Meyer, S.L.<\/strong>, pretende mediante esta declaraci\u00f3n informar a los visitantes de cual es nuestra pol\u00edtica de protecci\u00f3n de la privacidad y confidencialidad de los datos de car\u00e1cter personal que los usuarios facilitan de forma libre y voluntaria.<\/p>\n<p>Toda la informaci\u00f3n de car\u00e1cter personal que nuestros visitantes nos suministren ser\u00e1 tratada con el m\u00e1ximo respeto a su privacidad, y con cumplimiento de la Ley Org\u00e1nica 15\/1999 de 13 diciembre, de Protecci\u00f3n de Datos de Car\u00e1cter Personal.<\/p>\n<p>Si usted tiene cualquier duda sobre la confidencialidad o el tratamiento que reciben sus datos, as\u00ed como si desea ejercer alguno de lo derechos de informaci\u00f3n, oposici\u00f3n, rectificaci\u00f3n y cancelaci\u00f3n que legalmente le corresponden o cualquier otro derecho que usted crea que le puede asistir; puede dirigirse a:<\/p>\n<p align=\"justify\"><strong>R. Meyer, S.L.<br \/>\nLlull 70-72, 3\u00ba-3\u00aa<br \/>\n08005 \u2013 Barcelona<br \/>\nTelf: +34 93 301 05 25<br \/>\nFax: +34 93 412 05 76<\/strong><\/p>\n<\/div><\/section><\/p><\/div><\/div><\/div><\/main><!-- close content main element --><\/div><\/div><div id='after_section_1'  class='main_color av_default_container_wrap container_wrap sidebar_right'  ><div class='container av-section-cont-open' ><div class='template-page content  av-content-small alpha units'><div class='post-entry post-entry-type-page post-entry-127'><div class='entry-content-wrapper clearfix'>\n","protected":false},"excerpt":{"rendered":"","protected":false},"author":1,"featured_media":0,"parent":0,"menu_order":0,"comment_status":"closed","ping_status":"closed","template":"","meta":{"footnotes":""},"class_list":["post-127","page","type-page","status-publish","hentry"],"yoast_head":"<!-- This site is optimized with the Yoast SEO plugin v19.10 - https:\/\/yoast.com\/wordpress\/plugins\/seo\/ -->\n<title>Aviso legal - Vito de R.Meyer<\/title>\n<meta name=\"robots\" content=\"index, follow, max-snippet:-1, max-image-preview:large, max-video-preview:-1\" \/>\n<link rel=\"canonical\" href=\"https:\/\/www.rmeyersl.com\/Vitoirmen\/aviso-legal\/\" \/>\n<meta property=\"og:locale\" content=\"es_ES\" \/>\n<meta property=\"og:type\" content=\"article\" \/>\n<meta property=\"og:title\" content=\"Aviso legal - Vito de R.Meyer\" \/>\n<meta property=\"og:url\" content=\"https:\/\/www.rmeyersl.com\/Vitoirmen\/aviso-legal\/\" \/>\n<meta property=\"og:site_name\" content=\"Vito de R.Meyer\" \/>\n<meta property=\"article:modified_time\" content=\"2022-10-26T13:52:12+00:00\" \/>\n<meta name=\"twitter:card\" content=\"summary_large_image\" \/>\n<meta name=\"twitter:label1\" content=\"Tiempo de lectura\" \/>\n\t<meta name=\"twitter:data1\" content=\"5 minutos\" \/>\n<script type=\"application\/ld+json\" class=\"yoast-schema-graph\">{\"@context\":\"https:\/\/schema.org\",\"@graph\":[{\"@type\":\"WebPage\",\"@id\":\"https:\/\/www.rmeyersl.com\/Vitoirmen\/aviso-legal\/\",\"url\":\"https:\/\/www.rmeyersl.com\/Vitoirmen\/aviso-legal\/\",\"name\":\"Aviso legal - Vito de R.Meyer\",\"isPartOf\":{\"@id\":\"http:\/\/www.rmeyersl.com\/Vitoirmen\/#website\"},\"datePublished\":\"2022-10-26T13:52:10+00:00\",\"dateModified\":\"2022-10-26T13:52:12+00:00\",\"breadcrumb\":{\"@id\":\"https:\/\/www.rmeyersl.com\/Vitoirmen\/aviso-legal\/#breadcrumb\"},\"inLanguage\":\"es\",\"potentialAction\":[{\"@type\":\"ReadAction\",\"target\":[\"https:\/\/www.rmeyersl.com\/Vitoirmen\/aviso-legal\/\"]}]},{\"@type\":\"BreadcrumbList\",\"@id\":\"https:\/\/www.rmeyersl.com\/Vitoirmen\/aviso-legal\/#breadcrumb\",\"itemListElement\":[{\"@type\":\"ListItem\",\"position\":1,\"name\":\"Portada\",\"item\":\"http:\/\/www.rmeyersl.com\/Vitoirmen\/\"},{\"@type\":\"ListItem\",\"position\":2,\"name\":\"Aviso legal\"}]},{\"@type\":\"WebSite\",\"@id\":\"http:\/\/www.rmeyersl.com\/Vitoirmen\/#website\",\"url\":\"http:\/\/www.rmeyersl.com\/Vitoirmen\/\",\"name\":\"Vito de R.Meyer\",\"description\":\"Encuentra productos VITO para los sectores de energ\u00edas renovables, construcci\u00f3n, industria, automoci\u00f3n, medicina y vidrio\",\"potentialAction\":[{\"@type\":\"SearchAction\",\"target\":{\"@type\":\"EntryPoint\",\"urlTemplate\":\"http:\/\/www.rmeyersl.com\/Vitoirmen\/?s={search_term_string}\"},\"query-input\":\"required name=search_term_string\"}],\"inLanguage\":\"es\"}]}<\/script>\n<!-- \/ Yoast SEO plugin. -->","yoast_head_json":{"title":"Aviso legal - Vito de R.Meyer","robots":{"index":"index","follow":"follow","max-snippet":"max-snippet:-1","max-image-preview":"max-image-preview:large","max-video-preview":"max-video-preview:-1"},"canonical":"https:\/\/www.rmeyersl.com\/Vitoirmen\/aviso-legal\/","og_locale":"es_ES","og_type":"article","og_title":"Aviso legal - Vito de R.Meyer","og_url":"https:\/\/www.rmeyersl.com\/Vitoirmen\/aviso-legal\/","og_site_name":"Vito de R.Meyer","article_modified_time":"2022-10-26T13:52:12+00:00","twitter_card":"summary_large_image","twitter_misc":{"Tiempo de lectura":"5 minutos"},"schema":{"@context":"https:\/\/schema.org","@graph":[{"@type":"WebPage","@id":"https:\/\/www.rmeyersl.com\/Vitoirmen\/aviso-legal\/","url":"https:\/\/www.rmeyersl.com\/Vitoirmen\/aviso-legal\/","name":"Aviso legal - Vito de R.Meyer","isPartOf":{"@id":"http:\/\/www.rmeyersl.com\/Vitoirmen\/#website"},"datePublished":"2022-10-26T13:52:10+00:00","dateModified":"2022-10-26T13:52:12+00:00","breadcrumb":{"@id":"https:\/\/www.rmeyersl.com\/Vitoirmen\/aviso-legal\/#breadcrumb"},"inLanguage":"es","potentialAction":[{"@type":"ReadAction","target":["https:\/\/www.rmeyersl.com\/Vitoirmen\/aviso-legal\/"]}]},{"@type":"BreadcrumbList","@id":"https:\/\/www.rmeyersl.com\/Vitoirmen\/aviso-legal\/#breadcrumb","itemListElement":[{"@type":"ListItem","position":1,"name":"Portada","item":"http:\/\/www.rmeyersl.com\/Vitoirmen\/"},{"@type":"ListItem","position":2,"name":"Aviso legal"}]},{"@type":"WebSite","@id":"http:\/\/www.rmeyersl.com\/Vitoirmen\/#website","url":"http:\/\/www.rmeyersl.com\/Vitoirmen\/","name":"Vito de R.Meyer","description":"Encuentra productos VITO para los sectores de energ\u00edas renovables, construcci\u00f3n, industria, automoci\u00f3n, medicina y vidrio","potentialAction":[{"@type":"SearchAction","target":{"@type":"EntryPoint","urlTemplate":"http:\/\/www.rmeyersl.com\/Vitoirmen\/?s={search_term_string}"},"query-input":"required name=search_term_string"}],"inLanguage":"es"}]}},"_links":{"self":[{"href":"https:\/\/www.rmeyersl.com\/Vitoirmen\/wp-json\/wp\/v2\/pages\/127","targetHints":{"allow":["GET"]}}],"collection":[{"href":"https:\/\/www.rmeyersl.com\/Vitoirmen\/wp-json\/wp\/v2\/pages"}],"about":[{"href":"https:\/\/www.rmeyersl.com\/Vitoirmen\/wp-json\/wp\/v2\/types\/page"}],"author":[{"embeddable":true,"href":"https:\/\/www.rmeyersl.com\/Vitoirmen\/wp-json\/wp\/v2\/users\/1"}],"replies":[{"embeddable":true,"href":"https:\/\/www.rmeyersl.com\/Vitoirmen\/wp-json\/wp\/v2\/comments?post=127"}],"version-history":[{"count":1,"href":"https:\/\/www.rmeyersl.com\/Vitoirmen\/wp-json\/wp\/v2\/pages\/127\/revisions"}],"predecessor-version":[{"id":128,"href":"https:\/\/www.rmeyersl.com\/Vitoirmen\/wp-json\/wp\/v2\/pages\/127\/revisions\/128"}],"wp:attachment":[{"href":"https:\/\/www.rmeyersl.com\/Vitoirmen\/wp-json\/wp\/v2\/media?parent=127"}],"curies":[{"name":"wp","href":"https:\/\/api.w.org\/{rel}","templated":true}]}}